{"id":875,"date":"2018-04-06T05:47:03","date_gmt":"2018-04-06T05:47:03","guid":{"rendered":"http:\/\/www.iac.es\/peter-new\/?page_id=875"},"modified":"2026-03-10T16:25:46","modified_gmt":"2026-03-10T16:25:46","slug":"observatorio-las-cumbres","status":"publish","type":"page","link":"https:\/\/outreach.iac.es\/peter\/telescopios\/observatorio-las-cumbres\/","title":{"rendered":"Observatorio Las Cumbres"},"content":{"rendered":"<p>El <strong>Observatorio Las Cumbres <\/strong>(<strong>LCO<\/strong>, por sus siglas en ingl\u00e9s) consiste en una red de 22 telescopios de 2.0, 1.0 y 0.4 metros situados en siete observatorios de todo el planeta, desde Haw\u00e1i a Australia, en el Hemisferio Norte y tambi\u00e9n en el Sur. El Observatorio del Teide, en Tenerife, acoge dos de estos telescopios, de 40 cm de di\u00e1metro, y pronto ser\u00e1 el hogar de otros dos telescopios de 1 metro de di\u00e1metro.<\/p>\n<div id=\"attachment_2245\" style=\"width: 530px\" class=\"wp-caption alignleft\"><img aria-describedby=\"caption-attachment-2245\" loading=\"lazy\" class=\"wp-image-2245\" title=\"Mapa mundial con las localizaciones de los telescopios de 40 cm del LCO. Cr\u00e9dito: LCO\" src=\"https:\/\/outreach.iac.es\/peter\/wp-content\/uploads\/2021\/02\/04m-icons-lco-world-map-01-600x338.png\" alt=\"Mapa mundial con las localizaciones de los telescopios de 40 cm del LCO\" width=\"520\" height=\"293\" srcset=\"https:\/\/outreach.iac.es\/peter\/wp-content\/uploads\/2021\/02\/04m-icons-lco-world-map-01-600x338.png 600w, https:\/\/outreach.iac.es\/peter\/wp-content\/uploads\/2021\/02\/04m-icons-lco-world-map-01-1024x576.png 1024w, https:\/\/outreach.iac.es\/peter\/wp-content\/uploads\/2021\/02\/04m-icons-lco-world-map-01-768x432.png 768w, https:\/\/outreach.iac.es\/peter\/wp-content\/uploads\/2021\/02\/04m-icons-lco-world-map-01-1536x864.png 1536w, https:\/\/outreach.iac.es\/peter\/wp-content\/uploads\/2021\/02\/04m-icons-lco-world-map-01-2048x1153.png 2048w\" sizes=\"(max-width: 520px) 100vw, 520px\" \/><p id=\"caption-attachment-2245\" class=\"wp-caption-text\">Localizaciones de los telescopios de 40 cm del LCO. Cr\u00e9dito: LCO<\/p><\/div>\n<p>PETeR es socio educativo del LCO y, por tanto, los usuarios de PETeR pueden realizar observaciones con cualquiera de los diez telescopios de 40 cm de la red, situados en:<\/p>\n<ul>\n<li style=\"list-style-type: none;\">\n<ul>\n<li>el Observatorio del Teide (Tenerife),<\/li>\n<li>el Observatorio Siding Spring (Australia),<\/li>\n<li>el Observatorio de Sutherland (Sud\u00e1frica),<\/li>\n<li>el Observatrorio de Cerro Tololo (Chile),<\/li>\n<li>el Observatorio McDonald (Texas) y<\/li>\n<li>el Observatorio Haleakala (Haw\u00e1i),<\/li>\n<\/ul>\n<\/li>\n<\/ul>\n<p>teniendo as\u00ed acceso al cielo visible desde ambos hemisferios.<\/p>\n<h3>Caracter\u00edsticas y modos de observaci\u00f3n<\/h3>\n<p>Los telescopios de 40 cm del LCO disponen de c\u00e1maras CMOS y un conjunto de 12 filtros para hacer imagen directa y fotometr\u00eda de los objetos del Universo.<\/p>\n<p><img loading=\"lazy\" class=\"wp-image-879 alignright\" title=\"Telescopios del LCO en el Observatorio del Teide (Tenerife). Cr\u00e9ditos: LCO\" src=\"https:\/\/outreach.iac.es\/peter\/wp-content\/uploads\/2018\/04\/LCO_Tenerife-300x200.jpg\" alt=\"Telescopios del LCO en el Observatorio del Teide (Tenerife). Cr\u00e9ditos: LCO\" width=\"375\" height=\"250\" srcset=\"https:\/\/outreach.iac.es\/peter\/wp-content\/uploads\/2018\/04\/LCO_Tenerife-300x200.jpg 300w, https:\/\/outreach.iac.es\/peter\/wp-content\/uploads\/2018\/04\/LCO_Tenerife-768x512.jpg 768w, https:\/\/outreach.iac.es\/peter\/wp-content\/uploads\/2018\/04\/LCO_Tenerife-1024x683.jpg 1024w\" sizes=\"(max-width: 375px) 100vw, 375px\" \/>Sus caracter\u00edsticas principales son:<\/p>\n<ul>\n<li style=\"list-style-type: none;\">\n<ul>\n<li><a href=\"https:\/\/lco.global\/observatory\/instruments\/qhy600-delta-rho-350\/\" target=\"_blank\" rel=\"noopener\">C\u00e1mara CMOS<\/a> con 9576 \u00d7 6388 p\u00edxeles<\/li>\n<li>Escala: 0.74 segundos de arco\/pixel<\/li>\n<li>Campo de visi\u00f3n: 30 \u00d7 30 minutos de arco (si se selecciona el readout mode central)<\/li>\n<li>Modos de observaci\u00f3n: imagen<\/li>\n<li>Filtros disponibles: Sloan u, g, r, i, Johnson\/Cousins B y V, y Pan-STARRS w, z_s, Ha, O[III], S[II], Astrodon exoplanet<\/li>\n<\/ul>\n<\/li>\n<\/ul>\n<p>Puedes encontrar toda la informaci\u00f3n sobre estos telescopios, qu\u00e9 filtros tienen disponibles, etc., en la <a href=\"https:\/\/lco.global\/observatory\/0.4m\/\">web del LCO<\/a>.<\/p>\n<h3>C\u00f3mo observar<\/h3>\n<p>Si quieres solicitar observaciones con estos telescopios y a\u00fan no tienes acceso a ellos, env\u00edanos un correo a peter[arroba]iac.es con t\u00edtulo &#8220;LCO&#8221; e ind\u00edcanos tu nombre de usuario en PETeR. Si a\u00fan no est\u00e1s registrado\/a en el proyecto, puedes solicitarlo <a href=\"..\/..\/registra-tu-centro\/\">aqu\u00ed<\/a>.<\/p>\n<p>\u00bfYa tienes tu cuenta para observar con los telescopios del LCO? Visita la secci\u00f3n <a href=\"..\/..\/observa-con-el-lco\"><strong>Observa con el LCO<\/strong><\/a> para programar tus observaciones.<\/p>\n","protected":false},"excerpt":{"rendered":"<p>El Observatorio Las Cumbres (LCO, por sus siglas en ingl\u00e9s) consiste en una red de 22 telescopios de 2.0, 1.0 y 0.4 metros situados en siete observatorios de todo el planeta, desde Haw\u00e1i a Australia, en el Hemisferio Norte y tambi\u00e9n en el Sur. El Observatorio del Teide, en Tenerife, [&hellip;]<\/p>\n","protected":false},"author":3,"featured_media":0,"parent":27,"menu_order":0,"comment_status":"closed","ping_status":"closed","template":"","meta":[],"_links":{"self":[{"href":"https:\/\/outreach.iac.es\/peter\/wp-json\/wp\/v2\/pages\/875"}],"collection":[{"href":"https:\/\/outreach.iac.es\/peter\/wp-json\/wp\/v2\/pages"}],"about":[{"href":"https:\/\/outreach.iac.es\/peter\/wp-json\/wp\/v2\/types\/page"}],"author":[{"embeddable":true,"href":"https:\/\/outreach.iac.es\/peter\/wp-json\/wp\/v2\/users\/3"}],"replies":[{"embeddable":true,"href":"https:\/\/outreach.iac.es\/peter\/wp-json\/wp\/v2\/comments?post=875"}],"version-history":[{"count":39,"href":"https:\/\/outreach.iac.es\/peter\/wp-json\/wp\/v2\/pages\/875\/revisions"}],"predecessor-version":[{"id":3831,"href":"https:\/\/outreach.iac.es\/peter\/wp-json\/wp\/v2\/pages\/875\/revisions\/3831"}],"up":[{"embeddable":true,"href":"https:\/\/outreach.iac.es\/peter\/wp-json\/wp\/v2\/pages\/27"}],"wp:attachment":[{"href":"https:\/\/outreach.iac.es\/peter\/wp-json\/wp\/v2\/media?parent=875"}],"curies":[{"name":"wp","href":"https:\/\/api.w.org\/{rel}","templated":true}]}}