{"id":613,"date":"2017-05-11T13:27:13","date_gmt":"2017-05-11T13:27:13","guid":{"rendered":"http:\/\/www.iac.es\/peter-new\/?page_id=613"},"modified":"2020-11-24T20:37:28","modified_gmt":"2020-11-24T20:37:28","slug":"que-es-un-telescopio-robotico","status":"publish","type":"page","link":"https:\/\/outreach.iac.es\/peter\/que-es-un-telescopio-robotico\/","title":{"rendered":"\u00bfQu\u00e9 es un telescopio rob\u00f3tico?"},"content":{"rendered":"<p>Los <strong>telescopios rob\u00f3ticos<\/strong> son instrumentos de observaci\u00f3n astron\u00f3mica dise\u00f1ados para trabajar de manera aut\u00f3noma sin necesidad de personal de operaci\u00f3n presente en sus instalaciones. El solicitante de la observaci\u00f3n puede estar en cualquier lugar del mundo, supervisando o esperando los datos con su ordenador conectado a Internet.<strong>\u00a0<\/strong><\/p>\n<p>Hay dos tipos de telescopios rob\u00f3ticos:<\/p>\n<ul>\n<li>los <strong>cl\u00e1sicos, <\/strong>que son controlados de forma remota a trav\u00e9s de la red y las observaciones se realizan en directo.<\/li>\n<li>los telescopios rob\u00f3ticos con un <strong>sistema completamente aut\u00f3nomo<\/strong>, que trabajan con listas de observaciones. \u00bfY eso qu\u00e9 significa? En este tipo de telescopios el observador prepara la observaci\u00f3n, la env\u00eda a una base de datos y luego un sistema de control autom\u00e1tico selecciona qu\u00e9 observaci\u00f3n se realiza en cada momento de acuerdo con la prioridad de las observaciones y las condiciones de observaci\u00f3n necesarias.<\/li>\n<\/ul>\n","protected":false},"excerpt":{"rendered":"<p>Los telescopios rob\u00f3ticos son instrumentos de observaci\u00f3n astron\u00f3mica dise\u00f1ados para trabajar de manera aut\u00f3noma sin necesidad de personal de operaci\u00f3n presente en sus instalaciones. El solicitante de la observaci\u00f3n puede estar en cualquier lugar del mundo, supervisando o esperando los datos con su ordenador conectado a Internet.\u00a0 Hay dos tipos [&hellip;]<\/p>\n","protected":false},"author":3,"featured_media":0,"parent":0,"menu_order":0,"comment_status":"closed","ping_status":"closed","template":"","meta":[],"_links":{"self":[{"href":"https:\/\/outreach.iac.es\/peter\/wp-json\/wp\/v2\/pages\/613"}],"collection":[{"href":"https:\/\/outreach.iac.es\/peter\/wp-json\/wp\/v2\/pages"}],"about":[{"href":"https:\/\/outreach.iac.es\/peter\/wp-json\/wp\/v2\/types\/page"}],"author":[{"embeddable":true,"href":"https:\/\/outreach.iac.es\/peter\/wp-json\/wp\/v2\/users\/3"}],"replies":[{"embeddable":true,"href":"https:\/\/outreach.iac.es\/peter\/wp-json\/wp\/v2\/comments?post=613"}],"version-history":[{"count":2,"href":"https:\/\/outreach.iac.es\/peter\/wp-json\/wp\/v2\/pages\/613\/revisions"}],"predecessor-version":[{"id":3156,"href":"https:\/\/outreach.iac.es\/peter\/wp-json\/wp\/v2\/pages\/613\/revisions\/3156"}],"wp:attachment":[{"href":"https:\/\/outreach.iac.es\/peter\/wp-json\/wp\/v2\/media?parent=613"}],"curies":[{"name":"wp","href":"https:\/\/api.w.org\/{rel}","templated":true}]}}