{"id":60,"date":"2016-10-24T18:56:50","date_gmt":"2016-10-24T18:56:50","guid":{"rendered":"http:\/\/www.iac.es\/peter-new\/?page_id=60"},"modified":"2020-11-24T20:37:28","modified_gmt":"2020-11-24T20:37:28","slug":"propuestas-de-observacion","status":"publish","type":"page","link":"https:\/\/outreach.iac.es\/peter\/propuestas-de-observacion\/","title":{"rendered":"Propuestas de observaci\u00f3n"},"content":{"rendered":"<p>\u00bfQuer\u00e9is desarrollar un <strong>proyecto de investigaci\u00f3n<\/strong> concreto y necesit\u00e1is realizar observaciones con el <strong>Telescopio Liverpool<\/strong> diferentes a las disponibles en <a href=\"..\/quiero-observar\/\">\u201cQuiero Observar\u201d<\/a>?<\/p>\n<p><img loading=\"lazy\" class=\"alignright wp-image-530\" src=\"https:\/\/outreach.iac.es\/peter\/wp-content\/uploads\/2017\/05\/cuaderno.png\" alt=\"cuaderno\" width=\"300\" height=\"306\" srcset=\"https:\/\/outreach.iac.es\/peter\/wp-content\/uploads\/2017\/05\/cuaderno.png 471w, https:\/\/outreach.iac.es\/peter\/wp-content\/uploads\/2017\/05\/cuaderno-294x300.png 294w\" sizes=\"(max-width: 300px) 100vw, 300px\" \/>Pod\u00e9is preparar una <strong>Propuesta de Observaci\u00f3n<\/strong> indicando qu\u00e9 observaciones quer\u00e9is realizar y con qu\u00e9 objetivo. Tened en cuenta que hay una limitaci\u00f3n de tiempo m\u00e1xima de una hora por semestre para cada centro educativo o asociaci\u00f3n.<\/p>\n<p>La propuesta debe contener los siguientes campos:<\/p>\n<ul>\n<li style=\"list-style-type: none;\">\n<ul>\n<li><strong>Descripci\u00f3n del proyecto cient\u00edfico<\/strong><\/li>\n<\/ul>\n<\/li>\n<\/ul>\n<p style=\"padding-left: 60px;\">&#8211;\u00a0 Qu\u00e9 queremos investigar<\/p>\n<p style=\"padding-left: 60px;\">&#8211;\u00a0 Porqu\u00e9<\/p>\n<p style=\"padding-left: 60px;\">&#8211;\u00a0 Cu\u00e1l es nuestro objetivo<\/p>\n<ul>\n<li style=\"list-style-type: none;\">\n<ul>\n<li><strong>Qu\u00e9 objeto queremos observar<\/strong><\/li>\n<li><strong>Descripci\u00f3n de las observaciones<\/strong> (instrumento, filtros, tiempo de observaci\u00f3n,\u2026)<\/li>\n<li><strong>Qu\u00e9 resultados esperamos obtener<\/strong><\/li>\n<\/ul>\n<\/li>\n<\/ul>\n<p>&nbsp;<\/p>\n<p>No olvid\u00e9is que si necesit\u00e1is ayuda cient\u00edfica o t\u00e9cnica para preparar una propuesta, podemos asesoraros en la idea que teng\u00e1is.<\/p>\n<p>Pod\u00e9is enviarnos vuestra propuesta o consulta a <strong>peter [arroba] iac.es<\/strong>.<\/p>\n","protected":false},"excerpt":{"rendered":"<p>\u00bfQuer\u00e9is desarrollar un proyecto de investigaci\u00f3n concreto y necesit\u00e1is realizar observaciones con el Telescopio Liverpool diferentes a las disponibles en \u201cQuiero Observar\u201d? Pod\u00e9is preparar una Propuesta de Observaci\u00f3n indicando qu\u00e9 observaciones quer\u00e9is realizar y con qu\u00e9 objetivo. Tened en cuenta que hay una limitaci\u00f3n de tiempo m\u00e1xima de una hora [&hellip;]<\/p>\n","protected":false},"author":2,"featured_media":0,"parent":0,"menu_order":0,"comment_status":"closed","ping_status":"closed","template":"","meta":[],"_links":{"self":[{"href":"https:\/\/outreach.iac.es\/peter\/wp-json\/wp\/v2\/pages\/60"}],"collection":[{"href":"https:\/\/outreach.iac.es\/peter\/wp-json\/wp\/v2\/pages"}],"about":[{"href":"https:\/\/outreach.iac.es\/peter\/wp-json\/wp\/v2\/types\/page"}],"author":[{"embeddable":true,"href":"https:\/\/outreach.iac.es\/peter\/wp-json\/wp\/v2\/users\/2"}],"replies":[{"embeddable":true,"href":"https:\/\/outreach.iac.es\/peter\/wp-json\/wp\/v2\/comments?post=60"}],"version-history":[{"count":5,"href":"https:\/\/outreach.iac.es\/peter\/wp-json\/wp\/v2\/pages\/60\/revisions"}],"predecessor-version":[{"id":1538,"href":"https:\/\/outreach.iac.es\/peter\/wp-json\/wp\/v2\/pages\/60\/revisions\/1538"}],"wp:attachment":[{"href":"https:\/\/outreach.iac.es\/peter\/wp-json\/wp\/v2\/media?parent=60"}],"curies":[{"name":"wp","href":"https:\/\/api.w.org\/{rel}","templated":true}]}}