{"id":596,"date":"2017-05-11T12:46:11","date_gmt":"2017-05-11T12:46:11","guid":{"rendered":"http:\/\/www.iac.es\/peter-new\/?page_id=596"},"modified":"2024-10-29T16:41:59","modified_gmt":"2024-10-29T16:41:59","slug":"el-telescopio-liverpool","status":"publish","type":"page","link":"https:\/\/outreach.iac.es\/peter\/telescopios\/el-telescopio-liverpool\/","title":{"rendered":"El Telescopio Liverpool"},"content":{"rendered":"<p>El <strong>Telescopio Liverpool<\/strong> es un telescopio rob\u00f3tico profesional, completamente aut\u00f3nomo, instalado en el <strong>Observatorio del Roque de los Muchachos<\/strong>, en la isla canaria de La Palma. Con sus dos metros de di\u00e1metro, es uno de los telescopios rob\u00f3ticos m\u00e1s grandes del mundo. Este telescopio es utilizado por cient\u00edficos de todo el planeta para hacer sus investigaciones y tambi\u00e9n por escuelas para desarrollar proyectos educativos en Astronom\u00eda.<\/p>\n<div id=\"attachment_1739\" style=\"width: 510px\" class=\"wp-caption alignleft\"><img aria-describedby=\"caption-attachment-1739\" loading=\"lazy\" class=\"wp-image-1739\" src=\"https:\/\/outreach.iac.es\/peter\/wp-content\/uploads\/2020\/07\/517_BIA_344g-LT2_hi_PabloBonet-1024x684.jpg\" alt=\"Liverpool Telescope. Cr\u00e9ditos: Pablo Bonet, IAC\" width=\"500\" height=\"334\" srcset=\"https:\/\/outreach.iac.es\/peter\/wp-content\/uploads\/2020\/07\/517_BIA_344g-LT2_hi_PabloBonet-1024x684.jpg 1024w, https:\/\/outreach.iac.es\/peter\/wp-content\/uploads\/2020\/07\/517_BIA_344g-LT2_hi_PabloBonet-300x200.jpg 300w, https:\/\/outreach.iac.es\/peter\/wp-content\/uploads\/2020\/07\/517_BIA_344g-LT2_hi_PabloBonet-768x513.jpg 768w, https:\/\/outreach.iac.es\/peter\/wp-content\/uploads\/2020\/07\/517_BIA_344g-LT2_hi_PabloBonet-375x250.jpg 375w, https:\/\/outreach.iac.es\/peter\/wp-content\/uploads\/2020\/07\/517_BIA_344g-LT2_hi_PabloBonet-940x628.jpg 940w, https:\/\/outreach.iac.es\/peter\/wp-content\/uploads\/2020\/07\/517_BIA_344g-LT2_hi_PabloBonet.jpg 1769w\" sizes=\"(max-width: 500px) 100vw, 500px\" \/><p id=\"caption-attachment-1739\" class=\"wp-caption-text\">Telescopio Liverpool. Cr\u00e9ditos: Pablo Bonet, IAC<\/p><\/div>\n<p>Su <strong>espejo primario<\/strong>, dise\u00f1ado para recoger \u00a0la luz y dirigirla hacia un conjunto de instrumentos, tiene dos metros de di\u00e1metro y est\u00e1 integrado en una estructura m\u00f3vil de 8,5 metros de altura, 6,5 metros de ancho y que pesa alrededor de 24 toneladas. El telescopio est\u00e1 protegido por un edificio con una <strong>c\u00fapula<\/strong>, que se abre hacia los lados para permitir al telescopio observar el Universo.<\/p>\n<p>A diferencia de la mayor\u00eda de telescopios, el Telescopio Liverpool es capaz de observar sin ninguna intervenci\u00f3n humana. Despu\u00e9s de la puesta del sol, los sistemas del telescopio analizan las condiciones meteorol\u00f3gicas y, si son apropiadas, la c\u00fapula se abre y el telescopio empieza a trabajar, eligiendo en cada momento qu\u00e9 observaci\u00f3n realizar de la lista de observaciones que se le env\u00edan durante el d\u00eda.<\/p>\n<p>Este telescopio est\u00e1 especialmente dise\u00f1ado para el seguimiento de fen\u00f3menos astron\u00f3micos variables en escalas de tiempo desde segundos a a\u00f1os, como, por ejemplo, los producidos por estrellas variables, tr\u00e1nsitos de exoplanetas por delante de su estrella, n\u00facleos de galaxias activas, qu\u00e1sares, etc.<\/p>\n<p>Adem\u00e1s, su capacidad de respuesta r\u00e1pida le permite interrumpir las observaciones regulares y cambiar en segundos a la observaci\u00f3n de eventos transitorios impredecibles, como las explosiones de rayos gamma o las supernovas.<\/p>\n<h3><strong>Caracter\u00edsticas y modos de observaci\u00f3n<\/strong><\/h3>\n<div id=\"attachment_678\" style=\"width: 340px\" class=\"wp-caption alignright\"><img aria-describedby=\"caption-attachment-678\" loading=\"lazy\" class=\"wp-image-678\" src=\"https:\/\/outreach.iac.es\/peter\/wp-content\/uploads\/2017\/05\/LT_telescope.jpg\" alt=\"Telescopio Liverpool\" width=\"330\" height=\"500\" srcset=\"https:\/\/outreach.iac.es\/peter\/wp-content\/uploads\/2017\/05\/LT_telescope.jpg 383w, https:\/\/outreach.iac.es\/peter\/wp-content\/uploads\/2017\/05\/LT_telescope-198x300.jpg 198w\" sizes=\"(max-width: 330px) 100vw, 330px\" \/><p id=\"caption-attachment-678\" class=\"wp-caption-text\">Telescopio Liverpool. Cr\u00e9dito: LT (LJMU)<\/p><\/div>\n<p>El Telescopio Liverpool puede observar en los rangos <strong>visible<\/strong> e <strong>infrarrojo<\/strong> del espectro electromagn\u00e9tico y dispone de instrumentos para hacer fotometr\u00eda, espectroscop\u00eda y polarimetr\u00eda.<\/p>\n<p>Sus caracter\u00edsticas principales son:<\/p>\n<ul>\n<li style=\"list-style-type: none;\">\n<ul>\n<li>Campo de visi\u00f3n: 10 \u00d7 10 minutos de arco<\/li>\n<li>Rango de altitudes: 25\u00b0\u201388\u00b0<\/li>\n<li>Escala: 0.22 segundos de arco\/p\u00edxel<\/li>\n<li>Instrumentos: <a href=\"http:\/\/telescope.livjm.ac.uk\/TelInst\/Inst\/IOO\/\">IO:O<\/a> (Optical Wide Field Camera), <a href=\"http:\/\/telescope.livjm.ac.uk\/TelInst\/Inst\/RISE\/\">RISE<\/a> (Fast-readout Wide Field Camera), <a href=\"http:\/\/telescope.livjm.ac.uk\/TelInst\/Inst\/SPRAT\/\">SPRAT<\/a> (<strong>SP<\/strong>ectrograph for the <strong>R<\/strong>apid <strong>A<\/strong>cquisition of <strong>T<\/strong>ransients), <a href=\"http:\/\/telescope.livjm.ac.uk\/TelInst\/Inst\/FRODOspec\/\">FRODOSpec\u00a0<\/a>(<strong>F<\/strong>ibre-fed <b>RO<\/b>botic <b>D<\/b>ual-beam <b>O<\/b>ptical <b>Spec<\/b>trograph),<\/li>\n<li>C\u00e1maras auxiliares: <a href=\"http:\/\/telescope.livjm.ac.uk\/TelInst\/Inst\/SkyCam\/\">SkyCam<\/a> (todo el cielo, 10\u201320\u00b0)<\/li>\n<\/ul>\n<\/li>\n<\/ul>\n<p>En la <a href=\"http:\/\/telescope.livjm.ac.uk\/\">web del telescopio<\/a> encontrar\u00e1s toda la informaci\u00f3n de los instrumentos disponibles, filtros y modos de observaci\u00f3n.<\/p>\n<p>Si quieres preparar una propuesta de observaci\u00f3n y necesitas ayuda para saber qu\u00e9 instrumento es el m\u00e1s adecuado, qu\u00e9 filtros usar, tiempos de exposici\u00f3n, etc., no dudes en contactarnos.<\/p>\n<div style=\"width: 410px\" class=\"wp-caption aligncenter\"><a href=\"http:\/\/telescope.livjm.ac.uk\/pics\/webcam_ext_1.jpg\"><img src=\"http:\/\/telescope.livjm.ac.uk\/pics\/webcam_ext_1.jpg\" alt=\"Webcam del Telescopio Liverpool\" width=\"400\" align=\"aligncenter\" \/><\/a><p class=\"wp-caption-text\">Webcam exterior del Telescopio Liverpool<\/p><\/div>\n","protected":false},"excerpt":{"rendered":"<p>El Telescopio Liverpool es un telescopio rob\u00f3tico profesional, completamente aut\u00f3nomo, instalado en el Observatorio del Roque de los Muchachos, en la isla canaria de La Palma. Con sus dos metros de di\u00e1metro, es uno de los telescopios rob\u00f3ticos m\u00e1s grandes del mundo. Este telescopio es utilizado por cient\u00edficos de todo [&hellip;]<\/p>\n","protected":false},"author":3,"featured_media":0,"parent":27,"menu_order":0,"comment_status":"closed","ping_status":"closed","template":"","meta":[],"_links":{"self":[{"href":"https:\/\/outreach.iac.es\/peter\/wp-json\/wp\/v2\/pages\/596"}],"collection":[{"href":"https:\/\/outreach.iac.es\/peter\/wp-json\/wp\/v2\/pages"}],"about":[{"href":"https:\/\/outreach.iac.es\/peter\/wp-json\/wp\/v2\/types\/page"}],"author":[{"embeddable":true,"href":"https:\/\/outreach.iac.es\/peter\/wp-json\/wp\/v2\/users\/3"}],"replies":[{"embeddable":true,"href":"https:\/\/outreach.iac.es\/peter\/wp-json\/wp\/v2\/comments?post=596"}],"version-history":[{"count":10,"href":"https:\/\/outreach.iac.es\/peter\/wp-json\/wp\/v2\/pages\/596\/revisions"}],"predecessor-version":[{"id":3139,"href":"https:\/\/outreach.iac.es\/peter\/wp-json\/wp\/v2\/pages\/596\/revisions\/3139"}],"up":[{"embeddable":true,"href":"https:\/\/outreach.iac.es\/peter\/wp-json\/wp\/v2\/pages\/27"}],"wp:attachment":[{"href":"https:\/\/outreach.iac.es\/peter\/wp-json\/wp\/v2\/media?parent=596"}],"curies":[{"name":"wp","href":"https:\/\/api.w.org\/{rel}","templated":true}]}}