{"id":56,"date":"2016-10-24T18:55:51","date_gmt":"2016-10-24T18:55:51","guid":{"rendered":"http:\/\/www.iac.es\/peter-new\/?page_id=56"},"modified":"2025-01-21T16:29:17","modified_gmt":"2025-01-21T16:29:17","slug":"quiero-observar","status":"publish","type":"page","link":"https:\/\/outreach.iac.es\/peter\/quiero-observar\/","title":{"rendered":"Quiero observar"},"content":{"rendered":"\n<div class=\"wp-block-group\"><div class=\"wp-block-group__inner-container\">\n<div class=\"wp-block-group\"><div class=\"wp-block-group__inner-container\">\n<p>&#8216;<strong>Quiero Observar<\/strong>&#8216; es una interfaz que se comunica directamente con el <strong>Telescopio Liverpool<\/strong> y le env\u00eda tus solicitudes de observaci\u00f3n. Est\u00e1 integrada en el portal web de <strong><em>The Schools&#8217; Observatory<\/em> (TSO)<\/strong>, proyecto hermano de PETeR.<\/p>\n\n\n\n<div class=\"wp-block-group grupo-bloques\"><div class=\"wp-block-group__inner-container\">\n<h3>C\u00f3mo solicitar observaciones con \u2018Quiero Observar\u2019<\/h3>\n\n\n\n<div class=\"wp-block-image\"><figure class=\"alignright size-large is-resized\"><img loading=\"lazy\" src=\"https:\/\/outreach.iac.es\/peter\/wp-content\/uploads\/2017\/05\/ojo-e1496786282647.png\" alt=\"\" class=\"wp-image-542\" width=\"233\" height=\"122\" srcset=\"https:\/\/outreach.iac.es\/peter\/wp-content\/uploads\/2017\/05\/ojo-e1496786282647.png 465w, https:\/\/outreach.iac.es\/peter\/wp-content\/uploads\/2017\/05\/ojo-e1496786282647-300x157.png 300w\" sizes=\"(max-width: 233px) 100vw, 233px\" \/><\/figure><\/div>\n\n\n\n<p><strong>Quiero Observar<\/strong> es una interfaz muy intuitiva, pero si vas a usarla por primera vez (o si hace tiempo que no la usas), te recomendamos que leas primero las instrucciones que hemos recogido en la secci\u00f3n <strong>&#8220;C\u00f3mo usar Quiero Observar&#8221;<\/strong>.<\/p>\n\n\n\n<div class=\"wp-block-buttons\">\n<div class=\"wp-block-button\"><a class=\"wp-block-button__link\" href=\"como-usar-quiero-observar\"><strong>C\u00f3mo usar Quiero Observar<\/strong><\/a><\/div>\n<\/div>\n<\/div><\/div>\n\n\n\n<div style=\"height:60px\" aria-hidden=\"true\" class=\"wp-block-spacer\"><\/div>\n\n\n\n<div class=\"wp-block-group grupo-bloques\"><div class=\"wp-block-group__inner-container\">\n<h3>Quiero Observar<\/h3>\n\n\n\n<p><strong>Quiero Observar<\/strong> te permite hacer observaciones de los siguientes tipos de objetos:<\/p>\n\n\n\n<div class=\"wp-block-image\"><figure class=\"alignright size-large is-resized\"><a href=\"https:\/\/www.schoolsobservatory.org\/obs\/go\"><img loading=\"lazy\" src=\"https:\/\/outreach.iac.es\/peter\/wp-content\/uploads\/2017\/05\/robotines.png\" alt=\"\" class=\"wp-image-544\" width=\"143\" height=\"232\" srcset=\"https:\/\/outreach.iac.es\/peter\/wp-content\/uploads\/2017\/05\/robotines.png 573w, https:\/\/outreach.iac.es\/peter\/wp-content\/uploads\/2017\/05\/robotines-185x300.png 185w\" sizes=\"(max-width: 143px) 100vw, 143px\" \/><\/a><\/figure><\/div>\n\n\n\n<p><a href=\"https:\/\/outreach.iac.es\/peter\/la-luna\/\"><strong>La Luna<\/strong><\/a>, <a href=\"https:\/\/outreach.iac.es\/peter\/el-sistema-solar-2\/\"><strong>planetas del Sistema Solar<\/strong><\/a>, <a href=\"https:\/\/outreach.iac.es\/peter\/estrellas-2\/\"><strong>estrellas<\/strong><\/a>, <a href=\"https:\/\/outreach.iac.es\/peter\/estrellas-2\/\"><strong>nebulosas<\/strong><\/a>, <a href=\"https:\/\/outreach.iac.es\/peter\/galaxias\/\"><strong>galaxias<\/strong><\/a> de diferentes tipos y mucho m\u00e1s.<\/p>\n\n\n\n<p>Podr\u00e1s <strong>elegir el objeto celeste<\/strong> que quieras observar entre una lista de objetos que hemos seleccionado y la interfaz te dir\u00e1 cu\u00e1l es el <strong>instrumento<\/strong>, el <strong>filtro<\/strong> (o color) y el<strong> tiempo de exposici\u00f3n<\/strong> adecuados para que el Telescopio Liverpool pueda obtener una imagen buena de tu objeto. Tambi\u00e9n te proponemos observaciones que te permitir\u00e1n hacer <strong>investigaciones cient\u00edficas<\/strong>. \u00a1Hay much\u00edsimas opciones entre las que puedes elegir!<\/p>\n\n\n\n<p>\u00bfTodo listo? PETeR te ayudar\u00e1 a solicitar tus observaciones. Una vez que te registres con un usuario espa\u00f1ol, podr\u00e1s acceder a la interfaz Quiero Observar (men\u00fa superior de la web del telescopio), que te guiar\u00e1 paso a paso en tus observaciones.<\/p>\n\n\n\n<div class=\"wp-block-buttons\">\n<div class=\"wp-block-button\"><a class=\"wp-block-button__link\" href=\"https:\/\/www.schoolsobservatory.org\/obs\/go\"><strong>\u00a1Explora el Universo con el Telescopio Liverpool!<\/strong><\/a><\/div>\n<\/div>\n<\/div><\/div>\n<\/div><\/div>\n<\/div><\/div>\n\n\n\n<div style=\"height:100px\" aria-hidden=\"true\" class=\"wp-block-spacer\"><\/div>\n\n\n\n<p><\/p>\n","protected":false},"excerpt":{"rendered":"","protected":false},"author":2,"featured_media":0,"parent":0,"menu_order":0,"comment_status":"closed","ping_status":"closed","template":"","meta":[],"_links":{"self":[{"href":"https:\/\/outreach.iac.es\/peter\/wp-json\/wp\/v2\/pages\/56"}],"collection":[{"href":"https:\/\/outreach.iac.es\/peter\/wp-json\/wp\/v2\/pages"}],"about":[{"href":"https:\/\/outreach.iac.es\/peter\/wp-json\/wp\/v2\/types\/page"}],"author":[{"embeddable":true,"href":"https:\/\/outreach.iac.es\/peter\/wp-json\/wp\/v2\/users\/2"}],"replies":[{"embeddable":true,"href":"https:\/\/outreach.iac.es\/peter\/wp-json\/wp\/v2\/comments?post=56"}],"version-history":[{"count":28,"href":"https:\/\/outreach.iac.es\/peter\/wp-json\/wp\/v2\/pages\/56\/revisions"}],"predecessor-version":[{"id":3276,"href":"https:\/\/outreach.iac.es\/peter\/wp-json\/wp\/v2\/pages\/56\/revisions\/3276"}],"wp:attachment":[{"href":"https:\/\/outreach.iac.es\/peter\/wp-json\/wp\/v2\/media?parent=56"}],"curies":[{"name":"wp","href":"https:\/\/api.w.org\/{rel}","templated":true}]}}