{"id":54,"date":"2016-10-24T18:55:05","date_gmt":"2016-10-24T18:55:05","guid":{"rendered":"http:\/\/www.iac.es\/peter-new\/?page_id=54"},"modified":"2021-01-04T14:08:15","modified_gmt":"2021-01-04T14:08:15","slug":"observar-el-universo-con-peter","status":"publish","type":"page","link":"https:\/\/outreach.iac.es\/peter\/observar-el-universo-con-peter\/","title":{"rendered":"Observar el Universo con PETeR"},"content":{"rendered":"\n<div class=\"wp-block-image\"><figure class=\"alignleft\"><img loading=\"lazy\" width=\"300\" height=\"275\" src=\"https:\/\/outreach.iac.es\/peter\/wp-content\/uploads\/2017\/05\/ojos-300x275.png\" alt=\"\" class=\"wp-image-543\" srcset=\"https:\/\/outreach.iac.es\/peter\/wp-content\/uploads\/2017\/05\/ojos-300x275.png 300w, https:\/\/outreach.iac.es\/peter\/wp-content\/uploads\/2017\/05\/ojos.png 320w\" sizes=\"(max-width: 300px) 100vw, 300px\" \/><\/figure><\/div>\n\n\n\n<p>El Universo est\u00e1 lleno de objetos interesantes, desde los m\u00e1s cercanos que forman parte de nuestro Sistema Solar, hasta lejanas galaxias con millones de estrellas y nubes de gas y polvo. \u00bfQuieres obtener tus propias im\u00e1genes de algunos de estos objetos e investigarlos? \u00a1Adelante! Con PETeR podr\u00e1s obtener tus observaciones de forma sencilla.<\/p>\n\n\n\n<p>Si nunca has usado un telescopio antes, la idea de observar con telescopios profesionales como el <strong>Telescopio Liverpool<\/strong> o con los <strong>telescopios del Observatorio Las Cumbres<\/strong> te puede parecer algo dif\u00edcil, pero \u00a1nada m\u00e1s lejos de la realidad!<\/p>\n\n\n\n<p>Los telescopios disponibles en PETeR cuentan con portales de observaci\u00f3n especialmente dise\u00f1ados para su <strong>uso educativo <\/strong>que son muy f\u00e1ciles de usar y te gu\u00edan en la solicitud de observaciones.<\/p>\n\n\n\n<h3>Antes de empezar<\/h3>\n\n\n\n<p>Para solicitar observaciones con PETeR debes pertenecer a un centro educativo, asociaci\u00f3n o instituci\u00f3n espa\u00f1ola registrada en el proyecto. Si a\u00fan no os hab\u00e9is registrado, pod\u00e9is hacerlo <a href=\"https:\/\/outreach.iac.es\/peter\/registra-tu-centro\/\"><strong>aqu\u00ed<\/strong><\/a>.<\/p>\n\n\n\n<p>Cuando vuestro registro haya sido aceptado, recibir\u00e9is un nombre de usuario y contrase\u00f1a y podr\u00e9is empezar a observar el Universo con los telescopios de PETeR.<\/p>\n\n\n\n<div class=\"wp-block-group grupo-bloques\"><div class=\"wp-block-group__inner-container\">\n<h3>Observaciones predise\u00f1adas con el Telescopio Liverpool<\/h3>\n\n\n\n<div class=\"wp-block-image\"><figure class=\"alignleft\"><img loading=\"lazy\" width=\"300\" height=\"200\" src=\"https:\/\/outreach.iac.es\/peter\/wp-content\/uploads\/2020\/04\/517_BIA_344g-LT2_hi_PabloBonet-300x200.jpg\" alt=\"Telescopio Liverpool. Cr\u00e9dito: Pablo Bonet \/ IAC\" class=\"wp-image-1591\" srcset=\"https:\/\/outreach.iac.es\/peter\/wp-content\/uploads\/2020\/04\/517_BIA_344g-LT2_hi_PabloBonet-300x200.jpg 300w, https:\/\/outreach.iac.es\/peter\/wp-content\/uploads\/2020\/04\/517_BIA_344g-LT2_hi_PabloBonet-768x513.jpg 768w, https:\/\/outreach.iac.es\/peter\/wp-content\/uploads\/2020\/04\/517_BIA_344g-LT2_hi_PabloBonet-1024x684.jpg 1024w, https:\/\/outreach.iac.es\/peter\/wp-content\/uploads\/2020\/04\/517_BIA_344g-LT2_hi_PabloBonet-375x250.jpg 375w, https:\/\/outreach.iac.es\/peter\/wp-content\/uploads\/2020\/04\/517_BIA_344g-LT2_hi_PabloBonet-940x628.jpg 940w, https:\/\/outreach.iac.es\/peter\/wp-content\/uploads\/2020\/04\/517_BIA_344g-LT2_hi_PabloBonet.jpg 1769w\" sizes=\"(max-width: 300px) 100vw, 300px\" \/><\/figure><\/div>\n\n\n\n<p>La interfaz de usuario <strong>Quiero Observar<\/strong> te permite solicitar observaciones con el <strong>Telescopio Liverpool<\/strong> entre una <strong>selecci\u00f3n de objetos celestes. <\/strong>El portal te gu\u00eda a trav\u00e9s del proceso de solicitar una observaci\u00f3n, ayud\u00e1ndote a elegir el objeto y el momento de la observaci\u00f3n. La interfaz es muy intuitiva y te permitir\u00e1 solicitar tus observaciones en unos pocos pasos.&nbsp;<\/p>\n\n\n\n<div class=\"wp-block-buttons\">\n<div class=\"wp-block-button\"><a class=\"wp-block-button__link\" href=\"quiero-observar\"><strong>Quiero Observar<\/strong><\/a><\/div>\n<\/div>\n<\/div><\/div>\n\n\n\n<div style=\"height:51px\" aria-hidden=\"true\" class=\"wp-block-spacer\"><\/div>\n\n\n\n<div class=\"wp-block-group grupo-bloques\"><div class=\"wp-block-group__inner-container\">\n<h3>Observaciones con los telescopios del Observatorio Las Cumbres<\/h3>\n\n\n\n<div class=\"wp-block-image\"><figure class=\"alignleft\"><img loading=\"lazy\" width=\"300\" height=\"200\" src=\"https:\/\/outreach.iac.es\/peter\/wp-content\/uploads\/2019\/08\/LCO_OT_Daniel_Lopez_web-300x200.jpg\" alt=\"Telescopio LCO en el OT. Cr\u00e9dito: Daniel L\u00f3pez \/ IAC\" class=\"wp-image-1221\" srcset=\"https:\/\/outreach.iac.es\/peter\/wp-content\/uploads\/2019\/08\/LCO_OT_Daniel_Lopez_web-300x200.jpg 300w, https:\/\/outreach.iac.es\/peter\/wp-content\/uploads\/2019\/08\/LCO_OT_Daniel_Lopez_web-768x512.jpg 768w, https:\/\/outreach.iac.es\/peter\/wp-content\/uploads\/2019\/08\/LCO_OT_Daniel_Lopez_web-1024x682.jpg 1024w, https:\/\/outreach.iac.es\/peter\/wp-content\/uploads\/2019\/08\/LCO_OT_Daniel_Lopez_web-375x250.jpg 375w, https:\/\/outreach.iac.es\/peter\/wp-content\/uploads\/2019\/08\/LCO_OT_Daniel_Lopez_web-940x626.jpg 940w, https:\/\/outreach.iac.es\/peter\/wp-content\/uploads\/2019\/08\/LCO_OT_Daniel_Lopez_web.jpg 1067w\" sizes=\"(max-width: 300px) 100vw, 300px\" \/><\/figure><\/div>\n\n\n\n<p>El <a href=\"https:\/\/observe.lco.global\"><strong>portal de observaci\u00f3n del Observatorio Las Cumbres<\/strong> (LCO)<\/a> te permite programar tus observaciones con los telescopios de 40 cent\u00edmetros de la red situados alrededor del mundo. Podr\u00e1s observar la regi\u00f3n del cielo que quieras, tanto del hemisferio norte como del hemisferio sur. El portal te gu\u00eda a trav\u00e9s del proceso de solicitar las observaciones, ayud\u00e1ndote a elegir los mejores par\u00e1metros para la observaci\u00f3n.&nbsp;<\/p>\n\n\n\n<div class=\"wp-block-buttons\">\n<div class=\"wp-block-button\"><a class=\"wp-block-button__link\" href=\"observa-con-el-lco\"><strong>Observa con el LCO<\/strong><\/a><\/div>\n<\/div>\n<\/div><\/div>\n\n\n\n<div style=\"height:55px\" aria-hidden=\"true\" class=\"wp-block-spacer\"><\/div>\n\n\n\n<p>\u00bfYa has solicitado tus observaciones ? Espera a que llegue la fecha que has solicitado y revisa en &#8220;<a href=\"https:\/\/outreach.iac.es\/peter\/mis-observaciones\/\">Mis Observaciones<\/a>&#8221; si tus observaciones ya est\u00e1n disponibles para descargar.<\/p>\n","protected":false},"excerpt":{"rendered":"<p>El Universo est\u00e1 lleno de objetos interesantes, desde los m\u00e1s cercanos que forman parte de nuestro Sistema Solar, hasta lejanas galaxias con millones de estrellas y nubes de gas y polvo. \u00bfQuieres obtener tus propias im\u00e1genes de algunos de estos objetos e investigarlos? \u00a1Adelante! Con PETeR podr\u00e1s obtener tus observaciones [&hellip;]<\/p>\n","protected":false},"author":2,"featured_media":0,"parent":0,"menu_order":0,"comment_status":"closed","ping_status":"closed","template":"","meta":[],"_links":{"self":[{"href":"https:\/\/outreach.iac.es\/peter\/wp-json\/wp\/v2\/pages\/54"}],"collection":[{"href":"https:\/\/outreach.iac.es\/peter\/wp-json\/wp\/v2\/pages"}],"about":[{"href":"https:\/\/outreach.iac.es\/peter\/wp-json\/wp\/v2\/types\/page"}],"author":[{"embeddable":true,"href":"https:\/\/outreach.iac.es\/peter\/wp-json\/wp\/v2\/users\/2"}],"replies":[{"embeddable":true,"href":"https:\/\/outreach.iac.es\/peter\/wp-json\/wp\/v2\/comments?post=54"}],"version-history":[{"count":23,"href":"https:\/\/outreach.iac.es\/peter\/wp-json\/wp\/v2\/pages\/54\/revisions"}],"predecessor-version":[{"id":2138,"href":"https:\/\/outreach.iac.es\/peter\/wp-json\/wp\/v2\/pages\/54\/revisions\/2138"}],"wp:attachment":[{"href":"https:\/\/outreach.iac.es\/peter\/wp-json\/wp\/v2\/media?parent=54"}],"curies":[{"name":"wp","href":"https:\/\/api.w.org\/{rel}","templated":true}]}}