{"id":52,"date":"2016-10-24T18:53:42","date_gmt":"2016-10-24T18:53:42","guid":{"rendered":"http:\/\/www.iac.es\/peter-new\/?page_id=52"},"modified":"2020-11-24T20:37:28","modified_gmt":"2020-11-24T20:37:28","slug":"el-espectro-electromagnetico","status":"publish","type":"page","link":"https:\/\/outreach.iac.es\/peter\/el-espectro-electromagnetico\/","title":{"rendered":"El Espectro Electromagn\u00e9tico"},"content":{"rendered":"<p>La <strong>luz visible<\/strong>, la que podemos captar con nuestros ojos, es s\u00f3lo uno de los muchos tipos de radiaci\u00f3n emitida por las estrellas y las galaxias. El rango completo de los diferentes tipos de radiaci\u00f3n o luz es lo que llamamos el <strong>espectro electromagn\u00e9tico<\/strong>.<\/p>\n<div style=\"width: 522px\" class=\"wp-caption alignright\"><a title=\"Cr\u00e9dito: Crates, versi\u00f3n original en ingl\u00e9s de Inductiveload [dominio p\u00fablico], via Wikimedia Commons\" href=\"https:\/\/commons.wikimedia.org\/wiki\/File%3AEM_Spectrum_Properties_es.svg\" target=\"_blank\" rel=\"noopener noreferrer\"><img loading=\"lazy\" src=\"https:\/\/upload.wikimedia.org\/wikipedia\/commons\/thumb\/b\/b3\/EM_Spectrum_Properties_es.svg\/512px-EM_Spectrum_Properties_es.svg.png\" alt=\"Espectro Electromagn\u00e9tico\" width=\"512\" height=\"293\" \/><\/a><p class=\"wp-caption-text\">Propiedades del Espectro Electromagn\u00e9tico<\/p><\/div>\nLa radiaci\u00f3n de m\u00e1s baja energ\u00eda del espectro electromagn\u00e9tico es la que corresponde a las <strong>ondas de radio<\/strong>. A medida que avanzamos hacia las energ\u00edas m\u00e1s altas, pasamos a trav\u00e9s de las <strong>microondas<\/strong>, la <strong>luz infrarroja<\/strong> y la parte <strong>visible<\/strong> del espectro. A energ\u00edas mayores encontramos la luz <strong>ultra-violeta<\/strong>, los <strong>rayos X<\/strong> y por \u00faltimo los <strong>rayos gamma<\/strong>, que es la radiaci\u00f3n m\u00e1s energ\u00e9tica de todas.<\/p>\n<p>Casi todo lo que sabemos sobre el Universo proviene de la observaci\u00f3n del espectro electromagn\u00e9tico. Adem\u00e1s, cada tipo de radiaci\u00f3n nos da una informaci\u00f3n diferente sobre los objetos que la emitieron.<\/p>\n","protected":false},"excerpt":{"rendered":"<p>La luz visible, la que podemos captar con nuestros ojos, es s\u00f3lo uno de los muchos tipos de radiaci\u00f3n emitida por las estrellas y las galaxias. El rango completo de los diferentes tipos de radiaci\u00f3n o luz es lo que llamamos el espectro electromagn\u00e9tico. La radiaci\u00f3n de m\u00e1s baja energ\u00eda [&hellip;]<\/p>\n","protected":false},"author":2,"featured_media":0,"parent":0,"menu_order":0,"comment_status":"closed","ping_status":"closed","template":"","meta":[],"_links":{"self":[{"href":"https:\/\/outreach.iac.es\/peter\/wp-json\/wp\/v2\/pages\/52"}],"collection":[{"href":"https:\/\/outreach.iac.es\/peter\/wp-json\/wp\/v2\/pages"}],"about":[{"href":"https:\/\/outreach.iac.es\/peter\/wp-json\/wp\/v2\/types\/page"}],"author":[{"embeddable":true,"href":"https:\/\/outreach.iac.es\/peter\/wp-json\/wp\/v2\/users\/2"}],"replies":[{"embeddable":true,"href":"https:\/\/outreach.iac.es\/peter\/wp-json\/wp\/v2\/comments?post=52"}],"version-history":[{"count":3,"href":"https:\/\/outreach.iac.es\/peter\/wp-json\/wp\/v2\/pages\/52\/revisions"}],"predecessor-version":[{"id":1788,"href":"https:\/\/outreach.iac.es\/peter\/wp-json\/wp\/v2\/pages\/52\/revisions\/1788"}],"wp:attachment":[{"href":"https:\/\/outreach.iac.es\/peter\/wp-json\/wp\/v2\/media?parent=52"}],"curies":[{"name":"wp","href":"https:\/\/api.w.org\/{rel}","templated":true}]}}