{"id":437,"date":"2017-05-05T12:51:52","date_gmt":"2017-05-05T12:51:52","guid":{"rendered":"http:\/\/www.iac.es\/peter-new\/?page_id=437"},"modified":"2020-11-24T20:37:28","modified_gmt":"2020-11-24T20:37:28","slug":"otros-recursos","status":"publish","type":"page","link":"https:\/\/outreach.iac.es\/peter\/otros-recursos\/","title":{"rendered":"Otros recursos"},"content":{"rendered":"<p>Aqu\u00ed encontrar\u00e1s enlaces a las webs de otros proyectos relacionados con la educaci\u00f3n de la ciencia que nos parecen interesantes. Los hemos clasificado en:<\/p>\n<h3>Astronom\u00eda y Espacio:<\/h3>\n<ul>\n<li><strong><a href=\"http:\/\/www.es.euhou.net\/\">Hands-on Universe<\/a><\/strong><strong>: <\/strong>recursos educativos, actividades y software espec\u00edfico para trabajar con im\u00e1genes astron\u00f3micas (espa\u00f1ol e <a href=\"http:\/\/www.euhou.net\/\">ingl\u00e9s<\/a>).<strong><br \/>\n<\/strong><\/li>\n<li><strong><a href=\"http:\/\/svo.cab.inta-csic.es\/docs\/index.php?pagename=Education\/VOcases\">Observatorio Virtual &#8211; Educaci\u00f3n<\/a><\/strong>: pr\u00e1cticas de Astronom\u00eda enfocada a los \u00faltimos cursos de secundaria, bachillerato y universidad (espa\u00f1ol y <a href=\"http:\/\/vo-for-education.oats.inaf.it\/\/eng_download.html?fsize=medium\">otros idiomas<\/a>).<\/li>\n<li><strong><a href=\"http:\/\/www.iac.es\/solarlab\/descargas\/\">SolarLab<\/a><\/strong>: recursos educativos sobre el Sol (espa\u00f1ol).<\/li>\n<li><strong><a href=\"http:\/\/www.schoolsobservatory.org.uk\/\">National Schools&#8217; Observatory<\/a><\/strong>: proyecto similar a PETeR pero destinado a la comunidad educativa de Reino Unido. Contiene recursos educativos y gran cantidad de conceptos de Astronom\u00eda (ingl\u00e9s).<\/li>\n<li><strong><a href=\"http:\/\/skyserver.sdss.org\/dr8\/en\/proj\/\">SDSS SkyServer Projects &#8211; Education<\/a><\/strong>: proyectos educativos y cient\u00edficos que hacen uso de im\u00e1genes astron\u00f3micas reales obtenidas por el muestreo Sloan Digital Sky Survey (ingl\u00e9s).<\/li>\n<li><strong><a href=\"http:\/\/www.faulkes-telescope.com\/education\">Faulkes Telescope Proyect<\/a><\/strong><strong>: <\/strong>recursos educativos y actividades que usan im\u00e1genes astron\u00f3micas reales obtenidas con los telescopios rob\u00f3ticos Faulkes (ingl\u00e9s).<strong><br \/>\n<\/strong><\/li>\n<li><strong><a href=\"http:\/\/galileoteachers.org\/\">Galileo Teacher Training Program<\/a><\/strong>: red internacional de profesores que han recibido formaci\u00f3n sobre el uso efectivo de herramientas y recursos educativos de Astronom\u00eda y su transferencia a los curr\u00edculos de ciencias (ingl\u00e9s).<\/li>\n<li><strong><a href=\"http:\/\/education.down2earth.eu\/\">Down2Earth Impact Calculator<\/a><\/strong><strong>: <\/strong>recursos y actividades para estudiantes y profesorado sobre cometas y asteroides (ingl\u00e9s) .<strong><br \/>\n<\/strong><\/li>\n<\/ul>\n<h3>Ciencia en general:<\/h3>\n<ul>\n<li><strong><a href=\"http:\/\/www.inspiring-science-education.net\/\">Inspiring Science Education<\/a>:<\/strong> escenarios educativos, aplicaciones interactivas y laboratorios en l\u00ednea para la ense\u00f1anza de la ciencia siguiendo el enfoque del aprendizaje basado en la investigaci\u00f3n (ingl\u00e9s).<\/li>\n<li><strong><a href=\"http:\/\/go-lab-project.eu\/\">GO-LAB<\/a><\/strong><strong>: <\/strong>laboratorios virtuales y remotos para realizar experimentos cient\u00edficos guiados (ingl\u00e9s).<strong><br \/>\n<\/strong><\/li>\n<\/ul>\n<p><strong>\u00a0<\/strong><\/p>\n","protected":false},"excerpt":{"rendered":"<p>Aqu\u00ed encontrar\u00e1s enlaces a las webs de otros proyectos relacionados con la educaci\u00f3n de la ciencia que nos parecen interesantes. Los hemos clasificado en: Astronom\u00eda y Espacio: Hands-on Universe: recursos educativos, actividades y software espec\u00edfico para trabajar con im\u00e1genes astron\u00f3micas (espa\u00f1ol e ingl\u00e9s). Observatorio Virtual &#8211; Educaci\u00f3n: pr\u00e1cticas de Astronom\u00eda [&hellip;]<\/p>\n","protected":false},"author":3,"featured_media":0,"parent":0,"menu_order":0,"comment_status":"closed","ping_status":"closed","template":"","meta":[],"_links":{"self":[{"href":"https:\/\/outreach.iac.es\/peter\/wp-json\/wp\/v2\/pages\/437"}],"collection":[{"href":"https:\/\/outreach.iac.es\/peter\/wp-json\/wp\/v2\/pages"}],"about":[{"href":"https:\/\/outreach.iac.es\/peter\/wp-json\/wp\/v2\/types\/page"}],"author":[{"embeddable":true,"href":"https:\/\/outreach.iac.es\/peter\/wp-json\/wp\/v2\/users\/3"}],"replies":[{"embeddable":true,"href":"https:\/\/outreach.iac.es\/peter\/wp-json\/wp\/v2\/comments?post=437"}],"version-history":[{"count":1,"href":"https:\/\/outreach.iac.es\/peter\/wp-json\/wp\/v2\/pages\/437\/revisions"}],"predecessor-version":[{"id":1799,"href":"https:\/\/outreach.iac.es\/peter\/wp-json\/wp\/v2\/pages\/437\/revisions\/1799"}],"wp:attachment":[{"href":"https:\/\/outreach.iac.es\/peter\/wp-json\/wp\/v2\/media?parent=437"}],"curies":[{"name":"wp","href":"https:\/\/api.w.org\/{rel}","templated":true}]}}