{"id":43,"date":"2016-10-24T18:50:40","date_gmt":"2016-10-24T18:50:40","guid":{"rendered":"http:\/\/www.iac.es\/peter-new\/?page_id=43"},"modified":"2025-02-20T13:26:27","modified_gmt":"2025-02-20T13:26:27","slug":"actividades","status":"publish","type":"page","link":"https:\/\/outreach.iac.es\/peter\/actividades\/","title":{"rendered":"Actividades"},"content":{"rendered":"<p>En esta secci\u00f3n encontrar\u00e1s un conjunto de Unidades Did\u00e1cticas dise\u00f1adas con el fin de ayudarte a sacar el m\u00e1ximo provecho a PETeR. El objetivo de estas Unidades es introducir diferentes conceptos sobre Astronom\u00eda y Astrof\u00edsica (adaptables a varios niveles) a la vez que facilitar su comprensi\u00f3n, aprender a utilizar un software de visualizaci\u00f3n y an\u00e1lisis de im\u00e1genes astron\u00f3micas, <strong>PeterSoft<\/strong>, y permitir al alumnado experimentar el m\u00e9todo cient\u00edfico.<\/p>\n<p>Cada Unidad consta de una<strong> Introducci\u00f3n<\/strong>, una o varias <strong>Actividades<\/strong> (cada una con su Gu\u00eda) y un conjunto de <strong>im\u00e1genes<\/strong> obtenidas con el Telescopio Liverpool con las que se realizar\u00e1n las actividades propuestas.<\/p>\n<p><img loading=\"lazy\" class=\"alignright wp-image-539\" src=\"https:\/\/outreach.iac.es\/peter\/wp-content\/uploads\/2017\/05\/lupa-300x240.png\" alt=\"\" width=\"250\" height=\"200\" srcset=\"https:\/\/outreach.iac.es\/peter\/wp-content\/uploads\/2017\/05\/lupa-300x240.png 300w, https:\/\/outreach.iac.es\/peter\/wp-content\/uploads\/2017\/05\/lupa.png 477w\" sizes=\"(max-width: 250px) 100vw, 250px\" \/><br>\nLas primeras cinco Unidades siguen un orden de menor a mayor dificultad, introduciendo nuevas utilidades del programa PeterSoft a cada paso. Estas son:<br>\n<img loading=\"lazy\" class=\"alignright wp-image-535\" src=\"https:\/\/outreach.iac.es\/peter\/wp-content\/uploads\/2017\/05\/fotos1-276x300.png\" alt=\"\" width=\"200\" height=\"217\" srcset=\"https:\/\/outreach.iac.es\/peter\/wp-content\/uploads\/2017\/05\/fotos1-276x300.png 276w, https:\/\/outreach.iac.es\/peter\/wp-content\/uploads\/2017\/05\/fotos1.png 442w\" sizes=\"(max-width: 200px) 100vw, 200px\" \/><\/p>\n<p style=\"padding-left: 60px;\"><a href=\"?page_id=291\"><strong>Unidad 1. Planetas Interiores y Exteriores<\/strong><\/a><\/p>\n<p style=\"padding-left: 60px;\"><a href=\"?page_id=297\"><strong>Unidad 2. Distancias I. Galaxias<\/strong><\/a><\/p>\n<p style=\"padding-left: 60px;\"><a href=\"?page_id=299\"><strong>Unidad 3. Distancias II. Cu\u00e1sares<\/strong><\/a><\/p>\n<p style=\"padding-left: 60px;\"><a href=\"?page_id=295\"><strong>Unidad 4. Gigantes gaseosos<\/strong><\/a><\/p>\n<p style=\"padding-left: 60px;\"><a href=\"?page_id=301\"><strong>Unidad 5. Leyes del Movimiento Planetario<\/strong><\/a><\/p>\n\n\n<div style=\"height:60px\" aria-hidden=\"true\" class=\"wp-block-spacer\"><\/div>\n\n\n\n<div class=\"wp-block-group grupo-bloques has-background-color-background-color has-background\"><div class=\"wp-block-group__inner-container\">\n<div class=\"wp-block-image is-style-default\"><figure class=\"alignright size-large is-resized\"><img loading=\"lazy\" src=\"https:\/\/outreach.iac.es\/peter\/wp-content\/uploads\/2025\/02\/Circulo-EN-negro.png\" alt=\"\" class=\"wp-image-3369\" width=\"150\" height=\"150\" srcset=\"https:\/\/outreach.iac.es\/peter\/wp-content\/uploads\/2025\/02\/Circulo-EN-negro.png 522w, https:\/\/outreach.iac.es\/peter\/wp-content\/uploads\/2025\/02\/Circulo-EN-negro-300x300.png 300w, https:\/\/outreach.iac.es\/peter\/wp-content\/uploads\/2025\/02\/Circulo-EN-negro-250x250.png 250w\" sizes=\"(max-width: 150px) 100vw, 150px\" \/><\/figure><\/div>\n\n\n\n<h3 class=\"has-text-align-left\">English version available<\/h3>\n\n\n\n<p>You can access the English version of our activities by clicking on the word &#8220;English&#8221;.<\/p>\n\n\n\n<div class=\"wp-block-buttons\">\n<div class=\"wp-block-button\"><a class=\"wp-block-button__link has-black-background-color has-background\" href=\"https:\/\/outreach.iac.es\/peter\/activities\/\"><strong>ENGLISH <\/strong><\/a><\/div>\n<\/div>\n<\/div><\/div>\n\n\n\n<p><\/p>\n","protected":false},"excerpt":{"rendered":"<p>En esta secci\u00f3n encontrar\u00e1s un conjunto de Unidades Did\u00e1cticas dise\u00f1adas con el fin de ayudarte a sacar el m\u00e1ximo provecho a PETeR. El objetivo de estas Unidades es introducir diferentes conceptos sobre Astronom\u00eda y Astrof\u00edsica (adaptables a varios niveles) a la vez que facilitar su comprensi\u00f3n, aprender a utilizar un [&hellip;]<\/p>\n","protected":false},"author":2,"featured_media":0,"parent":0,"menu_order":0,"comment_status":"closed","ping_status":"closed","template":"","meta":[],"_links":{"self":[{"href":"https:\/\/outreach.iac.es\/peter\/wp-json\/wp\/v2\/pages\/43"}],"collection":[{"href":"https:\/\/outreach.iac.es\/peter\/wp-json\/wp\/v2\/pages"}],"about":[{"href":"https:\/\/outreach.iac.es\/peter\/wp-json\/wp\/v2\/types\/page"}],"author":[{"embeddable":true,"href":"https:\/\/outreach.iac.es\/peter\/wp-json\/wp\/v2\/users\/2"}],"replies":[{"embeddable":true,"href":"https:\/\/outreach.iac.es\/peter\/wp-json\/wp\/v2\/comments?post=43"}],"version-history":[{"count":11,"href":"https:\/\/outreach.iac.es\/peter\/wp-json\/wp\/v2\/pages\/43\/revisions"}],"predecessor-version":[{"id":3400,"href":"https:\/\/outreach.iac.es\/peter\/wp-json\/wp\/v2\/pages\/43\/revisions\/3400"}],"wp:attachment":[{"href":"https:\/\/outreach.iac.es\/peter\/wp-json\/wp\/v2\/media?parent=43"}],"curies":[{"name":"wp","href":"https:\/\/api.w.org\/{rel}","templated":true}]}}