{"id":41,"date":"2016-10-24T18:49:52","date_gmt":"2016-10-24T18:49:52","guid":{"rendered":"http:\/\/www.iac.es\/peter-new\/?page_id=41"},"modified":"2020-11-24T20:37:28","modified_gmt":"2020-11-24T20:37:28","slug":"software","status":"publish","type":"page","link":"https:\/\/outreach.iac.es\/peter\/software\/","title":{"rendered":"Software"},"content":{"rendered":"<h3>PeterSoft<\/h3>\n<p>PETeR dispone de su propio software para visualizar y analizar im\u00e1genes astron\u00f3micas, <strong>PeterSoft<\/strong>, especialmente dise\u00f1ado para el uso educativo y divulgativo. Este programa permite trabajar con im\u00e1genes en formato FIT o FITS, que son los formatos usados por la mayor\u00eda de los telescopios profesionales de todo el mundo.<\/p>\n<p>PeterSoft dispone de herramientas para hacer medidas de distancia, brillo, obtener informaci\u00f3n de las cabeceras de las im\u00e1genes y usar diferentes filtros para la visualizaci\u00f3n de las im\u00e1genes. Es un programa basado en JAVA, est\u00e1 disponible en espa\u00f1ol e ingl\u00e9s y es muy sencillo de instalar.<\/p>\n<p>Pasos a seguir para la instalaci\u00f3n:<\/p>\n<ol>\n<li><strong>1. <\/strong><b>Si no tienes Java instalado en tu ordenador<\/b>, entra al sitio web de Java en <a href=\"https:\/\/www.java.com\/es\/download\/\">https:\/\/www.java.com\/es\/download\/<\/a> y haz clic en el bot\u00f3n &#8220;Descarga Gratuita de Java&#8221;, despu\u00e9s instala Java cuando termine de descargarse. Probablemente necesites reiniciar tu ordenador para que est\u00e9 completamente implementado.<\/li>\n<li><strong>2. Descarga y ejecuta PeterSoft:<\/strong><\/li>\n<\/ol>\n<p><img loading=\"lazy\" class=\"wp-image-546 alignright\" src=\"https:\/\/outreach.iac.es\/peter\/wp-content\/uploads\/2017\/05\/tuerca.png\" alt=\"tuerca\" width=\"200\" height=\"217\" srcset=\"https:\/\/outreach.iac.es\/peter\/wp-content\/uploads\/2017\/05\/tuerca.png 434w, https:\/\/outreach.iac.es\/peter\/wp-content\/uploads\/2017\/05\/tuerca-277x300.png 277w\" sizes=\"(max-width: 200px) 100vw, 200px\" \/><\/p>\n<ul>\n<li style=\"list-style-type: none;\">\n<ul>\n<li style=\"list-style-type: none;\">\n<ul>\n<li><a href=\"https:\/\/outreach.iac.es\/peter\/wp-content\/uploads\/2016\/10\/PeterSoft.zip\">Descarga PeterSoft<\/a><\/li>\n<li>Descomprime la carpeta ZIP en tu ordenador (2.25 MB)<\/li>\n<li>Ejecuta el programa:\n<ul>\n<li><strong>En Windows<\/strong>: haz doble click en el fichero &#8220;iniciar.bat&#8221; para abrir el programa<\/li>\n<li><strong>En Linux<\/strong>: en la carpeta \/PeterSoft\/ escribe: java -jar FITS.jar<\/li>\n<li><b>En Mac<\/b>: en la carpeta \/PeterSoft\/ haz doble clic en FITS.jar\u00a0 o ingresa el siguiente comando: java -jar FITS.jar<\/li>\n<\/ul>\n<\/li>\n<\/ul>\n<\/li>\n<\/ul>\n<\/li>\n<\/ul>\n<p><b>NOTA para Mac: <\/b>Cuando instales un archivo no perteneciente a Apple en un Mac, primero haz clic en<b> Aceptar<\/b> en la advertencia, haz clic en el men\u00fa de <b>Apple<\/b>, despu\u00e9s haz clic en <b>Preferencias del sistema<\/b>, haz clic en <b>Seguridad y privacidad<\/b>, desbloquea el men\u00fa y haz clic en <b>Abrir de igual manera<\/b> al lado del nombre del archivo y despu\u00e9s haz clic en <b>Abrir<\/b> cuando te pregunte si quieres instalar el archivo.<\/p>\n<p>Una vez abierta la aplicaci\u00f3n, en la pesta\u00f1a &#8220;Ayuda\/Help&#8221; encontrar\u00e1s el manual de usuario de PeterSoft.<\/p>\n<p>Si quieres cambiar el idioma por defecto (espa\u00f1ol) a ingl\u00e9s, puedes hacerlo en la pesta\u00f1a &#8220;Ver -&gt; Idiomas&#8221;. Una vez cambiado el idioma tendr\u00e1s que cerrar el programa y volver a abrirlo para que el cambio se haga efectivo.<\/p>\n<p>&nbsp;<\/p>\n<h3>Otros programas:<\/h3>\n<p><strong>\u00a0<\/strong><strong><a href=\"http:\/\/www.schoolsobservatory.org.uk\/astro\/tels\/ltimage\">LTImage<\/a>: <\/strong>software de visualizaci\u00f3n y an\u00e1lisis de im\u00e1genes astron\u00f3micas del <em>National Schools&#8217; Observatory<\/em> (NSO). El programa es similar a PeterSoft, pero solo est\u00e1 disponible en ingl\u00e9s. Permite <strong>combinar im\u00e1genes en 3 colores (RGB)<\/strong>. Puedes descargarlo desde <a href=\"https:\/\/www.schoolsobservatory.org\/obs\/software\/ltimage\">aqu\u00ed<\/a>.<\/p>\n<p><strong><a href=\"http:\/\/www.euhou.net\/index.php\/salsaj-software-mainmenu-9\">SalsaJ<\/a>: <\/strong>software de visualizaci\u00f3n y an\u00e1lisis de im\u00e1genes astron\u00f3micas del proyecto <em>Hands On Universe <\/em>(HOU). Permite trabajar con m\u00e1s im\u00e1genes a la vez y dispone de algunas <strong>herramientas extra como obtener histogramas, dibujar perfiles,&#8230;<\/strong> a partir de las im\u00e1genes. Est\u00e1 disponible en varios idiomas, incluido espa\u00f1ol e ingl\u00e9s. Puedes descargarlo desde <a href=\"http:\/\/www.euhou.net\/index.php\/salsaj-software-mainmenu-9\/download-mainmenu-10?task=view&amp;id=8\">aqu\u00ed<\/a>.<\/p>\n<p><b><a href=\"http:\/\/www.astro.louisville.edu\/software\/astroimagej\/\">AstroImageJ<\/a>: <\/b>software de visualizaci\u00f3n y an\u00e1lisis de im\u00e1genes astron\u00f3micas que permite opciones m\u00e1s avanzadas como realizar una <strong>reducci\u00f3n y calibraci\u00f3n de datos completa, calibraci\u00f3n astrom\u00e9trica, identificar objetos mediante interfaz a cat\u00e1logos, ajustar y representar curvas de luz<\/strong>, etc. Es compatible con los sistemas operativos: Linux, Windows y Mac. Idioma: solo ingl\u00e9s. Puedes descargarlo desde <a href=\"http:\/\/www.astro.louisville.edu\/software\/astroimagej\/installation_packages\/\">aqu\u00ed<\/a>.<\/p>\n","protected":false},"excerpt":{"rendered":"<p>PeterSoft PETeR dispone de su propio software para visualizar y analizar im\u00e1genes astron\u00f3micas, PeterSoft, especialmente dise\u00f1ado para el uso educativo y divulgativo. Este programa permite trabajar con im\u00e1genes en formato FIT o FITS, que son los formatos usados por la mayor\u00eda de los telescopios profesionales de todo el mundo. PeterSoft [&hellip;]<\/p>\n","protected":false},"author":2,"featured_media":0,"parent":0,"menu_order":0,"comment_status":"closed","ping_status":"closed","template":"","meta":[],"_links":{"self":[{"href":"https:\/\/outreach.iac.es\/peter\/wp-json\/wp\/v2\/pages\/41"}],"collection":[{"href":"https:\/\/outreach.iac.es\/peter\/wp-json\/wp\/v2\/pages"}],"about":[{"href":"https:\/\/outreach.iac.es\/peter\/wp-json\/wp\/v2\/types\/page"}],"author":[{"embeddable":true,"href":"https:\/\/outreach.iac.es\/peter\/wp-json\/wp\/v2\/users\/2"}],"replies":[{"embeddable":true,"href":"https:\/\/outreach.iac.es\/peter\/wp-json\/wp\/v2\/comments?post=41"}],"version-history":[{"count":3,"href":"https:\/\/outreach.iac.es\/peter\/wp-json\/wp\/v2\/pages\/41\/revisions"}],"predecessor-version":[{"id":1626,"href":"https:\/\/outreach.iac.es\/peter\/wp-json\/wp\/v2\/pages\/41\/revisions\/1626"}],"wp:attachment":[{"href":"https:\/\/outreach.iac.es\/peter\/wp-json\/wp\/v2\/media?parent=41"}],"curies":[{"name":"wp","href":"https:\/\/api.w.org\/{rel}","templated":true}]}}