{"id":380,"date":"2017-05-04T12:32:33","date_gmt":"2017-05-04T12:32:33","guid":{"rendered":"http:\/\/www.iac.es\/peter-new\/?page_id=380"},"modified":"2020-11-24T20:37:28","modified_gmt":"2020-11-24T20:37:28","slug":"guias-para-el-profesorado","status":"publish","type":"page","link":"https:\/\/outreach.iac.es\/peter\/guias-para-el-profesorado\/","title":{"rendered":"Gu\u00edas para el profesorado"},"content":{"rendered":"<p>Aqu\u00ed encontrar\u00e1s las soluciones y algunos consejos para desarrollar las actividades propuestas en cada una de las Unidades Did\u00e1cticas de la secci\u00f3n <strong>Actividades<\/strong>.<\/p>\n<ul>\n<li><a href=\"https:\/\/outreach.iac.es\/peter\/wp-content\/uploads\/2017\/05\/Unidad-1-Planetas-Interiores-Exteriores_prof.pdf\">Gu\u00eda did\u00e1ctica Unidad 1. Planetas Interiores y Exteriores<\/a><\/li>\n<li><a href=\"https:\/\/outreach.iac.es\/peter\/wp-content\/uploads\/2017\/05\/Unidad2_Distancias_Galaxias_prof.pdf\">Gu\u00eda did\u00e1ctica Unidad 2. Distancias I. Galaxias<\/a><\/li>\n<li><a href=\"https:\/\/outreach.iac.es\/peter\/wp-content\/uploads\/2017\/05\/Unidad3_DistanciasII_Cuasares_prof.pdf\">Gu\u00eda did\u00e1ctica Unidad 3. Distancias II. Cu\u00e1sares<\/a><\/li>\n<li><a href=\"https:\/\/outreach.iac.es\/peter\/wp-content\/uploads\/2017\/05\/Unidad-4-Gigantes-Gaseosos_prof-1.pdf\">Gu\u00eda did\u00e1ctica Unidad 4. Gigantes Gaseosos<\/a><\/li>\n<li><a href=\"https:\/\/outreach.iac.es\/peter\/wp-content\/uploads\/2017\/05\/Unidad-5-Leyes-del-Movimiento_prof.pdf\">Gu\u00eda did\u00e1ctica Unidad 5. Leyes del movimiento planetario<\/a><\/li>\n<\/ul>\n<p>Algunas Unidades Did\u00e1cticas est\u00e1n disponibles tambi\u00e9n en <strong>ingl\u00e9s<\/strong>. Si quieres trabajarlas en ese idioma, escr\u00edbenos un correo a peter [arroba] iac.es y te las enviaremos.<\/p>\n","protected":false},"excerpt":{"rendered":"<p>Aqu\u00ed encontrar\u00e1s las soluciones y algunos consejos para desarrollar las actividades propuestas en cada una de las Unidades Did\u00e1cticas de la secci\u00f3n Actividades. Gu\u00eda did\u00e1ctica Unidad 1. Planetas Interiores y Exteriores Gu\u00eda did\u00e1ctica Unidad 2. Distancias I. Galaxias Gu\u00eda did\u00e1ctica Unidad 3. Distancias II. Cu\u00e1sares Gu\u00eda did\u00e1ctica Unidad 4. Gigantes [&hellip;]<\/p>\n","protected":false},"author":3,"featured_media":0,"parent":0,"menu_order":0,"comment_status":"closed","ping_status":"closed","template":"","meta":[],"_links":{"self":[{"href":"https:\/\/outreach.iac.es\/peter\/wp-json\/wp\/v2\/pages\/380"}],"collection":[{"href":"https:\/\/outreach.iac.es\/peter\/wp-json\/wp\/v2\/pages"}],"about":[{"href":"https:\/\/outreach.iac.es\/peter\/wp-json\/wp\/v2\/types\/page"}],"author":[{"embeddable":true,"href":"https:\/\/outreach.iac.es\/peter\/wp-json\/wp\/v2\/users\/3"}],"replies":[{"embeddable":true,"href":"https:\/\/outreach.iac.es\/peter\/wp-json\/wp\/v2\/comments?post=380"}],"version-history":[{"count":1,"href":"https:\/\/outreach.iac.es\/peter\/wp-json\/wp\/v2\/pages\/380\/revisions"}],"predecessor-version":[{"id":1284,"href":"https:\/\/outreach.iac.es\/peter\/wp-json\/wp\/v2\/pages\/380\/revisions\/1284"}],"wp:attachment":[{"href":"https:\/\/outreach.iac.es\/peter\/wp-json\/wp\/v2\/media?parent=380"}],"curies":[{"name":"wp","href":"https:\/\/api.w.org\/{rel}","templated":true}]}}