{"id":3679,"date":"2025-10-24T13:25:27","date_gmt":"2025-10-24T13:25:27","guid":{"rendered":"https:\/\/outreach.iac.es\/peter\/?page_id=3679"},"modified":"2025-10-24T13:40:58","modified_gmt":"2025-10-24T13:40:58","slug":"leyes-del-movimiento-planetario-masa-del-sol","status":"publish","type":"page","link":"https:\/\/outreach.iac.es\/peter\/leyes-del-movimiento-planetario-masa-del-sol\/","title":{"rendered":"Leyes del movimiento planetario &#8211; Masa del Sol"},"content":{"rendered":"\n<p>Esta actividad forma parte de la unidad did\u00e1ctica 5, Leyes del movimiento planetario. Puedes encontrar la introducci\u00f3n y una gu\u00eda did\u00e1ctica <a href=\"https:\/\/outreach.iac.es\/peter\/leyes-del-movimiento-planetario\/\" data-type=\"page\" data-id=\"301\">aqu\u00ed<\/a>.<\/p>\n\n\n\n<p>En Astronom\u00eda y Astrof\u00edsica podemos obtener mucha informaci\u00f3n de los objetos del Universo aunque est\u00e9n muy lejos y no podamos acercarnos a ellos. Un ejemplo es la determinaci\u00f3n de la masa de nuestra estrella, el<strong> Sol. <\/strong>En esta actividad ver\u00e1s c\u00f3mo podemos calcular la masa del Sol a partir de las observaciones de los planetas. Te proponemos que hagas los c\u00e1lculos y compares tus resultados con la masa de otras estrellas, que podr\u00e1s encontrar investigando en internet. \u00bfEs el Sol una estrella de las m\u00e1s pesadas o m\u00e1s bien normalita? <strong><br><\/strong><\/p>\n\n\n\n<ul><li>Descarga la <a href=\"https:\/\/outreach.iac.es\/peter\/wp-content\/uploads\/2025\/10\/Unidad-5-Leyes-del-Movimiento_Activ1.pdf\" target=\"_blank\" rel=\"noreferrer noopener\">GU\u00cdA<\/a> de la actividad.<\/li><\/ul>\n","protected":false},"excerpt":{"rendered":"<p>Esta actividad forma parte de la unidad did\u00e1ctica 5, Leyes del movimiento planetario. Puedes encontrar la introducci\u00f3n y una gu\u00eda did\u00e1ctica aqu\u00ed. En Astronom\u00eda y Astrof\u00edsica podemos obtener mucha informaci\u00f3n de los objetos del Universo aunque est\u00e9n muy lejos y no podamos acercarnos a ellos. Un ejemplo es la determinaci\u00f3n [&hellip;]<\/p>\n","protected":false},"author":34,"featured_media":0,"parent":0,"menu_order":0,"comment_status":"closed","ping_status":"closed","template":"","meta":[],"_links":{"self":[{"href":"https:\/\/outreach.iac.es\/peter\/wp-json\/wp\/v2\/pages\/3679"}],"collection":[{"href":"https:\/\/outreach.iac.es\/peter\/wp-json\/wp\/v2\/pages"}],"about":[{"href":"https:\/\/outreach.iac.es\/peter\/wp-json\/wp\/v2\/types\/page"}],"author":[{"embeddable":true,"href":"https:\/\/outreach.iac.es\/peter\/wp-json\/wp\/v2\/users\/34"}],"replies":[{"embeddable":true,"href":"https:\/\/outreach.iac.es\/peter\/wp-json\/wp\/v2\/comments?post=3679"}],"version-history":[{"count":3,"href":"https:\/\/outreach.iac.es\/peter\/wp-json\/wp\/v2\/pages\/3679\/revisions"}],"predecessor-version":[{"id":3836,"href":"https:\/\/outreach.iac.es\/peter\/wp-json\/wp\/v2\/pages\/3679\/revisions\/3836"}],"wp:attachment":[{"href":"https:\/\/outreach.iac.es\/peter\/wp-json\/wp\/v2\/media?parent=3679"}],"curies":[{"name":"wp","href":"https:\/\/api.w.org\/{rel}","templated":true}]}}