{"id":3658,"date":"2025-10-22T17:49:55","date_gmt":"2025-10-22T17:49:55","guid":{"rendered":"https:\/\/outreach.iac.es\/peter\/?page_id=3658"},"modified":"2025-10-24T13:37:40","modified_gmt":"2025-10-24T13:37:40","slug":"gigantes-gaseosos-saturno","status":"publish","type":"page","link":"https:\/\/outreach.iac.es\/peter\/gigantes-gaseosos-saturno\/","title":{"rendered":"Gigantes gaseosos &#8211; Saturno"},"content":{"rendered":"\n<p>Esta actividad forma parte de la unidad did\u00e1ctica 4, Gigantes gaseosos. Puedes encontrar la introducci\u00f3n y una gu\u00eda did\u00e1ctica <a href=\"https:\/\/outreach.iac.es\/peter\/planetas-interiores-y-exteriores\/https:\/\/outreach.iac.es\/peter\/gigantes-gaseosos\/\">aqu\u00ed<\/a>.<\/p>\n\n\n\n<p><strong>Saturno<\/strong> es el segundo planeta m\u00e1s grande del Sistema Solar y tiene un sistema de anillos que puede verse desde nuestro planeta con un telescopio peque\u00f1o. Con esta actividad podr\u00e1s comprobar c\u00f3mo cambia la <strong>inclinaci\u00f3n de los anillos de Saturno<\/strong> (vistos desde la Tierra) <strong>cuando el planeta se mueve en su \u00f3rbita alrededor del Sol<\/strong>.<\/p>\n\n\n\n<ul><li>Descarga la\u00a0<a href=\"https:\/\/outreach.iac.es\/peter\/wp-content\/uploads\/2025\/10\/Unidad-4-Gigantes-Gaseosos_Activ2.pdf\" target=\"_blank\" rel=\"noreferrer noopener\">GU\u00cdA<\/a> de la actividad.<\/li><li>Descarga las im\u00e1genes de\u00a0<a href=\"https:\/\/outreach.iac.es\/peter\/wp-content\/uploads\/2017\/04\/U4_imagenes_Saturno.zip\">SATURNO<\/a> con las que vas a trabajar.<\/li><li>Descarga esta HOJA DE C\u00c1LCULO para anotar tus medidas. (descarga de hoja Excel)<\/li><li>Si a\u00fan no lo has hecho, descarga el programa <a href=\"?page_id=41\">(peter_soft)<\/a> para ver y analizar las im\u00e1genes.<\/li><\/ul>\n\n\n\n<p>Recuerda que tambi\u00e9n puedes obtener tus propias im\u00e1genes de planetas en <a href=\"?page_id=56\">&#8220;Quiero Observar&#8221;<\/a> y hacer nuevas medidas e investigaciones.<\/p>\n","protected":false},"excerpt":{"rendered":"<p>Esta actividad forma parte de la unidad did\u00e1ctica 4, Gigantes gaseosos. Puedes encontrar la introducci\u00f3n y una gu\u00eda did\u00e1ctica aqu\u00ed. Saturno es el segundo planeta m\u00e1s grande del Sistema Solar y tiene un sistema de anillos que puede verse desde nuestro planeta con un telescopio peque\u00f1o. Con esta actividad podr\u00e1s [&hellip;]<\/p>\n","protected":false},"author":34,"featured_media":0,"parent":0,"menu_order":0,"comment_status":"closed","ping_status":"closed","template":"","meta":[],"_links":{"self":[{"href":"https:\/\/outreach.iac.es\/peter\/wp-json\/wp\/v2\/pages\/3658"}],"collection":[{"href":"https:\/\/outreach.iac.es\/peter\/wp-json\/wp\/v2\/pages"}],"about":[{"href":"https:\/\/outreach.iac.es\/peter\/wp-json\/wp\/v2\/types\/page"}],"author":[{"embeddable":true,"href":"https:\/\/outreach.iac.es\/peter\/wp-json\/wp\/v2\/users\/34"}],"replies":[{"embeddable":true,"href":"https:\/\/outreach.iac.es\/peter\/wp-json\/wp\/v2\/comments?post=3658"}],"version-history":[{"count":3,"href":"https:\/\/outreach.iac.es\/peter\/wp-json\/wp\/v2\/pages\/3658\/revisions"}],"predecessor-version":[{"id":3700,"href":"https:\/\/outreach.iac.es\/peter\/wp-json\/wp\/v2\/pages\/3658\/revisions\/3700"}],"wp:attachment":[{"href":"https:\/\/outreach.iac.es\/peter\/wp-json\/wp\/v2\/media?parent=3658"}],"curies":[{"name":"wp","href":"https:\/\/api.w.org\/{rel}","templated":true}]}}