{"id":3657,"date":"2025-10-22T17:50:02","date_gmt":"2025-10-22T17:50:02","guid":{"rendered":"https:\/\/outreach.iac.es\/peter\/?page_id=3657"},"modified":"2025-10-24T13:37:42","modified_gmt":"2025-10-24T13:37:42","slug":"gigantes-gaseosos-jupiter","status":"publish","type":"page","link":"https:\/\/outreach.iac.es\/peter\/gigantes-gaseosos-jupiter\/","title":{"rendered":"Gigantes gaseosos &#8211; J\u00fapiter"},"content":{"rendered":"\n<p>Esta actividad forma parte de la unidad did\u00e1ctica 4, Gigantes gaseosos. Puedes encontrar la introducci\u00f3n y una gu\u00eda did\u00e1ctica <a href=\"https:\/\/outreach.iac.es\/peter\/planetas-interiores-y-exteriores\/https:\/\/outreach.iac.es\/peter\/gigantes-gaseosos\/\">aqu\u00ed<\/a>.<\/p>\n\n\n\n<p><strong>J\u00fapiter <\/strong>es el mayor planeta del Sistema Solar y el que rota m\u00e1s r\u00e1pido. Debido a su veloz rotaci\u00f3n, el planeta no es completamente esf\u00e9rico, sino que est\u00e1 un poco achatado por los polos. Con esta actividad podr\u00e1s <strong>medir el achatamiento de J\u00fapiter y detectar su Gran Mancha Roja<\/strong>, usando im\u00e1genes reales del planeta obtenidas con el Telescopio Liverpool.<\/p>\n\n\n\n<ul><li>Descarga la <a href=\"https:\/\/outreach.iac.es\/peter\/wp-content\/uploads\/2025\/10\/Unidad-4-Gigantes-Gaseosos_Activ1.pdf\" target=\"_blank\" rel=\"noreferrer noopener\">GU\u00cdA<\/a> de la actividad.<\/li><li>Descarga las im\u00e1genes de\u00a0<a href=\"https:\/\/outreach.iac.es\/peter\/wp-content\/uploads\/2017\/04\/U4_imagenes_Jupiter.zip\" target=\"_blank\" rel=\"noreferrer noopener\">J\u00daPITER<\/a> con las que vas a trabajar.<\/li><li>Si a\u00fan no lo has hecho, descarga el programa <a href=\"?page_id=41\" target=\"_blank\" rel=\"noreferrer noopener\">(PeterSoft)<\/a> para ver y analizar las im\u00e1genes.<\/li><\/ul>\n\n\n\n<p>Recuerda que tambi\u00e9n puedes obtener tus propias im\u00e1genes de planetas en <a href=\"https:\/\/outreach.iac.es\/peter\/wp-admin\/post.php?page_id=56\">&#8220;Quiero Observar&#8221;<\/a> y hacer nuevas medidas e investigaciones.<\/p>\n","protected":false},"excerpt":{"rendered":"<p>Esta actividad forma parte de la unidad did\u00e1ctica 4, Gigantes gaseosos. Puedes encontrar la introducci\u00f3n y una gu\u00eda did\u00e1ctica aqu\u00ed. J\u00fapiter es el mayor planeta del Sistema Solar y el que rota m\u00e1s r\u00e1pido. Debido a su veloz rotaci\u00f3n, el planeta no es completamente esf\u00e9rico, sino que est\u00e1 un poco [&hellip;]<\/p>\n","protected":false},"author":34,"featured_media":0,"parent":0,"menu_order":0,"comment_status":"closed","ping_status":"closed","template":"","meta":[],"_links":{"self":[{"href":"https:\/\/outreach.iac.es\/peter\/wp-json\/wp\/v2\/pages\/3657"}],"collection":[{"href":"https:\/\/outreach.iac.es\/peter\/wp-json\/wp\/v2\/pages"}],"about":[{"href":"https:\/\/outreach.iac.es\/peter\/wp-json\/wp\/v2\/types\/page"}],"author":[{"embeddable":true,"href":"https:\/\/outreach.iac.es\/peter\/wp-json\/wp\/v2\/users\/34"}],"replies":[{"embeddable":true,"href":"https:\/\/outreach.iac.es\/peter\/wp-json\/wp\/v2\/comments?post=3657"}],"version-history":[{"count":2,"href":"https:\/\/outreach.iac.es\/peter\/wp-json\/wp\/v2\/pages\/3657\/revisions"}],"predecessor-version":[{"id":3701,"href":"https:\/\/outreach.iac.es\/peter\/wp-json\/wp\/v2\/pages\/3657\/revisions\/3701"}],"wp:attachment":[{"href":"https:\/\/outreach.iac.es\/peter\/wp-json\/wp\/v2\/media?parent=3657"}],"curies":[{"name":"wp","href":"https:\/\/api.w.org\/{rel}","templated":true}]}}