{"id":3605,"date":"2025-10-22T15:15:22","date_gmt":"2025-10-22T15:15:22","guid":{"rendered":"https:\/\/outreach.iac.es\/peter\/?page_id=3605"},"modified":"2025-10-22T17:29:08","modified_gmt":"2025-10-22T17:29:08","slug":"planetas-exteriores-marte","status":"publish","type":"page","link":"https:\/\/outreach.iac.es\/peter\/planetas-exteriores-marte\/","title":{"rendered":"Planetas exteriores &#8211; Marte"},"content":{"rendered":"\n<p>Esta actividad forma parte de la unidad did\u00e1ctica 1, Planetas interiores y exteriores. Puedes encontrar la introducci\u00f3n y una gu\u00eda did\u00e1ctica <a href=\"https:\/\/outreach.iac.es\/peter\/planetas-interiores-y-exteriores\/\">aqu\u00ed<\/a>.<\/p>\n\n\n<p><strong>Marte<\/strong> es el planeta exterior m\u00e1s cercano a la Tierra. Tanto nuestro planeta como Marte giran alrededor del Sol, pero lo hacen a diferentes velocidades y tardan tiempos diferentes en completar sus \u00f3rbitas. Con esta actividad podr\u00e1s comprobar c\u00f3mo cambia el <strong>tama\u00f1o aparente de Marte<\/strong> (el que vemos desde la Tierra) <strong>cuando nos acercamos o alejamos<\/strong> del planeta.<\/p>\n<ul>\n<li style=\"list-style-type: none;\">\n<ul>\n<li>Descarga la&nbsp;<a href=\"https:\/\/outreach.iac.es\/peter\/wp-content\/uploads\/2025\/10\/Unidad-1-Planetas-Interiores-Exteriores_Activ2.pdf\">GU\u00cdA<\/a> de la actividad.<\/li>\n<li>Descarga las im\u00e1genes de&nbsp;<a href=\"https:\/\/outreach.iac.es\/peter\/wp-content\/uploads\/2017\/04\/U1_imagenes_Marte.zip\">MARTE<\/a> con las que vas a trabajar.<\/li>\n<li>Descarga esta <a href=\"https:\/\/outreach.iac.es\/peter\/wp-content\/uploads\/2020\/04\/Hoja_de_calculo_U1_Marte.xlsx\">HOJA DE C\u00c1LCULO<\/a> para anotar tus medidas.<\/li>\n<li>Si a\u00fan no lo has hecho, descarga el programa <a href=\"?page_id=41\">(peter_soft)<\/a> para ver y analizar las im\u00e1genes.<\/li>\n<\/ul>\n<\/li>\n<\/ul>\n<p>Recuerda que tambi\u00e9n puedes obtener tus propias im\u00e1genes de planetas en <a href=\"?page_id=56\">&#8220;Quiero Observar&#8221;<\/a> y hacer nuevas medidas e investigaciones.<\/p>","protected":false},"excerpt":{"rendered":"<p>Esta actividad forma parte de la unidad did\u00e1ctica 1, Planetas interiores y exteriores. Puedes encontrar la introducci\u00f3n y una gu\u00eda did\u00e1ctica aqu\u00ed. Marte es el planeta exterior m\u00e1s cercano a la Tierra. Tanto nuestro planeta como Marte giran alrededor del Sol, pero lo hacen a diferentes velocidades y tardan tiempos [&hellip;]<\/p>\n","protected":false},"author":34,"featured_media":0,"parent":0,"menu_order":0,"comment_status":"closed","ping_status":"closed","template":"","meta":[],"_links":{"self":[{"href":"https:\/\/outreach.iac.es\/peter\/wp-json\/wp\/v2\/pages\/3605"}],"collection":[{"href":"https:\/\/outreach.iac.es\/peter\/wp-json\/wp\/v2\/pages"}],"about":[{"href":"https:\/\/outreach.iac.es\/peter\/wp-json\/wp\/v2\/types\/page"}],"author":[{"embeddable":true,"href":"https:\/\/outreach.iac.es\/peter\/wp-json\/wp\/v2\/users\/34"}],"replies":[{"embeddable":true,"href":"https:\/\/outreach.iac.es\/peter\/wp-json\/wp\/v2\/comments?post=3605"}],"version-history":[{"count":3,"href":"https:\/\/outreach.iac.es\/peter\/wp-json\/wp\/v2\/pages\/3605\/revisions"}],"predecessor-version":[{"id":3642,"href":"https:\/\/outreach.iac.es\/peter\/wp-json\/wp\/v2\/pages\/3605\/revisions\/3642"}],"wp:attachment":[{"href":"https:\/\/outreach.iac.es\/peter\/wp-json\/wp\/v2\/media?parent=3605"}],"curies":[{"name":"wp","href":"https:\/\/api.w.org\/{rel}","templated":true}]}}