{"id":3603,"date":"2025-10-22T15:09:29","date_gmt":"2025-10-22T15:09:29","guid":{"rendered":"https:\/\/outreach.iac.es\/peter\/?page_id=3603"},"modified":"2025-10-22T17:38:25","modified_gmt":"2025-10-22T17:38:25","slug":"planetas-interiores-venus","status":"publish","type":"page","link":"https:\/\/outreach.iac.es\/peter\/planetas-interiores-venus\/","title":{"rendered":"Planetas interiores &#8211;  Venus"},"content":{"rendered":"\n<p>Esta actividad forma parte de la unidad did\u00e1ctica 1, Planetas interiores y exteriores. Puedes encontrar la introducci\u00f3n y una gu\u00eda did\u00e1ctica <a href=\"https:\/\/outreach.iac.es\/peter\/planetas-interiores-y-exteriores\/\">aqu\u00ed<\/a>.<\/p>\n\n\n\n<div class=\"wp-block-image is-style-default\"><figure class=\"alignright\"><img loading=\"lazy\" width=\"300\" height=\"218\" src=\"https:\/\/outreach.iac.es\/peter\/wp-content\/uploads\/2020\/07\/Fases_Venus-300x218.jpg\" alt=\"Diagrama de las fases de Venus\" class=\"wp-image-1746\" srcset=\"https:\/\/outreach.iac.es\/peter\/wp-content\/uploads\/2020\/07\/Fases_Venus-300x218.jpg 300w, https:\/\/outreach.iac.es\/peter\/wp-content\/uploads\/2020\/07\/Fases_Venus-768x559.jpg 768w, https:\/\/outreach.iac.es\/peter\/wp-content\/uploads\/2020\/07\/Fases_Venus.jpg 800w\" sizes=\"(max-width: 300px) 100vw, 300px\" \/><\/figure><\/div>\n\n\n\n<p><strong>Venus <\/strong>es uno de los planetas interiores y, por tanto, presenta fases similares a las de la Luna. Con esta actividad podr\u00e1s <strong>estimar su tama\u00f1o<\/strong> y <strong>calcular sus fases<\/strong>, usando im\u00e1genes reales del planeta obtenidas con el Telescopio Liverpool.<strong><br><\/strong><\/p>\n\n\n\n<ul><li>Descarga la <a href=\"https:\/\/outreach.iac.es\/peter\/wp-content\/uploads\/2025\/10\/Unidad-1-Planetas-Interiores-Exteriores_Activ1.pdf\" target=\"_blank\" rel=\"noreferrer noopener\">GU\u00cdA <\/a>de la actividad.<\/li><li>Descarga las im\u00e1genes de <a href=\"https:\/\/outreach.iac.es\/peter\/wp-content\/uploads\/2017\/04\/U1_imagenes_Venus.zip\" target=\"_blank\" rel=\"noreferrer noopener\">VENUS<\/a> con las que vas a trabajar.<\/li><li>Descarga esta\u00a0<a href=\"https:\/\/outreach.iac.es\/peter\/wp-content\/uploads\/2018\/03\/Hoja_de_calculo_U1_Venus.xlsx\" target=\"_blank\" rel=\"noreferrer noopener\">HOJA DE C\u00c1LCULO<\/a> para anotar tus medidas.<\/li><li>Si a\u00fan no lo has hecho, descarga el programa <a href=\"?page_id=41\" target=\"_blank\" rel=\"noreferrer noopener\">(PeterSoft)<\/a> para ver y analizar las im\u00e1genes.<\/li><\/ul>\n\n\n\n<p>Recuerda que tambi\u00e9n puedes obtener tus propias im\u00e1genes de planetas en <a href=\"?page_id=56\">&#8220;Quiero Observar&#8221;<\/a> y hacer nuevas medidas e investigaciones.<\/p>\n","protected":false},"excerpt":{"rendered":"<p>Esta actividad forma parte de la unidad did\u00e1ctica 1, Planetas interiores y exteriores. Puedes encontrar la introducci\u00f3n y una gu\u00eda did\u00e1ctica aqu\u00ed. Venus es uno de los planetas interiores y, por tanto, presenta fases similares a las de la Luna. Con esta actividad podr\u00e1s estimar su tama\u00f1o y calcular sus [&hellip;]<\/p>\n","protected":false},"author":34,"featured_media":0,"parent":0,"menu_order":0,"comment_status":"closed","ping_status":"closed","template":"","meta":[],"_links":{"self":[{"href":"https:\/\/outreach.iac.es\/peter\/wp-json\/wp\/v2\/pages\/3603"}],"collection":[{"href":"https:\/\/outreach.iac.es\/peter\/wp-json\/wp\/v2\/pages"}],"about":[{"href":"https:\/\/outreach.iac.es\/peter\/wp-json\/wp\/v2\/types\/page"}],"author":[{"embeddable":true,"href":"https:\/\/outreach.iac.es\/peter\/wp-json\/wp\/v2\/users\/34"}],"replies":[{"embeddable":true,"href":"https:\/\/outreach.iac.es\/peter\/wp-json\/wp\/v2\/comments?post=3603"}],"version-history":[{"count":4,"href":"https:\/\/outreach.iac.es\/peter\/wp-json\/wp\/v2\/pages\/3603\/revisions"}],"predecessor-version":[{"id":3651,"href":"https:\/\/outreach.iac.es\/peter\/wp-json\/wp\/v2\/pages\/3603\/revisions\/3651"}],"wp:attachment":[{"href":"https:\/\/outreach.iac.es\/peter\/wp-json\/wp\/v2\/media?parent=3603"}],"curies":[{"name":"wp","href":"https:\/\/api.w.org\/{rel}","templated":true}]}}