{"id":3395,"date":"2025-02-27T16:50:00","date_gmt":"2025-02-27T16:50:00","guid":{"rendered":"https:\/\/outreach.iac.es\/peter\/?page_id=3395"},"modified":"2025-12-17T10:59:20","modified_gmt":"2025-12-17T10:59:20","slug":"peter-investiga-el-universo-con-telescopios-roboticos-edicion-2024-2025","status":"publish","type":"page","link":"https:\/\/outreach.iac.es\/peter\/peter-investiga-el-universo-con-telescopios-roboticos-edicion-2024-2025\/","title":{"rendered":"PETeR: Investiga el Universo con telescopios rob\u00f3ticos. Edici\u00f3n 2024-2025"},"content":{"rendered":"\n<p>Esta formaci\u00f3n est\u00e1 programada de <strong>forma modular y flexible<\/strong>. La inscripci\u00f3n puede hacerse a uno, dos o los tres m\u00f3dulos dependiendo de las necesidades e intereses del\/de la participante.<\/p>\n\n\n\n<p>Para los <strong>docentes que certifiquen a trav\u00e9s <\/strong>de la Consejer\u00eda de Educaci\u00f3n, Formaci\u00f3n Profesional, Actividad F\u00edsica y Deportes <strong>del Gobierno de Canarias<\/strong>, la participaci\u00f3n en todos los m\u00f3dulos es obligatoria.<\/p>\n\n\n\n<ul><li>Fechas: Mi\u00e9rcoles lectivos del <strong>19 de marzo al 7 de mayo<\/strong><\/li><li>Horario: <strong>17:00 a 19:00h CET (16:00 a 18:00h en Canarias)<\/strong><\/li><li>Duraci\u00f3n: 7 sesiones de 2 horas. <strong>14 horas<\/strong> en total<\/li><li>Modalidad: <strong>online<\/strong><\/li><\/ul>\n\n\n\n<div style=\"height:40px\" aria-hidden=\"true\" class=\"wp-block-spacer\"><\/div>\n\n\n\n<h4><strong>Resumen de la programaci\u00f3n:<\/strong><\/h4>\n\n\n\n<figure class=\"wp-block-table\"><table><thead><tr><th><span style=\"color:#0071a1\" class=\"has-inline-color\"><strong>M\u00f3dulo<\/strong><\/span><\/th><th><span style=\"color:#0071a1\" class=\"has-inline-color\"><strong>Nivel<\/strong><\/span><\/th><th><span style=\"color:#0071a1\" class=\"has-inline-color\"><strong>Fechas<\/strong><\/span><\/th><th><span style=\"color:#0071a1\" class=\"has-inline-color\"><strong>Duraci\u00f3n<\/strong><\/span><\/th><\/tr><\/thead><tbody><tr><td><strong>1<\/strong>. <strong>Introducci\u00f3n a PETeR<\/strong><\/td><td>Iniciaci\u00f3n<\/td><td>19 y 26 marzo<\/td><td>4 horas<\/td><\/tr><tr><td><strong>2<\/strong>.<strong> Exoplanetas con ExoClock y PETeR<\/strong><\/td><td>Avanzado<\/td><td>2, 9 y 23 abril<\/td><td>6 horas<\/td><\/tr><tr><td><strong>3. Explora el Sistema Solar con PETeR<\/strong><\/td><td>Medio<\/td><td>30 abr y 7 may<\/td><td>4 horas<\/td><\/tr><\/tbody><\/table><\/figure>\n\n\n\n<div style=\"height:60px\" aria-hidden=\"true\" class=\"wp-block-spacer\"><\/div>\n\n\n\n<h4><strong><span class=\"has-inline-color has-black-color\">Inscripci\u00f3n al curso:<\/span><\/strong><\/h4>\n\n\n\n<div class=\"wp-block-columns\">\n<div class=\"wp-block-column\">\n<h5 class=\"has-text-align-center\"><strong>Docentes de Canarias<\/strong><\/h5>\n\n\n\n<p class=\"has-text-align-center\">Pueden obtener certificado de la Consejer\u00eda de Educaci\u00f3n si se inscriben a trav\u00e9s de su plataforma<\/p>\n\n\n\n<p class=\"has-text-align-center\">Hasta el 13 de marzo<\/p>\n\n\n\n<div class=\"wp-block-buttons aligncenter\">\n<div class=\"wp-block-button\"><a class=\"wp-block-button__link\" href=\"https:\/\/www3.gobiernodecanarias.org\/medusa\/ecoescuela\/esero\/2025\/02\/28\/curso-peter-investiga-el-universo-con-telescopios-roboticos-del-iac-y-el-area-steam\/\">Inscripci\u00f3n Canarias<\/a><\/div>\n<\/div>\n<\/div>\n\n\n\n<div class=\"wp-block-column is-vertically-aligned-center\">\n<h5 class=\"has-text-align-center\"><strong>Resto de docentes<\/strong><\/h5>\n\n\n\n<p>Pueden obtener certificado emitido por el Instituto de Astrof\u00edsica de Canarias si se inscriben aqu\u00ed<\/p>\n\n\n\n<p class=\"has-text-align-center\">Hasta el 16 de marzo<\/p>\n\n\n\n<div class=\"wp-block-buttons aligncenter\">\n<div class=\"wp-block-button\"><a class=\"wp-block-button__link\" href=\"https:\/\/docs.google.com\/forms\/d\/e\/1FAIpQLSfhLwKsx8DR8yo7-lgqQxTznXsSMQ9vHHjs-dYoPdH70oayUA\/viewform?usp=dialog\">Inscripci\u00f3n IAC<\/a><\/div>\n<\/div>\n<\/div>\n<\/div>\n\n\n\n<h4><strong><span class=\"has-inline-color has-black-color\">PROGRAMA<\/span><\/strong><\/h4>\n\n\n\n<div class=\"wp-block-group grupo-bloques has-background\" style=\"background-color:#d7ebf6\"><div class=\"wp-block-group__inner-container\">\n<div style=\"height:10px\" aria-hidden=\"true\" class=\"wp-block-spacer\"><\/div>\n\n\n\n<h4><strong><span style=\"color:#1a7cd7\" class=\"has-inline-color\">M\u00f3dulo 1. Introducci\u00f3n a PETeR<\/span><\/strong><\/h4>\n\n\n\n<p>Este m\u00f3dulo es recomendable para aquellas personas que nunca hayan hecho una formaci\u00f3n con PETeR, o las que quieran repasar el funcionamiento de los portales de observaci\u00f3n.<\/p>\n\n\n\n<ul><li>Fechas: <strong>19 y 26 de marzo de 2025<\/strong><\/li><li>Horario: <strong>17:00 a 19:00h CET (16:00 a 18:00h en Canarias)<\/strong><\/li><li>Duraci\u00f3n: 4 horas<\/li><\/ul>\n\n\n\n<ul><li><strong> Sesi\u00f3n 1. Introducci\u00f3n a PETeR (2h)<\/strong><ul><li><strong>Contenidos:<\/strong> Los cielos de Canarias, el IAC y sus Observatorios, qu\u00e9 es PETeR, qu\u00e9 es un telescopio rob\u00f3tico, telescopios rob\u00f3ticos disponibles en PETeR, web de PETeR, portal de observaci\u00f3n del LT-TSO.<\/li><\/ul><\/li><li><strong>Sesi\u00f3n 2. C\u00f3mo planificar tus observaciones con PETeR (2h)<\/strong><ul><li><strong>Contenidos:<\/strong> Conceptos previos sobre brillo, distancias y coordenadas, caracter\u00edsticas de los telescopios de PETeR, portal de observaci\u00f3n del LCO, seleccionar un objeto adecuado para observarlo con los telescopios de PETeR.<\/li><\/ul><\/li><\/ul>\n<\/div><\/div>\n\n\n\n<div style=\"height:8px\" aria-hidden=\"true\" class=\"wp-block-spacer\"><\/div>\n\n\n\n<div class=\"wp-block-group grupo-bloques has-background\" style=\"background-color:#dbf6d5\"><div class=\"wp-block-group__inner-container\">\n<div style=\"height:10px\" aria-hidden=\"true\" class=\"wp-block-spacer\"><\/div>\n\n\n\n<h4><strong><span style=\"color:#10922a\" class=\"has-inline-color\">M\u00f3dulo 2. Exoplanetas con ExoClock y PETeR<\/span><\/strong><\/h4>\n\n\n\n<p>Veremos c\u00f3mo observar y analizar tr\u00e1nsitos de exoplanetas y contribuir con ellos a la misi\u00f3n espacial ARIEL de la Agencia Espacial Europea. El nivel de los contenidos es avanzado.<\/p>\n\n\n\n<p>Este m\u00f3dulo es independiente y puede realizarse por separado de los otros dos.<\/p>\n\n\n\n<ul><li>Fechas: <strong>2, 9 y 23 de abril de 2025<\/strong><\/li><li>Horario: <strong>17:00 a 19:00h CET (16:00 a 18:00h en Canarias)<\/strong><\/li><li>Duraci\u00f3n: 6 horas<\/li><\/ul>\n\n\n\n<ul><li><strong>Sesi\u00f3n 3. Introducci\u00f3n a los exoplanetas (2h)<\/strong><ul><li><strong>Contenidos:<\/strong> Introducci\u00f3n sobre los exoplanetas, footometr\u00eda, fotometr\u00eda diferencial, variaci\u00f3n del brillo de los objetos celestes, curvas de luz. Taller pr\u00e1ctico: Encuentra el exoplaneta. Otros ejemplos de actividades sobre exoplanetas<\/li><\/ul><\/li><li><strong>Sesi\u00f3n 4. Elegir candidatos y observar tr\u00e1nsitos con PETeR (2h)<\/strong><ul><li><strong>Contenidos:<\/strong> La misi\u00f3n Ariel y el proyecto ExoClock, observaciones de exoplanetas con los telescopios de PETeR, pr\u00e1ctica de elecci\u00f3n de candidatos, instalaci\u00f3n del software de an\u00e1lisis de tr\u00e1nsitos Hops.<\/li><\/ul><\/li><li><strong>Sesi\u00f3n 5. An\u00e1lisis de tr\u00e1nsitos de exoplanetas con ExoClock-Hops (2h)<\/strong><ul><li><strong>Contenidos:<\/strong> Taller: An\u00e1lisis de un tr\u00e1nsito con Hops. Obtenci\u00f3n y ajuste de la curva de luz, compartir y publicar los resultados en la plataforma de ExoClock.<\/li><\/ul><\/li><\/ul>\n<\/div><\/div>\n\n\n\n<div style=\"height:8px\" aria-hidden=\"true\" class=\"wp-block-spacer\"><\/div>\n\n\n\n<div class=\"wp-block-group grupo-bloques has-background\" style=\"background-color:#dfd5f6\"><div class=\"wp-block-group__inner-container\">\n<div style=\"height:10px\" aria-hidden=\"true\" class=\"wp-block-spacer\"><\/div>\n\n\n\n<h4 class=\"has-text-color\" style=\"color:#2200a3\"><strong><span style=\"color:#4b1ad5\" class=\"has-inline-color\">M\u00f3dulo 3. Explora el Sistema Solar con PETeR<\/span><\/strong><\/h4>\n\n\n\n<p>Aqu\u00ed veremos algunas pr\u00e1cticas que pueden realizarse con observaciones previas de los telescopios de PETeR para conocer el Sistema Solar. Los contenidos son de nivel medio.<\/p>\n\n\n\n<p>Este m\u00f3dulo es independiente y puede realizarse por separado de los otros dos.<\/p>\n\n\n\n<ul><li>Fechas: <strong>30 de abril y 7 de mayo de 2025<\/strong><\/li><li>Horario: <strong>17:00 a 19:00h CET (16:00 a 18:00h en Canarias)<\/strong><\/li><li>Duraci\u00f3n: 4 horas<\/li><\/ul>\n\n\n\n<ul><li><strong>Sesi\u00f3n 6. Movimientos planetarios y concepci\u00f3n de nuestro lugar en el Universo (2h)<\/strong><ul><li><strong>Contenidos:<\/strong> Contexto hist\u00f3rico sobre los modelos geoc\u00e9ntrico y helioc\u00e9ntrico del Sistema Solar. Investigaci\u00f3n sobre los movimientos aparentes de los planetas usando <em>Stellarium<\/em>. Introducci\u00f3n al proyecto de Investigaci\u00f3n \u201cEl legado de Galileo: explorando nuestro lugar en el Universo\u201d<\/li><\/ul><\/li><\/ul>\n\n\n\n<ul><li><strong>Sesi\u00f3n 7. Observaci\u00f3n con telescopio de los planetas del Sistema Solar (2h)<\/strong><ul><li><strong>Contenidos:<\/strong> Proyecto de investigaci\u00f3n: tama\u00f1o aparente y fases de Venus. Proyecto de investigaci\u00f3n: tama\u00f1o aparente de Marte. Conclusiones y evaluaci\u00f3n.<\/li><\/ul><\/li><\/ul>\n<\/div><\/div>\n\n\n\n<p><\/p>\n","protected":false},"excerpt":{"rendered":"<p>Esta formaci\u00f3n est\u00e1 programada de forma modular y flexible. La inscripci\u00f3n puede hacerse a uno, dos o los tres m\u00f3dulos dependiendo de las necesidades e intereses del\/de la participante. Para los docentes que certifiquen a trav\u00e9s de la Consejer\u00eda de Educaci\u00f3n, Formaci\u00f3n Profesional, Actividad F\u00edsica y Deportes del Gobierno de [&hellip;]<\/p>\n","protected":false},"author":34,"featured_media":0,"parent":0,"menu_order":0,"comment_status":"closed","ping_status":"closed","template":"","meta":[],"_links":{"self":[{"href":"https:\/\/outreach.iac.es\/peter\/wp-json\/wp\/v2\/pages\/3395"}],"collection":[{"href":"https:\/\/outreach.iac.es\/peter\/wp-json\/wp\/v2\/pages"}],"about":[{"href":"https:\/\/outreach.iac.es\/peter\/wp-json\/wp\/v2\/types\/page"}],"author":[{"embeddable":true,"href":"https:\/\/outreach.iac.es\/peter\/wp-json\/wp\/v2\/users\/34"}],"replies":[{"embeddable":true,"href":"https:\/\/outreach.iac.es\/peter\/wp-json\/wp\/v2\/comments?post=3395"}],"version-history":[{"count":31,"href":"https:\/\/outreach.iac.es\/peter\/wp-json\/wp\/v2\/pages\/3395\/revisions"}],"predecessor-version":[{"id":3730,"href":"https:\/\/outreach.iac.es\/peter\/wp-json\/wp\/v2\/pages\/3395\/revisions\/3730"}],"wp:attachment":[{"href":"https:\/\/outreach.iac.es\/peter\/wp-json\/wp\/v2\/media?parent=3395"}],"curies":[{"name":"wp","href":"https:\/\/api.w.org\/{rel}","templated":true}]}}