{"id":3232,"date":"2025-01-23T11:45:30","date_gmt":"2025-01-23T11:45:30","guid":{"rendered":"https:\/\/outreach.iac.es\/peter\/?page_id=3232"},"modified":"2025-07-01T13:15:30","modified_gmt":"2025-07-01T13:15:30","slug":"distances-in-the-universe-galaxies","status":"publish","type":"page","link":"https:\/\/outreach.iac.es\/peter\/distances-in-the-universe-galaxies\/","title":{"rendered":"Distances in the universe. Galaxies"},"content":{"rendered":"\n<p>When we look up at the night sky with our eyes, almost all of the bright spots we see twinkling are stars in our galaxy, the <strong>Milky Way<\/strong>. If the night is dark, we can also see faint spots of light. These are the galaxies closest to our own, the <strong>Andromeda Galaxy<\/strong> and the two <strong>Magellanic Clouds<\/strong>, although these are only visible from the southern hemisphere of our planet.<\/p>\n\n\n\n<p>But how do we measure the distance to stars and galaxies if we can&#8217;t reach them? It seems complicated, doesn&#8217;t it? Astronomers have gradually discovered different methods that enable calculating the distances to objects in the Universe, from those that are closest to us, to those that are farther away and can only be seen using powerful telescopes.<\/p>\n\n\n\n<h3>Introduction<\/h3>\n\n\n\n<p>Do you want to know how we measure the distances to the stars in our galaxy? Do you want to know the shapes of galaxies and how to classify them? We encourage you to find out with PETeR in this Unit.<\/p>\n\n\n\n<p>Download here the&nbsp;<a href=\"https:\/\/outreach.iac.es\/peter\/wp-content\/uploads\/2025\/02\/UNIT-2-Distances-and-galaxies_Introduction.pdf\" data-type=\"URL\">INTRODUCTION<\/a> to this Didactic Unit.<\/p>\n\n\n\n<h3>Activities<\/h3>\n\n\n\n<p>Now we invite you to help us classify some galaxies that we have observed with the Liverpool Telescope. Can you measure their diameter?<\/p>\n\n\n\n<ul><li>Download the <a href=\"https:\/\/outreach.iac.es\/peter\/wp-content\/uploads\/2025\/02\/UNIT-2-Distances-and-galaxies_Activity-1.pdf\">ACTIVITY GUIDE<\/a>.<\/li><li>Download the images of the <a href=\"https:\/\/outreach.iac.es\/peter\/wp-content\/uploads\/2017\/04\/U2_imagenes_galaxias.zip\">GALAXIES<\/a> you are going to work with.<\/li><li>Download this <a href=\"https:\/\/outreach.iac.es\/peter\/wp-content\/uploads\/2025\/02\/Spreadsheet_U2_galaxies.xlsx\">SPREADSHEET<\/a> to write down your measurements.<\/li><li>If you haven&#8217;t already done so, download the software (<a href=\"https:\/\/outreach.iac.es\/peter\/software\/\">PeterSoft<\/a>) to view and analyse the images.<\/li><\/ul>\n\n\n\n<p>Remember you can also obtain your own images of the planets in\u00a0 &#8220;<a href=\"https:\/\/www.schoolsobservatory.org\/obs\/go\">Go Observing<\/a>&#8221; and make new measurements and investigations.<\/p>\n\n\n\n<h3>Activity Data<\/h3>\n\n\n\n<p><strong>Concepts:<\/strong> Distances to nearby stars. Parallax. <em>Small-angle approximation<\/em>. Our galaxy: the Milky Way. Classification of galaxies.<\/p>\n\n\n\n<p><strong>Tools to learn to use:<\/strong> Filters and contrast in images.<\/p>\n\n\n\n<p><strong>Estimated time:<\/strong> 3 hours.<\/p>\n\n\n\n<p><strong>Authors: <\/strong>Oswaldo Gonz\u00e1lez, Nayra Rodr\u00edguez, Alfred Rosenberg, In\u00e9s Bonet.<\/p>\n\n\n\n<p><strong><strong>Materials for educators:<\/strong> <\/strong><a href=\"https:\/\/outreach.iac.es\/peter\/wp-content\/uploads\/2025\/02\/UNIT-2-Distances-I_Teacher-guide.pdf\">Teacher&#8217;s guide<\/a>.<\/p>\n","protected":false},"excerpt":{"rendered":"<p>When we look up at the night sky with our eyes, almost all of the bright spots we see twinkling are stars in our galaxy, the Milky Way. If the night is dark, we can also see faint spots of light. These are the galaxies closest to our own, the [&hellip;]<\/p>\n","protected":false},"author":34,"featured_media":0,"parent":0,"menu_order":0,"comment_status":"closed","ping_status":"closed","template":"","meta":[],"_links":{"self":[{"href":"https:\/\/outreach.iac.es\/peter\/wp-json\/wp\/v2\/pages\/3232"}],"collection":[{"href":"https:\/\/outreach.iac.es\/peter\/wp-json\/wp\/v2\/pages"}],"about":[{"href":"https:\/\/outreach.iac.es\/peter\/wp-json\/wp\/v2\/types\/page"}],"author":[{"embeddable":true,"href":"https:\/\/outreach.iac.es\/peter\/wp-json\/wp\/v2\/users\/34"}],"replies":[{"embeddable":true,"href":"https:\/\/outreach.iac.es\/peter\/wp-json\/wp\/v2\/comments?post=3232"}],"version-history":[{"count":12,"href":"https:\/\/outreach.iac.es\/peter\/wp-json\/wp\/v2\/pages\/3232\/revisions"}],"predecessor-version":[{"id":3540,"href":"https:\/\/outreach.iac.es\/peter\/wp-json\/wp\/v2\/pages\/3232\/revisions\/3540"}],"wp:attachment":[{"href":"https:\/\/outreach.iac.es\/peter\/wp-json\/wp\/v2\/media?parent=3232"}],"curies":[{"name":"wp","href":"https:\/\/api.w.org\/{rel}","templated":true}]}}