{"id":3133,"date":"2024-10-29T15:50:50","date_gmt":"2024-10-29T15:50:50","guid":{"rendered":"https:\/\/outreach.iac.es\/peter\/?page_id=3133"},"modified":"2026-01-29T19:32:52","modified_gmt":"2026-01-29T19:32:52","slug":"telescopio-sara-kitt-peak","status":"publish","type":"page","link":"https:\/\/outreach.iac.es\/peter\/telescopio-sara-kitt-peak\/","title":{"rendered":"Telescopio SARA Kitt-Peak"},"content":{"rendered":"\n<p>Para algunos proyectos de investigaci\u00f3n y grupos de estudiantes, es interesante realizar las observaciones por control remoto, es decir, como si estuvi\u00e9ramos en el telescopio, pero conectados a \u00e9l desde el aula o desde casa. Esto podemos hacerlo con los <a href=\"https:\/\/www.saraobservatory.org\/\">telescopios de la red SARA<\/a> situados en Kitt Peak (Arizona, EEUU) y Cerro Tololo (Chile), en los que la segunda mitad de la noche coincide aproximadamente con el horario lectivo en Espa\u00f1a. <\/p>\n\n\n\n<p>SARA son las siglas de Southeastern Association for Research in Astronomy, un consorcio de 10 universidades y 3 centros de investigaci\u00f3n que operan telescopios remotos para ciencia y educaci\u00f3n. El Instituto de Astrof\u00edsica de Canarias forma parte de este consorcio y destina aproximadamente 6 noches al a\u00f1o a proyectos educativos a trav\u00e9s de nuestro programa PETeR.<\/p>\n\n\n\n<div class=\"wp-block-image wp-image-1739 is-style-default\"><figure class=\"aligncenter\"><img src=\"https:\/\/outreach.iac.es\/peter\/wp-content\/uploads\/2024\/10\/SARA_Kitt_Peak_Telescope_at_Sunset.jpg\" alt=\"Telescopio SARA-KP. Cr\u00e9dito: SARA\" class=\"wp-image-1739\"\/><figcaption>Telescopio SARA-KP. Cr\u00e9dito: SARA<\/figcaption><\/figure><\/div>\n\n\n\n<p><\/p>\n\n\n\n<h3><strong>Caracter\u00edsticas y modos de observaci\u00f3n<\/strong><\/h3>\n\n\n\n<p>El proyecto PETeR solicita tres noches de observaci\u00f3n al semestre con el telescopio de 90 <em>cm<\/em> de Kitt Peak.&nbsp;Si tienes inter\u00e9s en realizar observaciones en directo desde el aula con tu alumnado, escr\u00edbenos a <a href=\"mailto:peter@iac.es\">peter@iac.es<\/a> con el asunto &#8220;<strong>Observaciones SARA<\/strong>&#8221; e ind\u00edcanos qu\u00e9 d\u00eda\/s te vendr\u00edan bien (recuerda que solicitamos segundas medias noches que corresponden al rango horario 8:00 &#8211; 13:00 UTC aproximadamente).<\/p>\n\n\n\n<p>Caracter\u00edsticas principales del telescopio SARA-KP y su c\u00e1mara para imagen:<\/p>\n\n\n\n<ul><li>Di\u00e1metro del espejo primario: 0.914 metros<\/li><li>Campo de visi\u00f3n: 16.8&#8242; \u00d7 16.8\u2019<\/li><li>Escala: 0.493\u201d\/pixel<\/li><\/ul>\n\n\n\n<div class=\"wp-block-image wp-image-678 is-style-default\"><figure class=\"alignright\"><img src=\"https:\/\/outreach.iac.es\/peter\/wp-content\/uploads\/2024\/10\/Observatorio-de-Kitt-Peak-1024x686.png\" alt=\"Telescopio Liverpool\" class=\"wp-image-678\"\/><figcaption>Observatorio de Kitt-Peak en Arizona.<\/figcaption><\/figure><\/div>\n\n\n\n<p>M\u00e1s informaci\u00f3n en: <a href=\"https:\/\/www.saraobservatory.org\/_files\/ugd\/6d54bc_570012c7c7c745e9b7f3cbf08e057a99.pdf\" data-type=\"URL\" data-id=\"https:\/\/www.saraobservatory.org\/_files\/ugd\/6d54bc_570012c7c7c745e9b7f3cbf08e057a99.pdf\">Detalles de SARA-KP<\/a> (en ingl\u00e9s).<\/p>\n","protected":false},"excerpt":{"rendered":"<p>Para algunos proyectos de investigaci\u00f3n y grupos de estudiantes, es interesante realizar las observaciones por control remoto, es decir, como si estuvi\u00e9ramos en el telescopio, pero conectados a \u00e9l desde el aula o desde casa. Esto podemos hacerlo con los telescopios de la red SARA situados en Kitt Peak (Arizona, [&hellip;]<\/p>\n","protected":false},"author":34,"featured_media":0,"parent":0,"menu_order":0,"comment_status":"closed","ping_status":"closed","template":"","meta":[],"_links":{"self":[{"href":"https:\/\/outreach.iac.es\/peter\/wp-json\/wp\/v2\/pages\/3133"}],"collection":[{"href":"https:\/\/outreach.iac.es\/peter\/wp-json\/wp\/v2\/pages"}],"about":[{"href":"https:\/\/outreach.iac.es\/peter\/wp-json\/wp\/v2\/types\/page"}],"author":[{"embeddable":true,"href":"https:\/\/outreach.iac.es\/peter\/wp-json\/wp\/v2\/users\/34"}],"replies":[{"embeddable":true,"href":"https:\/\/outreach.iac.es\/peter\/wp-json\/wp\/v2\/comments?post=3133"}],"version-history":[{"count":4,"href":"https:\/\/outreach.iac.es\/peter\/wp-json\/wp\/v2\/pages\/3133\/revisions"}],"predecessor-version":[{"id":3797,"href":"https:\/\/outreach.iac.es\/peter\/wp-json\/wp\/v2\/pages\/3133\/revisions\/3797"}],"wp:attachment":[{"href":"https:\/\/outreach.iac.es\/peter\/wp-json\/wp\/v2\/media?parent=3133"}],"curies":[{"name":"wp","href":"https:\/\/api.w.org\/{rel}","templated":true}]}}