{"id":301,"date":"2017-04-28T10:56:53","date_gmt":"2017-04-28T10:56:53","guid":{"rendered":"http:\/\/www.iac.es\/peter-new\/?page_id=301"},"modified":"2026-03-19T11:38:30","modified_gmt":"2026-03-19T11:38:30","slug":"leyes-del-movimiento-planetario","status":"publish","type":"page","link":"https:\/\/outreach.iac.es\/peter\/leyes-del-movimiento-planetario\/","title":{"rendered":"Leyes del Movimiento Planetario"},"content":{"rendered":"\n<p>Gracias a las observaciones astron\u00f3micas sabemos c\u00f3mo se mueve la Tierra y los dem\u00e1s planetas del Sistema Solar y tambi\u00e9n d\u00f3nde nos encontramos en nuestra galaxia y en relaci\u00f3n al resto de galaxias del Universo.<\/p>\n\n\n\n<p>El estudio de los movimientos de los planetas y de otros objetos ha permitido, adem\u00e1s, establecer unas <strong>leyes del movimiento<\/strong> que describen c\u00f3mo se mueven todos los cuerpos bajo el efecto de una fuerza, como la gravedad, o en ausencia de ella.<\/p>\n\n\n\n<h3>Introducci\u00f3n<\/h3>\n\n\n\n<p>\u00bfCu\u00e1les son esas leyes del movimiento? \u00bfC\u00f3mo fueron deducidas? \u00bfQu\u00e9 informaci\u00f3n podemos obtener estudiando los movimientos planetarios? Encuentra las respuestas a estas preguntas en esta Unidad Did\u00e1ctica.<\/p>\n\n\n\n<p>Descarga aqu\u00ed la&nbsp;<a href=\"https:\/\/outreach.iac.es\/peter\/wp-content\/uploads\/2025\/10\/Unidad-5-Leyes-del-Movimiento_Intro.pdf\" target=\"_blank\" rel=\"noreferrer noopener\">INTRODUCCI\u00d3N.<\/a><\/p>\n\n\n\n<h3>Actividades<\/h3>\n\n\n\n<p>\u00bfQuieres poner a prueba las leyes del movimiento planetario y calcular por ti mism@ la masa de nuestra estrella, el Sol, o la masa de J\u00fapiter? Te proponemos dos actividades con las que podr\u00e1s poner en pr\u00e1ctica tus conocimientos y trabajar con im\u00e1genes reales obtenidas con el Telescopio Liverpool, tal y como hacen los astr\u00f3nomos y astr\u00f3nomas profesionales.<\/p>\n\n\n\n<div class=\"wp-block-columns has-white-background-color has-background\">\n<div class=\"wp-block-column\">\n<div class=\"wp-block-buttons aligncenter\">\n<div class=\"wp-block-button\"><a class=\"wp-block-button__link\" href=\"https:\/\/outreach.iac.es\/peter\/leyes-del-movimiento-planetario-masa-del-sol\/\">Actividad 1<br>Masa del Sol <\/a><\/div>\n<\/div>\n<\/div>\n\n\n\n<div class=\"wp-block-column\">\n<div class=\"wp-block-buttons aligncenter\">\n<div class=\"wp-block-button\"><a class=\"wp-block-button__link\" href=\"https:\/\/outreach.iac.es\/peter\/leyes-del-movimiento-planetario-satelites-galileanos\/\">Actividad 2<br>Sat\u00e9lites Galileanos<\/a><\/div>\n<\/div>\n<\/div>\n<\/div>\n\n\n\n<h3>Datos de la actividad<\/h3>\n\n\n\n<p><strong>Conceptos: <\/strong>Los or\u00edgenes de la Astronom\u00eda. Las Leyes del movimiento. Tycho Brahe, Johannes Kepler, Galileo Galilei e Isaac Newton. <em>La Ley de Titius-Bode.<\/em><\/p>\n\n\n\n<p><strong>Herramientas que se aprenden a utilizar:<\/strong> Brillo y distancias.<\/p>\n\n\n\n<p><strong>Tiempo orientativo:<\/strong> 4 horas.<\/p>\n\n\n\n<p><strong>Autores: <\/strong>Oswaldo Gonz\u00e1lez, Nayra Rodr\u00edguez, Alfred Rosenberg, In\u00e9s Bonet, Alejandra Goded.<\/p>\n\n\n\n<p><strong>Material para docentes: <\/strong> <a href=\"https:\/\/outreach.iac.es\/peter\/wp-content\/uploads\/2025\/10\/Unidad-5-Leyes-del-Movimiento_prof.pdf\" target=\"_blank\" rel=\"noreferrer noopener\">Gu\u00eda did\u00e1ctica<\/a>.<strong><br><\/strong><\/p>\n","protected":false},"excerpt":{"rendered":"<p>Gracias a las observaciones astron\u00f3micas sabemos c\u00f3mo se mueve la Tierra y los dem\u00e1s planetas del Sistema Solar y tambi\u00e9n d\u00f3nde nos encontramos en nuestra galaxia y en relaci\u00f3n al resto de galaxias del Universo. El estudio de los movimientos de los planetas y de otros objetos ha permitido, adem\u00e1s, [&hellip;]<\/p>\n","protected":false},"author":2,"featured_media":0,"parent":0,"menu_order":0,"comment_status":"closed","ping_status":"closed","template":"","meta":[],"_links":{"self":[{"href":"https:\/\/outreach.iac.es\/peter\/wp-json\/wp\/v2\/pages\/301"}],"collection":[{"href":"https:\/\/outreach.iac.es\/peter\/wp-json\/wp\/v2\/pages"}],"about":[{"href":"https:\/\/outreach.iac.es\/peter\/wp-json\/wp\/v2\/types\/page"}],"author":[{"embeddable":true,"href":"https:\/\/outreach.iac.es\/peter\/wp-json\/wp\/v2\/users\/2"}],"replies":[{"embeddable":true,"href":"https:\/\/outreach.iac.es\/peter\/wp-json\/wp\/v2\/comments?post=301"}],"version-history":[{"count":8,"href":"https:\/\/outreach.iac.es\/peter\/wp-json\/wp\/v2\/pages\/301\/revisions"}],"predecessor-version":[{"id":3838,"href":"https:\/\/outreach.iac.es\/peter\/wp-json\/wp\/v2\/pages\/301\/revisions\/3838"}],"wp:attachment":[{"href":"https:\/\/outreach.iac.es\/peter\/wp-json\/wp\/v2\/media?parent=301"}],"curies":[{"name":"wp","href":"https:\/\/api.w.org\/{rel}","templated":true}]}}