{"id":299,"date":"2017-04-28T10:56:42","date_gmt":"2017-04-28T10:56:42","guid":{"rendered":"http:\/\/www.iac.es\/peter-new\/?page_id=299"},"modified":"2020-11-24T20:37:28","modified_gmt":"2020-11-24T20:37:28","slug":"distancias-brillos-quasares","status":"publish","type":"page","link":"https:\/\/outreach.iac.es\/peter\/distancias-brillos-quasares\/","title":{"rendered":"Medir distancias y brillos en el Universo. Cu\u00e1sares"},"content":{"rendered":"<p>Existen diferentes m\u00e9todos para medir las distancias a la que se encuentran los objetos celestes. Cada m\u00e9todo es \u00fatil para medir un cierto rango de distancias. En la <a href=\"?page_id=297\">Unidad 2 &#8220;Distancias I. Galaxias&#8221;<\/a>, puedes ver c\u00f3mo se miden las distancias a las estrellas m\u00e1s cercanas de nuestra galaxia. Aqu\u00ed veremos otros m\u00e9todos que se utilizan para medir distancias a objetos m\u00e1s lejanos, como los <strong>cu\u00e1sares<\/strong>.<\/p>\n<h3>Introducci\u00f3n<\/h3>\n<p>\u00bfEl brillo de las estrellas nos sirve para conocer su distancia? Y las galaxias, \u00bfc\u00f3mo podemos medir su distancia a nosotros? \u00bfQu\u00e9 son los cu\u00e1sares y c\u00f3mo de lejos est\u00e1n? En esta Unidad Did\u00e1ctica encontrar\u00e1s respuesta a todas esas preguntas y otras muchas.<\/p>\n<p>Descarga aqu\u00ed la\u00a0<a href=\"https:\/\/outreach.iac.es\/peter\/wp-content\/uploads\/2017\/04\/Unidad3_DistanciasII_Cuasares_Intro.pdf\">INTRODUCCI\u00d3N<\/a> a esta Unidad Did\u00e1ctica.<\/p>\n<h3><\/h3>\n<h3>Actividades<\/h3>\n<p>\u00bfQuieres calcular el brillo de un cu\u00e1sar y ver c\u00f3mo cambia a lo largo del tiempo? Podr\u00e1s hacerlo en la actividad que te proponemos a continuaci\u00f3n, usando im\u00e1genes reales del cu\u00e1sar 3C454.3 obtenidas con el Telescopio Liverpool.<\/p>\n<ul>\n<li>Descarga la <a href=\"https:\/\/outreach.iac.es\/peter\/wp-content\/uploads\/2017\/04\/Unidad3_DistanciasII_Cuasares_Activ.pdf\">GU\u00cdA de la ACTIVIDAD<\/a>.<\/li>\n<li>Descarga las im\u00e1genes del <a href=\"https:\/\/outreach.iac.es\/peter\/wp-content\/uploads\/2017\/04\/U3_imagenes_quasar.zip\">QU\u00c1SAR<\/a> con las que vas a trabajar.<\/li>\n<li>Descarga esta <a href=\"https:\/\/outreach.iac.es\/peter\/wp-content\/uploads\/2017\/04\/Hoja_de_calculo_U3_quasar.xlsx\">HOJA DE C\u00c1LCULO<\/a> para anotar tus medidas.<\/li>\n<li>Si a\u00fan no lo has hecho, descarga el programa <a href=\"?page_id=41\">(PeterSoft)<\/a> para ver y analizar las im\u00e1genes.<\/li>\n<\/ul>\n<p>Recuerda que tambi\u00e9n puedes obtener tus propias im\u00e1genes de galaxias en <a href=\"?page_id=56\">&#8220;Quiero Observar&#8221;<\/a> y hacer nuevas medidas e investigaciones.<\/p>\n<h2><\/h2>\n<h3>Datos de la actividad<\/h3>\n<p><strong>Conceptos: <\/strong>Medir \u201cgrandes\u201d distancias en el Universo. Las cefeidas. El efecto Doppler y el desplazamiento al rojo. Los cu\u00e1sares. <em>Las magnitudes de las estrellas.<\/em><\/p>\n<p><strong>Herramientas que se aprenden a utilizar: <\/strong>Medida del brillo. Fotometr\u00eda diferencial.<\/p>\n<p><strong>Tiempo orientativo:<\/strong> 3 horas.<\/p>\n<p><strong>Autores: <\/strong>Oswaldo Gonz\u00e1lez, Nayra Rodr\u00edguez, Alfred Rosenberg, In\u00e9s Bonet.<\/p>\n<p><strong>Material para docentes: <\/strong><a href=\"?page_id=380\">Gu\u00eda did\u00e1ctica<\/a>.<\/p>\n","protected":false},"excerpt":{"rendered":"<p>Existen diferentes m\u00e9todos para medir las distancias a la que se encuentran los objetos celestes. Cada m\u00e9todo es \u00fatil para medir un cierto rango de distancias. En la Unidad 2 &#8220;Distancias I. Galaxias&#8221;, puedes ver c\u00f3mo se miden las distancias a las estrellas m\u00e1s cercanas de nuestra galaxia. Aqu\u00ed veremos [&hellip;]<\/p>\n","protected":false},"author":2,"featured_media":0,"parent":0,"menu_order":0,"comment_status":"closed","ping_status":"closed","template":"","meta":[],"_links":{"self":[{"href":"https:\/\/outreach.iac.es\/peter\/wp-json\/wp\/v2\/pages\/299"}],"collection":[{"href":"https:\/\/outreach.iac.es\/peter\/wp-json\/wp\/v2\/pages"}],"about":[{"href":"https:\/\/outreach.iac.es\/peter\/wp-json\/wp\/v2\/types\/page"}],"author":[{"embeddable":true,"href":"https:\/\/outreach.iac.es\/peter\/wp-json\/wp\/v2\/users\/2"}],"replies":[{"embeddable":true,"href":"https:\/\/outreach.iac.es\/peter\/wp-json\/wp\/v2\/comments?post=299"}],"version-history":[{"count":2,"href":"https:\/\/outreach.iac.es\/peter\/wp-json\/wp\/v2\/pages\/299\/revisions"}],"predecessor-version":[{"id":1414,"href":"https:\/\/outreach.iac.es\/peter\/wp-json\/wp\/v2\/pages\/299\/revisions\/1414"}],"wp:attachment":[{"href":"https:\/\/outreach.iac.es\/peter\/wp-json\/wp\/v2\/media?parent=299"}],"curies":[{"name":"wp","href":"https:\/\/api.w.org\/{rel}","templated":true}]}}