{"id":297,"date":"2017-04-28T10:56:30","date_gmt":"2017-04-28T10:56:30","guid":{"rendered":"http:\/\/www.iac.es\/peter-new\/?page_id=297"},"modified":"2020-11-24T20:37:28","modified_gmt":"2020-11-24T20:37:28","slug":"distancias-galaxias","status":"publish","type":"page","link":"https:\/\/outreach.iac.es\/peter\/distancias-galaxias\/","title":{"rendered":"Distancias en el Universo. Galaxias"},"content":{"rendered":"<p>Cuando miramos al cielo nocturno con nuestros ojos, casi todos los puntitos brillantes que vemos titilar son estrellas de nuestra galaxia, la <strong>V\u00eda L\u00e1ctea<\/strong>. Si la noche es oscura, tambi\u00e9n podremos ver unas d\u00e9biles manchas de luz que son las galaxias m\u00e1s cercanas a la nuestra, la <strong>galaxia de Andr\u00f3meda<\/strong> y las dos <strong>Nubes de Magallanes<\/strong>, aunque estas \u00faltimas solo son visibles desde el hemisferio sur de nuestro planeta.<\/p>\n<p>Pero, \u00bfc\u00f3mo medimos la distancia a las estrellas y a las galaxias si no podemos viajar hasta ellas? Parece complicado, \u00bfverdad? Los astr\u00f3nomos y astr\u00f3nomas han ido descubriendo diferentes m\u00e9todos que nos permiten calcular las distancias a los objetos del Universo, desde los que est\u00e1n m\u00e1s cerca de nosotros, hasta los m\u00e1s alejados y que solo podemos ver usando potentes telescopios.<\/p>\n<h2><\/h2>\n<h3>Introducci\u00f3n<\/h3>\n<p>\u00bfQuieres saber c\u00f3mo medimos las distancias a las estrellas de nuestra galaxia?\u00a0 \u00bfQuieres conocer las formas que tienen las galaxias y c\u00f3mo clasificarlas? Te animamos a descubrirlo con PETeR en esta Unidad Did\u00e1ctica.<\/p>\n<p>Descarga aqu\u00ed la\u00a0<a href=\"https:\/\/outreach.iac.es\/peter\/wp-content\/uploads\/2017\/04\/Unidad2_Distancias_galaxias_Intro.pdf\">INTRODUCCI\u00d3N<\/a> a esta Unidad Did\u00e1ctica.<\/p>\n<h3><\/h3>\n<h3>Actividades<\/h3>\n<p>Ahora te proponemos que nos ayudes a clasificar algunas galaxias que hemos observado con el Telescopio Liverpool \u00bfTe animas a medir su di\u00e1metro?<\/p>\n<ul>\n<li>Descarga la <a href=\"https:\/\/outreach.iac.es\/peter\/wp-content\/uploads\/2017\/04\/Unidad2_Distancias_Galaxias_Activ.pdf\">GU\u00cdA de la ACTIVIDAD<\/a>.<\/li>\n<li>Descarga las im\u00e1genes de las <a href=\"https:\/\/outreach.iac.es\/peter\/wp-content\/uploads\/2017\/04\/U2_imagenes_galaxias.zip\">GALAXIAS<\/a> con las que vas a trabajar.<\/li>\n<li>Descarga esta <a href=\"https:\/\/outreach.iac.es\/peter\/wp-content\/uploads\/2017\/04\/Hoja_de_calculo_U2_galaxias.xlsx\">HOJA DE C\u00c1LCULO<\/a> para anotar tus medidas.<\/li>\n<li>Si a\u00fan no lo has hecho, descarga el programa <a href=\"?page_id=41\">(PeterSoft)<\/a> para ver y analizar las im\u00e1genes.<\/li>\n<\/ul>\n<p>Recuerda que tambi\u00e9n puedes obtener tus propias im\u00e1genes de galaxias en <a href=\"?page_id=56\">&#8220;Quiero Observar&#8221;<\/a> y hacer nuevas medidas e investigaciones.<\/p>\n<h2><\/h2>\n<h3>Datos de la actividad<\/h3>\n<p><strong>Conceptos:<\/strong> Distancias a las estrellas cercanas. La Paralaje. <em>La f\u00f3rmula de los peque\u00f1os \u00e1ngulos.<\/em> Nuestra galaxia: la V\u00eda L\u00e1ctea. Clasificaci\u00f3n de las galaxias.<\/p>\n<p><strong>Herramientas que se aprenden a utilizar:<\/strong> Filtros y contraste en im\u00e1genes.<\/p>\n<p><strong>Tiempo orientativo:<\/strong> 3 horas.<\/p>\n<p><strong>Autores: <\/strong>Oswaldo Gonz\u00e1lez, Nayra Rodr\u00edguez, Alfred Rosenberg, In\u00e9s Bonet.<\/p>\n<p><strong>Material para docentes: <\/strong><a href=\"?page_id=380\">Gu\u00eda did\u00e1ctica<\/a>.<\/p>\n","protected":false},"excerpt":{"rendered":"<p>Cuando miramos al cielo nocturno con nuestros ojos, casi todos los puntitos brillantes que vemos titilar son estrellas de nuestra galaxia, la V\u00eda L\u00e1ctea. Si la noche es oscura, tambi\u00e9n podremos ver unas d\u00e9biles manchas de luz que son las galaxias m\u00e1s cercanas a la nuestra, la galaxia de Andr\u00f3meda [&hellip;]<\/p>\n","protected":false},"author":2,"featured_media":0,"parent":0,"menu_order":0,"comment_status":"closed","ping_status":"closed","template":"","meta":[],"_links":{"self":[{"href":"https:\/\/outreach.iac.es\/peter\/wp-json\/wp\/v2\/pages\/297"}],"collection":[{"href":"https:\/\/outreach.iac.es\/peter\/wp-json\/wp\/v2\/pages"}],"about":[{"href":"https:\/\/outreach.iac.es\/peter\/wp-json\/wp\/v2\/types\/page"}],"author":[{"embeddable":true,"href":"https:\/\/outreach.iac.es\/peter\/wp-json\/wp\/v2\/users\/2"}],"replies":[{"embeddable":true,"href":"https:\/\/outreach.iac.es\/peter\/wp-json\/wp\/v2\/comments?post=297"}],"version-history":[{"count":2,"href":"https:\/\/outreach.iac.es\/peter\/wp-json\/wp\/v2\/pages\/297\/revisions"}],"predecessor-version":[{"id":1393,"href":"https:\/\/outreach.iac.es\/peter\/wp-json\/wp\/v2\/pages\/297\/revisions\/1393"}],"wp:attachment":[{"href":"https:\/\/outreach.iac.es\/peter\/wp-json\/wp\/v2\/media?parent=297"}],"curies":[{"name":"wp","href":"https:\/\/api.w.org\/{rel}","templated":true}]}}