{"id":295,"date":"2017-04-28T10:56:17","date_gmt":"2017-04-28T10:56:17","guid":{"rendered":"http:\/\/www.iac.es\/peter-new\/?page_id=295"},"modified":"2025-10-24T13:37:37","modified_gmt":"2025-10-24T13:37:37","slug":"gigantes-gaseosos","status":"publish","type":"page","link":"https:\/\/outreach.iac.es\/peter\/gigantes-gaseosos\/","title":{"rendered":"Gigantes gaseosos"},"content":{"rendered":"\n<p>Los planetas pueden clasificarse de muchas maneras. En la <a href=\"https:\/\/outreach.iac.es\/peter\/planetas-interiores-y-exteriores\/\" data-type=\"page\" data-id=\"291\">Unidad 1 &#8220;Planetas Interiores y Exteriores&#8221;<\/a> vimos c\u00f3mo se clasificaban seg\u00fan su \u00f3rbita relativa a la \u00f3rbita de la Tierra. En esta actividad aprenderemos c\u00f3mo se clasifican seg\u00fan su composici\u00f3n.<\/p>\n\n\n\n<p>Los cuatro planetas m\u00e1s cercanos al Sol (Mercurio, Venus, Tierra y Marte) son relativamente peque\u00f1os, c\u00e1lidos, rocosos, tienen pocas lunas (o ninguna) y no tienen sistemas de anillos. Los llamamos <strong>planetas rocosos<\/strong> o <strong>terrestres<\/strong>, por su parecido con la Tierra.<\/p>\n\n\n\n<p>Los cuatro planetas m\u00e1s alejados de nuestra estrella (J\u00fapiter, Saturno, Urano y Neptuno) son mucho m\u00e1s grandes, m\u00e1s fr\u00edos y est\u00e1n hechos principalmente de gas, por lo que los llamamos <strong>gigantes gaseosos<\/strong>. Todos ellos tienen muchas lunas y sistemas de anillos, aunque desde la Tierra solo podemos ver los anillos de Saturno.<\/p>\n\n\n\n<h3>Introducci\u00f3n<\/h3>\n\n\n\n<p>Descarga aqu\u00ed la\u00a0<a href=\"https:\/\/outreach.iac.es\/peter\/wp-content\/uploads\/2025\/10\/Unidad-4-Gigantes-Gaseosos_Intro.pdf\" target=\"_blank\" rel=\"noreferrer noopener\">INTRODUCCI\u00d3N<\/a> a esta Unidad Did\u00e1ctica.<\/p>\n\n\n\n<h3>Actividades<\/h3>\n\n\n\n<p>En estas actividades podr\u00e1s trabajar con im\u00e1genes reales obtenidas con el Telescopio Liverpool, tal y como hacen los astr\u00f3nomos y astr\u00f3nomas profesionales.<\/p>\n\n\n\n<div class=\"wp-block-columns has-white-background-color has-background\">\n<div class=\"wp-block-column\">\n<div class=\"wp-block-buttons aligncenter\">\n<div class=\"wp-block-button\"><a class=\"wp-block-button__link\" href=\"https:\/\/outreach.iac.es\/peter\/gigantes-gaseosos-jupiter\/\" rel=\"\">Actividad 1<br>J\u00fapiter<\/a><\/div>\n<\/div>\n<\/div>\n\n\n\n<div class=\"wp-block-column\">\n<div class=\"wp-block-buttons aligncenter\">\n<div class=\"wp-block-button\"><a class=\"wp-block-button__link\" href=\"https:\/\/outreach.iac.es\/peter\/gigantes-gaseosos-saturno\/\">Actividad 2<br>Saturno<\/a><\/div>\n<\/div>\n<\/div>\n<\/div>\n\n\n\n<h3>Datos de la actividad<\/h3>\n\n\n\n<p><strong>Conceptos:<\/strong> Los planetas terrestres y gaseosos. Prism\u00e1ticos y telescopios: instrumentos para la observaci\u00f3n<em>.<\/em> J\u00fapiter. Saturno.<\/p>\n\n\n\n<p><strong>Herramientas que se aprenden a utilizar:<\/strong> Medida de distancias.<\/p>\n\n\n\n<p><strong>Tiempo orientativo:<\/strong> 3 horas.<\/p>\n\n\n\n<p><strong>Autores: <\/strong>Oswaldo Gonz\u00e1lez, Nayra Rodr\u00edguez, Alfred Rosenberg, In\u00e9s Bonet, Alejandra Goded.<\/p>\n\n\n\n<p><strong>Material para docentes: <\/strong> <a href=\"https:\/\/outreach.iac.es\/peter\/wp-content\/uploads\/2025\/10\/Unidad-4-Gigantes-Gaseosos_Prof.pdf\" target=\"_blank\" rel=\"noreferrer noopener\">Gu\u00eda did\u00e1ctica<\/a>.<strong><br><\/strong><\/p>\n","protected":false},"excerpt":{"rendered":"<p>Los planetas pueden clasificarse de muchas maneras. En la Unidad 1 &#8220;Planetas Interiores y Exteriores&#8221; vimos c\u00f3mo se clasificaban seg\u00fan su \u00f3rbita relativa a la \u00f3rbita de la Tierra. En esta actividad aprenderemos c\u00f3mo se clasifican seg\u00fan su composici\u00f3n. Los cuatro planetas m\u00e1s cercanos al Sol (Mercurio, Venus, Tierra y [&hellip;]<\/p>\n","protected":false},"author":2,"featured_media":0,"parent":0,"menu_order":0,"comment_status":"closed","ping_status":"closed","template":"","meta":[],"_links":{"self":[{"href":"https:\/\/outreach.iac.es\/peter\/wp-json\/wp\/v2\/pages\/295"}],"collection":[{"href":"https:\/\/outreach.iac.es\/peter\/wp-json\/wp\/v2\/pages"}],"about":[{"href":"https:\/\/outreach.iac.es\/peter\/wp-json\/wp\/v2\/types\/page"}],"author":[{"embeddable":true,"href":"https:\/\/outreach.iac.es\/peter\/wp-json\/wp\/v2\/users\/2"}],"replies":[{"embeddable":true,"href":"https:\/\/outreach.iac.es\/peter\/wp-json\/wp\/v2\/comments?post=295"}],"version-history":[{"count":6,"href":"https:\/\/outreach.iac.es\/peter\/wp-json\/wp\/v2\/pages\/295\/revisions"}],"predecessor-version":[{"id":3699,"href":"https:\/\/outreach.iac.es\/peter\/wp-json\/wp\/v2\/pages\/295\/revisions\/3699"}],"wp:attachment":[{"href":"https:\/\/outreach.iac.es\/peter\/wp-json\/wp\/v2\/media?parent=295"}],"curies":[{"name":"wp","href":"https:\/\/api.w.org\/{rel}","templated":true}]}}