{"id":293,"date":"2017-04-28T10:56:01","date_gmt":"2017-04-28T10:56:01","guid":{"rendered":"http:\/\/www.iac.es\/peter-new\/?page_id=293"},"modified":"2021-01-05T13:33:16","modified_gmt":"2021-01-05T13:33:16","slug":"el-sistema-solar-2","status":"publish","type":"page","link":"https:\/\/outreach.iac.es\/peter\/el-sistema-solar-2\/","title":{"rendered":"El Sistema Solar"},"content":{"rendered":"\n<div class=\"wp-block-image\"><figure class=\"alignright\"><img loading=\"lazy\" width=\"300\" height=\"286\" src=\"https:\/\/outreach.iac.es\/peter\/wp-content\/uploads\/2016\/10\/Jup_3col_lum_Mk1_nsm508_NSOweb_sm-300x286.jpg\" alt=\"J\u00fapiter\" class=\"wp-image-747\" srcset=\"https:\/\/outreach.iac.es\/peter\/wp-content\/uploads\/2016\/10\/Jup_3col_lum_Mk1_nsm508_NSOweb_sm-300x286.jpg 300w, https:\/\/outreach.iac.es\/peter\/wp-content\/uploads\/2016\/10\/Jup_3col_lum_Mk1_nsm508_NSOweb_sm.jpg 373w\" sizes=\"(max-width: 300px) 100vw, 300px\" \/><\/figure><\/div>\n\n\n\n<p><br>Contando con la Tierra, hay ocho <strong>planetas<\/strong> en el Sistema Solar (Mercurio, Venus, Tierra, Marte, J\u00fapiter, Saturno, Urano y Neptuno) y cinco <strong>planetas enanos<\/strong> (Plut\u00f3n, Ceres, Eris, Haumea y MakeMake) descubiertos hasta hoy.<\/p>\n\n\n\n<p>A los planetas que est\u00e1n m\u00e1s cerca del Sol que la Tierra los llamamos <strong>planetas interiores<\/strong> (sus \u00f3rbitas quedan dentro de la \u00f3rbita de nuestro planeta) y a los que est\u00e1n m\u00e1s lejos los llamamos <strong>planetas exteriores<\/strong>.<\/p>\n\n\n\n<div style=\"height:52px\" aria-hidden=\"true\" class=\"wp-block-spacer\"><\/div>\n\n\n\n<div class=\"wp-block-buttons\">\n<div class=\"wp-block-button\"><a class=\"wp-block-button__link\" href=\"https:\/\/outreach.iac.es\/peter\/planetas-interiores-y-exteriores\/\">Si quieres saber m\u00e1s sobre los planetas interiores y exteriores pincha aqu\u00ed<\/a><\/div>\n<\/div>\n\n\n\n<div style=\"height:41px\" aria-hidden=\"true\" class=\"wp-block-spacer\"><\/div>\n\n\n\n<p>Otra forma de clasificar a los planetas es seg\u00fan su composici\u00f3n. Los que tienen una superficie rocosa y s\u00f3lida reciben el nombre de <strong>planetas rocosos o terrestres<\/strong> y los que est\u00e1n formados en su mayor\u00eda por gases se llaman <strong>planetas gaseosos<\/strong>.<\/p>\n\n\n\n<div style=\"height:41px\" aria-hidden=\"true\" class=\"wp-block-spacer\"><\/div>\n\n\n\n<div class=\"wp-block-buttons\">\n<div class=\"wp-block-button\"><a class=\"wp-block-button__link\" href=\"https:\/\/outreach.iac.es\/peter\/gigantes-gaseosos\/\">Si quieres saber m\u00e1s cosas sobre los planetas rocosos y gaseosos pincha aqu\u00ed<\/a><\/div>\n<\/div>\n\n\n\n<div style=\"height:41px\" aria-hidden=\"true\" class=\"wp-block-spacer\"><\/div>\n","protected":false},"excerpt":{"rendered":"<p>Contando con la Tierra, hay ocho planetas en el Sistema Solar (Mercurio, Venus, Tierra, Marte, J\u00fapiter, Saturno, Urano y Neptuno) y cinco planetas enanos (Plut\u00f3n, Ceres, Eris, Haumea y MakeMake) descubiertos hasta hoy. A los planetas que est\u00e1n m\u00e1s cerca del Sol que la Tierra los llamamos planetas interiores (sus [&hellip;]<\/p>\n","protected":false},"author":2,"featured_media":0,"parent":0,"menu_order":0,"comment_status":"closed","ping_status":"closed","template":"","meta":[],"_links":{"self":[{"href":"https:\/\/outreach.iac.es\/peter\/wp-json\/wp\/v2\/pages\/293"}],"collection":[{"href":"https:\/\/outreach.iac.es\/peter\/wp-json\/wp\/v2\/pages"}],"about":[{"href":"https:\/\/outreach.iac.es\/peter\/wp-json\/wp\/v2\/types\/page"}],"author":[{"embeddable":true,"href":"https:\/\/outreach.iac.es\/peter\/wp-json\/wp\/v2\/users\/2"}],"replies":[{"embeddable":true,"href":"https:\/\/outreach.iac.es\/peter\/wp-json\/wp\/v2\/comments?post=293"}],"version-history":[{"count":11,"href":"https:\/\/outreach.iac.es\/peter\/wp-json\/wp\/v2\/pages\/293\/revisions"}],"predecessor-version":[{"id":2216,"href":"https:\/\/outreach.iac.es\/peter\/wp-json\/wp\/v2\/pages\/293\/revisions\/2216"}],"wp:attachment":[{"href":"https:\/\/outreach.iac.es\/peter\/wp-json\/wp\/v2\/media?parent=293"}],"curies":[{"name":"wp","href":"https:\/\/api.w.org\/{rel}","templated":true}]}}