{"id":291,"date":"2017-04-28T10:55:48","date_gmt":"2017-04-28T10:55:48","guid":{"rendered":"http:\/\/www.iac.es\/peter-new\/?page_id=291"},"modified":"2025-10-22T18:00:01","modified_gmt":"2025-10-22T18:00:01","slug":"planetas-interiores-y-exteriores","status":"publish","type":"page","link":"https:\/\/outreach.iac.es\/peter\/planetas-interiores-y-exteriores\/","title":{"rendered":"Planetas Interiores y Exteriores"},"content":{"rendered":"\n<p>El Sistema Solar est\u00e1 formado por <strong>el Sol<\/strong>, ocho <strong>planetas<\/strong> con sus lunas y muchos otros objetos m\u00e1s peque\u00f1os tales como <strong>planetas enanos<\/strong>, <strong>asteroides<\/strong> y <strong>cometas<\/strong>.<\/p>\n\n\n\n<p>Los planetas son cuerpos celestes que giran alrededor del Sol, en \u00f3rbitas el\u00edpticas. Al contrario que las estrellas, los planetas no tienen luz propia sino que reflejan la que les llega del Sol.<\/p>\n\n\n\n<p>Los planetas pueden clasificarse de muchas maneras: por su distancia al Sol, por su \u00f3rbita relativa a la \u00f3rbita de la Tierra, por su composici\u00f3n, su tama\u00f1o, etc. En esta actividad veremos c\u00f3mo es la clasificaci\u00f3n respecto a la \u00f3rbita de nuestro planeta.<\/p>\n\n\n\n<h3>Introducci\u00f3n<\/h3>\n\n\n\n<p>Seguro que sabes muchas cosas sobre el Sistema Solar. Aqu\u00ed podr\u00e1s seguir aprendiendo con PETeR, por ejemplo, qu\u00e9 planetas son visibles a simple vista, c\u00f3mo los observamos desde la Tierra, c\u00f3mo podemos calcular su tama\u00f1o,&#8230;<\/p>\n\n\n\n<p>Descarga aqu\u00ed la&nbsp;<a href=\"https:\/\/outreach.iac.es\/peter\/wp-content\/uploads\/2025\/10\/Unidad-1-Planetas-Interiores-Exteriores_Intro.pdf\" target=\"_blank\" rel=\"noreferrer noopener\">INTRODUCCI\u00d3N<\/a> a esta Unidad Did\u00e1ctica.<\/p>\n\n\n\n<h3>Actividades<\/h3>\n\n\n\n<p>\u00bfQuieres poner en pr\u00e1ctica tus conocimientos? Sigue los pasos de Galileo y descubre m\u00e1s cosas sobre el Sistema Solar y los planetas con estas actividades que te proponemos:<\/p>\n\n\n\n<div class=\"wp-block-columns has-white-background-color has-background\">\n<div class=\"wp-block-column\">\n<div class=\"wp-block-buttons aligncenter\">\n<div class=\"wp-block-button\"><a class=\"wp-block-button__link\" href=\"https:\/\/outreach.iac.es\/peter\/planetas-interiores-venus\/\" rel=\"\">Actividad 1<br>Venus<\/a><\/div>\n<\/div>\n<\/div>\n\n\n\n<div class=\"wp-block-column\">\n<div class=\"wp-block-buttons aligncenter\">\n<div class=\"wp-block-button\"><a class=\"wp-block-button__link\" href=\"https:\/\/outreach.iac.es\/peter\/planetas-exteriores-marte\/\">Actividad 2<br>Marte<\/a><\/div>\n<\/div>\n<\/div>\n<\/div>\n\n\n<p><!-- \/wp:columns --><\/p>\n<h3>Datos de la actividad<\/h3>\n<p><strong>Conceptos:<\/strong> Planetas y Exoplanetas. Planetas Interiores y Exteriores. Fases en los planetas interiores. Distancias en el cielo: \u00e1ngulos.<\/p>\n<p><strong>Herramientas que se aprenden a utilizar:<\/strong> Medida de distancias. Escalas.<\/p>\n<p><strong>Tiempo orientativo:<\/strong> 4 horas.<\/p>\n<p><strong>Autores: <\/strong>Oswaldo Gonz\u00e1lez, Nayra Rodr\u00edguez, Alfred Rosenberg, In\u00e9s Bonet, Alejandra Goded.<\/p>\n<p><strong>Material para docentes: <\/strong><a href=\"https:\/\/outreach.iac.es\/peter\/wp-content\/uploads\/2025\/10\/Unidad-1-Planetas-Interiores-Exteriores_prof.pdf\">Gu\u00eda did\u00e1ctica<\/a><\/p>\n<p><\/p>\n<p><!-- wp:paragraph --><\/p>\n<p><!-- \/wp:paragraph --><\/p>\n<p><!-- wp:paragraph --><\/p>\n<p><!-- \/wp:paragraph --><\/p>","protected":false},"excerpt":{"rendered":"<p>El Sistema Solar est\u00e1 formado por el Sol, ocho planetas con sus lunas y muchos otros objetos m\u00e1s peque\u00f1os tales como planetas enanos, asteroides y cometas. Los planetas son cuerpos celestes que giran alrededor del Sol, en \u00f3rbitas el\u00edpticas. Al contrario que las estrellas, los planetas no tienen luz propia [&hellip;]<\/p>\n","protected":false},"author":2,"featured_media":0,"parent":0,"menu_order":0,"comment_status":"closed","ping_status":"closed","template":"","meta":[],"_links":{"self":[{"href":"https:\/\/outreach.iac.es\/peter\/wp-json\/wp\/v2\/pages\/291"}],"collection":[{"href":"https:\/\/outreach.iac.es\/peter\/wp-json\/wp\/v2\/pages"}],"about":[{"href":"https:\/\/outreach.iac.es\/peter\/wp-json\/wp\/v2\/types\/page"}],"author":[{"embeddable":true,"href":"https:\/\/outreach.iac.es\/peter\/wp-json\/wp\/v2\/users\/2"}],"replies":[{"embeddable":true,"href":"https:\/\/outreach.iac.es\/peter\/wp-json\/wp\/v2\/comments?post=291"}],"version-history":[{"count":16,"href":"https:\/\/outreach.iac.es\/peter\/wp-json\/wp\/v2\/pages\/291\/revisions"}],"predecessor-version":[{"id":3665,"href":"https:\/\/outreach.iac.es\/peter\/wp-json\/wp\/v2\/pages\/291\/revisions\/3665"}],"wp:attachment":[{"href":"https:\/\/outreach.iac.es\/peter\/wp-json\/wp\/v2\/media?parent=291"}],"curies":[{"name":"wp","href":"https:\/\/api.w.org\/{rel}","templated":true}]}}