{"id":27,"date":"2016-10-24T18:30:27","date_gmt":"2016-10-24T18:30:27","guid":{"rendered":"http:\/\/www.iac.es\/peter-new\/?page_id=27"},"modified":"2021-11-15T12:34:59","modified_gmt":"2021-11-15T12:34:59","slug":"telescopios","status":"publish","type":"page","link":"https:\/\/outreach.iac.es\/peter\/telescopios\/","title":{"rendered":"Telescopios"},"content":{"rendered":"<p><img loading=\"lazy\" class=\"alignright wp-image-543 size-thumbnail\" src=\"https:\/\/outreach.iac.es\/peter\/wp-content\/uploads\/2017\/05\/ojos-150x150.png\" alt=\"ojos\" width=\"150\" height=\"150\" srcset=\"https:\/\/outreach.iac.es\/peter\/wp-content\/uploads\/2017\/05\/ojos-150x150.png 150w, https:\/\/outreach.iac.es\/peter\/wp-content\/uploads\/2017\/05\/ojos-100x100.png 100w\" sizes=\"(max-width: 150px) 100vw, 150px\" \/>En Astronom\u00eda nuestro laboratorio es el Cosmos y las investigaciones se llevan a cabo analizando la luz que nos llega de los diferentes objetos que lo componen, los <strong>objetos celestes<\/strong>: planetas, estrellas, nebulosas, galaxias,\u2026<\/p>\n<p>El ojo humano puede ver a grandes distancias. De hecho, la galaxia de Andr\u00f3meda, que est\u00e1 \u00a0a 2,5 millones de a\u00f1os luz de distancia, puede verse a simple vista. Pero, incluso una galaxia grande como Andr\u00f3meda, la vemos como un punto diminuto en el cielo.<\/p>\n<p>Para que un objeto distante parezca m\u00e1s brillante y m\u00e1s grande, tenemos que recoger la mayor cantidad posible de luz procedente de \u00e9l. Con m\u00e1s luz, podemos crear una imagen m\u00e1s brillante y ampliarla para que ocupe m\u00e1s espacio en nuestra retina.<\/p>\n<p>Para ello, se necesita tecnolog\u00eda especializada: los <strong>telescopios<\/strong>.<\/p>\n<p><\/p>\n<div id=\"attachment_800\" style=\"width: 410px\" class=\"wp-caption alignright\"><a href=\"http:\/\/www.faulkes-telescope.com\/files\/faulkes-telescope.com\/archive\/flash\/ft_light.swf\" target=\"_blank\" rel=\"noopener noreferrer\"><img aria-describedby=\"caption-attachment-800\" loading=\"lazy\" class=\"wp-image-800\" title=\"Funcionamiento de telescopio\" src=\"https:\/\/outreach.iac.es\/peter\/wp-content\/uploads\/2016\/10\/Animacion_telescopio_FTP-300x233.png\" alt=\"Animaci\u00f3n del funcionamiento de un telescopio. Cr\u00e9dito: Faulkes Telescope Project.\" width=\"400\" height=\"311\" srcset=\"https:\/\/outreach.iac.es\/peter\/wp-content\/uploads\/2016\/10\/Animacion_telescopio_FTP-300x233.png 300w, https:\/\/outreach.iac.es\/peter\/wp-content\/uploads\/2016\/10\/Animacion_telescopio_FTP-768x597.png 768w, https:\/\/outreach.iac.es\/peter\/wp-content\/uploads\/2016\/10\/Animacion_telescopio_FTP.png 967w\" sizes=\"(max-width: 400px) 100vw, 400px\" \/><\/a><p id=\"caption-attachment-800\" class=\"wp-caption-text\">Animaci\u00f3n del funcionamiento de un telescopio. Cr\u00e9dito: Faulkes Telescope Project.<\/p><\/div>\n<h3>\u00bfQu\u00e9 es un telescopio?<\/h3>\n<p>Un telescopio es un gran colector de luz que nos permite ver:<\/p>\n<ul>\n<li style=\"list-style-type: none;\">\n<ul>\n<li>Objetos distantes<\/li>\n<li>Objetos d\u00e9biles<\/li>\n<li>Objetos peque\u00f1os<\/li>\n<\/ul>\n<\/li>\n<\/ul>\n<p style=\"text-align: justify;\"><span style=\"color: #0000ff;\">Imaginemos que queremos recoger agua de lluvia y tenemos un cubo grande (de 40 cent\u00edmetros de di\u00e1metro) y uno peque\u00f1o (de 10 cent\u00edmetros de di\u00e1metro). Si los ponemos uno al lado del otro durante el mismo tiempo, \u00bfqu\u00e9 cubo recoger\u00e1 m\u00e1s agua, el grande o el peque\u00f1o? <\/span><\/p>\n<div class=\"su-spoiler su-spoiler-style-simple su-spoiler-icon-plus su-spoiler-closed\" data-scroll-offset=\"0\" data-anchor-in-url=\"no\"><div class=\"su-spoiler-title\" tabindex=\"0\" role=\"button\"><span class=\"su-spoiler-icon\"><\/span>Respuesta<\/div><div class=\"su-spoiler-content su-u-clearfix su-u-trim\"> Cuanto mayor es la abertura del cubo, m\u00e1s gotas de lluvia recogeremos . Lo mismo ocurre con la luz, cuanto m\u00e1s grande es la superficie colectora del telescopio (su espejo o lente principal), m\u00e1s luz puede recoger. <\/div><\/div>\n\n<p>En el pasado, los telescopios estaban dise\u00f1ados para poder mirar a trav\u00e9s de ellos con un ocular, de forma que la imagen se generaba en el ojo. Ahora todos los telescopios profesionales tienen instrumentos especiales que son los que reciben la luz y generan las im\u00e1genes.<\/p>\n<p>Adem\u00e1s, los telescopios pueden detectar <a href=\"?page_id=52\"><strong>tipos de luz<\/strong><\/a> que el ojo humano no puede ver, como las ondas de radio o los rayos X. La atm\u00f3sfera de nuestro planeta nos protege de parte de la radiaci\u00f3n que llega del Universo y, por eso, algunos telescopios tienen que enviarse al espacio en forma de sat\u00e9lites, para que puedan observar por encima de la atm\u00f3sfera.<strong><br \/><\/strong><\/p>\n<h3><\/h3>\n<h3><\/h3>\n<p><\/p>\n<h3>\u00bfC\u00f3mo funciona un telescopio?<\/h3>\n<p>Cuando el objeto est\u00e1 a grandes distancias, como ocurre con los objetos celestes, la luz nos llega en forma de rayos paralelos. Para obtener una imagen y analizarla, necesitamos que los rayos converjan en un punto mediante un sistema \u00f3ptico, formado por espejos y lentes, que es <strong>el telescopio<\/strong>.<\/p>\n\n\n\n\n<p>Los telescopios tienen diferentes formas dependiendo del tipo de luz (colores o frecuencias) que observen y del tipo de objetos que estudien.<\/p>\n\n\n\n<div class=\"wp-block-image\"><figure class=\"alignleft\"><img loading=\"lazy\" width=\"300\" height=\"121\" src=\"https:\/\/outreach.iac.es\/peter\/wp-content\/uploads\/2016\/10\/Tipos_telescopios_refractor-300x121.png\" alt=\"Rayos de luz en telescopio refractor.\" class=\"wp-image-802\" srcset=\"https:\/\/outreach.iac.es\/peter\/wp-content\/uploads\/2016\/10\/Tipos_telescopios_refractor-300x121.png 300w, https:\/\/outreach.iac.es\/peter\/wp-content\/uploads\/2016\/10\/Tipos_telescopios_refractor.png 360w\" sizes=\"(max-width: 300px) 100vw, 300px\" \/><\/figure><\/div>\n\n\n\n<p>El telescopio m\u00e1s simple est\u00e1 formado por dos lentes separadas por un tubo. La primera lente (lente objetivo) recibe la luz entrante y la hace converger en un punto (foco) y la segunda lente (ocular) magnifica esa regi\u00f3n focal para que podamos ver una imagen mayor con nuestro ojo. Como que la lente objetivo refracta la luz entrante, a este tipo de instrumento se le llama <strong>telescopio refractor<\/strong>.<\/p>\n\n\n\n<p>Galileo descubri\u00f3 las fases de Venus y las lunas de J\u00fapiter usando un telescopio de este tipo.<\/p>\n\n\n\n\n\n<p>Con el fin de construir telescopios m\u00e1s grandes para recoger m\u00e1s luz y ver estrellas m\u00e1s d\u00e9biles, la mayor\u00eda de los telescopios \u00f3pticos emplean espejos en lugar de lentes. Lo que llamamos un dise\u00f1o de <strong>telescopio reflector <\/strong>(inventado por Newton). En este caso, un gran espejo c\u00f3ncavo refleja la luz entrante en un punto focal.<\/p>\n\n\n\n<p>Se utilizan dise\u00f1os diferentes de telescopios reflectores, dependiendo de d\u00f3nde queremos que se encuentre el punto focal.<\/p>\n\n\n\n<div class=\"wp-block-image\"><figure class=\"alignleft\"><img loading=\"lazy\" width=\"300\" height=\"138\" src=\"https:\/\/outreach.iac.es\/peter\/wp-content\/uploads\/2016\/10\/Tipos_telescopios_reflector_Newton-300x138.png\" alt=\"Telescopio reflector Newtoniano\" class=\"wp-image-803\" srcset=\"https:\/\/outreach.iac.es\/peter\/wp-content\/uploads\/2016\/10\/Tipos_telescopios_reflector_Newton-300x138.png 300w, https:\/\/outreach.iac.es\/peter\/wp-content\/uploads\/2016\/10\/Tipos_telescopios_reflector_Newton.png 360w\" sizes=\"(max-width: 300px) 100vw, 300px\" \/><\/figure><\/div>\n\n\n\n<div class=\"wp-block-image\"><figure class=\"alignleft\"><img loading=\"lazy\" width=\"300\" height=\"138\" src=\"https:\/\/outreach.iac.es\/peter\/wp-content\/uploads\/2016\/10\/Tipos_telescopios_reflector_Cassegrain-300x138.png\" alt=\"Telescopio reflector tipo Cassegrain\" class=\"wp-image-804\" srcset=\"https:\/\/outreach.iac.es\/peter\/wp-content\/uploads\/2016\/10\/Tipos_telescopios_reflector_Cassegrain-300x138.png 300w, https:\/\/outreach.iac.es\/peter\/wp-content\/uploads\/2016\/10\/Tipos_telescopios_reflector_Cassegrain.png 360w\" sizes=\"(max-width: 300px) 100vw, 300px\" \/><\/figure><\/div>\n\n\n\n<figure class=\"wp-block-image\"><img loading=\"lazy\" width=\"300\" height=\"138\" src=\"https:\/\/outreach.iac.es\/peter\/wp-content\/uploads\/2016\/10\/Tipos_telescopios_reflector_Gregoriano-300x138.png\" alt=\"Telescopio reflector Gregoriano\" class=\"wp-image-805\" srcset=\"https:\/\/outreach.iac.es\/peter\/wp-content\/uploads\/2016\/10\/Tipos_telescopios_reflector_Gregoriano-300x138.png 300w, https:\/\/outreach.iac.es\/peter\/wp-content\/uploads\/2016\/10\/Tipos_telescopios_reflector_Gregoriano.png 360w\" sizes=\"(max-width: 300px) 100vw, 300px\" \/><\/figure>\n","protected":false},"excerpt":{"rendered":"<p>En Astronom\u00eda nuestro laboratorio es el Cosmos y las investigaciones se llevan a cabo analizando la luz que nos llega de los diferentes objetos que lo componen, los objetos celestes: planetas, estrellas, nebulosas, galaxias,\u2026 El ojo humano puede ver a grandes distancias. De hecho, la galaxia de Andr\u00f3meda, que est\u00e1 [&hellip;]<\/p>\n","protected":false},"author":2,"featured_media":0,"parent":0,"menu_order":0,"comment_status":"closed","ping_status":"closed","template":"","meta":[],"_links":{"self":[{"href":"https:\/\/outreach.iac.es\/peter\/wp-json\/wp\/v2\/pages\/27"}],"collection":[{"href":"https:\/\/outreach.iac.es\/peter\/wp-json\/wp\/v2\/pages"}],"about":[{"href":"https:\/\/outreach.iac.es\/peter\/wp-json\/wp\/v2\/types\/page"}],"author":[{"embeddable":true,"href":"https:\/\/outreach.iac.es\/peter\/wp-json\/wp\/v2\/users\/2"}],"replies":[{"embeddable":true,"href":"https:\/\/outreach.iac.es\/peter\/wp-json\/wp\/v2\/comments?post=27"}],"version-history":[{"count":15,"href":"https:\/\/outreach.iac.es\/peter\/wp-json\/wp\/v2\/pages\/27\/revisions"}],"predecessor-version":[{"id":2450,"href":"https:\/\/outreach.iac.es\/peter\/wp-json\/wp\/v2\/pages\/27\/revisions\/2450"}],"wp:attachment":[{"href":"https:\/\/outreach.iac.es\/peter\/wp-json\/wp\/v2\/media?parent=27"}],"curies":[{"name":"wp","href":"https:\/\/api.w.org\/{rel}","templated":true}]}}