{"id":2647,"date":"2022-11-02T17:51:34","date_gmt":"2022-11-02T17:51:34","guid":{"rendered":"https:\/\/outreach.iac.es\/peter\/?page_id=2647"},"modified":"2023-10-02T13:25:09","modified_gmt":"2023-10-02T13:25:09","slug":"peter-investigar-el-universo-con-telescopios-roboticos-edicion-2020-2021","status":"publish","type":"page","link":"https:\/\/outreach.iac.es\/peter\/peter-investigar-el-universo-con-telescopios-roboticos-edicion-2020-2021\/","title":{"rendered":"Investiga el Universo con telescopios rob\u00f3ticos. Edici\u00f3n 2020 &#8211; 2021"},"content":{"rendered":"\n<p>La formaci\u00f3n se ha dividido en 4 sesiones de tres horas cada una:<\/p>\n\n\n\n<h4><strong><span style=\"color:#1a7cd7\" class=\"has-inline-color\">Sesi\u00f3n 1. Observa el Universo con PETeR<\/span><\/strong><\/h4>\n\n\n\n<ul><li><strong>Contenidos<\/strong>: Los cielos de Canarias, el IAC y sus Observatorios. Qu\u00e9 es PETeR. Qu\u00e9 es un telescopio rob\u00f3tico. Telescopios rob\u00f3ticos disponibles en PETeR. Web de PETeR. C\u00f3mo planificar tus observaciones. C\u00f3mo solicitar observaciones a trav\u00e9s de PETeR: LT-NSO, LCO, SARA<\/li><li><strong>Habilidades<\/strong>: aprender a planificar una observaci\u00f3n astron\u00f3mica, aprender a obtener im\u00e1genes de objetos celestes con telescopios rob\u00f3ticos.<\/li><\/ul>\n\n\n\n<h4><strong><span style=\"color:#1a7cd7\" class=\"has-inline-color\">Sesi\u00f3n 2. Explora el Sistema Solar con PETeR<\/span><\/strong><\/h4>\n\n\n\n<ul><li><strong>Contenidos<\/strong>: Componentes y estructura del Sistema Solar. Tama\u00f1os y distancias. Actividades: Fases de Venus. Tama\u00f1o aparente de Marte. J\u00fapiter y sus sat\u00e9lites, un sistema solar en miniatura. Proyecto de investigaci\u00f3n: \u00bfmodelo helioc\u00e9ntrico o geoc\u00e9ntrico?. Obtener im\u00e1genes de objetos del Sistema Solar con PETeR.<\/li><li><strong>Habilidades<\/strong>: aprender a obtener im\u00e1genes de objetos del Sistema Solar con PETeR, trabajar con im\u00e1genes astron\u00f3micas, medir tama\u00f1os y distancias angulares en el cielo, hacer v\u00eddeos del movimiento de objetos del Sistema Solar (lunas de J\u00fapiter, asteroides, \u2026).<\/li><\/ul>\n\n\n\n<h4><strong><span style=\"color:#1a7cd7\" class=\"has-inline-color\">Sesi\u00f3n 3. Investiga el Universo con PETeR \u2013 Iniciaci\u00f3n<\/span><\/strong><\/h4>\n\n\n\n<ul><li><strong>Contenidos<\/strong>: Brillo y luminosidad. Disminuci\u00f3n del brillo con la distancia. Magnitud aparente y absoluta. Im\u00e1genes en color. Fotometr\u00eda. Variaci\u00f3n del brillo de los objetos celestes. Curvas de luz. Galaxias y cu\u00e1sares. Actividades: El Universo en color. &nbsp;Curva de luz de un cu\u00e1sar. Proyecto de investigaci\u00f3n: descubrir Supernovas<\/li><li><strong>Habilidades<\/strong>: aprender a combinar im\u00e1genes, identificar objetos en im\u00e1genes astron\u00f3micas, medir el brillo de los objetos celestes, c\u00f3mo plantear un proyecto de investigaci\u00f3n astron\u00f3mico.<\/li><\/ul>\n\n\n\n<h4><strong><span style=\"color:#1a7cd7\" class=\"has-inline-color\">Sesi\u00f3n 4. Investiga el Universo con PETeR \u2013 Avanzado<\/span><\/strong><\/h4>\n\n\n\n<ul><li><strong>Contenidos<\/strong>: Objetos variables. Fotometr\u00eda diferencial. Proyectos de investigaci\u00f3n: Descubrir estrellas variables y caracterizarlas. \u00d3rbitas de asteroides y cometas, velocidad de rotaci\u00f3n de asteroides.<\/li><li><strong>Habilidades<\/strong>: medir el brillo de varios objetos en muchas im\u00e1genes, crear curvas de variaci\u00f3n de brillo, analizarlas e interpretarlas.<\/li><\/ul>\n\n\n\n<p>Puedes revisar y descargar las <strong>presentaciones y grabaciones de las sesiones<\/strong> de esta formaci\u00f3n <a href=\"https:\/\/cloud.iac.es\/index.php\/s\/QbwD44P4aYsJ4mn\">aqu\u00ed<\/a>.  <\/p>\n","protected":false},"excerpt":{"rendered":"<p>La formaci\u00f3n se ha dividido en 4 sesiones de tres horas cada una: Sesi\u00f3n 1. Observa el Universo con PETeR Contenidos: Los cielos de Canarias, el IAC y sus Observatorios. Qu\u00e9 es PETeR. Qu\u00e9 es un telescopio rob\u00f3tico. Telescopios rob\u00f3ticos disponibles en PETeR. Web de PETeR. C\u00f3mo planificar tus observaciones. [&hellip;]<\/p>\n","protected":false},"author":3,"featured_media":0,"parent":0,"menu_order":0,"comment_status":"closed","ping_status":"closed","template":"","meta":[],"_links":{"self":[{"href":"https:\/\/outreach.iac.es\/peter\/wp-json\/wp\/v2\/pages\/2647"}],"collection":[{"href":"https:\/\/outreach.iac.es\/peter\/wp-json\/wp\/v2\/pages"}],"about":[{"href":"https:\/\/outreach.iac.es\/peter\/wp-json\/wp\/v2\/types\/page"}],"author":[{"embeddable":true,"href":"https:\/\/outreach.iac.es\/peter\/wp-json\/wp\/v2\/users\/3"}],"replies":[{"embeddable":true,"href":"https:\/\/outreach.iac.es\/peter\/wp-json\/wp\/v2\/comments?post=2647"}],"version-history":[{"count":4,"href":"https:\/\/outreach.iac.es\/peter\/wp-json\/wp\/v2\/pages\/2647\/revisions"}],"predecessor-version":[{"id":2788,"href":"https:\/\/outreach.iac.es\/peter\/wp-json\/wp\/v2\/pages\/2647\/revisions\/2788"}],"wp:attachment":[{"href":"https:\/\/outreach.iac.es\/peter\/wp-json\/wp\/v2\/media?parent=2647"}],"curies":[{"name":"wp","href":"https:\/\/api.w.org\/{rel}","templated":true}]}}