{"id":235,"date":"2017-04-27T10:58:30","date_gmt":"2017-04-27T10:58:30","guid":{"rendered":"http:\/\/www.iac.es\/peter-new\/?page_id=235"},"modified":"2020-11-24T20:37:28","modified_gmt":"2020-11-24T20:37:28","slug":"la-luna-distancia-a-la-tierra","status":"publish","type":"page","link":"https:\/\/outreach.iac.es\/peter\/la-luna-distancia-a-la-tierra\/","title":{"rendered":"La Luna &#8211; distancia a la Tierra"},"content":{"rendered":"<p><span style=\"color: #000000;\">Si pensamos en una escala en la que la Tierra tenga el tama\u00f1o de una pelota de baloncesto y la Luna el de una pelota de tenis, la distancia a la que tendr\u00edamos que colocarlas ser\u00eda de unos <strong>8 metros aproximadamente<\/strong>.<br \/>\n<\/span><\/p>\n<p>&nbsp;<\/p>\n","protected":false},"excerpt":{"rendered":"<p>Si pensamos en una escala en la que la Tierra tenga el tama\u00f1o de una pelota de baloncesto y la Luna el de una pelota de tenis, la distancia a la que tendr\u00edamos que colocarlas ser\u00eda de unos 8 metros aproximadamente. &nbsp;<\/p>\n","protected":false},"author":3,"featured_media":0,"parent":0,"menu_order":0,"comment_status":"closed","ping_status":"closed","template":"","meta":[],"_links":{"self":[{"href":"https:\/\/outreach.iac.es\/peter\/wp-json\/wp\/v2\/pages\/235"}],"collection":[{"href":"https:\/\/outreach.iac.es\/peter\/wp-json\/wp\/v2\/pages"}],"about":[{"href":"https:\/\/outreach.iac.es\/peter\/wp-json\/wp\/v2\/types\/page"}],"author":[{"embeddable":true,"href":"https:\/\/outreach.iac.es\/peter\/wp-json\/wp\/v2\/users\/3"}],"replies":[{"embeddable":true,"href":"https:\/\/outreach.iac.es\/peter\/wp-json\/wp\/v2\/comments?post=235"}],"version-history":[{"count":1,"href":"https:\/\/outreach.iac.es\/peter\/wp-json\/wp\/v2\/pages\/235\/revisions"}],"predecessor-version":[{"id":1793,"href":"https:\/\/outreach.iac.es\/peter\/wp-json\/wp\/v2\/pages\/235\/revisions\/1793"}],"wp:attachment":[{"href":"https:\/\/outreach.iac.es\/peter\/wp-json\/wp\/v2\/media?parent=235"}],"curies":[{"name":"wp","href":"https:\/\/api.w.org\/{rel}","templated":true}]}}