{"id":2328,"date":"2021-06-07T19:46:03","date_gmt":"2021-06-07T19:46:03","guid":{"rendered":"https:\/\/outreach.iac.es\/peter\/?page_id=2328"},"modified":"2022-11-04T16:34:26","modified_gmt":"2022-11-04T16:34:26","slug":"aeaci-2021","status":"publish","type":"page","link":"https:\/\/outreach.iac.es\/peter\/astronomy-adventures-in-the-canary-islands\/aeaci-2021\/","title":{"rendered":"AEACI 2021"},"content":{"rendered":"<h2 style=\"text-align: center;\"><img loading=\"lazy\" src=\"https:\/\/outreach.iac.es\/peter\/wp-content\/uploads\/2021\/06\/banner.jpg\" alt=\"Banner del &quot;Astronomy Education Adventure in the Canary Islands&quot; 2021. Cr\u00e9dito: In\u00e9s Bonet (IAC)\" class=\"aligncenter wp-image-2329 size-full\" width=\"2469\" height=\"848\" srcset=\"https:\/\/outreach.iac.es\/peter\/wp-content\/uploads\/2021\/06\/banner.jpg 2469w, https:\/\/outreach.iac.es\/peter\/wp-content\/uploads\/2021\/06\/banner-600x206.jpg 600w, https:\/\/outreach.iac.es\/peter\/wp-content\/uploads\/2021\/06\/banner-1024x352.jpg 1024w, https:\/\/outreach.iac.es\/peter\/wp-content\/uploads\/2021\/06\/banner-768x264.jpg 768w, https:\/\/outreach.iac.es\/peter\/wp-content\/uploads\/2021\/06\/banner-1536x528.jpg 1536w, https:\/\/outreach.iac.es\/peter\/wp-content\/uploads\/2021\/06\/banner-2048x703.jpg 2048w\" sizes=\"(max-width: 2469px) 100vw, 2469px\" \/><\/h2>\n<h5>English version in the <a href=\"http:\/\/galileoteachers.org\/astronomy-education-adventure-in-the-canary-islands-2021-online-course\/\">GTTP website<\/a><\/h5>\n<p><\/p>\n<p style=\"text-align: justify;\">El <a href=\"https:\/\/www.iac.es\">Instituto de Astrof\u00edsica de Canarias (IAC)<\/a> y <a href=\"https:\/\/nuclio.org\/\">NUCLIO<\/a> organizan la s\u00e9ptima edici\u00f3n del Curso Internacional de Verano para profesorado \u201c<em><strong>Astronomy Education Adventure in the Canary Islands<\/strong>\u201d<\/em>. Con el t\u00edtulo &#8220;<strong><em>Our Home in the Cosmic Ocean<\/em><\/strong>&#8221; (Nuestro hogar en el oce\u00e1no c\u00f3smico), los contenidos de esta edici\u00f3n estar\u00e1n centrados en el Sistema Solar, con gui\u00f1os a la m\u00edtica serie de televisi\u00f3n &#8220;<strong>COSMOS: un viaje personal<\/strong>&#8220;, del astrof\u00edsico y divulgador cient\u00edfico Carl Sagan, para conmemorar los 40 a\u00f1os desde su primera emisi\u00f3n (en 1980 en EE.UU., entre 1981 y 1982 en Espa\u00f1a y muchos otros pa\u00edses). Compartiendo el esp\u00edritu anti-belicista de Sagan y su defensa del racionalismo y la ciencia frente a la pseudociencia y la superstici\u00f3n, el curso celebra tambi\u00e9n que 2021 ha sido proclamado <a href=\"https:\/\/www.un.org\/en\/observances\/international-years\">A\u00f1o Internacional de la Paz y la Confianza<\/a>.<\/p>\n<p>La edici\u00f3n de este a\u00f1o incluir\u00e1 charlas con investigadores\/as invitados\/as del IAC y talleres pr\u00e1cticos que presentar\u00e1n metodolog\u00edas de aprendizaje innovadoras y herramientas STEAM digitales que los docentes pueden usar para llevar la investigaci\u00f3n y la exploraci\u00f3n del Cosmos a las aulas. Dado el \u00e9xito de la edici\u00f3n anterior (unos 200 participantes de 40 pa\u00edses) y con el objetivo de contribuir a frenar la pandemia de COVID-19 y ser m\u00e1s sostenibles, este a\u00f1o repetimos en formato totalmente online.<\/p>\n<div id=\"attachment_2343\" style=\"width: 2570px\" class=\"wp-caption alignnone\"><img aria-describedby=\"caption-attachment-2343\" loading=\"lazy\" src=\"https:\/\/outreach.iac.es\/peter\/wp-content\/uploads\/2021\/06\/AEACI2020_collage_01-scaled.jpg\" alt=\"Collage de fotos del curso online Astronomy Education Adventure in the Canary Islands 2020. Cr\u00e9ditos: IAC, NUCLIO\" class=\"size-full wp-image-2343\" width=\"2560\" height=\"1691\" srcset=\"https:\/\/outreach.iac.es\/peter\/wp-content\/uploads\/2021\/06\/AEACI2020_collage_01-scaled.jpg 2560w, https:\/\/outreach.iac.es\/peter\/wp-content\/uploads\/2021\/06\/AEACI2020_collage_01-600x396.jpg 600w, https:\/\/outreach.iac.es\/peter\/wp-content\/uploads\/2021\/06\/AEACI2020_collage_01-1024x676.jpg 1024w, https:\/\/outreach.iac.es\/peter\/wp-content\/uploads\/2021\/06\/AEACI2020_collage_01-768x507.jpg 768w, https:\/\/outreach.iac.es\/peter\/wp-content\/uploads\/2021\/06\/AEACI2020_collage_01-1536x1015.jpg 1536w, https:\/\/outreach.iac.es\/peter\/wp-content\/uploads\/2021\/06\/AEACI2020_collage_01-2048x1353.jpg 2048w\" sizes=\"(max-width: 2560px) 100vw, 2560px\" \/><p id=\"caption-attachment-2343\" class=\"wp-caption-text\">Collage de fotos del curso online Astronomy Education Adventure in the Canary Islands 2020. Cr\u00e9ditos: IAC, NUCLIO<\/p><\/div>\n<p>Durante cinco d\u00edas, podr\u00e1s conocer los secretos del Universo, aprender sobre los \u00faltimos descubrimientos realizados desde el IAC, as\u00ed como a programar observaciones con telescopios rob\u00f3ticos profesionales, practicar con programas de visualizaci\u00f3n y an\u00e1lisis de im\u00e1genes astron\u00f3micas desarrollados para uso educativo y con datos reales obtenidos con el Telescopio Liverpool, los telescopios de la red LCO y las misiones espaciales de la ESA. Todo ello con un enfoque especial en nuestro hogar en el Universo: el Sistema Solar. El programa tambi\u00e9n incluye visitas virtuales a las instalaciones del IAC, especialmente a los <a href=\"https:\/\/www.iac.es\/es\/observatorios-de-canarias\">Observatorios de Canarias<\/a>.<\/p>\n<p>Este curso est\u00e1 organizado por el <strong>IAC<\/strong> y <strong>NUCLIO<\/strong> (los coordinadores del Galileo Teacher Training Program) y se lleva a cabo en colaboraci\u00f3n con el <a href=\"http:\/\/www.faulkes-telescope.com\/\">Equipo de Educaci\u00f3n del Telescopio Faulkes<\/a>, el <a rel=\"noreferrer noopener\" href=\"https:\/\/www.schoolsobservatory.org\/\" target=\"_blank\">National Schools\u2019 Observatory<\/a> y el equipo del proyecto <a href=\"http:\/\/cesar.esa.int\/\">CESAR<\/a> (Cooperation through Education in Science and Astronomy Research), en el marco del <strong>proyecto PETeR<\/strong> y de la <a href=\"http:\/\/esia.ea.gr\/\">European School Innovation Academy (ESIA)<\/a>.<\/p>\n<h3 style=\"text-align: justify;\"><span style=\"color: #3366ff;\"><span style=\"color: #000080;\">INFORMACI\u00d3N GENERAL<\/span><\/span><\/h3>\n<p style=\"padding-left: 30px; text-align: justify;\"><strong>Fechas:<\/strong> del 26 al 30 de julio de 2021<\/p>\n<p style=\"padding-left: 30px; text-align: justify;\"><strong>Modalidad:<\/strong> virtual.<\/p>\n<p style=\"padding-left: 30px; text-align: justify;\"><strong>Colectivo al que va dirigido: <\/strong>Profesorado de todos los niveles educativos y materias que deseen sumergirse en una experiencia STEAM (Ciencia, Tecnolog\u00eda, Ingenier\u00eda, Artes y Matem\u00e1ticas) real. Creemos que el aprendizaje mejora cuando los estudiantes est\u00e1n inmersos en experiencias interdisciplinares y en entornos que integran perfectamente la articulaci\u00f3n horizontal (a trav\u00e9s de las diferentes materias) y vertical (a trav\u00e9s de los diferentes niveles educativos).<\/p>\n<p style=\"padding-left: 30px; text-align: justify;\"><strong>Duraci\u00f3n:<\/strong> 27 horas lectivas<\/p>\n<p style=\"padding-left: 30px; text-align: justify;\"><strong>Idioma del curso: <\/strong>INGL\u00c9S<\/p>\n<p style=\"padding-left: 30px; text-align: justify;\"><strong>Directoras:<\/strong> Nayra Rodr\u00edguez Eugenio (IAC) y Rosa Doran (NUCLIO)<\/p>\n<p style=\"padding-left: 30px; text-align: justify;\">La formaci\u00f3n est\u00e1 certificada por el IAC y NUCLIO.<\/p>\n<h3 style=\"text-align: justify;\"><span style=\"color: #000080;\">PROGRAMA<\/span><\/h3>\n<p style=\"padding-left: 30px; text-align: justify;\">Descarga el <strong><a href=\"https:\/\/outreach.iac.es\/peter\/wp-content\/uploads\/2021\/06\/Programme_AEACI2021.pdf\">Programa del curso<\/a>.<img loading=\"lazy\" src=\"https:\/\/outreach.iac.es\/peter\/wp-content\/uploads\/2021\/06\/cartel_2021-424x600.jpg\" alt=\"Cartel del curso AEACI 2021\" class=\"size-medium wp-image-2333 alignright\" width=\"424\" height=\"600\" srcset=\"https:\/\/outreach.iac.es\/peter\/wp-content\/uploads\/2021\/06\/cartel_2021-424x600.jpg 424w, https:\/\/outreach.iac.es\/peter\/wp-content\/uploads\/2021\/06\/cartel_2021-724x1024.jpg 724w, https:\/\/outreach.iac.es\/peter\/wp-content\/uploads\/2021\/06\/cartel_2021-768x1086.jpg 768w, https:\/\/outreach.iac.es\/peter\/wp-content\/uploads\/2021\/06\/cartel_2021-1086x1536.jpg 1086w, https:\/\/outreach.iac.es\/peter\/wp-content\/uploads\/2021\/06\/cartel_2021.jpg 1240w\" sizes=\"(max-width: 424px) 100vw, 424px\" \/><\/strong><\/p>\n<p style=\"padding-left: 30px; text-align: justify;\"><strong>Sesiones y horario: <\/strong>Tres sesiones cada d\u00eda:<\/p>\n<p style=\"padding-left: 40px; text-align: justify;\">1) 9:00 &#8211; 10:30 WEST (10:00 &#8211; 11:30 CEST)<\/p>\n<p style=\"padding-left: 40px; text-align: justify;\">2) 11:00 &#8211; 12:30 WEST (12:00 &#8211; 13:30 CEST)<\/p>\n<p style=\"padding-left: 40px; text-align: justify;\">3) 14:15 &#8211; 16:30 WEST (15:30 &#8211; 17:30 CEST)<\/p>\n<p style=\"padding-left: 30px; text-align: justify;\"><strong>Ponentes confirmados:<\/strong><\/p>\n<ul>\n<li style=\"list-style-type: none;\">\n<ul>\n<li style=\"list-style-type: none;\">\n<ul>\n<li>H\u00e9ctor Socas (IAC)<\/li>\n<li>Javier Licandro (IAC)<\/li>\n<li>Nayra Rodr\u00edguez (IAC)<\/li>\n<li>Rosa Doran (NUCLIO)<\/li>\n<li>Sandra Ben\u00edtez (IAC)<\/li>\n<li>Fraser Lewis (FTP, NSO)<\/li>\n<li>Beatriz G\u00f3nzalez (ESAC, ISDEFE)<\/li>\n<li>Gustavo Rojas (NUCLIO)<\/li>\n<\/ul>\n<\/li>\n<\/ul>\n<\/li>\n<\/ul>\n<p style=\"padding-left: 30px; text-align: justify;\"><strong>Colaboradores:<\/strong><\/p>\n<ul>\n<li style=\"list-style-type: none;\">\n<ul>\n<li style=\"list-style-type: none;\">\n<ul>\n<li>IAC: In\u00e9s Bonet, Alejandra Rueda<\/li>\n<li>NUCLIO: Ana Costa, Teresa Direitinho<\/li>\n<\/ul>\n<\/li>\n<\/ul>\n<\/li>\n<\/ul>\n<h3 style=\"text-align: justify;\"><span style=\"color: #000080;\">INSCRIPCI\u00d3N<\/span><\/h3>\n<p style=\"text-align: justify; padding-left: 30px;\">La matr\u00edcula estar\u00e1 abierta hasta el <strong>15 de julio (o hasta completar las 250 inscripciones)<\/strong> y las plazas se asignar\u00e1n por estricto orden de inscripci\u00f3n.<\/p>\n<p style=\"text-align: justify; padding-left: 30px;\"><a href=\"https:\/\/forms.office.com\/Pages\/ResponsePage.aspx?id=7xo0Ge6kPUuTWGmZYKZTo8bZuiCQcA9EpYttvS83RwZUMkxNQzU2QkZYWFNBUlcyMDBJOUhUOTNDOC4u&amp;lang=en-gb\"><strong>\u00a1INSCR\u00cdBETE AQU\u00cd!<\/strong><\/a><\/p>\n<p style=\"text-align: justify; padding-left: 30px;\">El curso est\u00e1 financiado por las instituciones organizadoras y colaboradoras.<\/p>\n<p style=\"text-align: justify; padding-left: 30px;\">En esta edici\u00f3n hemos incluido una <strong>cuota de inscripci\u00f3n simb\u00f3lica<\/strong> (10 euros) que se destinar\u00e1 \u00edntegramente al programa <a href=\"https:\/\/trust.nuclio.org\/\"><strong>NUCLIO Trust<\/strong><\/a> para ayudar a estudiantes de pa\u00edses en desarrollo a realizar estudios universitarios. Las instrucciones de pago se enviar\u00e1n a los solicitantes una vez cumplimentado el formulario de inscripci\u00f3n. Puedes solicitar una excepci\u00f3n del pago en caso de que no puedas asumirlo.<\/p>\n<h3 style=\"text-align: justify;\"><span style=\"color: #000080;\">INFORMACI\u00d3N PR\u00c1CTICA<\/span><\/h3>\n<p style=\"text-align: justify; padding-left: 30px;\">El curso se ofrecer\u00e1 de forma telem\u00e1tica usando el software de videoconferencia <strong>ZOOM<\/strong>. Para participar, se requiere un <strong>ordenador con conexi\u00f3n a Internet<\/strong>.<\/p>\n<p style=\"text-align: justify; padding-left: 30px;\"><a href=\"https:\/\/graasp.eu\/s\/csx877\">Accede aqu\u00ed al <strong>Campus Virtual<\/strong><\/a><\/p>\n<h3 style=\"text-align: justify;\"><span style=\"color: #000080;\">ORGANIZA<\/span><\/h3>\n<p style=\"padding-left: 30px; text-align: justify;\">Instituto de Astrof\u00edsica de Canarias (IAC; Espa\u00f1a)<\/p>\n<p style=\"padding-left: 30px; text-align: justify;\">N\u00facleo Interactivo de Astronomia (NUCLIO; Portugal)<\/p>\n<p style=\"padding-left: 30px; text-align: justify;\">Faulkes Telescope Project (FTP; Reino Unido)<\/p>\n<p style=\"padding-left: 30px; text-align: justify;\">National Schools\u2019 Observatory (LJMU; Reino Unido)<\/p>\n<p style=\"padding-left: 30px; text-align: justify;\">Proyecto CESAR (ESAC, ESA-INTA-ISDEFE; Espa\u00f1a)<\/p>\n<p style=\"padding-left: 30px; text-align: justify;\"><\/p>\n\n\n<p><\/p>\n","protected":false},"excerpt":{"rendered":"<p>English version in the GTTP website El Instituto de Astrof\u00edsica de Canarias (IAC) y NUCLIO organizan la s\u00e9ptima edici\u00f3n del Curso Internacional de Verano para profesorado \u201cAstronomy Education Adventure in the Canary Islands\u201d. Con el t\u00edtulo &#8220;Our Home in the Cosmic Ocean&#8221; (Nuestro hogar en el oce\u00e1no c\u00f3smico), los contenidos [&hellip;]<\/p>\n","protected":false},"author":3,"featured_media":0,"parent":1236,"menu_order":0,"comment_status":"closed","ping_status":"closed","template":"","meta":[],"_links":{"self":[{"href":"https:\/\/outreach.iac.es\/peter\/wp-json\/wp\/v2\/pages\/2328"}],"collection":[{"href":"https:\/\/outreach.iac.es\/peter\/wp-json\/wp\/v2\/pages"}],"about":[{"href":"https:\/\/outreach.iac.es\/peter\/wp-json\/wp\/v2\/types\/page"}],"author":[{"embeddable":true,"href":"https:\/\/outreach.iac.es\/peter\/wp-json\/wp\/v2\/users\/3"}],"replies":[{"embeddable":true,"href":"https:\/\/outreach.iac.es\/peter\/wp-json\/wp\/v2\/comments?post=2328"}],"version-history":[{"count":16,"href":"https:\/\/outreach.iac.es\/peter\/wp-json\/wp\/v2\/pages\/2328\/revisions"}],"predecessor-version":[{"id":2668,"href":"https:\/\/outreach.iac.es\/peter\/wp-json\/wp\/v2\/pages\/2328\/revisions\/2668"}],"up":[{"embeddable":true,"href":"https:\/\/outreach.iac.es\/peter\/wp-json\/wp\/v2\/pages\/1236"}],"wp:attachment":[{"href":"https:\/\/outreach.iac.es\/peter\/wp-json\/wp\/v2\/media?parent=2328"}],"curies":[{"name":"wp","href":"https:\/\/api.w.org\/{rel}","templated":true}]}}