{"id":229,"date":"2017-04-27T10:50:07","date_gmt":"2017-04-27T10:50:07","guid":{"rendered":"http:\/\/www.iac.es\/peter-new\/?page_id=229"},"modified":"2020-12-29T14:22:06","modified_gmt":"2020-12-29T14:22:06","slug":"la-luna","status":"publish","type":"page","link":"https:\/\/outreach.iac.es\/peter\/la-luna\/","title":{"rendered":"La Luna"},"content":{"rendered":"\n<div class=\"wp-block-image\"><figure class=\"alignleft\"><img loading=\"lazy\" width=\"300\" height=\"291\" src=\"https:\/\/outreach.iac.es\/peter\/wp-content\/uploads\/2017\/04\/LunaLlena-1-300x291.jpg\" alt=\"LunaLlena\" class=\"wp-image-243\" srcset=\"https:\/\/outreach.iac.es\/peter\/wp-content\/uploads\/2017\/04\/LunaLlena-1-300x291.jpg 300w, https:\/\/outreach.iac.es\/peter\/wp-content\/uploads\/2017\/04\/LunaLlena-1.jpg 696w\" sizes=\"(max-width: 300px) 100vw, 300px\" \/><\/figure><\/div>\n\n\n\n<p><strong>La Luna<\/strong> es el sat\u00e9lite natural de la Tierra, es el objeto celeste que tenemos m\u00e1s cerca y el \u00fanico m\u00e1s all\u00e1 de nuestro planeta en el que los seres humanos han puesto los pies. Pero, \u00bfcu\u00e1nto la conocemos?<\/p>\n\n\n\n<p><strong>\u00bfCu\u00e1l es su tama\u00f1o, su distancia a la Tierra y su gravedad?<\/strong><\/p>\n\n\n\n<p>La Luna es el quinto sat\u00e9lite m\u00e1s grande del Sistema Solar. Su di\u00e1metro es de 3.474 km, un poco m\u00e1s de un cuarto del di\u00e1metro de la Tierra. La distancia media entre la Tierra y la Luna es 384.403 km, unas 30 veces el di\u00e1metro de la Tierra. Debido a su menor tama\u00f1o y masa, la atracci\u00f3n de la gravedad sobre la superficie lunar es de aproximadamente el 17% de la que tenemos en la superficie terrestre.<\/p>\n\n\n\n<p><span style=\"color: #0000ff;\">Si estiras tu brazo y miras al cielo, \u00bfcu\u00e1l crees que es el tama\u00f1o aparente de la Luna: el de una moneda de 1 euro, de 5 c\u00e9ntimos, de 1 c\u00e9ntimo?<\/span><\/p>\n\n\n<div class=\"su-spoiler su-spoiler-style-simple su-spoiler-icon-plus su-spoiler-closed\" data-scroll-offset=\"0\" data-anchor-in-url=\"no\"><div class=\"su-spoiler-title\" tabindex=\"0\" role=\"button\"><span class=\"su-spoiler-icon\"><\/span>Respuesta<\/div><div class=\"su-spoiler-content su-u-clearfix su-u-trim\"> El tama\u00f1o aparente de la Luna vista desde la Tierra es de unos 30 minutos de arco (30\u2032). Esto equivale a aproximadamente la mitad del tama\u00f1o de una moneda de un c\u00e9ntimo si la observamos con el brazo extendido. \u00bfA que pensabas que su tama\u00f1o aparente era mayor?<\/p>\n<p> <\/div><\/div>\n\n\n\n<p><span style=\"color: #0000ff;\">Si hacemos un cambio de escala y la Tierra tuviera el tama\u00f1o de una pelota de baloncesto, el tama\u00f1o de la Luna ser\u00eda el de una pelota de tenis. \u00bfA qu\u00e9 distancia estar\u00edan las dos pelotas en esa escala: a 1 metro de distancia, a 4 metros, a 8 metros, a 12 metros?<\/span>\u00a0<\/p>\n\n\n<div class=\"su-spoiler su-spoiler-style-simple su-spoiler-icon-plus su-spoiler-closed\" data-scroll-offset=\"0\" data-anchor-in-url=\"no\"><div class=\"su-spoiler-title\" tabindex=\"0\" role=\"button\"><span class=\"su-spoiler-icon\"><\/span>Respuesta<\/div><div class=\"su-spoiler-content su-u-clearfix su-u-trim\"> Si pensamos en una escala en la que la Tierra tenga el tama\u00f1o de una pelota de baloncesto y la Luna el de una pelota de tenis, la distancia a la que tendr\u00edamos que colocarlas ser\u00eda de unos 8 metros aproximadamente.<\/p>\n<p> <\/div><\/div>\n\n\n\n<p><\/p>\n\n\n\n<p><strong>\u00bfC\u00f3mo es la superficie de la Luna?<\/strong><\/p>\n\n\n\n<p>Si observas cuidadosamente la superficie de la Luna, ver\u00e1s que est\u00e1 cubierta de cr\u00e1teres y cordilleras. Los cr\u00e1teres fueron causados por el impacto de innumerables meteoros durante muchos millones de a\u00f1os. Tambi\u00e9n hay extensas regiones que parecen oscuras y lisas y que tienen mucho menos cr\u00e1teres. Son los <em>Mares<\/em>, que recibieron ese nombre porque los primeros astr\u00f3nomos pensaron que eran viejos oc\u00e9anos. Ahora sabemos que son regiones de lava s\u00f3lida, las marcas que quedaron de cuando la Luna era mucho m\u00e1s joven y m\u00e1s caliente por dentro.<\/p>\n\n\n\n<p><span style=\"color: #0000ff;\">La luna llena es el objeto celeste m\u00e1s brillante del cielo nocturno. Como sabes, la Luna no emite luz sino que refleja la luz del Sol. Por su brillo, \u00bfcon qu\u00e9 material reflectante la comparar\u00edas: nieve, plata, aluminio, acero o carb\u00f3n?<\/span><\/p>\n\n\n<div class=\"su-spoiler su-spoiler-style-simple su-spoiler-icon-plus su-spoiler-closed\" data-scroll-offset=\"0\" data-anchor-in-url=\"no\"><div class=\"su-spoiler-title\" tabindex=\"0\" role=\"button\"><span class=\"su-spoiler-icon\"><\/span>Respuesta<\/div><div class=\"su-spoiler-content su-u-clearfix su-u-trim\"> La Luna es fundamentalmente lava y refleja entre un 10 y un 15% de la luz que le llega del Sol. Este porcentaje de reflectividad (que llamamos albedo) es similar al del carb\u00f3n.<\/p>\n<p> <\/div><\/div>\n\n\n\n<p><strong>\u00bfPor qu\u00e9 vemos la Luna en fases diferentes?<\/strong><\/p>\n\n\n\n<p>La Luna completa una \u00f3rbita alrededor de la Tierra cada 27,3 d\u00edas. Dependiendo de la posici\u00f3n de la Luna respecto al Sol (que la ilumina) y la Tierra (desde donde la observamos), veremos una fracci\u00f3n diferente de su superficie iluminada. A estos cambios aparentes de la forma los llamamos <strong>Fases de la Luna<\/strong>.<\/p>\n\n\n\n<p>Sin embargo, como la Tierra tambi\u00e9n se mueve alrededor del Sol durante la \u00f3rbita de la Luna, en realidad se necesitan 2,2 d\u00edas m\u00e1s para ver el ciclo completo de las fases lunares. Esto se debe a que la Luna tiene que girar un poco m\u00e1s para estar apuntando al Sol otra vez, visto desde la Tierra. Es decir, se necesitan 29,5 d\u00edas para pasar de una luna llena a la siguiente.<\/p>\n\n\n\n<p>El diagrama Tierra-Luna-Sol de abajo da una idea m\u00e1s clara de las diferentes fases lunares que podemos ver.<\/p>\n\n\n\n<figure class=\"wp-block-image alignnone wp-image-286 size-large\"><img loading=\"lazy\" width=\"1024\" height=\"388\" src=\"https:\/\/outreach.iac.es\/peter\/wp-content\/uploads\/2017\/04\/Moon_phases_wikipedia-1024x388.jpg\" alt=\"Fases y \u00f3rbita de la Luna\" class=\"wp-image-286\" srcset=\"https:\/\/outreach.iac.es\/peter\/wp-content\/uploads\/2017\/04\/Moon_phases_wikipedia-1024x388.jpg 1024w, https:\/\/outreach.iac.es\/peter\/wp-content\/uploads\/2017\/04\/Moon_phases_wikipedia-300x114.jpg 300w, https:\/\/outreach.iac.es\/peter\/wp-content\/uploads\/2017\/04\/Moon_phases_wikipedia-768x291.jpg 768w\" sizes=\"(max-width: 1024px) 100vw, 1024px\" \/><figcaption>Fases y \u00f3rbita de la Luna. Cr\u00e9dito: Orion 8 &#8211; Trabajo propio, CC BY-SA 3.0, <a href=\"https:\/\/commons.wikimedia.org\/w\/index.php?curid=11219116\" target=\"_blank\" rel=\"noreferrer noopener\">https:\/\/commons.wikimedia.org\/w\/index.php?curid=11219116<\/a><\/figcaption><\/figure>\n\n\n\n<p><span style=\"color: #0000ff;\">La \u00f3rbita de la Luna est\u00e1 un poco inclinada respecto a la de la Tierra alrededor del Sol, por eso la Tierra, el Sol y la Luna solo se alinean en ciertas ocasiones en las que se producen los eclipses de Luna y de Sol. Entonces, \u00bfen qu\u00e9 fase ocurren los eclipses de Luna? \u00bfY los eclipses de Sol?&nbsp;<\/span><\/p>\n\n\n<div class=\"su-spoiler su-spoiler-style-simple su-spoiler-icon-plus su-spoiler-closed\" data-scroll-offset=\"0\" data-anchor-in-url=\"no\"><div class=\"su-spoiler-title\" tabindex=\"0\" role=\"button\"><span class=\"su-spoiler-icon\"><\/span>Respuesta<\/div><div class=\"su-spoiler-content su-u-clearfix su-u-trim\"> Los eclipses lunares se producen cuando la Tierra se interpone entre el Sol y la Luna, de forma que bloquea la luz solar que llega a nuestro sat\u00e9lite. Por tanto, estos eclipses ocurren en fase de luna llena.<\/p>\n<p>Los eclipses solares ocurren cuando la Luna se encuentra situada entre la Tierra y el Sol, bloqueando la luz que nos llega de nuestra estrella. Por tanto, se producen en fase de luna nueva.<\/p>\n<p> <\/div><\/div>\n\n\n\n<p><strong>\u00bfPor qu\u00e9 vemos siempre la misma cara de la Luna?<\/strong><\/p>\n\n\n\n<p>El tiempo que tarda la Luna en dar una vuelta sobre s\u00ed misma (rotaci\u00f3n) es igual al tiempo que tarda en dar una vuelta alrededor de la Tierra (traslaci\u00f3n), por eso siempre muestra la misma cara hacia nosotros. Esto se debe al efecto de las fuerzas de marea actuando durante muchos millones de a\u00f1os, que han causado que la \u00f3rbita y la rotaci\u00f3n de la Luna se alteren.<\/p>\n\n\n\n<p><span style=\"color: #0000ff;\">\u00bfC\u00f3mo sabemos entonces c\u00f3mo es la cara oculta de la Luna?<\/span><\/p>\n\n\n<div class=\"su-spoiler su-spoiler-style-simple su-spoiler-icon-plus su-spoiler-closed\" data-scroll-offset=\"0\" data-anchor-in-url=\"no\"><div class=\"su-spoiler-title\" tabindex=\"0\" role=\"button\"><span class=\"su-spoiler-icon\"><\/span>Respuesta<\/div><div class=\"su-spoiler-content su-u-clearfix su-u-trim\"> Podemos saber c\u00f3mo es la cara oculta de la Luna a trav\u00e9s de las im\u00e1genes de los sat\u00e9lites que la han orbitado. Tambi\u00e9n si viajamos hasta ella usando un cohete o una nave espacial \ud83d\ude09<\/p>\n<p> <\/div><\/div>\n","protected":false},"excerpt":{"rendered":"<p>La Luna es el sat\u00e9lite natural de la Tierra, es el objeto celeste que tenemos m\u00e1s cerca y el \u00fanico m\u00e1s all\u00e1 de nuestro planeta en el que los seres humanos han puesto los pies. Pero, \u00bfcu\u00e1nto la conocemos? \u00bfCu\u00e1l es su tama\u00f1o, su distancia a la Tierra y su [&hellip;]<\/p>\n","protected":false},"author":3,"featured_media":0,"parent":0,"menu_order":0,"comment_status":"closed","ping_status":"closed","template":"","meta":[],"_links":{"self":[{"href":"https:\/\/outreach.iac.es\/peter\/wp-json\/wp\/v2\/pages\/229"}],"collection":[{"href":"https:\/\/outreach.iac.es\/peter\/wp-json\/wp\/v2\/pages"}],"about":[{"href":"https:\/\/outreach.iac.es\/peter\/wp-json\/wp\/v2\/types\/page"}],"author":[{"embeddable":true,"href":"https:\/\/outreach.iac.es\/peter\/wp-json\/wp\/v2\/users\/3"}],"replies":[{"embeddable":true,"href":"https:\/\/outreach.iac.es\/peter\/wp-json\/wp\/v2\/comments?post=229"}],"version-history":[{"count":16,"href":"https:\/\/outreach.iac.es\/peter\/wp-json\/wp\/v2\/pages\/229\/revisions"}],"predecessor-version":[{"id":2436,"href":"https:\/\/outreach.iac.es\/peter\/wp-json\/wp\/v2\/pages\/229\/revisions\/2436"}],"wp:attachment":[{"href":"https:\/\/outreach.iac.es\/peter\/wp-json\/wp\/v2\/media?parent=229"}],"curies":[{"name":"wp","href":"https:\/\/api.w.org\/{rel}","templated":true}]}}