{"id":1693,"date":"2020-06-05T12:08:36","date_gmt":"2020-06-05T12:08:36","guid":{"rendered":"https:\/\/www.iac.es\/peter\/?page_id=1693"},"modified":"2020-11-24T20:37:28","modified_gmt":"2020-11-24T20:37:28","slug":"aaci2020","status":"publish","type":"page","link":"https:\/\/outreach.iac.es\/peter\/aaci2020\/","title":{"rendered":"AACI 2020"},"content":{"rendered":"<h2 style=\"text-align: center;\"><img loading=\"lazy\" class=\"alignnone wp-image-1695 size-full\" src=\"https:\/\/outreach.iac.es\/peter\/wp-content\/uploads\/2020\/06\/banner_AACI2020.jpg\" alt=\"Banner del &quot;Astronomy Education Adventure in the Canary Islands&quot; 2020. Cr\u00e9dito: In\u00e9s Bonet (IAC)\" width=\"2083\" height=\"521\" srcset=\"https:\/\/outreach.iac.es\/peter\/wp-content\/uploads\/2020\/06\/banner_AACI2020.jpg 2083w, https:\/\/outreach.iac.es\/peter\/wp-content\/uploads\/2020\/06\/banner_AACI2020-300x75.jpg 300w, https:\/\/outreach.iac.es\/peter\/wp-content\/uploads\/2020\/06\/banner_AACI2020-768x192.jpg 768w, https:\/\/outreach.iac.es\/peter\/wp-content\/uploads\/2020\/06\/banner_AACI2020-1024x256.jpg 1024w, https:\/\/outreach.iac.es\/peter\/wp-content\/uploads\/2020\/06\/banner_AACI2020-940x235.jpg 940w\" sizes=\"(max-width: 2083px) 100vw, 2083px\" \/><\/h2>\n<h2 style=\"text-align: center;\"><\/h2>\n<h4>English version in the <a href=\"http:\/\/galileoteachers.org\/astronomy-education-adventure-in-the-canary-islands-2020\/\">GTTP website<\/a><\/h4>\n<p>&nbsp;<\/p>\n<p style=\"text-align: justify;\">El <a href=\"https:\/\/www.iac.es\">Instituto de Astrof\u00edsica de Canarias (IAC)<\/a> y <a href=\"https:\/\/nuclio.org\/\">NUCLIO<\/a> organizan la sexta edici\u00f3n del Curso Internacional de Verano para profesorado \u201c<em><strong>Astronomy Education Adventure in the Canary Islands<\/strong>\u201d <\/em>en el marco del <strong>proyecto PETeR<\/strong> y de la <strong><a href=\"http:\/\/esia.ea.gr\/\">European School Innovation Academy<\/a><\/strong>, en colaboraci\u00f3n con el <a href=\"https:\/\/www.faulkes-telescope.com\/\"><em>Faulkes Telescope Project<\/em><\/a> (Reino Unido), el <a href=\"https:\/\/www.schoolsobservatory.org\/\"><em>National Schools\u2019 Observatory<\/em><\/a> (LJMU; Reino Unido) y la <a href=\"http:\/\/cesar.esa.int\/\">iniciativa educativa CesaR<\/a> (ESAC, ESA-INTA-ISDEFE; Espa\u00f1a).<\/p>\n<p>El tema central de esta edici\u00f3n ser\u00e1 &#8220;<strong>Explorando las estrellas y otros mundos<\/strong>&#8220;. \u00bfQuieres involucrar a tus estudiantes en experiencias de investigaci\u00f3n reales? \u00bfCrees que podr\u00edais descubrir un nuevo planeta alrededor de otra estrella o una nueva estrella variable? La respuesta es s\u00ed y no es tan dif\u00edcil como puede parecer. Gracias al acceso a telescopios rob\u00f3ticos profesionales y al uso de metodolog\u00edas de aprendizaje innovadoras, podr\u00e1s impartir el contenido del plan de estudios y al mismo tiempo acercar la investigaci\u00f3n y la exploraci\u00f3n del Universo a la realidad de tu alumnado.<\/p>\n<p style=\"text-align: justify;\"><strong>Debido a la situaci\u00f3n actual y a las restricciones globales de movilidad relacionadas con la pandemia de COVID-19, el curso se celebrar\u00e1 en modalidad virtual.<\/strong> Lamentamos no poder recibir a los docentes interesados en asistir de forma presencial al curso en las Islas Canarias, pero consideramos que es de especial importancia seguir dando apoyo y formaci\u00f3n al profesorado. Por este motivo, hemos adaptado el curso para que pueda desarrollarse completamente en l\u00ednea.<\/p>\n<h3 style=\"text-align: justify;\"><span style=\"color: #3366ff;\"><span style=\"color: #000080;\">INFORMACI\u00d3N GENERAL<\/span><\/span><\/h3>\n<p style=\"padding-left: 30px; text-align: justify;\"><strong>Fechas:<\/strong> del 20 al 24 de julio de 2020.<\/p>\n<p style=\"padding-left: 30px; text-align: justify;\"><strong>Modalidad:<\/strong> virtual.<\/p>\n<p style=\"padding-left: 30px; text-align: justify;\"><strong>Colectivo al que va dirigido: <\/strong>Profesorado de todos los niveles educativos y materias que deseen sumergirse en una experiencia STEAM (Ciencia, Tecnolog\u00eda, Ingenier\u00eda, Artes y Matem\u00e1ticas) real. Creemos que el aprendizaje mejora cuando los estudiantes est\u00e1n inmersos en experiencias interdisciplinares y en entornos que integran perfectamente la articulaci\u00f3n horizontal (a trav\u00e9s de las diferentes materias) y vertical (a trav\u00e9s de los diferentes niveles educativos).<\/p>\n<p style=\"padding-left: 30px; text-align: justify;\"><strong>Duraci\u00f3n:<\/strong> 25 horas lectivas<\/p>\n<p style=\"padding-left: 30px; text-align: justify;\"><strong>Idioma del curso: <\/strong>INGL\u00c9S<img loading=\"lazy\" class=\"alignright wp-image-1694\" src=\"https:\/\/outreach.iac.es\/peter\/wp-content\/uploads\/2020\/06\/cartel_2020_new-724x1024.jpg\" alt=\"Cartel del &quot;Astronomy Education Adventure in the Canary Islands&quot; 2020\" width=\"400\" height=\"566\" srcset=\"https:\/\/outreach.iac.es\/peter\/wp-content\/uploads\/2020\/06\/cartel_2020_new-724x1024.jpg 724w, https:\/\/outreach.iac.es\/peter\/wp-content\/uploads\/2020\/06\/cartel_2020_new-212x300.jpg 212w, https:\/\/outreach.iac.es\/peter\/wp-content\/uploads\/2020\/06\/cartel_2020_new-768x1086.jpg 768w, https:\/\/outreach.iac.es\/peter\/wp-content\/uploads\/2020\/06\/cartel_2020_new-940x1330.jpg 940w, https:\/\/outreach.iac.es\/peter\/wp-content\/uploads\/2020\/06\/cartel_2020_new.jpg 1800w\" sizes=\"(max-width: 400px) 100vw, 400px\" \/><\/p>\n<p style=\"padding-left: 30px; text-align: justify;\"><strong>Directoras:<\/strong> Nayra Rodr\u00edguez Eugenio (IAC) y Rosa Doran (NUCLIO)<\/p>\n<p style=\"padding-left: 30px; text-align: justify;\">La formaci\u00f3n est\u00e1 certificada por el IAC y NUCLIO.<\/p>\n<h3 style=\"text-align: justify;\"><span style=\"color: #000080;\">PROGRAMA<\/span><\/h3>\n<p style=\"padding-left: 30px; text-align: justify;\">Descarga el <strong><a href=\"https:\/\/outreach.iac.es\/peter\/wp-content\/uploads\/2020\/07\/Programme_AACI2020_vF.pdf\">Programa del curso aqu\u00ed<\/a>.<\/strong><\/p>\n<p style=\"padding-left: 30px; text-align: justify;\"><strong>Sesiones y horario: <\/strong>Tres sesiones cada d\u00eda:<\/p>\n<p style=\"padding-left: 40px; text-align: justify;\">1) 9:00 &#8211; 10:30 WEST (10:00 &#8211; 11:30 CEST)<\/p>\n<p style=\"padding-left: 40px; text-align: justify;\">2) 11:00 &#8211; 12:30 WEST (12:00 &#8211; 13:30 CEST)<\/p>\n<p style=\"padding-left: 40px; text-align: justify;\">3) 14:30 &#8211; 16:30 WEST (15:30 &#8211; 17:30 CEST)<\/p>\n<p style=\"padding-left: 30px; text-align: justify;\"><strong>Ponentes confirmados:<\/strong><\/p>\n<ul>\n<li style=\"list-style-type: none;\">\n<ul>\n<li style=\"list-style-type: none;\">\n<ul>\n<li>Beatriz G\u00f3nzalez (ESAC, ISDEFE)<\/li>\n<li>Felipe Murgas (IAC)<\/li>\n<li>Fraser Lewis (FTP, NSO)<\/li>\n<li>H\u00e9ctor Socas (IAC)<\/li>\n<li>Michel Breitfellner (ESAC, Serco)<\/li>\n<li>Nayra Rodr\u00edguez (IAC)<\/li>\n<li>Rosa Doran (NUCLIO)<\/li>\n<li>Sandra Ben\u00edtez (IAC)<\/li>\n<\/ul>\n<\/li>\n<\/ul>\n<\/li>\n<\/ul>\n<p style=\"padding-left: 30px; text-align: justify;\"><strong>Colaboradores:<\/strong><\/p>\n<ul>\n<li style=\"list-style-type: none;\">\n<ul>\n<li style=\"list-style-type: none;\">\n<ul>\n<li>Ana Costa (NUCLIO)<\/li>\n<li>Gustavo Rojas (NUCLIO)<\/li>\n<\/ul>\n<\/li>\n<\/ul>\n<\/li>\n<\/ul>\n<h3 style=\"text-align: justify;\"><span style=\"color: #000080;\">INSCRIPCI\u00d3N<\/span><\/h3>\n<p style=\"text-align: justify; padding-left: 30px;\">El curso es <strong>gratuito<\/strong>. No hay cuotas de participaci\u00f3n.<\/p>\n<p style=\"text-align: justify; padding-left: 30px;\">La matr\u00edcula est\u00e1 subvencionada por las instituciones organizadoras, pero ser\u00e1 necesario inscribirse, ya que el n\u00famero de plazas disponibles es limitado. La matr\u00edcula estar\u00e1 abierta hasta el <strong>10 de julio (o hasta completar aforo)<\/strong> y las plazas se asignar\u00e1n por estricto orden de inscripci\u00f3n.<\/p>\n<p style=\"text-align: justify; padding-left: 30px;\"><a href=\"https:\/\/form.nuclio.org\/index.php?r=survey\/index&amp;sid=166221&amp;lang=en\"><strong>\u00a1Inscr\u00edbete aqu\u00ed!<\/strong><\/a><\/p>\n<h3 style=\"text-align: justify;\"><span style=\"color: #000080;\">INFORMACI\u00d3N PR\u00c1CTICA<\/span><\/h3>\n<p style=\"text-align: justify; padding-left: 30px;\">El curso se ofrecer\u00e1 de forma telem\u00e1tica usando un software de videoconferencia. Para participar, se requiere un <strong>ordenador con conexi\u00f3n a Internet<\/strong>.<\/p>\n<h3 style=\"text-align: justify;\"><span style=\"color: #000080;\">ORGANIZA<\/span><\/h3>\n<p style=\"padding-left: 30px; text-align: justify;\">Instituto de Astrof\u00edsica de Canarias (IAC; Espa\u00f1a)<\/p>\n<p style=\"padding-left: 30px; text-align: justify;\">N\u00facleo Interactivo de Astronomia (NUCLIO; Portugal)<\/p>\n<p style=\"padding-left: 30px; text-align: justify;\">Faulkes Telescope Project (FTP; Reino Unido)<\/p>\n<p style=\"padding-left: 30px; text-align: justify;\">National Schools\u2019 Observatory (LJMU; Reino Unido)<\/p>\n<p style=\"padding-left: 30px; text-align: justify;\">Proyecto CesaR (ESAC, ESA-INTA-ISDEFE; Espa\u00f1a)<\/p>\n<p style=\"padding-left: 30px; text-align: justify;\">\n","protected":false},"excerpt":{"rendered":"<p>English version in the GTTP website &nbsp; El Instituto de Astrof\u00edsica de Canarias (IAC) y NUCLIO organizan la sexta edici\u00f3n del Curso Internacional de Verano para profesorado \u201cAstronomy Education Adventure in the Canary Islands\u201d en el marco del proyecto PETeR y de la European School Innovation Academy, en colaboraci\u00f3n con [&hellip;]<\/p>\n","protected":false},"author":3,"featured_media":0,"parent":0,"menu_order":0,"comment_status":"closed","ping_status":"closed","template":"","meta":[],"_links":{"self":[{"href":"https:\/\/outreach.iac.es\/peter\/wp-json\/wp\/v2\/pages\/1693"}],"collection":[{"href":"https:\/\/outreach.iac.es\/peter\/wp-json\/wp\/v2\/pages"}],"about":[{"href":"https:\/\/outreach.iac.es\/peter\/wp-json\/wp\/v2\/types\/page"}],"author":[{"embeddable":true,"href":"https:\/\/outreach.iac.es\/peter\/wp-json\/wp\/v2\/users\/3"}],"replies":[{"embeddable":true,"href":"https:\/\/outreach.iac.es\/peter\/wp-json\/wp\/v2\/comments?post=1693"}],"version-history":[{"count":23,"href":"https:\/\/outreach.iac.es\/peter\/wp-json\/wp\/v2\/pages\/1693\/revisions"}],"predecessor-version":[{"id":1732,"href":"https:\/\/outreach.iac.es\/peter\/wp-json\/wp\/v2\/pages\/1693\/revisions\/1732"}],"wp:attachment":[{"href":"https:\/\/outreach.iac.es\/peter\/wp-json\/wp\/v2\/media?parent=1693"}],"curies":[{"name":"wp","href":"https:\/\/api.w.org\/{rel}","templated":true}]}}