{"id":1607,"date":"2020-04-20T11:59:36","date_gmt":"2020-04-20T11:59:36","guid":{"rendered":"https:\/\/www.iac.es\/peter\/?page_id=1607"},"modified":"2021-01-07T11:26:48","modified_gmt":"2021-01-07T11:26:48","slug":"observa-con-el-lco","status":"publish","type":"page","link":"https:\/\/outreach.iac.es\/peter\/observa-con-el-lco\/","title":{"rendered":"Observa con el LCO"},"content":{"rendered":"\n<div class=\"wp-block-image wp-image-1419\"><figure class=\"alignright\"><img loading=\"lazy\" width=\"300\" height=\"233\" src=\"https:\/\/outreach.iac.es\/peter\/wp-content\/uploads\/2020\/01\/LCO_OT_01_big_DLopez_IAC-300x233.jpg\" alt=\"Telescopios LCO en el OT. Cr\u00e9dito: Daniel L\u00f3pez \/ IAC\" class=\"wp-image-1419\" srcset=\"https:\/\/outreach.iac.es\/peter\/wp-content\/uploads\/2020\/01\/LCO_OT_01_big_DLopez_IAC-300x233.jpg 300w, https:\/\/outreach.iac.es\/peter\/wp-content\/uploads\/2020\/01\/LCO_OT_01_big_DLopez_IAC-768x597.jpg 768w, https:\/\/outreach.iac.es\/peter\/wp-content\/uploads\/2020\/01\/LCO_OT_01_big_DLopez_IAC-1024x796.jpg 1024w, https:\/\/outreach.iac.es\/peter\/wp-content\/uploads\/2020\/01\/LCO_OT_01_big_DLopez_IAC-940x731.jpg 940w, https:\/\/outreach.iac.es\/peter\/wp-content\/uploads\/2020\/01\/LCO_OT_01_big_DLopez_IAC.jpg 1280w\" sizes=\"(max-width: 300px) 100vw, 300px\" \/><figcaption>Telescopios LCO en el OT. Cr\u00e9dito: Daniel L\u00f3pez \/ IAC<\/figcaption><\/figure><\/div>\n\n\n\n<p>El Observatorio Las Cumbres dispone de un <strong>Portal de Observaci\u00f3n<\/strong> que te permite planificar tus observaciones y solicitarlas directamente a la red de&nbsp; <strong>telescopios de 40 cent\u00edmetros<\/strong> situados en el Observatorio del Teide (Tenerife), el Observatorio Siding Spring (Australia), el Observatorio de Sutherland (Sud\u00e1frica), el Observatrorio de Cerro Tololo (Chile), el Observatorio McDonald (Texas) y el Observatorio Haleakala (Haw\u00e1i).<\/p>\n\n\n\n<p>Podr\u00e1s observar objetos celestes que sean visibles desde el Hemisferio Norte o desde el Hemisferio Sur de la Tierra. \u00a1Tienes todo el cielo a tu alcance!<\/p>\n\n\n\n<h3>Antes de empezar<\/h3>\n\n\n\n<p>Para solicitar observaciones con PETeR debes pertenecer a un centro educativo, asociaci\u00f3n o instituci\u00f3n espa\u00f1ola registrada en el proyecto. Si a\u00fan no os hab\u00e9is registrado, pod\u00e9is hacerlo <a href=\"https:\/\/outreach.iac.es\/peter\/registra-tu-centro\/\"><strong>aqu\u00ed<\/strong><\/a>.<\/p>\n\n\n\n<p>Cuando vuestro registro haya sido aceptado, recibir\u00e9is un correo con vuestro nombre de usuario y podr\u00e9is empezar a observar el Universo con los <strong>telescopios del Observatorio Las Cumbres (LCO)<\/strong>.<\/p>\n\n\n\n<h3>Solicitar observaciones con el LCO<\/h3>\n\n\n\n<p>\u00bfYa est\u00e1s registrado en PETeR? Entonces, \u00a1ya puedes solicitar observaciones con el LCO! S\u00f3lo tienes que seguir estos pasos:<\/p>\n\n\n\n<ol><li>Pincha en <strong>&#8216;Portal de Observaci\u00f3n del LCO<\/strong>&#8216; (abajo) y el sistema te redirigir\u00e1 a la interfaz de comunicaci\u00f3n con los telescopios del Observatorio Las Cumbres. El portal est\u00e1 alojado en la p\u00e1gina web del LCO y, de momento, solo est\u00e1 disponible en ingl\u00e9s, pero es muy intuitivo.<\/li><li>Pincha en la pesta\u00f1a &#8220;<strong>Login<\/strong>&#8221; (en el men\u00fa superior de la web) e introduce tu nombre de usuario (Username) y la contrase\u00f1a (Password) que hayas elegido. Luego pincha en &#8220;Log in&#8221;.<\/li><li>Una vez hecho eso, estar\u00e1s dentro del Portal de Observaci\u00f3n del LCO y acceder\u00e1s directamente a la petici\u00f3n de observaciones.<\/li><li>Introduce el nombre de la observaci\u00f3n, el nombre o coordenadas del objeto que quieras observar y completa los dem\u00e1s campos de la solicitud de observaciones: cu\u00e1ndo quieres observarlo, con qu\u00e9 filtro (color), durante cu\u00e1nto tiempo, &#8230;<\/li><\/ol>\n\n\n\n<p>El v\u00eddeo siguiente te servir\u00e1 de gu\u00eda para el proceso de solicitar las observaciones (puedes activar los subt\u00edtulos en espa\u00f1ol pinchando en la ruedita de configuraci\u00f3n una vez comience la reproducci\u00f3n del v\u00eddeo).<\/p>\n\n\n\n<p><iframe src=\"https:\/\/www.youtube.com\/embed\/HaXoNYErMCg\" allowfullscreen=\"allowfullscreen\" width=\"963\" height=\"590\" frameborder=\"0\"><\/iframe><\/p>\n\n\n\n<div class=\"wp-block-buttons\">\n<div class=\"wp-block-button\"><a class=\"wp-block-button__link\" href=\"https:\/\/observe.lco.global\"><strong>Portal de Observaci\u00f3n del LCO<\/strong><\/a><\/div>\n<\/div>\n\n\n\n<div style=\"height:60px\" aria-hidden=\"true\" class=\"wp-block-spacer\"><\/div>\n\n\n\n<h3>\u00bfTienes dudas?<\/h3>\n\n\n\n<p>Consulta las secciones <a href=\"https:\/\/lco.global\/education\/observing\/\">P\u00e1ginas de Apoyo a las Observaciones<\/a> y <a href=\"https:\/\/lco.global\/education\/observing\/faq\/\">Preguntas Frecuentes<\/a> de la web del LCO, donde encontrar\u00e1s muchas recomendaciones para realizar tus observaciones con estos telescopios (en ingl\u00e9s).<\/p>\n\n\n\n<p>Tambi\u00e9n puedes consultar la secci\u00f3n <a href=\"https:\/\/outreach.iac.es\/peter\/preguntas\/\" data-type=\"page\" data-id=\"1843\">PREGUNTAS<\/a> de la web de PETeR y abrir un tema nuevo si tu duda no ha sido planteada a\u00fan por otro usuario\/a.<\/p>\n\n\n\n<p>Recuerda que podemos ayudarte a preparar tus propuestas de observaci\u00f3n, elegir qu\u00e9 filtros usar, qu\u00e9 tiempos de exposici\u00f3n son necesarios, etc.<\/p>\n","protected":false},"excerpt":{"rendered":"<p>El Observatorio Las Cumbres dispone de un Portal de Observaci\u00f3n que te permite planificar tus observaciones y solicitarlas directamente a la red de&nbsp; telescopios de 40 cent\u00edmetros situados en el Observatorio del Teide (Tenerife), el Observatorio Siding Spring (Australia), el Observatorio de Sutherland (Sud\u00e1frica), el Observatrorio de Cerro Tololo (Chile), [&hellip;]<\/p>\n","protected":false},"author":3,"featured_media":0,"parent":0,"menu_order":0,"comment_status":"closed","ping_status":"closed","template":"","meta":[],"_links":{"self":[{"href":"https:\/\/outreach.iac.es\/peter\/wp-json\/wp\/v2\/pages\/1607"}],"collection":[{"href":"https:\/\/outreach.iac.es\/peter\/wp-json\/wp\/v2\/pages"}],"about":[{"href":"https:\/\/outreach.iac.es\/peter\/wp-json\/wp\/v2\/types\/page"}],"author":[{"embeddable":true,"href":"https:\/\/outreach.iac.es\/peter\/wp-json\/wp\/v2\/users\/3"}],"replies":[{"embeddable":true,"href":"https:\/\/outreach.iac.es\/peter\/wp-json\/wp\/v2\/comments?post=1607"}],"version-history":[{"count":18,"href":"https:\/\/outreach.iac.es\/peter\/wp-json\/wp\/v2\/pages\/1607\/revisions"}],"predecessor-version":[{"id":2223,"href":"https:\/\/outreach.iac.es\/peter\/wp-json\/wp\/v2\/pages\/1607\/revisions\/2223"}],"wp:attachment":[{"href":"https:\/\/outreach.iac.es\/peter\/wp-json\/wp\/v2\/media?parent=1607"}],"curies":[{"name":"wp","href":"https:\/\/api.w.org\/{rel}","templated":true}]}}