{"id":1478,"date":"2020-04-14T20:03:11","date_gmt":"2020-04-14T20:03:11","guid":{"rendered":"https:\/\/www.iac.es\/peter\/?page_id=1478"},"modified":"2026-03-12T15:27:29","modified_gmt":"2026-03-12T15:27:29","slug":"archivo-de-observaciones","status":"publish","type":"page","link":"https:\/\/outreach.iac.es\/peter\/archivo-de-observaciones\/","title":{"rendered":"Archivo de observaciones"},"content":{"rendered":"\n<div class=\"wp-block-image\"><figure class=\"alignright\"><img loading=\"lazy\" width=\"300\" height=\"240\" src=\"https:\/\/outreach.iac.es\/peter\/wp-content\/uploads\/2017\/05\/lupa-300x240.png\" alt=\"\" class=\"wp-image-539\" srcset=\"https:\/\/outreach.iac.es\/peter\/wp-content\/uploads\/2017\/05\/lupa-300x240.png 300w, https:\/\/outreach.iac.es\/peter\/wp-content\/uploads\/2017\/05\/lupa.png 477w\" sizes=\"(max-width: 300px) 100vw, 300px\" \/><\/figure><\/div>\n\n\n\n<h3>Archivo de observaciones<\/h3>\n\n\n\n<p>Puedes buscar observaciones que t\u00fa u otros usuarios hayan realizado anteriormente. Es muy f\u00e1cil, solo tendr\u00e1s que elegir qu\u00e9 criterio de b\u00fasqueda quieres usar (un objeto concreto, unas observaciones en una fecha determinada, un usuario, \u2026) y seleccionarlo en el formulario.<\/p>\n\n\n\n<p>Puedes hacer tu b\u00fasqueda en los archivos de im\u00e1genes de los diferentes telescopios de PETeR:<\/p>\n\n\n\n<div style=\"height:27px\" aria-hidden=\"true\" class=\"wp-block-spacer\"><\/div>\n\n\n\n<p><\/p>\n\n\n\n<div class=\"wp-block-buttons\">\n<div class=\"wp-block-button\"><a class=\"wp-block-button__link\" href=\"https:\/\/www.schoolsobservatory.org\/obs\/arch\" target=\"_blank\" rel=\"noreferrer noopener\">Busca entre todas las im\u00e1genes del Telescopio Liverpool<\/a><\/div>\n<\/div>\n\n\n\n<div style=\"height:37px\" aria-hidden=\"true\" class=\"wp-block-spacer\"><\/div>\n\n\n\n<div class=\"wp-block-buttons\">\n<div class=\"wp-block-button\"><a class=\"wp-block-button__link\" href=\"https:\/\/archive.lco.global\/\" target=\"_blank\" rel=\"noreferrer noopener\">Busca entre todas las im\u00e1genes obtenidas con los telescopios del LCO<\/a><\/div>\n<\/div>\n\n\n\n<p><\/p>\n","protected":false},"excerpt":{"rendered":"<p>Archivo de observaciones Puedes buscar observaciones que t\u00fa u otros usuarios hayan realizado anteriormente. Es muy f\u00e1cil, solo tendr\u00e1s que elegir qu\u00e9 criterio de b\u00fasqueda quieres usar (un objeto concreto, unas observaciones en una fecha determinada, un usuario, \u2026) y seleccionarlo en el formulario. Puedes hacer tu b\u00fasqueda en los [&hellip;]<\/p>\n","protected":false},"author":3,"featured_media":0,"parent":0,"menu_order":0,"comment_status":"closed","ping_status":"closed","template":"","meta":[],"_links":{"self":[{"href":"https:\/\/outreach.iac.es\/peter\/wp-json\/wp\/v2\/pages\/1478"}],"collection":[{"href":"https:\/\/outreach.iac.es\/peter\/wp-json\/wp\/v2\/pages"}],"about":[{"href":"https:\/\/outreach.iac.es\/peter\/wp-json\/wp\/v2\/types\/page"}],"author":[{"embeddable":true,"href":"https:\/\/outreach.iac.es\/peter\/wp-json\/wp\/v2\/users\/3"}],"replies":[{"embeddable":true,"href":"https:\/\/outreach.iac.es\/peter\/wp-json\/wp\/v2\/comments?post=1478"}],"version-history":[{"count":11,"href":"https:\/\/outreach.iac.es\/peter\/wp-json\/wp\/v2\/pages\/1478\/revisions"}],"predecessor-version":[{"id":3832,"href":"https:\/\/outreach.iac.es\/peter\/wp-json\/wp\/v2\/pages\/1478\/revisions\/3832"}],"wp:attachment":[{"href":"https:\/\/outreach.iac.es\/peter\/wp-json\/wp\/v2\/media?parent=1478"}],"curies":[{"name":"wp","href":"https:\/\/api.w.org\/{rel}","templated":true}]}}