{"id":1475,"date":"2020-04-14T20:24:29","date_gmt":"2020-04-14T20:24:29","guid":{"rendered":"https:\/\/www.iac.es\/peter\/?page_id=1475"},"modified":"2020-12-30T09:01:46","modified_gmt":"2020-12-30T09:01:46","slug":"mis-observaciones","status":"publish","type":"page","link":"https:\/\/outreach.iac.es\/peter\/mis-observaciones\/","title":{"rendered":"Mis Observaciones"},"content":{"rendered":"\n<h4>Consulta el estado de tus observaciones<\/h4>\n\n\n\n<div class=\"wp-block-image\"><figure class=\"alignright is-resized\"><img loading=\"lazy\" src=\"https:\/\/outreach.iac.es\/peter\/wp-content\/uploads\/2017\/05\/interrogante.png\" alt=\"interrogante\" class=\"wp-image-537\" width=\"190\" height=\"259\" srcset=\"https:\/\/outreach.iac.es\/peter\/wp-content\/uploads\/2017\/05\/interrogante.png 370w, https:\/\/outreach.iac.es\/peter\/wp-content\/uploads\/2017\/05\/interrogante-220x300.png 220w\" sizes=\"(max-width: 190px) 100vw, 190px\" \/><\/figure><\/div>\n\n\n\n<div class=\"wp-block-group\"><div class=\"wp-block-group__inner-container\">\n<div class=\"wp-block-group grupo-bloques\"><div class=\"wp-block-group__inner-container\">\n<p><br><strong>\u00bfHas solicitado alguna observaci\u00f3n con el Telescopio Liverpool usando \u201cQuiero&nbsp; Observar\u201d?<\/strong><\/p>\n\n\n\n<p>Para consultar si tus observaciones se han realizado ya, haz lo siguiente:<\/p>\n\n\n\n<ol><li>1. Pincha en &#8220;<a href=\"https:\/\/www.schoolsobservatory.org\/obs\/es_status\"><span style=\"color: #0000ff;\"><strong>Mis observaciones con el Telescopio Liverpool<\/strong><\/span><\/a>&#8220;.<\/li><li>2. Accede al portal introduciendo tu nombre de Usuario y Contrase\u00f1a en &#8220;<strong>Login<\/strong>&#8221; (men\u00fa superior de la web).<\/li><li>3. Pincha en &#8220;<strong>Mis Observaciones<\/strong>&#8221; y aparecer\u00e1 un listado con todas tus observaciones con el Telescopio Liverpool.<\/li><li>4. Busca la observaci\u00f3n que te interese y vete a la columna &#8220;Estado&#8221;. Si se indica &#8220;<strong>Listo para descargar<\/strong>&#8220;, pincha en el enlace.<\/li><li>5. Se abrir\u00e1 una nueva ventana con informaci\u00f3n de la observaci\u00f3n y podr\u00e1s descargarla pinchando en &#8220;<strong>Descargar fichero de datos de imagen<\/strong>&#8220;.<\/li><li>6. Pinchando en &#8220;<strong>Condiciones meteorol\u00f3gicas<\/strong>&#8221; y&nbsp; en &#8220;<strong>Condiciones de Observaci\u00f3n<\/strong>&#8221; podr\u00e1s conocer c\u00f3mo fue la noche en que se realiz\u00f3 la observaci\u00f3n (meteorolog\u00eda, fase de la Luna, &#8230;)<\/li><\/ol>\n\n\n\n<p>A veces los objetos son muy dif\u00edciles de observar. Puedes utilizar las barras de color que aparecen al programar la observaci\u00f3n para confirmar cu\u00e1ndo ser\u00e1 visible el objeto que has elegido. Adem\u00e1s, puede que las observaciones tarden un tiempo en realizarse (por mal tiempo, alg\u00fan problema t\u00e9cnico o si hay muchas observaciones pendientes). Si el telescopio no puede realizar tus observaciones en las fechas en las que las has solicitado, lo seguir\u00e1 intentando durante <strong>un mes<\/strong>.<\/p>\n\n\n\n<p><\/p>\n\n\n\n<div class=\"wp-block-buttons\">\n<div class=\"wp-block-button\"><a class=\"wp-block-button__link\" href=\"https:\/\/www.schoolsobservatory.org\/obs\/es_status\"><strong>Mis observaciones con el Telescopio Liverpool<\/strong><\/a><\/div>\n<\/div>\n\n\n\n<div style=\"height:60px\" aria-hidden=\"true\" class=\"wp-block-spacer\"><\/div>\n<\/div><\/div>\n<\/div><\/div>\n\n\n\n<div class=\"wp-block-group grupo-bloques\"><div class=\"wp-block-group__inner-container\">\n<h4>\u00bfHas solicitado alguna observaci\u00f3n con los <strong>telescopios del Observatorio Las Cumbres<\/strong>?<\/h4>\n\n\n\n<div class=\"wp-block-image\"><figure class=\"alignright is-resized\"><img loading=\"lazy\" src=\"https:\/\/outreach.iac.es\/peter\/wp-content\/uploads\/2017\/05\/fotos2-277x300.png\" alt=\"\" class=\"wp-image-536\" width=\"170\" height=\"184\" srcset=\"https:\/\/outreach.iac.es\/peter\/wp-content\/uploads\/2017\/05\/fotos2-277x300.png 277w, https:\/\/outreach.iac.es\/peter\/wp-content\/uploads\/2017\/05\/fotos2.png 403w\" sizes=\"(max-width: 170px) 100vw, 170px\" \/><\/figure><\/div>\n\n\n\n<p>Accede al portal de observaci\u00f3n del LCO y comprueba si tus observaciones se han realizado ya: <\/p>\n\n\n\n<ol><li>1. Pincha en &#8220;<a href=\"https:\/\/observe.lco.global\/?proposal=LCOEPO2018A-005\"><span style=\"color: #0000ff;\"><strong>Mis observaciones con el LCO<\/strong><\/span><\/a>&#8220;.<\/li><li>2. Busca tus observaciones en el listado pinchando en &#8220;<strong>Filter list<\/strong>&#8220;: escribe tu usuario del LCO en &#8220;<strong>Username Contains<\/strong>&#8221; y pincha en &#8220;<strong>Filter Results<\/strong>&#8220;. Aparecer\u00e1n todas las observaciones que has realizado con los telescopios del LCO.<\/li><li>3. Busca la observaci\u00f3n que te interese y vete a la columna &#8220;State Info&#8221;. Si indica &#8220;<strong>COMPLETED<\/strong>&#8220;, pincha en el <span style=\"color: #0000ff;\"><span style=\"color: #000000;\"><strong>nombre de la observaci\u00f3n<\/strong><\/span>.<\/span><\/li><li>4. Se abrir\u00e1 una nueva ventana con informaci\u00f3n de la observaci\u00f3n y podr\u00e1s previsualizar las im\u00e1genes y descargarlas.<\/li><\/ol>\n\n\n\n<div class=\"wp-block-buttons\">\n<div class=\"wp-block-button\"><a class=\"wp-block-button__link\" href=\"https:\/\/observe.lco.global\/?proposal=LCOEPO2018A-005\"><strong>Mis observaciones con el LCO<\/strong><\/a><\/div>\n<\/div>\n\n\n\n<div style=\"height:50px\" aria-hidden=\"true\" class=\"wp-block-spacer\"><\/div>\n<\/div><\/div>\n","protected":false},"excerpt":{"rendered":"<p>Consulta el estado de tus observaciones<\/p>\n","protected":false},"author":3,"featured_media":0,"parent":0,"menu_order":0,"comment_status":"closed","ping_status":"closed","template":"","meta":[],"_links":{"self":[{"href":"https:\/\/outreach.iac.es\/peter\/wp-json\/wp\/v2\/pages\/1475"}],"collection":[{"href":"https:\/\/outreach.iac.es\/peter\/wp-json\/wp\/v2\/pages"}],"about":[{"href":"https:\/\/outreach.iac.es\/peter\/wp-json\/wp\/v2\/types\/page"}],"author":[{"embeddable":true,"href":"https:\/\/outreach.iac.es\/peter\/wp-json\/wp\/v2\/users\/3"}],"replies":[{"embeddable":true,"href":"https:\/\/outreach.iac.es\/peter\/wp-json\/wp\/v2\/comments?post=1475"}],"version-history":[{"count":30,"href":"https:\/\/outreach.iac.es\/peter\/wp-json\/wp\/v2\/pages\/1475\/revisions"}],"predecessor-version":[{"id":2096,"href":"https:\/\/outreach.iac.es\/peter\/wp-json\/wp\/v2\/pages\/1475\/revisions\/2096"}],"wp:attachment":[{"href":"https:\/\/outreach.iac.es\/peter\/wp-json\/wp\/v2\/media?parent=1475"}],"curies":[{"name":"wp","href":"https:\/\/api.w.org\/{rel}","templated":true}]}}