{"id":1449,"date":"2020-04-13T18:54:38","date_gmt":"2020-04-13T18:54:38","guid":{"rendered":"https:\/\/www.iac.es\/peter\/?page_id=1449"},"modified":"2025-12-17T12:59:32","modified_gmt":"2025-12-17T12:59:32","slug":"formacion-de-peter-en-las-islas-canarias","status":"publish","type":"page","link":"https:\/\/outreach.iac.es\/peter\/cursos-y-webinars\/formacion-de-peter-en-las-islas-canarias\/","title":{"rendered":"Formaci\u00f3n de PETeR en las Islas Canarias"},"content":{"rendered":"<p><img loading=\"lazy\" class=\"wp-image-1447 size-full aligncenter\" src=\"https:\/\/outreach.iac.es\/peter\/wp-content\/uploads\/2020\/04\/ORM_Pano_DLopez.jpg\" alt=\"Panor\u00e1mica del Observatorio del Roque de los Muchachos con la V\u00eda L\u00e1ctea. Cr\u00e9dito: Daniel L\u00f3pez \/ IAC\" width=\"960\" height=\"540\" srcset=\"https:\/\/outreach.iac.es\/peter\/wp-content\/uploads\/2020\/04\/ORM_Pano_DLopez.jpg 960w, https:\/\/outreach.iac.es\/peter\/wp-content\/uploads\/2020\/04\/ORM_Pano_DLopez-300x169.jpg 300w, https:\/\/outreach.iac.es\/peter\/wp-content\/uploads\/2020\/04\/ORM_Pano_DLopez-768x432.jpg 768w, https:\/\/outreach.iac.es\/peter\/wp-content\/uploads\/2020\/04\/ORM_Pano_DLopez-940x529.jpg 940w\" sizes=\"(max-width: 960px) 100vw, 960px\" \/><\/p>\n<p>Canarias cuenta con uno de los tres mejores cielos del mundo para la observaci\u00f3n astron\u00f3mica, condiciones naturales que han sido protegidas y conservadas gracias a la pionera Ley del Cielo de Canarias, que en 2018 cumpli\u00f3 30 a\u00f1os. Con el objetivo de divulgar la calidad y posibilidades astron\u00f3micas de estos cielos entre el alumnado de las Islas y en la comunidad educativa en general, al tiempo que se fomentan las vocaciones cient\u00edfico-tecnol\u00f3gicas en este campo, el <strong>Instituto de Astrof\u00edsica de Canarias (IAC)<\/strong>, a trav\u00e9s de su Unidad de Comunicaci\u00f3n y Cultura Cient\u00edfica (UC3), y la <strong>Consejer\u00eda de Educaci\u00f3n del Gobierno de Canarias<\/strong>, a trav\u00e9s de su programa STEAM para el fomento de las vocaciones cient\u00edficas y la creatividad, colaboran desde 2018 en un conjunto de acciones formativas dirigidas al profesorado canario.<\/p>\n<h4><\/h4>\n<h4><strong>Acciones formativas en el marco de PETeR:<\/strong><\/h4>\n<p><strong>Curso 2025-2026:<\/strong><\/p>\n<ul>\n<li>Proyecto de Innovaci\u00f3n Educativa <a href=\"https:\/\/outreach.iac.es\/peter\/ciencia-con-peter-investigando-el-sistema-solar-y-los-exoplanetas-con-telescopios-roboticos\/\">&#8216;<strong>Ciencia con PETeR: Investigando el Sistema Solar y los exoplanetas con telescopios rob\u00f3ticos<\/strong>&#8216;<\/a>.<\/li>\n<\/ul>\n<p><strong>Curso 2024-2025:<\/strong><\/p>\n<ul>\n<li><a href=\"https:\/\/outreach.iac.es\/peter\/peter-investiga-el-universo-con-telescopios-roboticos-edicion-2024-2025\/\"><strong>PETeR: Investiga el Universo con telescopios rob\u00f3ticos<\/strong><\/a> (7 sesiones de 2 horas, online)\n<ul><\/ul>\n<\/li>\n<\/ul>\n<p><strong>Curso 2023-2024:<\/strong><\/p>\n<ul>\n<li><a href=\"https:\/\/outreach.iac.es\/peter\/abierta-la-inscripcion-al-curso-de-formacion-peter-investigar-el-universo-con-telescopios-roboticos\/\"><strong>PETeR: Investigar el Universo con telescopios rob\u00f3ticos<\/strong><\/a> (4 sesiones de 2,5 horas, online)\n<ul><\/ul>\n<\/li>\n<\/ul>\n<p><strong>Curso 2020-2021:<\/strong><\/p>\n<ul>\n<li><strong>Introducci\u00f3n a la Astronom\u00eda <\/strong>(3 horas, online)<\/li>\n<li><strong>PETeR: Investigar el Universo con telescopios rob\u00f3ticos<\/strong> (4 sesiones de 3 horas, online)\n<ul>\n<li>M\u00e1s informaci\u00f3n:\u00a0 <a href=\"https:\/\/outreach.iac.es\/peter\/2021\/05\/13\/nuevos-cursos-online-de-peter\/\">https:\/\/outreach.iac.es\/peter\/2021\/05\/13\/nuevos-cursos-online-de-peter\/<\/a><a href=\"https:\/\/www.gobiernodecanarias.org\/educacion\/6\/alisios\/cfprec\/code\/DatosCurso.aspx?id=41942\"><\/a><\/li>\n<\/ul>\n<\/li>\n<\/ul>\n<p><strong>Curso 2019-2020:<\/strong><\/p>\n<ul>\n<li><strong>Introducci\u00f3n a la Astronom\u00eda <\/strong>(3 horas, online)<\/li>\n<li><strong>Investigar el Universo con telescopios rob\u00f3ticos<\/strong> (5 sesiones de 2 horas, online)\n<ul>\n<li>M\u00e1s informaci\u00f3n:<a href=\"https:\/\/outreach.iac.es\/peter\/2020\/04\/13\/formacion-online-de-peter-para-docentes-y-educadores\/\"> https:\/\/outreach.iac.es\/peter\/2020\/04\/13\/formacion-online-de-peter-para-docentes-y-educadores\/<\/a><\/li>\n<\/ul>\n<\/li>\n<\/ul>\n<p><strong>Curso 2018-2019:<\/strong><\/p>\n<ul>\n<li><strong>Introducci\u00f3n a la Astronom\u00eda <\/strong>(3 horas, presencial)<\/li>\n<li><strong>Introducci\u00f3n a PETeR <\/strong>(3 horas, presencial)<\/li>\n<li><strong>Formaci\u00f3n pr\u00e1ctica de PETeR <\/strong>(3 sesiones de 2 horas, presencial)<\/li>\n<li>M\u00e1s informaci\u00f3n: <a href=\"https:\/\/outreach.iac.es\/peter\/2018\/10\/18\/nuevas-formaciones-de-peter-para-el-profesorado-de-canarias\/\">https:\/\/outreach.iac.es\/peter\/2018\/10\/18\/nuevas-formaciones-de-peter-para-el-profesorado-de-canarias\/<\/a><\/li>\n<\/ul>\n<p><strong>Curso 2017-2018:<\/strong><\/p>\n<ul>\n<li><strong>Introducci\u00f3n al proyecto educativo \u2018PETeR, Robots que miran al cielo\u2019<\/strong> (4 horas, 2h online y 2h presenciales)<\/li>\n<li><strong>Formaci\u00f3n pr\u00e1ctica del proyecto educativo PETeR<\/strong> (3 sesiones de 2 horas, online)<\/li>\n<li>M\u00e1s informaci\u00f3n: <a href=\"https:\/\/outreach.iac.es\/peter\/2018\/02\/16\/astronomia-en-las-aulas-canarias\/\">https:\/\/outreach.iac.es\/peter\/2018\/02\/16\/astronomia-en-las-aulas-canarias\/<\/a><\/li>\n<\/ul>\n","protected":false},"excerpt":{"rendered":"<p>Canarias cuenta con uno de los tres mejores cielos del mundo para la observaci\u00f3n astron\u00f3mica, condiciones naturales que han sido protegidas y conservadas gracias a la pionera Ley del Cielo de Canarias, que en 2018 cumpli\u00f3 30 a\u00f1os. Con el objetivo de divulgar la calidad y posibilidades astron\u00f3micas de estos [&hellip;]<\/p>\n","protected":false},"author":3,"featured_media":0,"parent":1269,"menu_order":0,"comment_status":"closed","ping_status":"closed","template":"","meta":[],"_links":{"self":[{"href":"https:\/\/outreach.iac.es\/peter\/wp-json\/wp\/v2\/pages\/1449"}],"collection":[{"href":"https:\/\/outreach.iac.es\/peter\/wp-json\/wp\/v2\/pages"}],"about":[{"href":"https:\/\/outreach.iac.es\/peter\/wp-json\/wp\/v2\/types\/page"}],"author":[{"embeddable":true,"href":"https:\/\/outreach.iac.es\/peter\/wp-json\/wp\/v2\/users\/3"}],"replies":[{"embeddable":true,"href":"https:\/\/outreach.iac.es\/peter\/wp-json\/wp\/v2\/comments?post=1449"}],"version-history":[{"count":20,"href":"https:\/\/outreach.iac.es\/peter\/wp-json\/wp\/v2\/pages\/1449\/revisions"}],"predecessor-version":[{"id":3736,"href":"https:\/\/outreach.iac.es\/peter\/wp-json\/wp\/v2\/pages\/1449\/revisions\/3736"}],"up":[{"embeddable":true,"href":"https:\/\/outreach.iac.es\/peter\/wp-json\/wp\/v2\/pages\/1269"}],"wp:attachment":[{"href":"https:\/\/outreach.iac.es\/peter\/wp-json\/wp\/v2\/media?parent=1449"}],"curies":[{"name":"wp","href":"https:\/\/api.w.org\/{rel}","templated":true}]}}