{"id":143,"date":"2016-11-30T15:42:28","date_gmt":"2016-11-30T15:42:28","guid":{"rendered":"http:\/\/www.iac.es\/peter-new\/?page_id=143"},"modified":"2020-11-24T20:37:28","modified_gmt":"2020-11-24T20:37:28","slug":"contacto","status":"publish","type":"page","link":"https:\/\/outreach.iac.es\/peter\/contacto\/","title":{"rendered":"Contacto"},"content":{"rendered":"<p>Si tienes sugerencias o dudas sobre el proyecto u otros temas de divulgaci\u00f3n de la astronom\u00eda, puedes escribirnos a:<br \/>\n<img loading=\"lazy\" class=\"alignright wp-image-545\" src=\"https:\/\/outreach.iac.es\/peter\/wp-content\/uploads\/2017\/05\/sobre.png\" alt=\"sobre\" width=\"400\" height=\"288\" srcset=\"https:\/\/outreach.iac.es\/peter\/wp-content\/uploads\/2017\/05\/sobre.png 457w, https:\/\/outreach.iac.es\/peter\/wp-content\/uploads\/2017\/05\/sobre-300x216.png 300w\" sizes=\"(max-width: 400px) 100vw, 400px\" \/><\/p>\n<p>&nbsp;<\/p>\n<h5>e-mail: <strong>peter[arroba]iac.es<\/strong><\/h5>\n<p>&nbsp;<\/p>\n<h5><strong>Nayra Rodr\u00edguez Eugenio<\/strong><\/h5>\n<p>Unidad de Comunicaci\u00f3n y Cultura Cient\u00edfica (UC3)<\/p>\n<p><strong><em>Instituto de Astrof\u00edsica de Canarias (IAC)<\/em><\/strong><br \/>\nCalle V\u00eda L\u00e1ctea, s\/n<br \/>\n38205 San Crist\u00f3bal de La Laguna<br \/>\nSanta Cruz de Tenerife, Espa\u00f1a<\/p>\n<h5>Tel\u00e9fono: (+34) <strong>922605200<\/strong><\/h5>\n<p>&nbsp;<\/p>\n","protected":false},"excerpt":{"rendered":"<p>Si tienes sugerencias o dudas sobre el proyecto u otros temas de divulgaci\u00f3n de la astronom\u00eda, puedes escribirnos a: &nbsp; e-mail: peter[arroba]iac.es &nbsp; Nayra Rodr\u00edguez Eugenio Unidad de Comunicaci\u00f3n y Cultura Cient\u00edfica (UC3) Instituto de Astrof\u00edsica de Canarias (IAC) Calle V\u00eda L\u00e1ctea, s\/n 38205 San Crist\u00f3bal de La Laguna Santa [&hellip;]<\/p>\n","protected":false},"author":3,"featured_media":0,"parent":0,"menu_order":0,"comment_status":"closed","ping_status":"closed","template":"","meta":[],"_links":{"self":[{"href":"https:\/\/outreach.iac.es\/peter\/wp-json\/wp\/v2\/pages\/143"}],"collection":[{"href":"https:\/\/outreach.iac.es\/peter\/wp-json\/wp\/v2\/pages"}],"about":[{"href":"https:\/\/outreach.iac.es\/peter\/wp-json\/wp\/v2\/types\/page"}],"author":[{"embeddable":true,"href":"https:\/\/outreach.iac.es\/peter\/wp-json\/wp\/v2\/users\/3"}],"replies":[{"embeddable":true,"href":"https:\/\/outreach.iac.es\/peter\/wp-json\/wp\/v2\/comments?post=143"}],"version-history":[{"count":1,"href":"https:\/\/outreach.iac.es\/peter\/wp-json\/wp\/v2\/pages\/143\/revisions"}],"predecessor-version":[{"id":1227,"href":"https:\/\/outreach.iac.es\/peter\/wp-json\/wp\/v2\/pages\/143\/revisions\/1227"}],"wp:attachment":[{"href":"https:\/\/outreach.iac.es\/peter\/wp-json\/wp\/v2\/media?parent=143"}],"curies":[{"name":"wp","href":"https:\/\/api.w.org\/{rel}","templated":true}]}}