{"id":1279,"date":"2019-08-30T13:11:04","date_gmt":"2019-08-30T13:11:04","guid":{"rendered":"https:\/\/fausto.ll.iac.es\/peter\/?page_id=1279"},"modified":"2021-01-05T09:05:26","modified_gmt":"2021-01-05T09:05:26","slug":"para-docentes","status":"publish","type":"page","link":"https:\/\/outreach.iac.es\/peter\/para-docentes\/","title":{"rendered":"Para docentes"},"content":{"rendered":"\n<div class=\"wp-block-group grupo-bloques\"><div class=\"wp-block-group__inner-container\">\n<h3>Registra tu centro<\/h3>\n\n\n\n<p>PETeR ofrece actividades y recursos educativos que puedes usar en clase sin necesidad de registrarte en el proyecto. Sin embargo, te recomendamos que formes parte de la <strong>Comunidad PETeR<\/strong> para poder realizar observaciones con telescopios rob\u00f3ticos, hacer consultas, recibir nuestras comunicaciones y estar al tanto de noticias. Adem\u00e1s, as\u00ed nos ayudas a realizar el seguimiento del proyecto.<\/p>\n\n\n\n<div class=\"wp-block-buttons\">\n<div class=\"wp-block-button\"><a class=\"wp-block-button__link\" href=\"registra-tu-centro\/\"><strong>Forma parte de la Comunidad PETeR<\/strong><\/a><\/div>\n<\/div>\n<\/div><\/div>\n\n\n\n<div style=\"height:60px\" aria-hidden=\"true\" class=\"wp-block-spacer\"><\/div>\n\n\n\n<div class=\"wp-block-group grupo-bloques\"><div class=\"wp-block-group__inner-container\">\n<h3>Cursos de formaci\u00f3n<\/h3>\n\n\n\n<p>A lo largo del a\u00f1o organizamos diferentes acciones formativas y cursos destinados a dotar al profesorado y otros usuarios de PETeR de los conocimientos y herramientas necesarias para sacar todo el partido al proyecto. Estas formaciones incluyen contenidos sobre Astronom\u00eda-Astrof\u00edsica y \u00e1reas afines, sesiones informativas sobre los telescopios disponibles en PETeR y c\u00f3mo solicitar observaciones con ellos, sesiones pr\u00e1cticas sobre c\u00f3mo trabajar con las im\u00e1genes astron\u00f3micas, ejemplos de proyectos cient\u00edficos, etc.<\/p>\n\n\n\n<p>Si quieres estar informad@ sobre pr\u00f3ximos cursos o acciones formativas que organicemos o en los que participemos, visita la secci\u00f3n &#8220;<a href=\"..\/noticias\/\">Noticias<\/a>&#8221; o reg\u00edstrate en PETeR para que recibas nuestras comunicaciones.<\/p>\n\n\n\n<p>Puedes ver una selecci\u00f3n de im\u00e1genes de los cursos de formaci\u00f3n que hemos organizado en la galer\u00eda <a href=\"..\/eventos-y-cursos\/\">&#8216;Eventos y Cursos&#8217;<\/a>.<\/p>\n\n\n\n<div class=\"wp-block-buttons\">\n<div class=\"wp-block-button\"><a class=\"wp-block-button__link\" href=\"https:\/\/outreach.iac.es\/peter\/cursos-y-webinars\/\"><strong>F\u00f3rmate con nosotros<\/strong><\/a><\/div>\n<\/div>\n<\/div><\/div>\n\n\n\n<div style=\"height:60px\" aria-hidden=\"true\" class=\"wp-block-spacer\"><\/div>\n\n\n\n<h3>Dudas, consejos y soluciones a actividades<\/h3>\n\n\n\n<div class=\"wp-block-group grupo-bloques\"><div class=\"wp-block-group__inner-container\">\n<p>Hemos creado una <strong>gu\u00eda docente <\/strong>para cada una de las Unidades Did\u00e1cticas de la secci\u00f3n &#8220;Actividades&#8221;, con algunos consejos y las soluciones a las actividades propuestas.&nbsp;<\/p>\n\n\n\n<div class=\"wp-block-buttons\">\n<div class=\"wp-block-button\"><a class=\"wp-block-button__link\" href=\"guias-para-el-profesorado\/\"><strong>Descarga las Gu\u00edas para el profesorado<\/strong><\/a><\/div>\n<\/div>\n<\/div><\/div>\n\n\n\n<div style=\"height:31px\" aria-hidden=\"true\" class=\"wp-block-spacer\"><\/div>\n\n\n\n<div class=\"wp-block-group grupo-bloques\"><div class=\"wp-block-group__inner-container\">\n<p>\u00bfTienes dudas sobre alg\u00fan contenido o alguna de las herramientas o interfaces que ponemos a tu disposici\u00f3n en PETeR? \u00bfQuieres desarrollar un proyecto de investigaci\u00f3n y necesitas asesoramiento? En la secci\u00f3n &#8220;Preguntas&#8221; de la web podr\u00e1s ver si ya hemos resuelto tu duda anteriormente y hacer nuevas cosultas. El foro sirve tambi\u00e9n para intercambiar consejos y experiencias entre toda la Comunidad PETeR.&nbsp;<\/p>\n\n\n\n<div class=\"wp-block-buttons\">\n<div class=\"wp-block-button\"><a class=\"wp-block-button__link\" href=\"https:\/\/outreach.iac.es\/peter\/preguntas\/\"><strong>Participa en el foro de PETeR<\/strong><\/a><\/div>\n<\/div>\n<\/div><\/div>\n\n\n\n<div style=\"height:52px\" aria-hidden=\"true\" class=\"wp-block-spacer\"><\/div>\n","protected":false},"excerpt":{"rendered":"<p>Dudas, consejos y soluciones a actividades<\/p>\n","protected":false},"author":3,"featured_media":0,"parent":0,"menu_order":0,"comment_status":"closed","ping_status":"closed","template":"","meta":[],"_links":{"self":[{"href":"https:\/\/outreach.iac.es\/peter\/wp-json\/wp\/v2\/pages\/1279"}],"collection":[{"href":"https:\/\/outreach.iac.es\/peter\/wp-json\/wp\/v2\/pages"}],"about":[{"href":"https:\/\/outreach.iac.es\/peter\/wp-json\/wp\/v2\/types\/page"}],"author":[{"embeddable":true,"href":"https:\/\/outreach.iac.es\/peter\/wp-json\/wp\/v2\/users\/3"}],"replies":[{"embeddable":true,"href":"https:\/\/outreach.iac.es\/peter\/wp-json\/wp\/v2\/comments?post=1279"}],"version-history":[{"count":21,"href":"https:\/\/outreach.iac.es\/peter\/wp-json\/wp\/v2\/pages\/1279\/revisions"}],"predecessor-version":[{"id":2191,"href":"https:\/\/outreach.iac.es\/peter\/wp-json\/wp\/v2\/pages\/1279\/revisions\/2191"}],"wp:attachment":[{"href":"https:\/\/outreach.iac.es\/peter\/wp-json\/wp\/v2\/media?parent=1279"}],"curies":[{"name":"wp","href":"https:\/\/api.w.org\/{rel}","templated":true}]}}