{"id":1275,"date":"2019-08-30T11:02:56","date_gmt":"2019-08-30T11:02:56","guid":{"rendered":"https:\/\/fausto.ll.iac.es\/peter\/?page_id=1275"},"modified":"2021-06-22T17:45:18","modified_gmt":"2021-06-22T17:45:18","slug":"terminos-y-condiciones","status":"publish","type":"page","link":"https:\/\/outreach.iac.es\/peter\/terminos-y-condiciones\/","title":{"rendered":"T\u00e9rminos y Condiciones"},"content":{"rendered":"<p>El <strong>Instituto de Astrof\u00edsica de Canarias (IAC) &#8211; Q3811001A<\/strong> gestiona el Proyecto Educativo con Telescopios Rob\u00f3ticos (PETeR) que tiene como objetivo acercar la Astronom\u00eda a centros educativos y asociaciones de astr\u00f3nomos\/as aficionados\/as de Espa\u00f1a y otras instituciones educativas. El proyecto proporciona acceso a recursos educativos y observaciones astron\u00f3micas con algunos telescopios rob\u00f3ticos (los Telescopios) a trav\u00e9s del portal web <a href=\"http:\/\/outreach.iac.es\/peter\">outreach.iac.es\/peter<\/a> o cualquier URL de reemplazo que el IAC notifique (&#8220;el Portal Web&#8221;).<\/p>\n<h3>Informaci\u00f3n de Protecci\u00f3n de Datos<\/h3>\n<p>El IAC es la entidad responsable del tratamiento de los datos de car\u00e1cter personal suministrados por los Usuarios que se registren en el Portal Web. Por consiguiente, el tratamiento de dichos datos se har\u00e1 en conformodidad a la <a href=\"http:\/\/www.iac.es\/privacidad.php\">Pol\u00edtica de privacidad del IAC<\/a>.<\/p>\n<p>Asimismo, si no desea que le enviemos correos electr\u00f3nicos, deber\u00e1 comunicarlo mediante un e-mail a peter[arroba]iac.es incluyendo en el apartado &#8220;Asunto&#8221; el siguiente texto: &#8220;Baja en la lista de correo&#8221;.<\/p>\n<h3>Aviso legal y condiciones generales de acceso y uso de PETeR<\/h3>\n<p>El presente se constituye como el <strong>Acuerdo<\/strong> de uso y acceso a las observaciones y recursos ofrecidos a trav\u00e9s de este sitio web.<\/p>\n<h4>Terminaci\u00f3n por parte del IAC<\/h4>\n<p>El IAC tiene el derecho de rescindir el presente Acuerdo con efecto inmediato mediante notificaci\u00f3n por escrito al Usuario.<\/p>\n<h4>Solicitud de observaciones<\/h4>\n<p>Las observaciones solicitadas, una vez aprobadas, se incorporan a una cola de observaci\u00f3n para ser realizadas autom\u00e1ticamente por los Telescopios lo m\u00e1s pronto posible. No se pueden garantizar las escalas de tiempo en que los datos estar\u00e1n disponibles para el Usuario ni la realizaci\u00f3n de todas las observaciones solicitadas.<\/p>\n<h4>Propiedad intelectual<\/h4>\n<p>Con excepci\u00f3n de los derechos de propiedad de terceros que subsistan, el Usuario reconoce y acepta que todos los derechos de propiedad intelectual creados, desarrollados, subsistentes o utilizados en PETeR, obtenidos con los Telescopios, o en relaci\u00f3n con ellos; los materiales educativos suministrados por el IAC y\/o el Portal Web (y cualquier modificaci\u00f3n de los mismos) son y seguir\u00e1n siendo propiedad exclusiva del IAC o de sus proveedores terceros y todos los derechos de autor sobre las im\u00e1genes obtenidas por los Telescopios seguir\u00e1n siendo propiedad del IAC.<\/p>\n<p>Todos los materiales educativos, textos, im\u00e1genes y cualquier otro recurso contenido en este Portal Web u obtenido a trav\u00e9s de \u00e9l se adhieren a las condiciones de <a href=\"http:\/\/www.iac.es\/copyright.php\">copyright del IAC<\/a>.<\/p>\n<p>Por la presente, el IAC otorga al Usuario una licencia no exclusiva durante la vigencia de este Acuerdo para utilizar el Portal Web, los Telescopios y los materiales educativos y descargar cualquier parte del Portal Web y las im\u00e1genes producidas por los Telescopios durante las sesiones de observaci\u00f3n del Usuario a un ordenador personal para su visualizaci\u00f3n y uso por el Usuario, su personal docente y alumnado, siempre y cuando:<\/p>\n<ul>\n<li style=\"list-style-type: none;\">\n<ul>\n<li>su uso tenga una finalidad educativa o informativa, sin fines comerciales;<\/li>\n<li>se indiquen los cr\u00e9ditos correspondientes, incluyendo el nombre del proyecto y la direcci\u00f3n de la p\u00e1gina web de la que han sido descargados; y<\/li>\n<li>se lean y acepten estas condiciones y limitaciones.<\/li>\n<\/ul>\n<\/li>\n<\/ul>\n<p>El Usuario no est\u00e1 autorizado, sin el permiso previo por escrito del IAC en cada caso, a:<\/p>\n<ul>\n<li style=\"list-style-type: none;\">\n<ul>\n<li>usarlo o almacenarlo (o cualquier parte de \u00e9l) para cualquier otro prop\u00f3sito;<\/li>\n<li>imprimir copias o reproducirlas o copiarlas (o parte de ellas), excepto para su propia visualizaci\u00f3n con fines privados, educativos y sin \u00e1nimo de lucro (incluyendo la visualizaci\u00f3n por el personal docente y los estudiantes del Usuario para tales prop\u00f3sitos);<\/li>\n<li>transmitirlo (o cualquier parte de \u00e9l) de cualquier manera para cualquier prop\u00f3sito que no sea para fines particulares, educativos y sin \u00e1nimo de lucro del Usuario, su personal docente y sus estudiantes.<\/li>\n<\/ul>\n<\/li>\n<\/ul>\n<h4>Responsabilidad del IAC<\/h4>\n<p>El IAC no da ninguna garant\u00eda expl\u00edcita o impl\u00edcita con respecto a los Telescopios y el Portal Web (y cualquier modificaci\u00f3n de los mismos), incluyendo sin limitaci\u00f3n cualquier garant\u00eda de comerciabilidad o idoneidad para cualquier prop\u00f3sito, sea este conocido o no por el IAC.<\/p>\n<p>El Usuario reconoce que debido a la naturaleza de Internet y a las inclemencias del tiempo, no es posible garantizar a los Usuarios un acceso continuo e ininterrumpido al Portal Web o a los Telescopios y el IAC no tiene ninguna responsabilidad derivada de la interrupci\u00f3n o no disponibilidad de tales accesos. El IAC no se har\u00e1 responsable en ning\u00fan caso de cualquier da\u00f1o indirecto, especial, incidental o consecuente o de la p\u00e9rdida de beneficios o p\u00e9rdida de datos.<\/p>\n<p>El Portal Web puede contener enlaces a sitios web operados por terceros y el IAC no avala ni aprueba el contenido de dicho sitio y no ofrece ninguna garant\u00eda con respecto a los mismos.<\/p>\n<h4>Compromisos del Usuario<\/h4>\n<p>El Usuario garantiza y se compromete a:<\/p>\n<ul>\n<li style=\"list-style-type: none;\">\n<ul>\n<li>toda la informaci\u00f3n que el Usuario ha proporcionado al IAC es exacta, completa en todos los aspectos significativos, actualizada y no enga\u00f1osa;<\/li>\n<li>no suplantar ni permitir que cualquiera de su personal docente o estudiantes se haga pasar por otra persona o entidad en su uso del sitio web, los Telescopios o los materiales educativos;<\/li>\n<li>s\u00f3lo utilizar\u00e1 el sitio web y los Telescopios para fines legales;<\/li>\n<li>no revelar\u00e1 ni compartir\u00e1 su contrase\u00f1a o nombre de usuario con ning\u00fan tercero o usar\u00e1 el mismo para cualquier prop\u00f3sito no autorizado;<\/li>\n<li>si el Usuario se da cuenta de cualquier uso no autorizado de su nombre de usuario o contrase\u00f1a, notificar\u00e1 al IAC inmediatamente;<\/li>\n<li>no publicar\u00e1 ni intentar\u00e1 publicar ning\u00fan virus, troyano u otros programas o dispositivos que tengan la intenci\u00f3n de da\u00f1ar, interferir, interceptar o capturar cualquier sistema, datos o software contenido en o que componga el sitio web;<\/li>\n<li>no revelar\u00e1 informaci\u00f3n ni materiales confidenciales (incluyendo cualquier imagen generada por los Telescopios) pertenecientes al IAC o a terceros a los que el Usuario pueda tener acceso en el sitio web o a trav\u00e9s de los Telescopios o de los materiales educativos, sin el consentimiento previo por escrito del IAC ; y<\/li>\n<li>procurar\u00e1 que su personal docente o de otro tipo y estudiantes cumplan con estos T\u00e9rminos y Condiciones como si fueran nombrados junto con el Usuario.<\/li>\n<\/ul>\n<\/li>\n<\/ul>\n<p>El Usuario se compromete por este medio a indemnizar al IAC por cualquier responsabilidad, p\u00e9rdidas, da\u00f1os, costos o gastos derivados de cualquier incumplimiento por parte del Usuario de este Acuerdo, salvo que se deba a un acto u omisi\u00f3n del IAC o al incumplimiento por el IAC de sus obligaciones bajo este Acuerdo.<\/p>\n<p>El IAC se reserva el derecho de suspender la cuenta del Usuario si este es negligente en su uso de los Telescopios, inhibiendo la utilidad de las sesiones posteriores o si incumple alguno de los puntos de este Acuerdo.<\/p>\n<h4>Recopilaci\u00f3n de datos cient\u00edficos<\/h4>\n<p>En el caso de que un Usuario realice un descubrimiento que sea de potencial inter\u00e9s cient\u00edfico como resultado del acceso a trav\u00e9s de PETeR a observaciones astron\u00f3micas realizadas con los Telescopios, el Usuario se compromete a remitir dichos hallazgos o datos al IAC, a trav\u00e9s de la coordinadora cient\u00edfica de PETeR (peter[arroba]iac.es, que tiene la responsabilidad de la operaci\u00f3n y gesti\u00f3n del tiempo de observaci\u00f3n destinado a PETeR en los Telescopios) en primera instancia y sin demora. El IAC ser\u00e1 responsable de la verificaci\u00f3n y anuncio de cualquier descubrimiento.<\/p>\n","protected":false},"excerpt":{"rendered":"<p>El Instituto de Astrof\u00edsica de Canarias (IAC) &#8211; Q3811001A gestiona el Proyecto Educativo con Telescopios Rob\u00f3ticos (PETeR) que tiene como objetivo acercar la Astronom\u00eda a centros educativos y asociaciones de astr\u00f3nomos\/as aficionados\/as de Espa\u00f1a y otras instituciones educativas. El proyecto proporciona acceso a recursos educativos y observaciones astron\u00f3micas con algunos [&hellip;]<\/p>\n","protected":false},"author":3,"featured_media":0,"parent":0,"menu_order":0,"comment_status":"closed","ping_status":"closed","template":"","meta":[],"_links":{"self":[{"href":"https:\/\/outreach.iac.es\/peter\/wp-json\/wp\/v2\/pages\/1275"}],"collection":[{"href":"https:\/\/outreach.iac.es\/peter\/wp-json\/wp\/v2\/pages"}],"about":[{"href":"https:\/\/outreach.iac.es\/peter\/wp-json\/wp\/v2\/types\/page"}],"author":[{"embeddable":true,"href":"https:\/\/outreach.iac.es\/peter\/wp-json\/wp\/v2\/users\/3"}],"replies":[{"embeddable":true,"href":"https:\/\/outreach.iac.es\/peter\/wp-json\/wp\/v2\/comments?post=1275"}],"version-history":[{"count":3,"href":"https:\/\/outreach.iac.es\/peter\/wp-json\/wp\/v2\/pages\/1275\/revisions"}],"predecessor-version":[{"id":2354,"href":"https:\/\/outreach.iac.es\/peter\/wp-json\/wp\/v2\/pages\/1275\/revisions\/2354"}],"wp:attachment":[{"href":"https:\/\/outreach.iac.es\/peter\/wp-json\/wp\/v2\/media?parent=1275"}],"curies":[{"name":"wp","href":"https:\/\/api.w.org\/{rel}","templated":true}]}}