{"id":1239,"date":"2019-08-28T11:42:12","date_gmt":"2019-08-28T11:42:12","guid":{"rendered":"https:\/\/fausto.ll.iac.es\/peter\/?page_id=1239"},"modified":"2020-11-24T20:37:28","modified_gmt":"2020-11-24T20:37:28","slug":"aaci-2018","status":"publish","type":"page","link":"https:\/\/outreach.iac.es\/peter\/astronomy-adventures-in-the-canary-islands\/aaci-2018\/","title":{"rendered":"AACI 2018"},"content":{"rendered":"<h2 style=\"text-align: center;\"><span style=\"color: #3366ff;\">IV Curso Internacional de Verano<\/span><\/h2>\n<h2 style=\"text-align: center;\"><span style=\"color: #3366ff;\">&#8220;Las Estrellas y sus planetas&#8221;<\/span><\/h2>\n<p style=\"text-align: justify;\">El Instituto de Astrof\u00edsica de Canarias (IAC) organiza, en colaboraci\u00f3n con el <em>N\u00facleo Interactivo de Astronomia<\/em> (NUCLIO; Portugal), el <em>Faulkes Telescope Project<\/em> (Cardiff University, Reino Unido) y la <em>European Science Education Academy<\/em> (ESEA), la cuarta edici\u00f3n del Curso de Verano \u201c<em>Astronomy Adventure in the Canary Islands\u201d<\/em>, destinado a profesorado no universitario.<\/p>\n<p style=\"text-align: justify;\">La formaci\u00f3n est\u00e1 certificada por el IAC, la Consejer\u00eda de Educaci\u00f3n y Universidades (CEU) del Gobierno de Canarias y el Ministerio de Educaci\u00f3n.<\/p>\n<h3 style=\"text-align: justify;\"><a href=\"https:\/\/outreach.iac.es\/peter\/wp-content\/uploads\/2018\/06\/cartel_AACI2018.jpg\"><img loading=\"lazy\" class=\"alignright wp-image-939\" src=\"https:\/\/outreach.iac.es\/peter\/wp-content\/uploads\/2018\/06\/cartel_AACI2018-212x300.jpg\" alt=\"cartel curso AACI 2018\" width=\"280\" height=\"396\" srcset=\"https:\/\/outreach.iac.es\/peter\/wp-content\/uploads\/2018\/06\/cartel_AACI2018-212x300.jpg 212w, https:\/\/outreach.iac.es\/peter\/wp-content\/uploads\/2018\/06\/cartel_AACI2018-768x1086.jpg 768w, https:\/\/outreach.iac.es\/peter\/wp-content\/uploads\/2018\/06\/cartel_AACI2018-724x1024.jpg 724w, https:\/\/outreach.iac.es\/peter\/wp-content\/uploads\/2018\/06\/cartel_AACI2018.jpg 1240w\" sizes=\"(max-width: 280px) 100vw, 280px\" \/><\/a><\/h3>\n<h3 style=\"text-align: justify;\"><span style=\"color: #3366ff;\">INFORMACI\u00d3N GENERAL<\/span><\/h3>\n<p style=\"padding-left: 30px; text-align: justify;\"><strong>Fechas:<\/strong> del 30 de julio al 3 de agosto de 2018 (4 de agosto opcional).<\/p>\n<p style=\"padding-left: 30px; text-align: justify;\"><strong>Lugar de celebraci\u00f3n:<\/strong> <a href=\"http:\/\/www.iac.es\/info.php?op1=25&amp;op2=125\">sede central del Instituto de Astrof\u00edsica de Canarias<\/a> (Tenerife), Observatorio del Teide (Tenerife) y Observatorio del Roque de los Muchachos (La Palma).<\/p>\n<p style=\"padding-left: 30px; text-align: justify;\"><strong>Colectivo al que va dirigido: <\/strong>profesorado no universitario procedente de Espa\u00f1a y de otros pa\u00edses de la Uni\u00f3n Europea.<\/p>\n<p style=\"padding-left: 30px; text-align: justify;\"><strong>Duraci\u00f3n:<\/strong> 30 horas lectivas.<\/p>\n<p style=\"padding-left: 30px; text-align: justify;\"><strong>Modalidad:<\/strong> presencial.<\/p>\n<p style=\"padding-left: 30px; text-align: justify;\"><strong>Idioma del curso: <\/strong>ingl\u00e9s.<\/p>\n<p style=\"padding-left: 30px; text-align: justify;\"><strong>Directoras:<\/strong> Nayra Rodr\u00edguez Eugenio (Instituto de Astrof\u00edsica de Canarias) y Rosa Doran (NUCLIO).<\/p>\n<h3 style=\"text-align: justify;\"><span style=\"color: #3366ff;\">PROGRAMA<\/span><\/h3>\n<p style=\"padding-left: 30px; text-align: justify;\">Descarga aqu\u00ed el <a href=\"https:\/\/outreach.iac.es\/peter\/wp-content\/uploads\/2018\/06\/AACI2018_programme-1.pdf\">programa del curso<\/a>.<\/p>\n<p style=\"padding-left: 30px; text-align: justify;\"><strong>Sesiones: <\/strong>cuatro d\u00edas con sesiones de ma\u00f1ana y tarde; siete sesiones en la sede central del IAC, en La Laguna, m\u00e1s una sesi\u00f3n en el Observatorio del Teide. De forma opcional, se puede realizar una visita formativa de d\u00eda completo al Observatorio del Roque de los Muchachos, en La Palma, el s\u00e1bado 4 de agosto. Esta visita, al ser opcional, no se certifica.<\/p>\n<p style=\"padding-left: 30px; text-align: justify;\"><strong>Horario: <\/strong>Ma\u00f1anas: de 9:00 a 13:00 h (L \u2013 V), tardes: de 15:00 a 17:00h (L, M, J y V); de 14:00 a 24:00h (Mi).<\/p>\n<h3 style=\"text-align: justify;\"><span style=\"color: #3366ff;\">INSCRIPCI\u00d3N<\/span><\/h3>\n<p style=\"text-align: justify;\">La matr\u00edcula est\u00e1 subvencionada por el IAC para el profesorado espa\u00f1ol, pero ser\u00e1 necesario matricularse, ya que el n\u00famero de plazas disponibles es limitado. La matr\u00edcula estar\u00e1 abierta hasta el <strong>15 de julio (o hasta completar aforo)<\/strong> y las plazas se asignar\u00e1n por orden de inscripci\u00f3n, dando prioridad al profesorado en activo en centros p\u00fablicos.<\/p>\n<p style=\"text-align: justify;\">El resto de profesorado europeo puede financiar su registro a trav\u00e9s de Programa Erasmus + Key Actions 1.<\/p>\n<p style=\"text-align: justify;\">Para matricularse, es necesario rellenar el formulario de inscripci\u00f3n adjunto y remitirlo por correo electr\u00f3nico a Nayra Rodr\u00edguez Eugenio (nre@iac.es o peter@iac.es) directora del curso, junto a una copia del DNI.<\/p>\n<p style=\"text-align: justify;\"><strong>Descarga aqu\u00ed el <a href=\"https:\/\/outreach.iac.es\/peter\/wp-content\/uploads\/2018\/06\/Formulario_inscripcion_AACI2018_edit-1.pdf\">formulario de inscripci\u00f3n<\/a>.<\/strong><\/p>\n<h3 style=\"text-align: justify;\"><span style=\"color: #3366ff;\">PONENTES<\/span><\/h3>\n<p style=\"padding-left: 30px; text-align: justify;\"><strong>Nayra Rodr\u00edguez Eugenio (IAC). <\/strong>Doctora en Astrof\u00edsica y divulgadora en la Unidad de Comunicaci\u00f3n y Cultura Cient\u00edfica (UC3) del Instituto de Astrof\u00edsica de Canarias (IAC). Licenciada en F\u00edsica y M\u00e1ster en Astrof\u00edsica por la Universidad de La Laguna (ULL). Hizo su tesis doctoral en el IAC y la ULL sobre el estudio de las propiedades f\u00edsico-qu\u00edmicas de las galaxias lejanas. Desde 2011 trabaja como divulgadora cient\u00edfica y coordinadora del <a href=\"http:\/\/outreach.iac.es\/peter\">Proyecto Educativo con Telescopios Rob\u00f3ticos (PETeR)<\/a> del IAC. Ha participado en numerosas actividades de comunicaci\u00f3n, divulgaci\u00f3n y educaci\u00f3n de la ciencia, incluyendo la organizaci\u00f3n y direcci\u00f3n de las tres ediciones anteriores del curso de profesorado \u2018Astronomy Adventure in the Canary Islands\u2019.<\/p>\n<p style=\"padding-left: 30px; text-align: justify;\"><strong>Rosa Doran (NUCLIO). <\/strong>Presidenta de NUCLIO (<em>N\u00facleo Interactivo de Astronomia<\/em>), una asociaci\u00f3n sin \u00e1nimo de lucro dedicada a la educaci\u00f3n p\u00fablica de la ciencia y la divulgaci\u00f3n. Licenciada en F\u00edsica por la <em>Pontificia Universidade Cat\u00f3lica de S\u00e3o Paulo<\/em>, Brasil; M\u00e1ster en Altas Energ\u00edas y Gravitaci\u00f3n por la Universidad de Lisboa. Tiene una certificaci\u00f3n como Formadora Docente por el Consejo Cient\u00edfico y Pedag\u00f3gico de Formaci\u00f3n Continua (Universidad de Minho, Portugal) en las \u00e1reas de f\u00edsica y astronom\u00eda. A nivel internacional, es vicepresidenta del Consejo Ejecutivo de la asociaci\u00f3n <a href=\"http:\/\/www.globalhou.net\/\"><em>Global Hands-on Universe<\/em><\/a>, coordinadora del <a href=\"http:\/\/galileoteachers.org\/\"><em>Galileo Teacher Training Program<\/em><\/a><em>,<\/em> vicepresidenta del grupo de educaci\u00f3n de COSPAR y miembro del grupo de trabajo para la educaci\u00f3n de la Oficina de la Astronom\u00eda para el Desarrollo de la IAU.<\/p>\n<p style=\"padding-left: 30px; text-align: justify;\"><strong>Fraser Lewis (FTP, NSO). <\/strong>Director cient\u00edfico del <a href=\"http:\/\/www.faulkes-telescope.com\/\"><em>Faulkes Telescope Project<\/em><\/a> (Universidad de Cardiff, Gales), proyecto en el que ha estado trabajando desde 2004. Complet\u00f3 su licenciatura en Ciencias F\u00edsicas con la <em>Open University<\/em> en 2005. Obtuvo su doctorado en 2010 por la <em>Open University<\/em> con el estudio de sistemas binarios de baja masa (binarias de rayos X) que contienen estrellas de neutrones o agujeros negros. Es Coordinador Nacional en el Reino Unido del proyecto <a href=\"http:\/\/www.go-lab-project.eu\/\">&#8216;Go-Lab&#8217;<\/a> financiado por la UE FP7 y destinado a inspirar a los alumnos en las \u00e1reas de ciencia, matem\u00e1ticas y tecnolog\u00eda a trav\u00e9s del uso de laboratorios en l\u00ednea. Tambi\u00e9n es parte integrante del <a href=\"http:\/\/www.schoolsobservatory.org.uk\/\"><em>National Schools&#8217; Observatory<\/em><\/a>, proyecto educativo de la Universidad John Moores de Liverpool.Esta formaci\u00f3n, que se desarrollar\u00e1 en la sede central del IAC, en La Laguna (Tenerife), del 30 de julio al 3 de agosto de 2018, incluye conferencias y talleres pr\u00e1cticos, as\u00ed como una visita formativa al Observatorio del Teide, en Tenerife. El s\u00e1bado 4 de agosto se podr\u00e1 realizar tambi\u00e9n una visita opcional al Observatorio del Roque de los Muchachos, en La Palma.<\/p>\n<h3 style=\"text-align: justify;\"><span style=\"color: #3366ff;\">ORGANIZA<\/span><\/h3>\n<p style=\"padding-left: 30px; text-align: justify;\">Instituto de Astrof\u00edsica de Canarias (IAC; Espa\u00f1a)<\/p>\n<p style=\"padding-left: 30px; text-align: justify;\">N\u00facleo Interactivo de Astronomia (NUCLIO; Portugal)<\/p>\n<p style=\"padding-left: 30px; text-align: justify;\">Faulkes Telescope Project (FTP; Cardiff University, Reino Unido)<\/p>\n<p style=\"padding-left: 30px; text-align: justify;\">National Schools\u2019 Observatory (NSO; Liverpool John Moores University, Reino Unido)<\/p>\n<p style=\"padding-left: 30px; text-align: justify;\">European Science Education Academy (ESEA)<\/p>\n<h3 style=\"text-align: justify;\"><span style=\"color: #3366ff;\">ENTIDADES COLABORADORAS<\/span><\/h3>\n<p style=\"padding-left: 30px; text-align: justify;\">Centro Superior de Investigaciones Cient\u00edficas (CSIC), a trav\u00e9s de su programa \u201cEl CSIC en la Escuela\u201d.<\/p>\n<p style=\"padding-left: 30px; text-align: justify;\">\u00c1rea de Vocaciones Cient\u00edficas y Creatividad (STEAM) del Servicio de Innovaci\u00f3n Educativa de la CEU.<\/p>\n<hr \/>\n<p>&nbsp;<\/p>\n","protected":false},"excerpt":{"rendered":"<p>IV Curso Internacional de Verano &#8220;Las Estrellas y sus planetas&#8221; El Instituto de Astrof\u00edsica de Canarias (IAC) organiza, en colaboraci\u00f3n con el N\u00facleo Interactivo de Astronomia (NUCLIO; Portugal), el Faulkes Telescope Project (Cardiff University, Reino Unido) y la European Science Education Academy (ESEA), la cuarta edici\u00f3n del Curso de Verano [&hellip;]<\/p>\n","protected":false},"author":3,"featured_media":0,"parent":1236,"menu_order":0,"comment_status":"closed","ping_status":"closed","template":"","meta":[],"_links":{"self":[{"href":"https:\/\/outreach.iac.es\/peter\/wp-json\/wp\/v2\/pages\/1239"}],"collection":[{"href":"https:\/\/outreach.iac.es\/peter\/wp-json\/wp\/v2\/pages"}],"about":[{"href":"https:\/\/outreach.iac.es\/peter\/wp-json\/wp\/v2\/types\/page"}],"author":[{"embeddable":true,"href":"https:\/\/outreach.iac.es\/peter\/wp-json\/wp\/v2\/users\/3"}],"replies":[{"embeddable":true,"href":"https:\/\/outreach.iac.es\/peter\/wp-json\/wp\/v2\/comments?post=1239"}],"version-history":[{"count":3,"href":"https:\/\/outreach.iac.es\/peter\/wp-json\/wp\/v2\/pages\/1239\/revisions"}],"predecessor-version":[{"id":1298,"href":"https:\/\/outreach.iac.es\/peter\/wp-json\/wp\/v2\/pages\/1239\/revisions\/1298"}],"up":[{"embeddable":true,"href":"https:\/\/outreach.iac.es\/peter\/wp-json\/wp\/v2\/pages\/1236"}],"wp:attachment":[{"href":"https:\/\/outreach.iac.es\/peter\/wp-json\/wp\/v2\/media?parent=1239"}],"curies":[{"name":"wp","href":"https:\/\/api.w.org\/{rel}","templated":true}]}}