{"id":1231,"date":"2019-08-28T11:52:39","date_gmt":"2019-08-28T11:52:39","guid":{"rendered":"https:\/\/fausto.ll.iac.es\/peter\/?page_id=1231"},"modified":"2020-11-24T20:37:28","modified_gmt":"2020-11-24T20:37:28","slug":"aaci-2019","status":"publish","type":"page","link":"https:\/\/outreach.iac.es\/peter\/astronomy-adventures-in-the-canary-islands\/aaci-2019\/","title":{"rendered":"AACI 2019"},"content":{"rendered":"<h2 style=\"text-align: center;\"><span style=\"color: #000080;\">V Curso Internacional de Verano<\/span><\/h2>\n<h2 style=\"text-align: center;\"><span style=\"color: #ff9900;\">&#8220;The message of Light&#8221;<\/span><\/h2>\n<h2 style=\"text-align: center;\"><\/h2>\n<p style=\"text-align: justify;\">El Instituto de Astrof\u00edsica de Canarias (IAC) organiza la quinta edici\u00f3n del Curso Internacional de Verano para profesorado \u201c<em>Astronomy Adventure in the Canary Islands\u201d <\/em>en el marco del proyecto PETeR y en colaboraci\u00f3n con el\u00a0<a href=\"https:\/\/nuclio.org\/\"><em>N\u00facleo Interactivo de Astronomia<\/em><\/a> (NUCLIO; Portugal), el <a href=\"https:\/\/www.faulkes-telescope.com\/\"><em>Faulkes Telescope Project<\/em><\/a> (Cardiff University; Reino Unido), el <a href=\"https:\/\/www.schoolsobservatory.org\/\"><em>National Schools\u2019 Observatory<\/em><\/a> (LJMU; Reino Unido) y la <a href=\"http:\/\/cesar.esa.int\/\">iniciativa educativa CESAR<\/a> (ESAC, ESA-INTA-ISDEFE; Espa\u00f1a).<\/p>\n<p style=\"text-align: justify;\">La formaci\u00f3n est\u00e1 certificada por el IAC y NUCLIO y homologada por la Consejer\u00eda de Educaci\u00f3n y Universidades del Gobierno de Canarias y el Ministerio de Educaci\u00f3n, Cultura y Deportes del Gobierno de Espa\u00f1a.<\/p>\n<h3 style=\"text-align: justify;\"><span style=\"color: #3366ff;\"><span style=\"color: #000080;\">INFORMACI\u00d3N GENERAL<img loading=\"lazy\" class=\"alignright wp-image-1202\" src=\"https:\/\/outreach.iac.es\/peter\/wp-content\/uploads\/2019\/08\/cartel_cursodeverano2019_evebarlier_web_small-724x1024.jpg\" alt=\"Cartel del curso de verano &quot;Astronomy Adventure in the Canary Islands&quot; 2019. Cr\u00e9dito: Eve Barlier \/ IAC.\" width=\"280\" height=\"396\" srcset=\"https:\/\/outreach.iac.es\/peter\/wp-content\/uploads\/2019\/08\/cartel_cursodeverano2019_evebarlier_web_small-724x1024.jpg 724w, https:\/\/outreach.iac.es\/peter\/wp-content\/uploads\/2019\/08\/cartel_cursodeverano2019_evebarlier_web_small-212x300.jpg 212w, https:\/\/outreach.iac.es\/peter\/wp-content\/uploads\/2019\/08\/cartel_cursodeverano2019_evebarlier_web_small-768x1086.jpg 768w, https:\/\/outreach.iac.es\/peter\/wp-content\/uploads\/2019\/08\/cartel_cursodeverano2019_evebarlier_web_small-940x1329.jpg 940w, https:\/\/outreach.iac.es\/peter\/wp-content\/uploads\/2019\/08\/cartel_cursodeverano2019_evebarlier_web_small.jpg 1021w\" sizes=\"(max-width: 280px) 100vw, 280px\" \/><\/span><\/span><\/h3>\n<p style=\"padding-left: 30px; text-align: justify;\"><strong>Fechas:<\/strong> del 15 al 19 de julio de 2019 (14 y 20 de julio opcionales).<\/p>\n<p style=\"padding-left: 30px; text-align: justify;\"><strong>Lugar de celebraci\u00f3n:<\/strong> <a href=\"http:\/\/www.iac.es\/info.php?op1=25&amp;op2=125\">sede central del Instituto de Astrof\u00edsica de Canarias<\/a> (Tenerife) y <a href=\"https:\/\/www.ull.es\/la-universidad\/servicios-universitarios\/aulario-de-guajara\/\">Aulario de Guajara de la Universidad de La Laguna<\/a> (Tenerife).<\/p>\n<p style=\"padding-left: 30px; text-align: justify;\"><strong>Visitas formativas:<\/strong> \u00c1rea de Instrumentaci\u00f3n del IAC (Tenerife), Observatorio del Teide (Tenerife). Opcional: Observatorio del Roque de los Muchachos (La Palma).<\/p>\n<p style=\"padding-left: 30px; text-align: justify;\"><strong>Colectivo al que va dirigido: <\/strong>profesorado de ense\u00f1anzas preuniversitarias procedente de Espa\u00f1a y de otros pa\u00edses de la Uni\u00f3n Europea.<\/p>\n<p style=\"padding-left: 30px; text-align: justify;\"><strong>Duraci\u00f3n:<\/strong> 30 horas lectivas.<\/p>\n<p style=\"padding-left: 30px; text-align: justify;\"><strong>Modalidad:<\/strong> presencial.<\/p>\n<p style=\"padding-left: 30px; text-align: justify;\"><strong>Idioma del curso: <\/strong>ingl\u00e9s.<\/p>\n<p style=\"padding-left: 30px; text-align: justify;\"><strong>Directoras:<\/strong> Nayra Rodr\u00edguez Eugenio (IAC) y Rosa Doran (NUCLIO).<\/p>\n<h3 style=\"text-align: justify;\"><span style=\"color: #000080;\">PROGRAMA<\/span><\/h3>\n<p style=\"padding-left: 30px; text-align: justify;\">Descarga aqu\u00ed el <a href=\"https:\/\/outreach.iac.es\/peter\/wp-content\/uploads\/2019\/08\/AACI2019_programme_vF.pdf\">programa del curso<\/a>.<\/p>\n<p style=\"padding-left: 30px; text-align: justify;\"><strong>Sesiones: <\/strong>cinco d\u00edas (L &#8211; V) con sesiones de ma\u00f1ana y tarde. De forma opcional, se puede realizar una visita formativa de d\u00eda completo al Observatorio del Roque de los Muchachos, en La Palma, el s\u00e1bado 20 de julio. Esta visita, al ser opcional, no se certifica.<\/p>\n<p style=\"padding-left: 30px; text-align: justify;\"><strong>Horario: <\/strong>Ma\u00f1anas: de 9:00 a 13:00 h (L \u2013 V), tardes: de 15:00 a 17:00h (L, M, Mi y V); de 14:00 a 24:00h (J).<\/p>\n<p style=\"padding-left: 30px; text-align: justify;\"><strong>Nota:<\/strong> el horario incluye dos calentamientos de bienvenida (9:00-9:30 y 14:30-15:00), m\u00e1s una pausa para caf\u00e9 (11:00-11:30) que no se contabilizan como formaci\u00f3n. El horario del jueves 18 de julio incluye los desplazamientos al Observatorio del Teide (14:00-15:00 y 23:00-24:00) y la cena (20:30-21.30), que tampoco se contabilizan como formaci\u00f3n.<\/p>\n<h3 style=\"text-align: justify;\"><span style=\"color: #000080;\">INSCRIPCI\u00d3N<\/span><\/h3>\n<p style=\"text-align: justify; padding-left: 30px;\">La matr\u00edcula est\u00e1 subvencionada por el IAC para el profesorado espa\u00f1ol, pero ser\u00e1 necesario matricularse, ya que el n\u00famero de plazas disponibles es limitado. La matr\u00edcula estar\u00e1 abierta hasta el <strong>25 de junio (o hasta completar aforo)<\/strong> y las plazas se asignar\u00e1n por orden de inscripci\u00f3n, dando prioridad al profesorado en activo en centros p\u00fablicos.<\/p>\n<p style=\"text-align: justify; padding-left: 30px;\">El resto de profesorado europeo puede financiar su registro a trav\u00e9s de Programa Erasmus + Key Actions 1.<\/p>\n<p style=\"text-align: justify; padding-left: 30px;\">Para matricularse, es necesario rellenar el formulario de inscripci\u00f3n adjunto y remitirlo por correo electr\u00f3nico a Nayra Rodr\u00edguez Eugenio (peter@iac.es) directora del curso, \u00a0junto a una copia del DNI.<\/p>\n<p style=\"text-align: justify;\"><strong>Descarga aqu\u00ed el <a href=\"https:\/\/outreach.iac.es\/peter\/wp-content\/uploads\/2019\/08\/Formulario_inscripcion_AACI2019.pdf\">formulario de inscripci\u00f3n AACI2019<\/a>.<\/strong><\/p>\n<h3 style=\"text-align: justify;\"><span style=\"color: #000080;\">ORGANIZA<\/span><\/h3>\n<p style=\"padding-left: 30px; text-align: justify;\">Instituto de Astrof\u00edsica de Canarias (IAC; Espa\u00f1a)<\/p>\n<p style=\"padding-left: 30px; text-align: justify;\">N\u00facleo Interactivo de Astronomia (NUCLIO; Portugal)<\/p>\n<p style=\"padding-left: 30px; text-align: justify;\">Faulkes Telescope Project (FTP; Cardiff University, Reino Unido)<\/p>\n<p style=\"padding-left: 30px; text-align: justify;\">National Schools\u2019 Observatory (LJMU; Reino Unido)<\/p>\n<p style=\"padding-left: 30px; text-align: justify;\">Proyecto CESAR (ESAC, ESA-INTA-ISDEFE; Espa\u00f1a)<\/p>\n<h3 style=\"text-align: justify;\"><span style=\"color: #000080;\">ENTIDADES COLABORADORAS<\/span><\/h3>\n<p style=\"padding-left: 30px; text-align: justify;\">Centro Superior de Investigaciones Cient\u00edficas (CSIC), a trav\u00e9s de su programa \u201cEl CSIC en la Escuela\u201d<\/p>\n<p style=\"padding-left: 30px; text-align: justify;\">Universidad de La Laguna (ULL)<\/p>\n<h3 style=\"text-align: justify;\"><span style=\"color: #000080;\">HOMOLOGADO POR<\/span><\/h3>\n<p style=\"padding-left: 30px; text-align: justify;\">Instituto de Tecnolog\u00edas Educativas y de Formaci\u00f3n del Profesorado (INTEF), Ministerio de Educaci\u00f3n y Formaci\u00f3n Profesional, Gobierno de Espa\u00f1a<\/p>\n<p style=\"padding-left: 30px; text-align: justify;\">Consejer\u00eda de Educaci\u00f3n y Universidades del Gobierno de Canarias<\/p>\n","protected":false},"excerpt":{"rendered":"<p>V Curso Internacional de Verano &#8220;The message of Light&#8221; El Instituto de Astrof\u00edsica de Canarias (IAC) organiza la quinta edici\u00f3n del Curso Internacional de Verano para profesorado \u201cAstronomy Adventure in the Canary Islands\u201d en el marco del proyecto PETeR y en colaboraci\u00f3n con el\u00a0N\u00facleo Interactivo de Astronomia (NUCLIO; Portugal), el [&hellip;]<\/p>\n","protected":false},"author":3,"featured_media":0,"parent":1236,"menu_order":0,"comment_status":"closed","ping_status":"closed","template":"","meta":[],"_links":{"self":[{"href":"https:\/\/outreach.iac.es\/peter\/wp-json\/wp\/v2\/pages\/1231"}],"collection":[{"href":"https:\/\/outreach.iac.es\/peter\/wp-json\/wp\/v2\/pages"}],"about":[{"href":"https:\/\/outreach.iac.es\/peter\/wp-json\/wp\/v2\/types\/page"}],"author":[{"embeddable":true,"href":"https:\/\/outreach.iac.es\/peter\/wp-json\/wp\/v2\/users\/3"}],"replies":[{"embeddable":true,"href":"https:\/\/outreach.iac.es\/peter\/wp-json\/wp\/v2\/comments?post=1231"}],"version-history":[{"count":6,"href":"https:\/\/outreach.iac.es\/peter\/wp-json\/wp\/v2\/pages\/1231\/revisions"}],"predecessor-version":[{"id":2483,"href":"https:\/\/outreach.iac.es\/peter\/wp-json\/wp\/v2\/pages\/1231\/revisions\/2483"}],"up":[{"embeddable":true,"href":"https:\/\/outreach.iac.es\/peter\/wp-json\/wp\/v2\/pages\/1236"}],"wp:attachment":[{"href":"https:\/\/outreach.iac.es\/peter\/wp-json\/wp\/v2\/media?parent=1231"}],"curies":[{"name":"wp","href":"https:\/\/api.w.org\/{rel}","templated":true}]}}