{"id":1138,"date":"2019-01-07T12:58:54","date_gmt":"2019-01-07T12:58:54","guid":{"rendered":"https:\/\/fausto.ll.iac.es\/peter\/?page_id=1138"},"modified":"2020-12-29T13:50:06","modified_gmt":"2020-12-29T13:50:06","slug":"galaxias","status":"publish","type":"page","link":"https:\/\/outreach.iac.es\/peter\/galaxias\/","title":{"rendered":"Galaxias"},"content":{"rendered":"\n<div class=\"wp-block-image wp-image-768 size-medium\"><figure class=\"alignright\"><img loading=\"lazy\" width=\"300\" height=\"300\" src=\"https:\/\/outreach.iac.es\/peter\/wp-content\/uploads\/2016\/10\/NGC4216_LT-300x300.jpg\" alt=\"NGC 4216\" class=\"wp-image-768\" srcset=\"https:\/\/outreach.iac.es\/peter\/wp-content\/uploads\/2016\/10\/NGC4216_LT-300x300.jpg 300w, https:\/\/outreach.iac.es\/peter\/wp-content\/uploads\/2016\/10\/NGC4216_LT-150x150.jpg 150w, https:\/\/outreach.iac.es\/peter\/wp-content\/uploads\/2016\/10\/NGC4216_LT-100x100.jpg 100w, https:\/\/outreach.iac.es\/peter\/wp-content\/uploads\/2016\/10\/NGC4216_LT.jpg 638w\" sizes=\"(max-width: 300px) 100vw, 300px\" \/><figcaption>Galaxia NGC 4216. Cr\u00e9dito: Telescopio Liverpool<\/figcaption><\/figure><\/div>\n\n\n\n<p>Una <strong>galaxia<\/strong> es una colecci\u00f3n enorme de <strong>estrellas, planetas, polvo y gas<\/strong>, todos unidos por la fuerza de la gravedad. Muchas observaciones astron\u00f3micas indican que otro componente de las galaxias es lo que llamamos la <strong>materia oscura<\/strong>, que no puede ser observada directamente pero s\u00ed podemos detectar su influencia gravitatoria.<\/p>\n\n\n\n<p>Podemos encontrar galaxias de todas las formas y tama\u00f1os. Desde las que tienen forma de disco con brazos en forma de espiral, como la <strong>V\u00eda L\u00e1ctea<\/strong> en la que nos encontramos nosotros, hasta las que parecen gigantes balones de rugbi. Las galaxias enanas m\u00e1s peque\u00f1as contienen s\u00f3lo unos pocos millones de estrellas, mientras que las gigantes m\u00e1s grandes pueden contener alrededor de un bill\u00f3n (1.000.000.000.000) de estrellas. Es m\u00e1s, se cree que hay alrededor de 100 mil millones (100.000.000.000) de galaxias en el Universo observable.<\/p>\n\n\n\n<div style=\"height:40px\" aria-hidden=\"true\" class=\"wp-block-spacer\"><\/div>\n\n\n\n<div class=\"wp-block-buttons\">\n<div class=\"wp-block-button\"><a class=\"wp-block-button__link\" href=\"distancias-galaxias\"><strong>Si quieres saber m\u00e1s cosas sobre las galaxias pincha aqu\u00ed<\/strong><\/a><\/div>\n<\/div>\n\n\n\n<div style=\"height:53px\" aria-hidden=\"true\" class=\"wp-block-spacer\"><\/div>\n","protected":false},"excerpt":{"rendered":"<p>Una galaxia es una colecci\u00f3n enorme de estrellas, planetas, polvo y gas, todos unidos por la fuerza de la gravedad. Muchas observaciones astron\u00f3micas indican que otro componente de las galaxias es lo que llamamos la materia oscura, que no puede ser observada directamente pero s\u00ed podemos detectar su influencia gravitatoria. [&hellip;]<\/p>\n","protected":false},"author":1,"featured_media":0,"parent":0,"menu_order":0,"comment_status":"closed","ping_status":"closed","template":"","meta":[],"_links":{"self":[{"href":"https:\/\/outreach.iac.es\/peter\/wp-json\/wp\/v2\/pages\/1138"}],"collection":[{"href":"https:\/\/outreach.iac.es\/peter\/wp-json\/wp\/v2\/pages"}],"about":[{"href":"https:\/\/outreach.iac.es\/peter\/wp-json\/wp\/v2\/types\/page"}],"author":[{"embeddable":true,"href":"https:\/\/outreach.iac.es\/peter\/wp-json\/wp\/v2\/users\/1"}],"replies":[{"embeddable":true,"href":"https:\/\/outreach.iac.es\/peter\/wp-json\/wp\/v2\/comments?post=1138"}],"version-history":[{"count":12,"href":"https:\/\/outreach.iac.es\/peter\/wp-json\/wp\/v2\/pages\/1138\/revisions"}],"predecessor-version":[{"id":2060,"href":"https:\/\/outreach.iac.es\/peter\/wp-json\/wp\/v2\/pages\/1138\/revisions\/2060"}],"wp:attachment":[{"href":"https:\/\/outreach.iac.es\/peter\/wp-json\/wp\/v2\/media?parent=1138"}],"curies":[{"name":"wp","href":"https:\/\/api.w.org\/{rel}","templated":true}]}}