{"id":1101,"date":"2018-09-08T10:34:58","date_gmt":"2018-09-08T10:34:58","guid":{"rendered":"https:\/\/fausto.ll.iac.es\/peter\/?page_id=1101"},"modified":"2026-01-29T17:27:56","modified_gmt":"2026-01-29T17:27:56","slug":"webinars","status":"publish","type":"page","link":"https:\/\/outreach.iac.es\/peter\/cursos-y-webinars\/webinars\/","title":{"rendered":"Webinars"},"content":{"rendered":"<p>El objetivo de estas formaciones es que el profesorado adquiera competencias tecnol\u00f3gicas en el uso de los telescopios rob\u00f3ticos, los programas de visualizaci\u00f3n y an\u00e1lisis de im\u00e1genes astron\u00f3micas y conocimientos para la realizaci\u00f3n de proyectos cient\u00edficos en diferentes \u00e1reas de la Astronom\u00eda. Estas herramientas les permitir\u00e1n trabajar con su alumnado los contenidos curriculares desde el enfoque del aprendizaje por investigaci\u00f3n, desarrollando el pensamiento cient\u00edfico de los estudiantes y sus habilidades de resoluci\u00f3n de problemas.<\/p>\n<p>La formaci\u00f3n est\u00e1 dirigida a profesorado de Primaria, Educaci\u00f3n Secundaria Obligatoria, Bachillerato, Formaci\u00f3n Profesional y Educaci\u00f3n de Adultos.<\/p>\n<h3><strong>Curso para docentes &#8220;PETeR: Investiga el Universo con telescopios rob\u00f3ticos&#8221;<\/strong><\/h3>\n<h4>Curso 2025-2026<\/h4>\n<ul>\n<li>Fechas: Todos los jueves lectivos del <strong>22 de enero al 19 de marzo de 2026<\/strong> (el 19 de febrero lo consideramos no lectivo por el Carnaval)<\/li>\n<li>Horario: <strong>17:00 a 19:00h CET (16:00 a 18:00h en Canarias)<\/strong><\/li>\n<li>Duraci\u00f3n: 8 sesiones de 2 horas y 2 sesiones de resoluci\u00f3n de dudas. <strong>20 horas<\/strong> en total<\/li>\n<li>Evento final (opcional): Congreso cient\u00edfico<\/li>\n<li>Modalidad: <strong>online<\/strong><\/li>\n<li>Inscripci\u00f3n:<strong> en este <a href=\"https:\/\/docs.google.com\/forms\/d\/e\/1FAIpQLScT1TJcCtkARwYwJINK2fB4OAtee7thGjLe9ie-gi8jSHzp3A\/viewform?usp=publish-editor\">formulario<\/a><\/strong>\n<ul>\n<li style=\"list-style-type: none;\">\n<ul><\/ul>\n<\/li>\n<li><a href=\"https:\/\/outreach.iac.es\/peter\/webinar-peter-investiga-el-universo-con-telescopios-roboticos-edicion-2025-26\/\">Programa<\/a><\/li>\n<\/ul>\n<\/li>\n<\/ul>\n<h4>Curso 2024-2025<\/h4>\n<ul>\n<li style=\"list-style-type: none;\">\n<ul>\n<li>Fechas: <strong>19 y 26 marzo, 2, 9, 23 y 30 de abril, 7 de mayo<\/strong><\/li>\n<li>Horario: <strong>17:00 a 19:00h CET (16:00 a 18:00h en Canarias)<\/strong><\/li>\n<li>Duraci\u00f3n: 7 sesiones de 2 horas. 14 horas en total<\/li>\n<li>Modalidad: online<\/li>\n<li><a href=\"https:\/\/outreach.iac.es\/peter\/?page_id=3395\">Programa<\/a><\/li>\n<li>Inscripci\u00f3n al curso:\n<ul>\n<li><a href=\"https:\/\/www3.gobiernodecanarias.org\/medusa\/ecoescuela\/esero\/2025\/02\/28\/curso-peter-investiga-el-universo-con-telescopios-roboticos-del-iac-y-el-area-steam\/\">Para docentes de Canarias<\/a><strong> (hasta el 13 de marzo)<\/strong><\/li>\n<li><a href=\"https:\/\/forms.gle\/Tfr4BJrhYDugpZKE6\"><\/a><a href=\"https:\/\/docs.google.com\/forms\/d\/e\/1FAIpQLSfhLwKsx8DR8yo7-lgqQxTznXsSMQ9vHHjs-dYoPdH70oayUA\/viewform?usp=dialog\" target=\"_blank\" rel=\"noopener\">Para docentes de fuera de Canarias<\/a><strong> (hasta el 16 de marzo)<\/strong><\/li>\n<\/ul>\n<\/li>\n<\/ul>\n<\/li>\n<\/ul>\n<ul>\n<li style=\"list-style-type: none;\">\n<ul><\/ul>\n<\/li>\n<\/ul>\n<h4>Curso 2023-2024<\/h4>\n<ul>\n<li style=\"list-style-type: none;\">\n<ul>\n<li>Fechas:&nbsp;<strong>23 y 28 de mayo, 4 y 6 de junio de 2024<\/strong><\/li>\n<li>Horario: <strong>17:00 a 19:30h CET (16:00 a 18:30h en Canarias)<\/strong><\/li>\n<li>Duraci\u00f3n: 4 sesiones de 2,5 horas. 10 horas en total<\/li>\n<li><a href=\"https:\/\/outreach.iac.es\/peter\/peter-investigar-el-universo-con-telescopios-roboticos-edicion-2023-2024\/\">Programa<\/a><\/li>\n<li>Inscripci\u00f3n al curso:\n<ul>\n<li><a href=\"https:\/\/www3.gobiernodecanarias.org\/medusa\/ecoescuela\/esero\/2024\/05\/07\/aabierta-la-inscripcion-del-curso-de-formacion-peter-investigar-el-universo-con-telescopios-roboticos-del-area-steam\/\">Para docentes de Canarias<\/a><\/li>\n<li><a href=\"https:\/\/forms.gle\/Tfr4BJrhYDugpZKE6\"><\/a><a href=\"https:\/\/forms.gle\/Tfr4BJrhYDugpZKE6\">Para docentes de fuera de Canarias<\/a><\/li>\n<\/ul>\n<\/li>\n<li>Matr\u00edcula abierta\n<ul>\n<li>Para docentes de Canarias: <strong>hasta el 19 de mayo<\/strong><\/li>\n<li>Para docentes de fuera de Canarias: <strong>hasta el 21 de mayo<\/strong><\/li>\n<\/ul>\n<\/li>\n<\/ul>\n<\/li>\n<\/ul>\n<h4>Curso 2020-2021<\/h4>\n<ul>\n<li style=\"list-style-type: none;\">\n<ul>\n<li>Fechas: <strong>26 de mayo al 10 de junio<\/strong><\/li>\n<li>Horario: <strong>17:00 a 20:00 CET (16:00 a 19:00h en Canarias)<\/strong><\/li>\n<li><a href=\"https:\/\/outreach.iac.es\/peter\/peter-investigar-el-universo-con-telescopios-roboticos-edicion-2020-2021\/\">Programa<\/a><\/li>\n<li><a href=\"https:\/\/forms.gle\/ccEwqzcsaa3XhFTC8\">Inscripci\u00f3n Webinars PETeR 2021<\/a><\/li>\n<li>Matr\u00edcula abierta <span class=\"has-inline-color\">hasta:<\/span><strong><span class=\"has-inline-color\"> 21 de mayo<\/span><\/strong><\/li>\n<li><a href=\"https:\/\/outreach.iac.es\/peter\/2021\/05\/13\/nuevos-cursos-online-de-peter\/\">M\u00e1s informaci\u00f3n<\/a><\/li>\n<\/ul>\n<\/li>\n<\/ul>\n<h4>Curso 2019-2020<\/h4>\n<ul>\n<li style=\"list-style-type: none;\">\n<ul>\n<li>Fechas: <strong>20 de abril al 18 de mayo<\/strong><\/li>\n<li>Horario: <strong>17:30 a 19:30 CET<\/strong> <strong>(16:30 a 18:30h en Canarias)<\/strong><\/li>\n<li><a href=\"https:\/\/outreach.iac.es\/peter\/investiga-el-universo-con-telescopios-roboticos-edicion-2019-2020\/\">Programa e Inscripci\u00f3n<\/a><\/li>\n<li><strong>Formato:<\/strong> Webinar a trav\u00e9s de la plataforma Zoom<\/li>\n<li><a href=\"https:\/\/outreach.iac.es\/peter\/2021\/05\/13\/nuevos-cursos-online-de-peter\/\">M\u00e1s informaci\u00f3n<\/a><\/li>\n<\/ul>\n<\/li>\n<\/ul>\n<h5><\/h5>\n","protected":false},"excerpt":{"rendered":"<p>El objetivo de estas formaciones es que el profesorado adquiera competencias tecnol\u00f3gicas en el uso de los telescopios rob\u00f3ticos, los programas de visualizaci\u00f3n y an\u00e1lisis de im\u00e1genes astron\u00f3micas y conocimientos para la realizaci\u00f3n de proyectos cient\u00edficos en diferentes \u00e1reas de la Astronom\u00eda. Estas herramientas les permitir\u00e1n trabajar con su alumnado [&hellip;]<\/p>\n","protected":false},"author":1,"featured_media":0,"parent":1269,"menu_order":0,"comment_status":"closed","ping_status":"closed","template":"","meta":[],"_links":{"self":[{"href":"https:\/\/outreach.iac.es\/peter\/wp-json\/wp\/v2\/pages\/1101"}],"collection":[{"href":"https:\/\/outreach.iac.es\/peter\/wp-json\/wp\/v2\/pages"}],"about":[{"href":"https:\/\/outreach.iac.es\/peter\/wp-json\/wp\/v2\/types\/page"}],"author":[{"embeddable":true,"href":"https:\/\/outreach.iac.es\/peter\/wp-json\/wp\/v2\/users\/1"}],"replies":[{"embeddable":true,"href":"https:\/\/outreach.iac.es\/peter\/wp-json\/wp\/v2\/comments?post=1101"}],"version-history":[{"count":42,"href":"https:\/\/outreach.iac.es\/peter\/wp-json\/wp\/v2\/pages\/1101\/revisions"}],"predecessor-version":[{"id":3794,"href":"https:\/\/outreach.iac.es\/peter\/wp-json\/wp\/v2\/pages\/1101\/revisions\/3794"}],"up":[{"embeddable":true,"href":"https:\/\/outreach.iac.es\/peter\/wp-json\/wp\/v2\/pages\/1269"}],"wp:attachment":[{"href":"https:\/\/outreach.iac.es\/peter\/wp-json\/wp\/v2\/media?parent=1101"}],"curies":[{"name":"wp","href":"https:\/\/api.w.org\/{rel}","templated":true}]}}