{"id":10,"date":"2016-10-17T13:24:46","date_gmt":"2016-10-17T13:24:46","guid":{"rendered":"http:\/\/www.iac.es\/peter-new\/?page_id=10"},"modified":"2025-08-29T10:25:28","modified_gmt":"2025-08-29T10:25:28","slug":"quienes-somos","status":"publish","type":"page","link":"https:\/\/outreach.iac.es\/peter\/quienes-somos\/","title":{"rendered":"\u00bfQui\u00e9nes somos?"},"content":{"rendered":"<p>PETeR es un proyecto coordinado y gestionado por la Unidad de Comunicaci\u00f3n y Cultura Cient\u00edfica (UC3) del Instituto de Astrof\u00edsica de Canarias.<\/p>\n\n\n<div class=\"wp-block-image\"><figure class=\"alignright is-resized\"><img loading=\"lazy\" src=\"https:\/\/outreach.iac.es\/peter\/wp-content\/uploads\/2017\/05\/tuerca.png\" alt=\"tuerca\" class=\"wp-image-546\" width=\"233\" height=\"252\" srcset=\"https:\/\/outreach.iac.es\/peter\/wp-content\/uploads\/2017\/05\/tuerca.png 434w, https:\/\/outreach.iac.es\/peter\/wp-content\/uploads\/2017\/05\/tuerca-277x300.png 277w\" sizes=\"(max-width: 233px) 100vw, 233px\" \/><\/figure><\/div>\n\n\n\n<div class=\"wp-block-columns\">\n<div class=\"wp-block-column\">\n<figure class=\"wp-block-image size-large is-resized is-style-default\"><img loading=\"lazy\" src=\"https:\/\/outreach.iac.es\/peter\/wp-content\/uploads\/2025\/08\/Nayra_IAC_Luna_01a_2080x1421-1024x700.jpg\" alt=\"Nayra Rodr\u00edguez Eugenio\" class=\"wp-image-3573\" width=\"274\" height=\"187\" srcset=\"https:\/\/outreach.iac.es\/peter\/wp-content\/uploads\/2025\/08\/Nayra_IAC_Luna_01a_2080x1421-1024x700.jpg 1024w, https:\/\/outreach.iac.es\/peter\/wp-content\/uploads\/2025\/08\/Nayra_IAC_Luna_01a_2080x1421-600x410.jpg 600w, https:\/\/outreach.iac.es\/peter\/wp-content\/uploads\/2025\/08\/Nayra_IAC_Luna_01a_2080x1421-768x525.jpg 768w, https:\/\/outreach.iac.es\/peter\/wp-content\/uploads\/2025\/08\/Nayra_IAC_Luna_01a_2080x1421-1536x1049.jpg 1536w, https:\/\/outreach.iac.es\/peter\/wp-content\/uploads\/2025\/08\/Nayra_IAC_Luna_01a_2080x1421-2048x1399.jpg 2048w\" sizes=\"(max-width: 274px) 100vw, 274px\" \/><\/figure>\n\n\n\n<h3>Coordinadora <\/h3>\n\n\n\n<h5>Nayra Rodr\u00edguez Eugenio<\/h5>\n\n\n\n<p>Astrof\u00edsica y divulgadora cient\u00edfica<\/p>\n<\/div>\n\n\n\n<div class=\"wp-block-column\">\n<figure class=\"wp-block-image size-large is-resized is-style-default\"><img loading=\"lazy\" src=\"https:\/\/outreach.iac.es\/peter\/wp-content\/uploads\/2025\/08\/Foto-perfil-Alejandra-1024x684.jpg\" alt=\"Alejandra Goded Merino\" class=\"wp-image-3574\" width=\"281\" height=\"188\" srcset=\"https:\/\/outreach.iac.es\/peter\/wp-content\/uploads\/2025\/08\/Foto-perfil-Alejandra-1024x684.jpg 1024w, https:\/\/outreach.iac.es\/peter\/wp-content\/uploads\/2025\/08\/Foto-perfil-Alejandra-600x401.jpg 600w, https:\/\/outreach.iac.es\/peter\/wp-content\/uploads\/2025\/08\/Foto-perfil-Alejandra-768x513.jpg 768w, https:\/\/outreach.iac.es\/peter\/wp-content\/uploads\/2025\/08\/Foto-perfil-Alejandra-375x250.jpg 375w, https:\/\/outreach.iac.es\/peter\/wp-content\/uploads\/2025\/08\/Foto-perfil-Alejandra-1536x1026.jpg 1536w, https:\/\/outreach.iac.es\/peter\/wp-content\/uploads\/2025\/08\/Foto-perfil-Alejandra-2048x1368.jpg 2048w, https:\/\/outreach.iac.es\/peter\/wp-content\/uploads\/2025\/08\/Foto-perfil-Alejandra-360x240.jpg 360w\" sizes=\"(max-width: 281px) 100vw, 281px\" \/><\/figure>\n\n\n\n<h3>Educadora <\/h3>\n\n\n\n<h5>Alejandra Goded Merino<\/h5>\n\n\n\n<p>Astrof\u00edsica y divulgadora cient\u00edfica<\/p>\n<\/div>\n<\/div>\n\n\n\n<h3>Otro personal del IAC que ha participado en PETeR<\/h3>\n\n\n\n<p><strong>In\u00e9s Bonet<\/strong>, dise\u00f1adora gr\u00e1fica<\/p>\n\n\n\n<p><strong>Irene Puerto<\/strong>, divulgadora cient\u00edfica<\/p>\n\n\n\n<p><strong>Sandra Ben\u00edtez<\/strong>, divulgadora cient\u00edfica<\/p>\n\n\n\n<p><strong>Alfred Rosenberg<\/strong>, divulgador cient\u00edfico<\/p>\n\n\n\n<p><strong>Gara Mora,<\/strong> divulgadora cient\u00edfica<\/p>\n\n\n\n<p>Tambi\u00e9n participaron en el Proyecto Educativo con el Telescopio Liverpool: <strong>Karin Ranero, Luis Cuesta<\/strong><\/p>\n\n\n\n<p><\/p>\n\n\n\n<h3>Colaboradores<\/h3>\n\n\n\n<p><strong>Ignacio Mart\u00ednez, <\/strong>webmaster<\/p>\n\n\n\n<p><strong>Oswaldo Gonz\u00e1lez S\u00e1nchez<\/strong>, responsable de Did\u00e1ctica del Museo de la Ciencia y el Cosmos (Museos de Tenerife)<\/p>\n\n\n\n<p><\/p>\n","protected":false},"excerpt":{"rendered":"<p>PETeR es un proyecto coordinado y gestionado por la Unidad de Comunicaci\u00f3n y Cultura Cient\u00edfica (UC3) del Instituto de Astrof\u00edsica de Canarias. Coordinadora Nayra Rodr\u00edguez Eugenio Astrof\u00edsica y divulgadora cient\u00edfica Educadora Alejandra Goded Merino Astrof\u00edsica y divulgadora cient\u00edfica Otro personal del IAC que ha participado en PETeR In\u00e9s Bonet, dise\u00f1adora [&hellip;]<\/p>\n","protected":false},"author":2,"featured_media":0,"parent":0,"menu_order":0,"comment_status":"closed","ping_status":"closed","template":"","meta":[],"_links":{"self":[{"href":"https:\/\/outreach.iac.es\/peter\/wp-json\/wp\/v2\/pages\/10"}],"collection":[{"href":"https:\/\/outreach.iac.es\/peter\/wp-json\/wp\/v2\/pages"}],"about":[{"href":"https:\/\/outreach.iac.es\/peter\/wp-json\/wp\/v2\/types\/page"}],"author":[{"embeddable":true,"href":"https:\/\/outreach.iac.es\/peter\/wp-json\/wp\/v2\/users\/2"}],"replies":[{"embeddable":true,"href":"https:\/\/outreach.iac.es\/peter\/wp-json\/wp\/v2\/comments?post=10"}],"version-history":[{"count":42,"href":"https:\/\/outreach.iac.es\/peter\/wp-json\/wp\/v2\/pages\/10\/revisions"}],"predecessor-version":[{"id":3615,"href":"https:\/\/outreach.iac.es\/peter\/wp-json\/wp\/v2\/pages\/10\/revisions\/3615"}],"wp:attachment":[{"href":"https:\/\/outreach.iac.es\/peter\/wp-json\/wp\/v2\/media?parent=10"}],"curies":[{"name":"wp","href":"https:\/\/api.w.org\/{rel}","templated":true}]}}