{"id":642,"date":"2020-09-18T08:52:53","date_gmt":"2020-09-18T08:52:53","guid":{"rendered":"https:\/\/outreach.iac.es\/cosmolab\/?page_id=642"},"modified":"2020-10-08T09:01:29","modified_gmt":"2020-10-08T09:01:29","slug":"filosofia","status":"publish","type":"page","link":"https:\/\/outreach.iac.es\/cosmolab\/filosofia\/","title":{"rendered":"Filosof\u00eda"},"content":{"rendered":"<p>[et_pb_section fb_built=\u00bb1&#8243; _builder_version=\u00bb4.6.1&#8243; _module_preset=\u00bbdefault\u00bb background_image=\u00bbhttps:\/\/outreach.iac.es\/cosmolab\/wp-content\/uploads\/2020\/09\/parallax-cabecera.jpg\u00bb parallax=\u00bbon\u00bb locked=\u00bboff\u00bb][et_pb_row _builder_version=\u00bb4.6.1&#8243; _module_preset=\u00bbdefault\u00bb][et_pb_column type=\u00bb4_4&#8243; _builder_version=\u00bb4.6.1&#8243; _module_preset=\u00bbdefault\u00bb][et_pb_text _builder_version=\u00bb4.6.1&#8243; _module_preset=\u00bbdefault\u00bb text_font=\u00bb||||||||\u00bb text_text_color=\u00bb#b8ecfb\u00bb text_font_size=\u00bb26px\u00bb locked=\u00bboff\u00bb]<\/p>\n<p style=\"text-align: center;\"><strong>FILOSOF\u00cdA<br \/> <\/strong><\/p>\n<p>[\/et_pb_text][\/et_pb_column][\/et_pb_row][\/et_pb_section][et_pb_section fb_built=\u00bb1&#8243; _builder_version=\u00bb4.6.1&#8243; _module_preset=\u00bbdefault\u00bb custom_margin=\u00bb||70px||false|false\u00bb custom_padding=\u00bb29px||0px|||\u00bb][et_pb_row _builder_version=\u00bb4.6.1&#8243; custom_padding=\u00bb|||\u00bb animation_style=\u00bbslide\u00bb animation_direction=\u00bbbottom\u00bb animation_intensity_slide=\u00bb25%\u00bb locked=\u00bboff\u00bb][et_pb_column type=\u00bb4_4&#8243; _builder_version=\u00bb3.25&#8243; custom_padding=\u00bb|||\u00bb custom_padding__hover=\u00bb|||\u00bb][et_pb_text _builder_version=\u00bb4.6.1&#8243; _module_preset=\u00bbdefault\u00bb text_font=\u00bbRaleway||||||||\u00bb text_text_color=\u00bb#000000&#8243; text_font_size=\u00bb26px\u00bb locked=\u00bboff\u00bb]<\/p>\n<p style=\"text-align: center;\">Aprender ciencia, haciendo ciencia<\/p>\n<p>[\/et_pb_text][et_pb_divider color=\u00bb#0884d1&#8243; divider_weight=\u00bb4px\u00bb _builder_version=\u00bb4.6.1&#8243; _module_preset=\u00bbdefault\u00bb width=\u00bb100px\u00bb module_alignment=\u00bbcenter\u00bb custom_margin=\u00bb||-2px|||\u00bb locked=\u00bboff\u00bb][\/et_pb_divider][et_pb_text _builder_version=\u00bb4.6.1&#8243; text_line_height=\u00bb2em\u00bb custom_padding=\u00bb||0px|||\u00bb animation_style=\u00bbfold\u00bb animation_direction=\u00bbleft\u00bb animation_intensity_fold=\u00bb5%\u00bb animation_starting_opacity=\u00bb100%\u00bb hover_enabled=\u00bb0&#8243; locked=\u00bboff\u00bb sticky_enabled=\u00bb0&#8243;]<\/p>\n<p style=\"text-align: center;\">Es importante estimular la curiosidad y el inter\u00e9s de los estudiantes por la ciencia, especialmente en una sociedad tan tecnol\u00f3gica como la actual. <br \/>Adem\u00e1s, la Astronom\u00eda posee un gran potencial para inspirar a los j\u00f3venes a cuestionarse sobre el mundo en el que viven.<\/p>\n<p>[\/et_pb_text][\/et_pb_column][\/et_pb_row][et_pb_row column_structure=\u00bb1_2,1_2&#8243; use_custom_gutter=\u00bbon\u00bb gutter_width=\u00bb1&#8243; make_equal=\u00bbon\u00bb _builder_version=\u00bb4.6.1&#8243; custom_padding=\u00bb0px|0px|0|0px\u00bb animation_style=\u00bbslide\u00bb animation_direction=\u00bbbottom\u00bb animation_intensity_slide=\u00bb25%\u00bb locked=\u00bboff\u00bb][et_pb_column type=\u00bb1_2&#8243; saved_specialty_column_type=\u00bb1_2&#8243; _builder_version=\u00bb4.6.1&#8243; background_color=\u00bb#ebe0cc\u00bb custom_padding=\u00bb|||\u00bb custom_padding__hover=\u00bb|||\u00bb][et_pb_image src=\u00bbhttps:\/\/outreach.iac.es\/cosmolab\/wp-content\/uploads\/2020\/09\/filosofia-01-1.jpg\u00bb title_text=\u00bbfilosofia-01&#8243; align_tablet=\u00bbcenter\u00bb align_phone=\u00bb\u00bb align_last_edited=\u00bbon|desktop\u00bb _builder_version=\u00bb4.6.1&#8243; locked=\u00bboff\u00bb][\/et_pb_image][et_pb_text _builder_version=\u00bb4.6.1&#8243; _module_preset=\u00bbdefault\u00bb custom_margin=\u00bb50px|50px|50px|50px|false|false\u00bb locked=\u00bboff\u00bb]<\/p>\n<p>De esta forma, los estudiantes aprenden sobre ciencia usando el m\u00e9todo cient\u00edfico: se preguntan sobre un concepto o fen\u00f3meno que les interese, dise\u00f1an y realizan sus propios experimentos y actividades pr\u00e1cticas para tratar de explicarlo, a la vez que plantean hip\u00f3tesis te\u00f3ricas, discuten los resultados y llegan a conclusiones de forma colaborativa.<\/p>\n<p>[\/et_pb_text][\/et_pb_column][et_pb_column type=\u00bb1_2&#8243; saved_specialty_column_type=\u00bb1_2&#8243; _builder_version=\u00bb4.6.1&#8243; background_color=\u00bb#b8ecfb\u00bb custom_padding=\u00bb|||\u00bb custom_padding__hover=\u00bb|||\u00bb][et_pb_text _builder_version=\u00bb4.6.1&#8243; _module_preset=\u00bbdefault\u00bb text_text_color=\u00bb#666666&#8243; custom_margin=\u00bb50px|50px|50px|50px|false|false\u00bb]<\/p>\n<p>Los materiales did\u00e1cticos de CosmoLAB se basan en la metodolog\u00eda de <strong>\u201cAprendizaje por investigaci\u00f3n o descubrimiento\u201d<\/strong> (tambi\u00e9n llamado <em>Inquiry-based learning<\/em> en ingl\u00e9s), que pone el foco en el desarrollo de aptitudes como el pensamiento cr\u00edtico o el trabajo colaborativo por parte de los estudiantes, en lugar de centrarse solo en transmitir el contenido.<\/p>\n<p>[\/et_pb_text][et_pb_image src=\u00bbhttps:\/\/outreach.iac.es\/cosmolab\/wp-content\/uploads\/2020\/09\/filosofia-02.jpg\u00bb title_text=\u00bbfilosofia-02&#8243; show_in_lightbox=\u00bbon\u00bb align_tablet=\u00bbcenter\u00bb align_phone=\u00bb\u00bb align_last_edited=\u00bbon|desktop\u00bb _builder_version=\u00bb4.6.1&#8243; locked=\u00bboff\u00bb][\/et_pb_image][\/et_pb_column][\/et_pb_row][\/et_pb_section][et_pb_section fb_built=\u00bb1&#8243; _builder_version=\u00bb4.6.1&#8243; _module_preset=\u00bbdefault\u00bb background_color=\u00bb#545454&#8243; use_background_color_gradient=\u00bbon\u00bb background_color_gradient_start=\u00bb#e3f5fd\u00bb background_color_gradient_end=\u00bb#fcf2ea\u00bb custom_padding=\u00bb70px||70px|||\u00bb locked=\u00bboff\u00bb][et_pb_row column_structure=\u00bb3_5,2_5&#8243; use_custom_gutter=\u00bbon\u00bb gutter_width=\u00bb1&#8243; make_equal=\u00bbon\u00bb _builder_version=\u00bb4.6.1&#8243; custom_padding=\u00bb0px|0px|0|0px\u00bb animation_style=\u00bbslide\u00bb animation_intensity_slide=\u00bb25%\u00bb locked=\u00bboff\u00bb][et_pb_column type=\u00bb3_5&#8243; _builder_version=\u00bb4.6.1&#8243; background_color=\u00bb#ebe0cc\u00bb custom_padding=\u00bb|||\u00bb custom_padding__hover=\u00bb|||\u00bb][et_pb_image src=\u00bbhttps:\/\/outreach.iac.es\/cosmolab\/wp-content\/uploads\/2020\/09\/filosofia-03-1.jpg\u00bb title_text=\u00bbfilosofia-03&#8243; align_tablet=\u00bbcenter\u00bb align_phone=\u00bb\u00bb align_last_edited=\u00bbon|desktop\u00bb _builder_version=\u00bb4.6.1&#8243; locked=\u00bboff\u00bb][\/et_pb_image][\/et_pb_column][et_pb_column type=\u00bb2_5&#8243; _builder_version=\u00bb4.6.1&#8243; background_color=\u00bb#ffffff\u00bb custom_padding=\u00bb|||\u00bb custom_padding__hover=\u00bb|||\u00bb][et_pb_text _builder_version=\u00bb4.6.1&#8243; _module_preset=\u00bbdefault\u00bb text_font=\u00bbRaleway||||||||\u00bb text_text_color=\u00bb#000000&#8243; text_font_size=\u00bb26px\u00bb custom_margin=\u00bb50px||25px|50px|false|false\u00bb locked=\u00bboff\u00bb]<\/p>\n<p style=\"text-align: left;\">Astronom\u00eda <br \/>como recurso educativo<\/p>\n<p>[\/et_pb_text][et_pb_divider color=\u00bb#0884d1&#8243; divider_weight=\u00bb4px\u00bb _builder_version=\u00bb4.6.1&#8243; _module_preset=\u00bbdefault\u00bb width=\u00bb100px\u00bb custom_margin=\u00bb||0px|50px|false|false\u00bb locked=\u00bboff\u00bb][\/et_pb_divider][et_pb_text _builder_version=\u00bb4.6.1&#8243; _module_preset=\u00bbdefault\u00bb text_text_color=\u00bb#666666&#8243; custom_margin=\u00bb0px|50px|50px|50px|false|false\u00bb locked=\u00bboff\u00bb]<\/p>\n<p>La Astronom\u00eda es una disciplina multidisciplinar que engloba muchos saberes y con la que pueden abordarse diferentes \u00e1reas del conocimiento incluidas en el curriculum escolar desde f\u00edsica, matem\u00e1ticas y qu\u00edmica, hasta historia, m\u00fasica o arte.<\/p>\n<p>[\/et_pb_text][et_pb_text _builder_version=\u00bb4.6.1&#8243; _module_preset=\u00bbdefault\u00bb text_font_size=\u00bb13px\u00bb custom_margin=\u00bb0px|50px||50px|false|false\u00bb locked=\u00bboff\u00bb]<\/p>\n<p><em>Vista de la V\u00eda L\u00e1ctea sobre el telescopio Liverpool en el Roque de los Muchachos, La Palma.<\/em><br \/><em> Cr\u00e9dito: Daniel L\u00f3pez.<\/em><\/p>\n<p>[\/et_pb_text][\/et_pb_column][\/et_pb_row][\/et_pb_section][et_pb_section fb_built=\u00bb1&#8243; _builder_version=\u00bb4.6.1&#8243; _module_preset=\u00bbdefault\u00bb][et_pb_row _builder_version=\u00bb4.6.1&#8243; custom_padding=\u00bb0px|||||\u00bb animation_style=\u00bbslide\u00bb animation_direction=\u00bbbottom\u00bb animation_intensity_slide=\u00bb25%\u00bb locked=\u00bboff\u00bb][et_pb_column type=\u00bb4_4&#8243; _builder_version=\u00bb3.25&#8243; custom_padding=\u00bb|||\u00bb custom_padding__hover=\u00bb|||\u00bb][et_pb_text _builder_version=\u00bb4.6.1&#8243; _module_preset=\u00bbdefault\u00bb text_font=\u00bbRaleway||||||||\u00bb text_text_color=\u00bb#000000&#8243; text_font_size=\u00bb26px\u00bb locked=\u00bboff\u00bb]<\/p>\n<p style=\"text-align: center;\">Astronom\u00eda inclusiva y diversa<\/p>\n<p>[\/et_pb_text][et_pb_divider color=\u00bb#0884d1&#8243; divider_weight=\u00bb4px\u00bb _builder_version=\u00bb4.6.1&#8243; _module_preset=\u00bbdefault\u00bb width=\u00bb100px\u00bb module_alignment=\u00bbcenter\u00bb custom_margin=\u00bb||-2px|||\u00bb locked=\u00bboff\u00bb][\/et_pb_divider][et_pb_image src=\u00bbhttps:\/\/outreach.iac.es\/cosmolab\/wp-content\/uploads\/2020\/09\/filosofia-03.jpg\u00bb title_text=\u00bbfilosofia-03&#8243; _builder_version=\u00bb4.6.1&#8243; _module_preset=\u00bbdefault\u00bb locked=\u00bboff\u00bb][\/et_pb_image][et_pb_text _builder_version=\u00bb4.6.1&#8243; _module_preset=\u00bbdefault\u00bb text_font_size=\u00bb13px\u00bb custom_margin=\u00bb-25px|||||\u00bb locked=\u00bboff\u00bb]<\/p>\n<p><em>Mural elaborado por \u00abSabotaje al Montaje\u00bb en honor a Henrietta Leavitt en el parking interior de la Facultad de Ciencias de la Universidad de La Laguna. Cr\u00e9dito: Elena Mora (IAC)<\/em><\/p>\n<p>[\/et_pb_text][et_pb_text _builder_version=\u00bb4.6.1&#8243; _module_preset=\u00bbdefault\u00bb]<\/p>\n<p>El proyecto CosmoLAB tiene el firme compromiso de promover la igualdad de g\u00e9nero en la ciencia, deconstruyendo estereotipos sociales y sesgos inconscientes que dificultan la entrada y posterior promoci\u00f3n de las mujeres y otros colectivos (comunidad negra, LGTBI\u2026) en las \u00e1reas cient\u00edficas.<\/p>\n<p>A trav\u00e9s de recursos audiovisuales y educativos, queremos visibilizar la importante labor de las mujeres en la producci\u00f3n cient\u00edfica desde los albores de la ciencia hasta nuestros d\u00edas.<\/p>\n<p>Si quieres conocer m\u00e1s sobre mujeres incre\u00edbles que revolucionaron la Astronom\u00eda y las que trabajan actualmente en desvelar los misterios del Universo, consulta el \u00faltimo n\u00famero de nuestra revista <a href=\"https:\/\/www.iac.es\/es\" target=\"_blank\" rel=\"noopener noreferrer\">Paralajes<\/a>.<\/p>\n<p>[\/et_pb_text][\/et_pb_column][\/et_pb_row][\/et_pb_section]<\/p>\n","protected":false},"excerpt":{"rendered":"<p>FILOSOF\u00cdA Aprender ciencia, haciendo cienciaEs importante estimular la curiosidad y el inter\u00e9s de los estudiantes por la ciencia, especialmente en una sociedad tan tecnol\u00f3gica como la actual. Adem\u00e1s, la Astronom\u00eda posee un gran potencial para inspirar a los j\u00f3venes a cuestionarse sobre el mundo en el que viven.De esta forma, los estudiantes aprenden sobre ciencia [&hellip;]<\/p>\n","protected":false},"author":1,"featured_media":0,"parent":0,"menu_order":0,"comment_status":"closed","ping_status":"closed","template":"","meta":{"_et_pb_use_builder":"on","_et_pb_old_content":"","_et_gb_content_width":"","footnotes":""},"_links":{"self":[{"href":"https:\/\/outreach.iac.es\/cosmolab\/wp-json\/wp\/v2\/pages\/642"}],"collection":[{"href":"https:\/\/outreach.iac.es\/cosmolab\/wp-json\/wp\/v2\/pages"}],"about":[{"href":"https:\/\/outreach.iac.es\/cosmolab\/wp-json\/wp\/v2\/types\/page"}],"author":[{"embeddable":true,"href":"https:\/\/outreach.iac.es\/cosmolab\/wp-json\/wp\/v2\/users\/1"}],"replies":[{"embeddable":true,"href":"https:\/\/outreach.iac.es\/cosmolab\/wp-json\/wp\/v2\/comments?post=642"}],"version-history":[{"count":34,"href":"https:\/\/outreach.iac.es\/cosmolab\/wp-json\/wp\/v2\/pages\/642\/revisions"}],"predecessor-version":[{"id":1354,"href":"https:\/\/outreach.iac.es\/cosmolab\/wp-json\/wp\/v2\/pages\/642\/revisions\/1354"}],"wp:attachment":[{"href":"https:\/\/outreach.iac.es\/cosmolab\/wp-json\/wp\/v2\/media?parent=642"}],"curies":[{"name":"wp","href":"https:\/\/api.w.org\/{rel}","templated":true}]}}