{"id":637,"date":"2020-09-18T08:21:53","date_gmt":"2020-09-18T08:21:53","guid":{"rendered":"https:\/\/outreach.iac.es\/cosmolab\/?page_id=637"},"modified":"2024-02-15T16:16:53","modified_gmt":"2024-02-15T16:16:53","slug":"que-es","status":"publish","type":"page","link":"https:\/\/outreach.iac.es\/cosmolab\/que-es\/","title":{"rendered":"\u00bfQu\u00e9 es?"},"content":{"rendered":"<p>[et_pb_section fb_built=\u00bb1&#8243; _builder_version=\u00bb4.16&#8243; _module_preset=\u00bbdefault\u00bb background_image=\u00bbhttps:\/\/outreach.iac.es\/cosmolab\/wp-content\/uploads\/2020\/09\/parallax-cabecera.jpg\u00bb parallax=\u00bbon\u00bb locked=\u00bboff\u00bb global_colors_info=\u00bb{}\u00bb][et_pb_row _builder_version=\u00bb4.16&#8243; _module_preset=\u00bbdefault\u00bb global_colors_info=\u00bb{}\u00bb][et_pb_column type=\u00bb4_4&#8243; _builder_version=\u00bb4.16&#8243; _module_preset=\u00bbdefault\u00bb global_colors_info=\u00bb{}\u00bb][et_pb_text _builder_version=\u00bb4.23&#8243; _module_preset=\u00bbdefault\u00bb text_font=\u00bb||||||||\u00bb text_text_color=\u00bb#b8ecfb\u00bb text_font_size=\u00bb26px\u00bb locked=\u00bboff\u00bb global_colors_info=\u00bb{}\u00bb]<\/p>\n<p style=\"text-align: center;\"><strong>\u00bfQU\u00c9 ES COSMOLAB?<br \/><\/strong><\/p>\n<p>[\/et_pb_text][\/et_pb_column][\/et_pb_row][\/et_pb_section][et_pb_section fb_built=\u00bb1&#8243; _builder_version=\u00bb4.16&#8243; _module_preset=\u00bbdefault\u00bb background_color=\u00bb#545454&#8243; use_background_color_gradient=\u00bbon\u00bb background_color_gradient_stops=\u00bb#e3f5fd 0%|#fcf2ea 100%\u00bb background_color_gradient_start=\u00bb#e3f5fd\u00bb background_color_gradient_end=\u00bb#fcf2ea\u00bb custom_padding=\u00bb||1px|||\u00bb locked=\u00bboff\u00bb global_colors_info=\u00bb{}\u00bb][et_pb_row column_structure=\u00bb1_2,1_2&#8243; use_custom_gutter=\u00bbon\u00bb gutter_width=\u00bb1&#8243; make_equal=\u00bbon\u00bb padding_top_bottom_link_1=\u00bbtrue\u00bb padding_top_bottom_link_2=\u00bbfalse\u00bb padding_left_right_link_1=\u00bbtrue\u00bb padding_left_right_link_2=\u00bbfalse\u00bb admin_label=\u00bbFila\u00bb _builder_version=\u00bb4.23&#8243; min_height=\u00bb420px\u00bb custom_margin=\u00bb|auto|50px|auto|false|false\u00bb custom_padding=\u00bb0||0||false|true\u00bb animation_style=\u00bbslide\u00bb animation_direction=\u00bbbottom\u00bb hover_enabled=\u00bb0&#8243; box_shadow_style=\u00bbpreset3&#8243; box_shadow_vertical=\u00bb20px\u00bb box_shadow_blur=\u00bb120px\u00bb box_shadow_spread=\u00bb-10px\u00bb box_shadow_color=\u00bbrgba(0,0,0,0.1)\u00bb locked=\u00bboff\u00bb global_colors_info=\u00bb{}\u00bb box_shadow_vertical__hover_enabled=\u00bbon\u00bb box_shadow_vertical__hover=\u00bb40px\u00bb animation_style__hover=\u00bbnone\u00bb animation_style__hover_enabled=\u00bbnone\u00bb animation_repeat__hover=\u00bbonce\u00bb animation_repeat__hover_enabled=\u00bbonce\u00bb animation_direction__hover=\u00bbcenter\u00bb animation_direction__hover_enabled=\u00bbcenter\u00bb animation_duration__hover=\u00bb1000ms\u00bb animation_duration__hover_enabled=\u00bb1000ms\u00bb animation_delay__hover=\u00bb0ms\u00bb animation_delay__hover_enabled=\u00bb0ms\u00bb animation_intensity_slide__hover=\u00bb50%\u00bb animation_intensity_slide__hover_enabled=\u00bb50%\u00bb animation_intensity_zoom__hover=\u00bb50%\u00bb animation_intensity_zoom__hover_enabled=\u00bb50%\u00bb animation_intensity_flip__hover=\u00bb50%\u00bb animation_intensity_flip__hover_enabled=\u00bb50%\u00bb animation_intensity_fold__hover=\u00bb50%\u00bb animation_intensity_fold__hover_enabled=\u00bb50%\u00bb animation_intensity_roll__hover=\u00bb50%\u00bb animation_intensity_roll__hover_enabled=\u00bb50%\u00bb animation_starting_opacity__hover=\u00bb0%\u00bb animation_starting_opacity__hover_enabled=\u00bb0%\u00bb animation_speed_curve__hover=\u00bbease-in-out\u00bb animation_speed_curve__hover_enabled=\u00bbease-in-out\u00bb sticky_enabled=\u00bb0&#8243;][et_pb_column type=\u00bb1_2&#8243; _builder_version=\u00bb4.23&#8243; background_enable_color=\u00bboff\u00bb background_image=\u00bbhttps:\/\/outreach.iac.es\/cosmolab\/wp-content\/uploads\/2023\/12\/proyecto-01.jpg\u00bb background_repeat=\u00bbrepeat\u00bb background_blend=\u00bboverlay\u00bb custom_padding=\u00bb80px|40px|80px|40px\u00bb global_colors_info=\u00bb{}\u00bb custom_padding__hover=\u00bb|||\u00bb][et_pb_text _builder_version=\u00bb4.23&#8243; _module_preset=\u00bbdefault\u00bb text_text_color=\u00bb#ffffff\u00bb text_font_size=\u00bb30px\u00bb text_line_height=\u00bb1.5em\u00bb custom_margin=\u00bb0px||||false|false\u00bb locked=\u00bboff\u00bb global_colors_info=\u00bb{}\u00bb]<\/p>\n<p style=\"text-align: center;\"><em><strong>CosmoLAB<\/strong>: <\/em><strong><em>el Sistema Solar como laboratorio en el aula<\/em><\/strong><\/p>\n<p>[\/et_pb_text][\/et_pb_column][et_pb_column type=\u00bb1_2&#8243; _builder_version=\u00bb4.16&#8243; background_color=\u00bb#ffffff\u00bb custom_padding=\u00bb80px||10px|\u00bb global_colors_info=\u00bb{}\u00bb custom_padding__hover=\u00bb|||\u00bb][et_pb_text _builder_version=\u00bb4.16&#8243; text_font=\u00bb||on||||||\u00bb text_text_color=\u00bb#6b6b6b\u00bb text_font_size=\u00bb16px\u00bb text_line_height=\u00bb2em\u00bb custom_margin=\u00bb|60px||60px|false|false\u00bb animation_style=\u00bbfold\u00bb animation_direction=\u00bbleft\u00bb animation_intensity_fold=\u00bb5%\u00bb animation_starting_opacity=\u00bb100%\u00bb locked=\u00bboff\u00bb global_colors_info=\u00bb{}\u00bb]<\/p>\n<p>\u201cCosmoLAB: el Sistema Solar como laboratorio en el aula\u201d es un proyecto del <a href=\"https:\/\/www.iac.es\/\" target=\"_blank\" rel=\"noopener noreferrer\">Instituto de Astrof\u00edsica de Canarias<\/a> (IAC), financiado por el Cabildo de Tenerife a trav\u00e9s de su programa Tenerife Innova, para crear una <strong>astro-<em>comunidad en los centros educativos de Tenerife<\/em>. <\/strong><\/p>\n<p>En Canarias <strong>tenemos unos cielos privilegiados para la observaci\u00f3n astron\u00f3mica, \u00a1disfrut\u00e9moslo!<\/strong><\/p>\n<p><strong><\/strong><\/p>\n<p>[\/et_pb_text][\/et_pb_column][\/et_pb_row][et_pb_row column_structure=\u00bb1_2,1_2&#8243; _builder_version=\u00bb4.16&#8243; _module_preset=\u00bbdefault\u00bb animation_style=\u00bbslide\u00bb animation_direction=\u00bbbottom\u00bb global_colors_info=\u00bb{}\u00bb][et_pb_column type=\u00bb1_2&#8243; _builder_version=\u00bb4.16&#8243; _module_preset=\u00bbdefault\u00bb global_colors_info=\u00bb{}\u00bb][et_pb_image src=\u00bbhttps:\/\/outreach.iac.es\/cosmolab\/wp-content\/uploads\/2023\/11\/Sin-ti\u0301tulo-2-1.png\u00bb title_text=\u00bbCurso CosmoLAB: Monta un telescopio y observa el Universo, noviembre 2023 con profesores del CEP Norte\u00bb _builder_version=\u00bb4.23&#8243; _module_preset=\u00bbdefault\u00bb hover_enabled=\u00bb0&#8243; global_colors_info=\u00bb{}\u00bb sticky_enabled=\u00bb0&#8243;][\/et_pb_image][\/et_pb_column][et_pb_column type=\u00bb1_2&#8243; _builder_version=\u00bb4.16&#8243; _module_preset=\u00bbdefault\u00bb global_colors_info=\u00bb{}\u00bb][et_pb_text _builder_version=\u00bb4.23&#8243; text_line_height=\u00bb2em\u00bb animation_style=\u00bbfold\u00bb animation_direction=\u00bbleft\u00bb animation_intensity_fold=\u00bb5%\u00bb animation_starting_opacity=\u00bb100%\u00bb locked=\u00bboff\u00bb global_colors_info=\u00bb{}\u00bb]<\/p>\n<p>Su objetivo principal es alentar a la comunidad educativa de Tenerife para <strong>que identifique la Astronom\u00eda y, en particular, el cielo de Canarias y sus observatorios como parte de su propio patrimonio cultural.<\/strong><\/p>\n<p>En el marco del proyecto, y durante los 4 a\u00f1os de la segunda edici\u00f3n del proyecto (2023-2027), realizaremos las siguientes acciones:<\/p>\n<ul>\n<li><strong>Cursos de formaci\u00f3n<\/strong> del profesorado<\/li>\n<li><strong>Pr\u00e9stamo de<\/strong> material astron\u00f3mico de calidad (<strong>telescopios solares y nocturnos<\/strong>)<\/li>\n<li>Desarrollo de <strong>material educativo<\/strong> basado en la metodolog\u00eda \u201cAprendizaje por Investigaci\u00f3n\u201d (y pr\u00e9stamo de este material)<\/li>\n<li><strong>Apoyo y soporte<\/strong> continuo a la comunidad educativa tinerfe\u00f1a<\/li>\n<\/ul>\n<p>Gracias a este proyecto educativo, en su primera edici\u00f3n <strong>m\u00e1s de 200 profesores<\/strong> se han formado en los distintos cursos ofrecidos y han realizado <strong>actividades con 7.700 estudiantes de Primaria, Secundaria, Bachillerato y Formaci\u00f3n Profesional en 90 centros escolares de Tenerife<\/strong>.<\/p>\n<p>[\/et_pb_text][\/et_pb_column][\/et_pb_row][et_pb_row _builder_version=\u00bb4.23&#8243; min_height=\u00bb178px\u00bb custom_margin=\u00bb||50px||false|false\u00bb custom_padding=\u00bb0px||0px|||\u00bb animation_style=\u00bbslide\u00bb animation_direction=\u00bbbottom\u00bb animation_intensity_slide=\u00bb25%\u00bb locked=\u00bboff\u00bb global_colors_info=\u00bb{}\u00bb][et_pb_column type=\u00bb4_4&#8243; _builder_version=\u00bb4.16&#8243; custom_padding=\u00bb|||\u00bb global_colors_info=\u00bb{}\u00bb custom_padding__hover=\u00bb|||\u00bb][et_pb_text _builder_version=\u00bb4.16&#8243; text_line_height=\u00bb2em\u00bb custom_padding=\u00bb||0px|||\u00bb animation_style=\u00bbfold\u00bb animation_direction=\u00bbleft\u00bb animation_intensity_fold=\u00bb5%\u00bb animation_starting_opacity=\u00bb100%\u00bb locked=\u00bboff\u00bb global_colors_info=\u00bb{}\u00bb]<\/p>\n<p><span style=\"color: #000000; font-family: verdana, geneva, sans-serif;\">En el siguiente mapa puedes consultar los centros que han participado hasta ahora en el proyecto:<\/span><\/p>\n<p>[\/et_pb_text][et_pb_code _builder_version=\u00bb4.16&#8243; _module_preset=\u00bbdefault\u00bb global_colors_info=\u00bb{}\u00bb]<iframe loading=\"lazy\" src=\"https:\/\/www.google.com\/maps\/d\/embed?mid=1eCamcQ8J2twEoV1o5iaEUGRCFTyzJ52k\" width=\"1080\" height=\"600\"><\/iframe>[\/et_pb_code][et_pb_text _builder_version=\u00bb4.16&#8243; text_line_height=\u00bb2em\u00bb custom_padding=\u00bb||0px|||\u00bb animation_style=\u00bbfold\u00bb animation_direction=\u00bbleft\u00bb animation_intensity_fold=\u00bb5%\u00bb animation_starting_opacity=\u00bb100%\u00bb locked=\u00bboff\u00bb global_colors_info=\u00bb{}\u00bb]<\/p>\n<p><span style=\"color: #000000; font-family: verdana, geneva, sans-serif;\">Para participar en el proyecto, solicitar el material para tu centro o para plantearnos cualquier otra consulta puedes rellenar nuestro\u00a0<a href=\"https:\/\/outreach.iac.es\/cosmolab\/contacto\/#formulario\">formulario de contacto<\/a>, o escribirnos a <a href=\"mailto:cosmolab@iac.es%20\">cosmolab@iac.es<\/a> <\/span><\/p>\n<p>[\/et_pb_text][\/et_pb_column][\/et_pb_row][\/et_pb_section][et_pb_section fb_built=\u00bb1&#8243; _builder_version=\u00bb4.16&#8243; _module_preset=\u00bbdefault\u00bb locked=\u00bboff\u00bb global_colors_info=\u00bb{}\u00bb][\/et_pb_section][et_pb_section fb_built=\u00bb1&#8243; _builder_version=\u00bb4.16&#8243; _module_preset=\u00bbdefault\u00bb background_color=\u00bb#545454&#8243; use_background_color_gradient=\u00bbon\u00bb background_color_gradient_stops=\u00bb#e3f5fd 0%|#fcf2ea 100%\u00bb background_color_gradient_start=\u00bb#e3f5fd\u00bb background_color_gradient_end=\u00bb#fcf2ea\u00bb locked=\u00bboff\u00bb global_colors_info=\u00bb{}\u00bb][et_pb_row column_structure=\u00bb1_2,1_2&#8243; _builder_version=\u00bb4.16&#8243; _module_preset=\u00bbdefault\u00bb custom_padding=\u00bb||27px|||\u00bb global_colors_info=\u00bb{}\u00bb][et_pb_column type=\u00bb1_2&#8243; _builder_version=\u00bb4.16&#8243; _module_preset=\u00bbdefault\u00bb global_colors_info=\u00bb{}\u00bb][et_pb_text _builder_version=\u00bb4.23&#8243; text_line_height=\u00bb1.5em\u00bb custom_margin=\u00bb5px||46px||false|\u00bb animation_style=\u00bbfold\u00bb animation_direction=\u00bbleft\u00bb animation_intensity_fold=\u00bb5%\u00bb animation_starting_opacity=\u00bb100%\u00bb locked=\u00bboff\u00bb global_colors_info=\u00bb{}\u00bb]<\/p>\n<p><strong>Para mas informaci\u00f3n ver el v\u00eddeo conmemorativo del primer a\u00f1o del proyecto:<\/strong><\/p>\n<p>[\/et_pb_text][et_pb_video src=\u00bbhttps:\/\/outreach.iac.es\/cosmolab\/video\/el-proyecto-cosmolab-cumple-un-ano.mp4&#8243; _builder_version=\u00bb4.16&#8243; _module_preset=\u00bbdefault\u00bb global_colors_info=\u00bb{}\u00bb][\/et_pb_video][et_pb_code _builder_version=\u00bb4.16&#8243; _module_preset=\u00bbdefault\u00bb global_colors_info=\u00bb{}\u00bb][\/et_pb_code][\/et_pb_column][et_pb_column type=\u00bb1_2&#8243; _builder_version=\u00bb4.16&#8243; _module_preset=\u00bbdefault\u00bb global_colors_info=\u00bb{}\u00bb][et_pb_text _builder_version=\u00bb4.16&#8243; text_line_height=\u00bb1.5em\u00bb animation_style=\u00bbfold\u00bb animation_direction=\u00bbleft\u00bb animation_intensity_fold=\u00bb5%\u00bb animation_starting_opacity=\u00bb100%\u00bb locked=\u00bboff\u00bb global_colors_info=\u00bb{}\u00bb]<\/p>\n<p><strong>O el reportaje del proyecto grabado por el Cabildo de Tenerife durante la inauguraci\u00f3n del mismo en mayo de 2018 en el Observatorio del Teide:<\/strong><\/p>\n<p>[\/et_pb_text][et_pb_video src=\u00bbhttps:\/\/outreach.iac.es\/cosmolab\/video\/cosmolab.mp4?_t=1611748489&#8243; _builder_version=\u00bb4.16&#8243; _module_preset=\u00bbdefault\u00bb global_colors_info=\u00bb{}\u00bb][\/et_pb_video][\/et_pb_column][\/et_pb_row][\/et_pb_section]<\/p>\n","protected":false},"excerpt":{"rendered":"<p>\u00bfQU\u00c9 ES COSMOLAB?CosmoLAB: el Sistema Solar como laboratorio en el aula\u201cCosmoLAB: el Sistema Solar como laboratorio en el aula\u201d es un proyecto del Instituto de Astrof\u00edsica de Canarias (IAC), financiado por el Cabildo de Tenerife a trav\u00e9s de su programa Tenerife Innova, para crear una astro-comunidad en los centros educativos de Tenerife. En Canarias tenemos [&hellip;]<\/p>\n","protected":false},"author":1,"featured_media":0,"parent":0,"menu_order":0,"comment_status":"closed","ping_status":"closed","template":"","meta":{"_et_pb_use_builder":"on","_et_pb_old_content":"","_et_gb_content_width":"","footnotes":""},"_links":{"self":[{"href":"https:\/\/outreach.iac.es\/cosmolab\/wp-json\/wp\/v2\/pages\/637"}],"collection":[{"href":"https:\/\/outreach.iac.es\/cosmolab\/wp-json\/wp\/v2\/pages"}],"about":[{"href":"https:\/\/outreach.iac.es\/cosmolab\/wp-json\/wp\/v2\/types\/page"}],"author":[{"embeddable":true,"href":"https:\/\/outreach.iac.es\/cosmolab\/wp-json\/wp\/v2\/users\/1"}],"replies":[{"embeddable":true,"href":"https:\/\/outreach.iac.es\/cosmolab\/wp-json\/wp\/v2\/comments?post=637"}],"version-history":[{"count":32,"href":"https:\/\/outreach.iac.es\/cosmolab\/wp-json\/wp\/v2\/pages\/637\/revisions"}],"predecessor-version":[{"id":2169,"href":"https:\/\/outreach.iac.es\/cosmolab\/wp-json\/wp\/v2\/pages\/637\/revisions\/2169"}],"wp:attachment":[{"href":"https:\/\/outreach.iac.es\/cosmolab\/wp-json\/wp\/v2\/media?parent=637"}],"curies":[{"name":"wp","href":"https:\/\/api.w.org\/{rel}","templated":true}]}}