{"id":33,"date":"2020-09-07T16:18:50","date_gmt":"2020-09-07T16:18:50","guid":{"rendered":"https:\/\/outreach.iac.es\/cosmolab\/?page_id=33"},"modified":"2024-05-07T14:52:12","modified_gmt":"2024-05-07T14:52:12","slug":"faqs","status":"publish","type":"page","link":"https:\/\/outreach.iac.es\/cosmolab\/faqs\/","title":{"rendered":"FAQs"},"content":{"rendered":"<p>[et_pb_section fb_built=\u00bb1&#8243; _builder_version=\u00bb4.16&#8243; _module_preset=\u00bbdefault\u00bb background_image=\u00bbhttps:\/\/outreach.iac.es\/cosmolab\/wp-content\/uploads\/2020\/09\/parallax-cabecera.jpg\u00bb parallax=\u00bbon\u00bb locked=\u00bboff\u00bb global_colors_info=\u00bb{}\u00bb][et_pb_row _builder_version=\u00bb4.16&#8243; _module_preset=\u00bbdefault\u00bb global_colors_info=\u00bb{}\u00bb][et_pb_column type=\u00bb4_4&#8243; _builder_version=\u00bb4.16&#8243; _module_preset=\u00bbdefault\u00bb global_colors_info=\u00bb{}\u00bb][et_pb_text _builder_version=\u00bb4.16&#8243; _module_preset=\u00bbdefault\u00bb text_font=\u00bb||||||||\u00bb text_text_color=\u00bb#b8ecfb\u00bb text_font_size=\u00bb26px\u00bb locked=\u00bboff\u00bb global_colors_info=\u00bb{}\u00bb]<\/p>\n<p style=\"text-align: center;\"><strong>FAQs<br \/> <\/strong><\/p>\n<p>[\/et_pb_text][\/et_pb_column][\/et_pb_row][\/et_pb_section][et_pb_section fb_built=\u00bb1&#8243; _builder_version=\u00bb4.16&#8243; _module_preset=\u00bbdefault\u00bb custom_padding=\u00bb30px||30px|||\u00bb locked=\u00bboff\u00bb global_colors_info=\u00bb{}\u00bb][et_pb_row _builder_version=\u00bb4.16&#8243; custom_padding=\u00bb|||\u00bb animation_style=\u00bbslide\u00bb animation_direction=\u00bbbottom\u00bb animation_intensity_slide=\u00bb25%\u00bb locked=\u00bboff\u00bb global_colors_info=\u00bb{}\u00bb][et_pb_column type=\u00bb4_4&#8243; _builder_version=\u00bb4.16&#8243; custom_padding=\u00bb|||\u00bb global_colors_info=\u00bb{}\u00bb custom_padding__hover=\u00bb|||\u00bb][et_pb_text _builder_version=\u00bb4.16&#8243; _module_preset=\u00bbdefault\u00bb text_font=\u00bbRaleway||||||||\u00bb text_text_color=\u00bb#000000&#8243; text_font_size=\u00bb26px\u00bb locked=\u00bboff\u00bb global_colors_info=\u00bb{}\u00bb]<\/p>\n<p style=\"text-align: center;\">FAQs<\/p>\n<p>[\/et_pb_text][et_pb_divider color=\u00bb#0884d1&#8243; divider_weight=\u00bb4px\u00bb _builder_version=\u00bb4.16&#8243; _module_preset=\u00bbdefault\u00bb width=\u00bb100px\u00bb module_alignment=\u00bbcenter\u00bb custom_margin=\u00bb||-2px|||\u00bb hover_enabled=\u00bb0&#8243; locked=\u00bboff\u00bb global_colors_info=\u00bb{}\u00bb sticky_enabled=\u00bb0&#8243;][\/et_pb_divider][et_pb_text _builder_version=\u00bb4.16&#8243; text_line_height=\u00bb2em\u00bb custom_padding=\u00bb||0px|||\u00bb animation_style=\u00bbfold\u00bb animation_direction=\u00bbleft\u00bb animation_intensity_fold=\u00bb5%\u00bb animation_starting_opacity=\u00bb100%\u00bb locked=\u00bboff\u00bb global_colors_info=\u00bb{}\u00bb]<\/p>\n<p style=\"text-align: center;\">En este apartado relacionamos las preguntas frecuentes y sus respuestas que pueden ser de utilidad para nuestros visitantes. A medida de que vayamos detectando nuevas preguntas, las iremos a\u00f1adiendo en esta p\u00e1gina junto con sus respuestas.<\/p>\n<p>[\/et_pb_text][\/et_pb_column][\/et_pb_row][\/et_pb_section][et_pb_section fb_built=\u00bb1&#8243; _builder_version=\u00bb4.16&#8243; _module_preset=\u00bbdefault\u00bb background_image=\u00bbhttps:\/\/outreach.iac.es\/cosmolab\/wp-content\/uploads\/2020\/09\/faqs-parallax.jpg\u00bb parallax=\u00bbon\u00bb parallax_method=\u00bboff\u00bb min_height=\u00bb200px\u00bb locked=\u00bboff\u00bb global_colors_info=\u00bb{}\u00bb][\/et_pb_section][et_pb_section fb_built=\u00bb1&#8243; _builder_version=\u00bb4.16&#8243; _module_preset=\u00bbdefault\u00bb locked=\u00bboff\u00bb global_colors_info=\u00bb{}\u00bb][et_pb_row _builder_version=\u00bb4.16&#8243; _module_preset=\u00bbdefault\u00bb locked=\u00bboff\u00bb global_colors_info=\u00bb{}\u00bb][et_pb_column type=\u00bb4_4&#8243; _builder_version=\u00bb4.16&#8243; _module_preset=\u00bbdefault\u00bb global_colors_info=\u00bb{}\u00bb][et_pb_accordion closed_toggle_background_color=\u00bb#ffffff\u00bb icon_color=\u00bb#0884d1&#8243; _builder_version=\u00bb4.23&#8243; _module_preset=\u00bbdefault\u00bb hover_enabled=\u00bb0&#8243; border_color_all=\u00bb#0884d1&#8243; global_colors_info=\u00bb{}\u00bb sticky_enabled=\u00bb0&#8243;][et_pb_accordion_item title=\u00bb\u00bfQui\u00e9nes pueden participar en el proyecto?\u00bb open=\u00bbon\u00bb _builder_version=\u00bb4.16&#8243; _module_preset=\u00bbdefault\u00bb global_colors_info=\u00bb{}\u00bb]<\/p>\n<div class=\"wpsm_panel-heading\" role=\"tab\"><\/div>\n<div id=\"ac_286_collapse1\" class=\"wpsm_panel-collapse collapse in\">\n<div class=\"wpsm_panel-body\">Docentes de la isla de Tenerife, de todas las \u00e1reas y niveles educativos (desde infantil a bachillerato).<\/div>\n<\/div>\n<p>[\/et_pb_accordion_item][et_pb_accordion_item title=\u00bb\u00bfQu\u00e9 cursos hay?\u00bb _builder_version=\u00bb4.16&#8243; _module_preset=\u00bbdefault\u00bb global_colors_info=\u00bb{}\u00bb open=\u00bboff\u00bb]<\/p>\n<p>Tenemos dos vertientes formativas para los docentes interesados en la Astronom\u00eda: 1) Cursos pr\u00e1cticos de montaje y uso de telescopios. 2) Cursos para conocer los \u00faltimos descubrimientos de las diferentes \u00e1reas de la Astrof\u00edsica. En ambos cursos se proponen actividades pr\u00e1cticas para realizar en el aula. Toda la informaci\u00f3n la puedes encontrar en la pesta\u00f1a <a href=\"https:\/\/outreach.iac.es\/cosmolab\/montaje-y-uso-de-telescopios\/\" target=\"_blank\" rel=\"noopener noreferrer\">Cursos para docentes<\/a>.<\/p>\n<p>[\/et_pb_accordion_item][et_pb_accordion_item title=\u00bbSoy docente de Tenerife, \u00bfc\u00f3mo me inscribo en los cursos?\u00bb _builder_version=\u00bb4.16&#8243; _module_preset=\u00bbdefault\u00bb global_colors_info=\u00bb{}\u00bb open=\u00bboff\u00bb]<\/p>\n<p>La inscripci\u00f3n para el curso pr\u00e1ctico de montaje y uso de telescopio se est\u00e1 realizando a trav\u00e9s de los Centros del Profesorado de Tenerife. El curso tem\u00e1tico sobre Astrof\u00edsica lo tramita directamente la Consejer\u00eda de Educaci\u00f3n y Universidades del Gobierno de Canarias, y se puede hacer la matriculaci\u00f3n a trav\u00e9s de <a href=\"https:\/\/www.gobiernodecanarias.org\/educacion\/web\/programas-redes-educativas\/convocatorias\/proyecto-cosmoeducando-y-descubriendo-el-universo-2018-2019.html\">este enlace<\/a>. Si eres docente de un centro privado o concertado tambi\u00e9n puedes inscribirte rellenando nuestro <a href=\"https:\/\/outreach.iac.es\/cosmolab\/contacto\/#formulario\">formulario de contacto<\/a>, o escribiendo un correo electr\u00f3nico a: <a href=\"mailto:cosmolab@iac.es\">cosmolab@iac.es\u00a0<\/a><\/p>\n<p>[\/et_pb_accordion_item][et_pb_accordion_item title=\u00bbQuiero visitar el observatorio del Teide con mis estudiantes, \u00bfc\u00f3mo lo hago?\u00bb _builder_version=\u00bb4.16&#8243; _module_preset=\u00bbdefault\u00bb global_colors_info=\u00bb{}\u00bb open=\u00bboff\u00bb]<\/p>\n<p>El observatorio del Teide est\u00e1 abierto a la visita de los ciudadanos interesados en conocer uno de los mejores observatorios del mundo. Las visitas de profesores y escolares son completamente gratuitas. Para m\u00e1s informaci\u00f3n consultar la p\u00e1gina web del <a href=\"http:\/\/www.iac.es\/es\/observatorios-de-canarias\/observatorio-del-teide\/visitas\" target=\"_blank\" rel=\"noopener noreferrer\">Instituto de Astrof\u00edsica de Canarias<\/a>.<\/p>\n<p>[\/et_pb_accordion_item][et_pb_accordion_item title=\u00bb\u00bfC\u00f3mo puedo ponerme en contacto?\u00bb _builder_version=\u00bb4.16&#8243; _module_preset=\u00bbdefault\u00bb global_colors_info=\u00bb{}\u00bb open=\u00bboff\u00bb]<\/p>\n<p>Para cualquier consulta sobre el proyecto\u00a0puedes rellenar nuestro <a href=\"https:\/\/outreach.iac.es\/cosmolab\/contacto\/#formulario\">formulario de contacto<\/a>,\u00a0 o escribirnos al correo electr\u00f3nico <a href=\"mailto:cosmolab@iac.es\" target=\"_blank\" rel=\"noopener noreferrer\">cosmolab@iac.es<\/a><\/p>\n<p>[\/et_pb_accordion_item][\/et_pb_accordion][\/et_pb_column][\/et_pb_row][\/et_pb_section]<\/p>\n","protected":false},"excerpt":{"rendered":"<p>FAQs FAQsEn este apartado relacionamos las preguntas frecuentes y sus respuestas que pueden ser de utilidad para nuestros visitantes. A medida de que vayamos detectando nuevas preguntas, las iremos a\u00f1adiendo en esta p\u00e1gina junto con sus respuestas. Docentes de la isla de Tenerife, de todas las \u00e1reas y niveles educativos (desde infantil a bachillerato). Tenemos [&hellip;]<\/p>\n","protected":false},"author":1,"featured_media":0,"parent":0,"menu_order":0,"comment_status":"closed","ping_status":"closed","template":"","meta":{"_et_pb_use_builder":"on","_et_pb_old_content":"","_et_gb_content_width":"","footnotes":""},"_links":{"self":[{"href":"https:\/\/outreach.iac.es\/cosmolab\/wp-json\/wp\/v2\/pages\/33"}],"collection":[{"href":"https:\/\/outreach.iac.es\/cosmolab\/wp-json\/wp\/v2\/pages"}],"about":[{"href":"https:\/\/outreach.iac.es\/cosmolab\/wp-json\/wp\/v2\/types\/page"}],"author":[{"embeddable":true,"href":"https:\/\/outreach.iac.es\/cosmolab\/wp-json\/wp\/v2\/users\/1"}],"replies":[{"embeddable":true,"href":"https:\/\/outreach.iac.es\/cosmolab\/wp-json\/wp\/v2\/comments?post=33"}],"version-history":[{"count":14,"href":"https:\/\/outreach.iac.es\/cosmolab\/wp-json\/wp\/v2\/pages\/33\/revisions"}],"predecessor-version":[{"id":2259,"href":"https:\/\/outreach.iac.es\/cosmolab\/wp-json\/wp\/v2\/pages\/33\/revisions\/2259"}],"wp:attachment":[{"href":"https:\/\/outreach.iac.es\/cosmolab\/wp-json\/wp\/v2\/media?parent=33"}],"curies":[{"name":"wp","href":"https:\/\/api.w.org\/{rel}","templated":true}]}}