{"id":29,"date":"2020-09-07T16:17:49","date_gmt":"2020-09-07T16:17:49","guid":{"rendered":"https:\/\/outreach.iac.es\/cosmolab\/?page_id=29"},"modified":"2024-05-07T14:44:09","modified_gmt":"2024-05-07T14:44:09","slug":"galerias-de-imagenes","status":"publish","type":"page","link":"https:\/\/outreach.iac.es\/cosmolab\/galerias-de-imagenes\/","title":{"rendered":"Galer\u00edas de im\u00e1genes"},"content":{"rendered":"<p>[et_pb_section fb_built=\u00bb1&#8243; _builder_version=\u00bb4.16&#8243; _module_preset=\u00bbdefault\u00bb background_image=\u00bbhttps:\/\/outreach.iac.es\/cosmolab\/wp-content\/uploads\/2020\/09\/parallax-cabecera.jpg\u00bb parallax=\u00bbon\u00bb locked=\u00bboff\u00bb global_colors_info=\u00bb{}\u00bb][et_pb_row _builder_version=\u00bb4.16&#8243; _module_preset=\u00bbdefault\u00bb global_colors_info=\u00bb{}\u00bb][et_pb_column type=\u00bb4_4&#8243; _builder_version=\u00bb4.16&#8243; _module_preset=\u00bbdefault\u00bb global_colors_info=\u00bb{}\u00bb][et_pb_text _builder_version=\u00bb4.16&#8243; _module_preset=\u00bbdefault\u00bb text_font=\u00bb||||||||\u00bb text_text_color=\u00bb#b8ecfb\u00bb text_font_size=\u00bb26px\u00bb locked=\u00bboff\u00bb global_colors_info=\u00bb{}\u00bb]<\/p>\n<p style=\"text-align: center;\"><strong>GALER\u00cdAS DE IM\u00c1GENES<br \/> <\/strong><\/p>\n<p>[\/et_pb_text][\/et_pb_column][\/et_pb_row][\/et_pb_section][et_pb_section fb_built=\u00bb1&#8243; _builder_version=\u00bb4.16&#8243; _module_preset=\u00bbdefault\u00bb locked=\u00bboff\u00bb global_colors_info=\u00bb{}\u00bb][et_pb_row column_structure=\u00bb1_3,1_3,1_3&#8243; _builder_version=\u00bb4.23&#8243; _module_preset=\u00bbdefault\u00bb global_colors_info=\u00bb{}\u00bb][et_pb_column type=\u00bb1_3&#8243; _builder_version=\u00bb4.23&#8243; _module_preset=\u00bbdefault\u00bb global_colors_info=\u00bb{}\u00bb][et_pb_image src=\u00bbhttps:\/\/outreach.iac.es\/cosmolab\/wp-content\/uploads\/2021\/01\/e5.jpg\u00bb alt=\u00bbdestacados-galerias-01&#8243; title_text=\u00bbe5&#8243; url=\u00bbhttps:\/\/outreach.iac.es\/cosmolab\/galeria-07\/\u00bb _builder_version=\u00bb4.16&#8243; _module_preset=\u00bbdefault\u00bb custom_margin=\u00bb||23px|||\u00bb locked=\u00bboff\u00bb global_colors_info=\u00bb{}\u00bb][\/et_pb_image][et_pb_text _builder_version=\u00bb4.16&#8243; _module_preset=\u00bbdefault\u00bb text_text_color=\u00bb#000000&#8243; custom_margin=\u00bb-10px||||false|false\u00bb link_option_url=\u00bbhttps:\/\/outreach.iac.es\/cosmolab\/galeria-04\/\u00bb locked=\u00bboff\u00bb global_colors_info=\u00bb{}\u00bb]<\/p>\n<p style=\"text-align: center;\">Cursos de\u00a0Astrofotograf\u00eda 2020-2021<\/p>\n<p>[\/et_pb_text][et_pb_button button_url=\u00bbhttps:\/\/outreach.iac.es\/cosmolab\/galeria-04\/\u00bb button_text=\u00bbver galer\u00eda\u00bb button_alignment=\u00bbcenter\u00bb _builder_version=\u00bb4.23&#8243; _module_preset=\u00bbdefault\u00bb custom_button=\u00bbon\u00bb button_text_size=\u00bb14px\u00bb button_text_color=\u00bb#0884d1&#8243; button_bg_color=\u00bbrgba(0,0,0,0)\u00bb button_border_width=\u00bb1px\u00bb button_border_color=\u00bb#0884d1&#8243; button_border_radius=\u00bb100px\u00bb custom_margin=\u00bb-15px||||false|false\u00bb hover_enabled=\u00bb0&#8243; locked=\u00bboff\u00bb global_colors_info=\u00bb{}\u00bb sticky_enabled=\u00bb0&#8243;][\/et_pb_button][\/et_pb_column][et_pb_column type=\u00bb1_3&#8243; _builder_version=\u00bb4.23&#8243; _module_preset=\u00bbdefault\u00bb global_colors_info=\u00bb{}\u00bb][et_pb_image src=\u00bbhttps:\/\/outreach.iac.es\/cosmolab\/wp-content\/uploads\/2021\/01\/Captura-de-pantalla-2020-04-01-a-las-18.17.14.png\u00bb alt=\u00bbdestacados-galerias-01&#8243; title_text=\u00bbCaptura de pantalla 2020-04-01 a las 18.17.14&#8243; url=\u00bbhttps:\/\/outreach.iac.es\/cosmolab\/galeria-06\/\u00bb _builder_version=\u00bb4.16&#8243; _module_preset=\u00bbdefault\u00bb custom_margin=\u00bb||23px|||\u00bb locked=\u00bboff\u00bb global_colors_info=\u00bb{}\u00bb][\/et_pb_image][et_pb_text _builder_version=\u00bb4.16&#8243; _module_preset=\u00bbdefault\u00bb text_text_color=\u00bb#000000&#8243; custom_margin=\u00bb-10px||||false|false\u00bb link_option_url=\u00bbhttps:\/\/outreach.iac.es\/cosmolab\/galeria-05\/\u00bb locked=\u00bboff\u00bb global_colors_info=\u00bb{}\u00bb]<\/p>\n<p style=\"text-align: center;\">CosmoEducando y descubriendo el Universo &#8211; II Edici\u00f3n<br \/> (enero &#8211; julio 2020)<\/p>\n<p>[\/et_pb_text][et_pb_button button_url=\u00bbhttps:\/\/outreach.iac.es\/cosmolab\/galeria-05\/\u00bb button_text=\u00bbver galer\u00eda\u00bb button_alignment=\u00bbcenter\u00bb _builder_version=\u00bb4.16&#8243; _module_preset=\u00bbdefault\u00bb custom_button=\u00bbon\u00bb button_text_size=\u00bb14px\u00bb button_text_color=\u00bb#0884d1&#8243; button_bg_color=\u00bbrgba(0,0,0,0)\u00bb button_border_width=\u00bb1px\u00bb button_border_color=\u00bb#0884d1&#8243; button_border_radius=\u00bb100px\u00bb custom_margin=\u00bb-15px||||false|false\u00bb locked=\u00bboff\u00bb global_colors_info=\u00bb{}\u00bb][\/et_pb_button][\/et_pb_column][et_pb_column type=\u00bb1_3&#8243; _builder_version=\u00bb4.23&#8243; _module_preset=\u00bbdefault\u00bb global_colors_info=\u00bb{}\u00bb][et_pb_image src=\u00bbhttps:\/\/outreach.iac.es\/cosmolab\/wp-content\/uploads\/2020\/09\/destacados-galerias-05.jpg\u00bb alt=\u00bbdestacados-galerias-01&#8243; title_text=\u00bbdestacados-galerias-05&#8243; url=\u00bbhttps:\/\/outreach.iac.es\/cosmolab\/galeria-05\/\u00bb _builder_version=\u00bb4.16&#8243; _module_preset=\u00bbdefault\u00bb custom_margin=\u00bb||23px|||\u00bb locked=\u00bboff\u00bb global_colors_info=\u00bb{}\u00bb][\/et_pb_image][et_pb_text _builder_version=\u00bb4.16&#8243; _module_preset=\u00bbdefault\u00bb text_text_color=\u00bb#000000&#8243; custom_margin=\u00bb-10px||||false|false\u00bb link_option_url=\u00bbhttps:\/\/outreach.iac.es\/cosmolab\/galeria-05\/\u00bb locked=\u00bboff\u00bb global_colors_info=\u00bb{}\u00bb]<\/p>\n<p style=\"text-align: center;\">CosmoEducando y descubriendo el Universo &#8211; I Edici\u00f3n<br \/> (noviembre 2018-enero2019)<\/p>\n<p>[\/et_pb_text][et_pb_button button_url=\u00bbhttps:\/\/outreach.iac.es\/cosmolab\/galeria-05\/\u00bb button_text=\u00bbver galer\u00eda\u00bb button_alignment=\u00bbcenter\u00bb _builder_version=\u00bb4.16&#8243; _module_preset=\u00bbdefault\u00bb custom_button=\u00bbon\u00bb button_text_size=\u00bb14px\u00bb button_text_color=\u00bb#0884d1&#8243; button_bg_color=\u00bbrgba(0,0,0,0)\u00bb button_border_width=\u00bb1px\u00bb button_border_color=\u00bb#0884d1&#8243; button_border_radius=\u00bb100px\u00bb custom_margin=\u00bb-15px||||false|false\u00bb locked=\u00bboff\u00bb global_colors_info=\u00bb{}\u00bb][\/et_pb_button][\/et_pb_column][\/et_pb_row][et_pb_row column_structure=\u00bb1_3,1_3,1_3&#8243; _builder_version=\u00bb4.23&#8243; _module_preset=\u00bbdefault\u00bb global_colors_info=\u00bb{}\u00bb][et_pb_column type=\u00bb1_3&#8243; _builder_version=\u00bb4.23&#8243; _module_preset=\u00bbdefault\u00bb global_colors_info=\u00bb{}\u00bb][et_pb_image src=\u00bbhttps:\/\/outreach.iac.es\/cosmolab\/wp-content\/uploads\/2020\/09\/destacados-galerias-04.jpg\u00bb alt=\u00bbdestacados-galerias-04&#8243; title_text=\u00bbdestacados-galerias-04&#8243; url=\u00bbhttps:\/\/outreach.iac.es\/cosmolab\/galeria-04\/\u00bb _builder_version=\u00bb4.16&#8243; _module_preset=\u00bbdefault\u00bb custom_margin=\u00bb||23px|||\u00bb locked=\u00bboff\u00bb global_colors_info=\u00bb{}\u00bb][\/et_pb_image][et_pb_text _builder_version=\u00bb4.16&#8243; _module_preset=\u00bbdefault\u00bb text_text_color=\u00bb#000000&#8243; custom_margin=\u00bb-10px||||false|false\u00bb link_option_url=\u00bbhttps:\/\/outreach.iac.es\/cosmolab\/galeria-04\/\u00bb locked=\u00bboff\u00bb global_colors_info=\u00bb{}\u00bb]<\/p>\n<p style=\"text-align: center;\">Practicando<br \/> Astrofotograf\u00eda<\/p>\n<p>[\/et_pb_text][et_pb_button button_url=\u00bbhttps:\/\/outreach.iac.es\/cosmolab\/galeria-04\/\u00bb button_text=\u00bbver galer\u00eda\u00bb button_alignment=\u00bbcenter\u00bb _builder_version=\u00bb4.16&#8243; _module_preset=\u00bbdefault\u00bb custom_button=\u00bbon\u00bb button_text_size=\u00bb14px\u00bb button_text_color=\u00bb#0884d1&#8243; button_bg_color=\u00bbrgba(0,0,0,0)\u00bb button_border_width=\u00bb1px\u00bb button_border_color=\u00bb#0884d1&#8243; button_border_radius=\u00bb100px\u00bb custom_margin=\u00bb-15px||||false|false\u00bb locked=\u00bboff\u00bb global_colors_info=\u00bb{}\u00bb][\/et_pb_button][\/et_pb_column][et_pb_column type=\u00bb1_3&#8243; _builder_version=\u00bb4.23&#8243; _module_preset=\u00bbdefault\u00bb global_colors_info=\u00bb{}\u00bb][et_pb_image src=\u00bbhttps:\/\/outreach.iac.es\/cosmolab\/wp-content\/uploads\/2020\/09\/destacados-galerias-03.jpg\u00bb alt=\u00bbdestacados-galerias-03&#8243; title_text=\u00bbdestacados-galerias-03&#8243; url=\u00bbhttps:\/\/outreach.iac.es\/cosmolab\/galeria-03\/\u00bb _builder_version=\u00bb4.16&#8243; _module_preset=\u00bbdefault\u00bb custom_margin=\u00bb||23px|||\u00bb locked=\u00bboff\u00bb global_colors_info=\u00bb{}\u00bb][\/et_pb_image][et_pb_text _builder_version=\u00bb4.16&#8243; _module_preset=\u00bbdefault\u00bb text_text_color=\u00bb#000000&#8243; custom_margin=\u00bb-10px||||false|false\u00bb link_option_url=\u00bbhttps:\/\/outreach.iac.es\/cosmolab\/galeria-03\/\u00bb locked=\u00bboff\u00bb global_colors_info=\u00bb{}\u00bb]<\/p>\n<p style=\"text-align: center;\">Cursos CosmoLAB<br \/> (Septiembre y Octubre 2018)<\/p>\n<p>[\/et_pb_text][et_pb_button button_url=\u00bbhttps:\/\/outreach.iac.es\/cosmolab\/galeria-03\/\u00bb button_text=\u00bbver galer\u00eda\u00bb button_alignment=\u00bbcenter\u00bb _builder_version=\u00bb4.16&#8243; _module_preset=\u00bbdefault\u00bb custom_button=\u00bbon\u00bb button_text_size=\u00bb14px\u00bb button_text_color=\u00bb#0884d1&#8243; button_bg_color=\u00bbrgba(0,0,0,0)\u00bb button_border_width=\u00bb1px\u00bb button_border_color=\u00bb#0884d1&#8243; button_border_radius=\u00bb100px\u00bb custom_margin=\u00bb-15px||||false|false\u00bb locked=\u00bboff\u00bb global_colors_info=\u00bb{}\u00bb][\/et_pb_button][\/et_pb_column][et_pb_column type=\u00bb1_3&#8243; _builder_version=\u00bb4.23&#8243; _module_preset=\u00bbdefault\u00bb global_colors_info=\u00bb{}\u00bb][et_pb_image src=\u00bbhttps:\/\/outreach.iac.es\/cosmolab\/wp-content\/uploads\/2020\/09\/destacados-galerias-02.jpg\u00bb alt=\u00bbdestacados-galerias-01&#8243; title_text=\u00bbdestacados-galerias-02&#8243; url=\u00bbhttps:\/\/outreach.iac.es\/cosmolab\/galeria-02\/\u00bb _builder_version=\u00bb4.16&#8243; _module_preset=\u00bbdefault\u00bb custom_margin=\u00bb||23px|||\u00bb locked=\u00bboff\u00bb global_colors_info=\u00bb{}\u00bb][\/et_pb_image][et_pb_text _builder_version=\u00bb4.16&#8243; _module_preset=\u00bbdefault\u00bb text_text_color=\u00bb#000000&#8243; custom_margin=\u00bb-10px||||false|false\u00bb link_option_url=\u00bbhttps:\/\/outreach.iac.es\/cosmolab\/galeria-02\/\u00bb locked=\u00bboff\u00bb global_colors_info=\u00bb{}\u00bb]<\/p>\n<p style=\"text-align: center;\">Primer curso CosmoLAB<br \/> (18 de Junio 2018)<\/p>\n<p>[\/et_pb_text][et_pb_button button_url=\u00bbhttps:\/\/outreach.iac.es\/cosmolab\/galeria-02\/\u00bb button_text=\u00bbver galer\u00eda\u00bb button_alignment=\u00bbcenter\u00bb _builder_version=\u00bb4.16&#8243; _module_preset=\u00bbdefault\u00bb custom_button=\u00bbon\u00bb button_text_size=\u00bb14px\u00bb button_text_color=\u00bb#0884d1&#8243; button_bg_color=\u00bbrgba(0,0,0,0)\u00bb button_border_width=\u00bb1px\u00bb button_border_color=\u00bb#0884d1&#8243; button_border_radius=\u00bb100px\u00bb custom_margin=\u00bb-15px||||false|false\u00bb locked=\u00bboff\u00bb global_colors_info=\u00bb{}\u00bb][\/et_pb_button][\/et_pb_column][\/et_pb_row][et_pb_row column_structure=\u00bb1_3,1_3,1_3&#8243; _builder_version=\u00bb4.23&#8243; _module_preset=\u00bbdefault\u00bb global_colors_info=\u00bb{}\u00bb button_alignment=\u00bbcenter\u00bb custom_button=\u00bbon\u00bb button_text_size=\u00bb14px\u00bb button_text_color=\u00bb#0884d1&#8243; button_bg_color=\u00bbrgba(0,0,0,0)\u00bb button_border_width=\u00bb1px\u00bb button_border_color=\u00bb#0884d1&#8243; button_border_radius=\u00bb100px\u00bb custom_margin=\u00bb-15px||||false|false\u00bb][et_pb_column type=\u00bb1_3&#8243; _builder_version=\u00bb4.23&#8243; _module_preset=\u00bbdefault\u00bb global_colors_info=\u00bb{}\u00bb][et_pb_image src=\u00bbhttps:\/\/outreach.iac.es\/cosmolab\/wp-content\/uploads\/2020\/09\/destacados-galerias-01.jpg\u00bb alt=\u00bbdestacados-galerias-01&#8243; title_text=\u00bbdestacados-galerias-01&#8243; url=\u00bbhttps:\/\/outreach.iac.es\/cosmolab\/galeria-01\/\u00bb _builder_version=\u00bb4.16&#8243; _module_preset=\u00bbdefault\u00bb custom_margin=\u00bb||23px|||\u00bb locked=\u00bboff\u00bb global_colors_info=\u00bb{}\u00bb][\/et_pb_image][et_pb_text _builder_version=\u00bb4.16&#8243; _module_preset=\u00bbdefault\u00bb text_text_color=\u00bb#000000&#8243; custom_margin=\u00bb-10px||||false|false\u00bb link_option_url=\u00bbhttps:\/\/outreach.iac.es\/cosmolab\/galeria-01\/\u00bb locked=\u00bboff\u00bb global_colors_info=\u00bb{}\u00bb]<\/p>\n<p style=\"text-align: center;\">Inauguraci\u00f3n de CosmoLAB<br \/> (28\/05\/2018)<\/p>\n<p>[\/et_pb_text][et_pb_button button_url=\u00bbhttps:\/\/outreach.iac.es\/cosmolab\/galeria-01\/\u00bb button_text=\u00bbver galer\u00eda\u00bb button_alignment=\u00bbcenter\u00bb _builder_version=\u00bb4.16&#8243; _module_preset=\u00bbdefault\u00bb custom_button=\u00bbon\u00bb button_text_size=\u00bb14px\u00bb button_text_color=\u00bb#0884d1&#8243; button_bg_color=\u00bbrgba(0,0,0,0)\u00bb button_border_width=\u00bb1px\u00bb button_border_color=\u00bb#0884d1&#8243; button_border_radius=\u00bb100px\u00bb custom_margin=\u00bb-15px||||false|false\u00bb locked=\u00bboff\u00bb global_colors_info=\u00bb{}\u00bb][\/et_pb_button][\/et_pb_column][et_pb_column type=\u00bb1_3&#8243; _builder_version=\u00bb4.23&#8243; _module_preset=\u00bbdefault\u00bb global_colors_info=\u00bb{}\u00bb][\/et_pb_column][et_pb_column type=\u00bb1_3&#8243; _builder_version=\u00bb4.23&#8243; _module_preset=\u00bbdefault\u00bb global_colors_info=\u00bb{}\u00bb][\/et_pb_column][\/et_pb_row][\/et_pb_section]<\/p>\n","protected":false},"excerpt":{"rendered":"<p>GALER\u00cdAS DE IM\u00c1GENES Cursos de\u00a0Astrofotograf\u00eda 2020-2021CosmoEducando y descubriendo el Universo &#8211; II Edici\u00f3n (enero &#8211; julio 2020)CosmoEducando y descubriendo el Universo &#8211; I Edici\u00f3n (noviembre 2018-enero2019)Practicando Astrofotograf\u00edaCursos CosmoLAB (Septiembre y Octubre 2018)Primer curso CosmoLAB (18 de Junio 2018)Inauguraci\u00f3n de CosmoLAB (28\/05\/2018)<\/p>\n","protected":false},"author":1,"featured_media":0,"parent":0,"menu_order":0,"comment_status":"closed","ping_status":"closed","template":"","meta":{"_et_pb_use_builder":"on","_et_pb_old_content":"<!-- wp:divi\/placeholder \/-->","_et_gb_content_width":"","footnotes":""},"_links":{"self":[{"href":"https:\/\/outreach.iac.es\/cosmolab\/wp-json\/wp\/v2\/pages\/29"}],"collection":[{"href":"https:\/\/outreach.iac.es\/cosmolab\/wp-json\/wp\/v2\/pages"}],"about":[{"href":"https:\/\/outreach.iac.es\/cosmolab\/wp-json\/wp\/v2\/types\/page"}],"author":[{"embeddable":true,"href":"https:\/\/outreach.iac.es\/cosmolab\/wp-json\/wp\/v2\/users\/1"}],"replies":[{"embeddable":true,"href":"https:\/\/outreach.iac.es\/cosmolab\/wp-json\/wp\/v2\/comments?post=29"}],"version-history":[{"count":27,"href":"https:\/\/outreach.iac.es\/cosmolab\/wp-json\/wp\/v2\/pages\/29\/revisions"}],"predecessor-version":[{"id":2250,"href":"https:\/\/outreach.iac.es\/cosmolab\/wp-json\/wp\/v2\/pages\/29\/revisions\/2250"}],"wp:attachment":[{"href":"https:\/\/outreach.iac.es\/cosmolab\/wp-json\/wp\/v2\/media?parent=29"}],"curies":[{"name":"wp","href":"https:\/\/api.w.org\/{rel}","templated":true}]}}