{"id":2261,"date":"2024-05-27T14:22:52","date_gmt":"2024-05-27T14:22:52","guid":{"rendered":"https:\/\/outreach.iac.es\/cosmolab\/?page_id=2261"},"modified":"2024-06-25T15:57:42","modified_gmt":"2024-06-25T15:57:42","slug":"cosmoviaje-del-aula-al-universo","status":"publish","type":"page","link":"https:\/\/outreach.iac.es\/cosmolab\/cosmoviaje-del-aula-al-universo\/","title":{"rendered":"CosmoViaje: del aula al Universo"},"content":{"rendered":"<p>[et_pb_section fb_built=\u00bb1&#8243; _builder_version=\u00bb4.16&#8243; _module_preset=\u00bbdefault\u00bb background_image=\u00bbhttps:\/\/outreach.iac.es\/cosmolab\/wp-content\/uploads\/2020\/09\/parallax-cabecera.jpg\u00bb parallax=\u00bbon\u00bb da_disable_devices=\u00bboff|off|off\u00bb locked=\u00bboff\u00bb global_colors_info=\u00bb{}\u00bb da_is_popup=\u00bboff\u00bb da_exit_intent=\u00bboff\u00bb da_has_close=\u00bbon\u00bb da_alt_close=\u00bboff\u00bb da_dark_close=\u00bboff\u00bb da_not_modal=\u00bbon\u00bb da_is_singular=\u00bboff\u00bb da_with_loader=\u00bboff\u00bb da_has_shadow=\u00bbon\u00bb][et_pb_row _builder_version=\u00bb4.16&#8243; _module_preset=\u00bbdefault\u00bb global_colors_info=\u00bb{}\u00bb][et_pb_column type=\u00bb4_4&#8243; _builder_version=\u00bb4.16&#8243; _module_preset=\u00bbdefault\u00bb global_colors_info=\u00bb{}\u00bb][et_pb_text _builder_version=\u00bb4.23&#8243; _module_preset=\u00bbdefault\u00bb text_font=\u00bb||||||||\u00bb text_text_color=\u00bb#b8ecfb\u00bb text_font_size=\u00bb26px\u00bb locked=\u00bboff\u00bb global_colors_info=\u00bb{}\u00bb]<\/p>\n<p style=\"text-align: center;\"><strong>CosmoViaje: del aula al Universo<\/strong><\/p>\n<p>[\/et_pb_text][\/et_pb_column][\/et_pb_row][\/et_pb_section][et_pb_section fb_built=\u00bb1&#8243; _builder_version=\u00bb4.23&#8243; _module_preset=\u00bbdefault\u00bb da_disable_devices=\u00bboff|off|off\u00bb global_colors_info=\u00bb{}\u00bb da_is_popup=\u00bboff\u00bb da_exit_intent=\u00bboff\u00bb da_has_close=\u00bbon\u00bb da_alt_close=\u00bboff\u00bb da_dark_close=\u00bboff\u00bb da_not_modal=\u00bbon\u00bb da_is_singular=\u00bboff\u00bb da_with_loader=\u00bboff\u00bb da_has_shadow=\u00bbon\u00bb][et_pb_row column_structure=\u00bb1_3,1_3,1_3&#8243; use_custom_gutter=\u00bbon\u00bb gutter_width=\u00bb2&#8243; _builder_version=\u00bb4.23&#8243; _module_preset=\u00bbdefault\u00bb width=\u00bb90%\u00bb max_width=\u00bb1300px\u00bb custom_margin=\u00bb0px||75px||false|false\u00bb custom_padding=\u00bb0px||0px||false|false\u00bb global_colors_info=\u00bb{}\u00bb][et_pb_column type=\u00bb1_3&#8243; _builder_version=\u00bb4.23&#8243; _module_preset=\u00bbdefault\u00bb link_option_url=\u00bb\/cosmolab\/historia-de-la-astronomia\/\u00bb global_colors_info=\u00bb{}\u00bb][et_pb_image src=\u00bbhttps:\/\/outreach.iac.es\/cosmolab\/wp-content\/uploads\/2024\/05\/textos.png\u00bb title_text=\u00bbimagenes\u00bb module_class=\u00bbimage-zoom\u00bb _builder_version=\u00bb4.23&#8243; _module_preset=\u00bbdefault\u00bb background_image=\u00bbhttps:\/\/outreach.iac.es\/cosmolab\/wp-content\/uploads\/2024\/05\/imagenes.jpg\u00bb custom_margin=\u00bb0px||15px||false|false\u00bb custom_padding=\u00bb0px||0px||false|false\u00bb global_colors_info=\u00bb{}\u00bb][\/et_pb_image][et_pb_text _builder_version=\u00bb4.23&#8243; _module_preset=\u00bbdefault\u00bb text_font=\u00bb||||||||\u00bb text_text_color=\u00bb#000000&#8243; text_font_size=\u00bb26px\u00bb header_text_color=\u00bb#E02B20&#8243; header_2_font=\u00bb|600|||||||\u00bb header_2_text_color=\u00bb#000000&#8243; custom_margin=\u00bb0px||10px||false|false\u00bb custom_padding=\u00bb0px||0px||false|false\u00bb locked=\u00bboff\u00bb global_colors_info=\u00bb{}\u00bb]<\/p>\n<h2 style=\"text-align: left;\">Historia de la astronom\u00eda<\/h2>\n<p>[\/et_pb_text][et_pb_text _builder_version=\u00bb4.23&#8243; _module_preset=\u00bbdefault\u00bb locked=\u00bboff\u00bb global_colors_info=\u00bb{}\u00bb]<\/p>\n<p style=\"text-align: left;\">Un apasionante viaje por la historia del conocimiento de nuestro Universo, comenzando hace miles de a\u00f1os y en distintas culturas.<\/p>\n<p style=\"text-align: left;\">Descubre a aut\u00e9nticos h\u00e9roes que fueron capaces de arriesgar sus vidas por mostrar al mundo sus descubrimientos.<\/p>\n<p style=\"text-align: left;\">\n<p>[\/et_pb_text][\/et_pb_column][et_pb_column type=\u00bb1_3&#8243; _builder_version=\u00bb4.23&#8243; _module_preset=\u00bbdefault\u00bb link_option_url=\u00bb\/cosmolab\/la-luna\/\u00bb global_colors_info=\u00bb{}\u00bb][et_pb_image src=\u00bbhttps:\/\/outreach.iac.es\/cosmolab\/wp-content\/uploads\/2024\/05\/textos2.png\u00bb title_text=\u00bbimagenes2&#8243; module_class=\u00bbimage-zoom\u00bb _builder_version=\u00bb4.23&#8243; _module_preset=\u00bbdefault\u00bb background_image=\u00bbhttps:\/\/outreach.iac.es\/cosmolab\/wp-content\/uploads\/2024\/05\/imagenes2.jpg\u00bb custom_margin=\u00bb0px||15px||false|false\u00bb custom_padding=\u00bb0px||0px||false|false\u00bb global_colors_info=\u00bb{}\u00bb][\/et_pb_image][et_pb_text _builder_version=\u00bb4.23&#8243; _module_preset=\u00bbdefault\u00bb text_font=\u00bb||||||||\u00bb text_text_color=\u00bb#000000&#8243; text_font_size=\u00bb26px\u00bb header_text_color=\u00bb#E02B20&#8243; header_2_font=\u00bb|600|||||||\u00bb header_2_text_color=\u00bb#000000&#8243; custom_margin=\u00bb0px||10px||false|false\u00bb custom_padding=\u00bb0px||0px||false|false\u00bb locked=\u00bboff\u00bb global_colors_info=\u00bb{}\u00bb]<\/p>\n<h2 style=\"text-align: left;\">La Luna<\/h2>\n<p>[\/et_pb_text][et_pb_text _builder_version=\u00bb4.23&#8243; _module_preset=\u00bbdefault\u00bb locked=\u00bboff\u00bb global_colors_info=\u00bb{}\u00bb]<\/p>\n<p style=\"text-align: left;\">Canta Silvio Rodr\u00edguez: \u00bfPor qu\u00e9 la Luna es blancura que engorda como adelgaza?.<\/p>\n<p style=\"text-align: left;\">Descubre y muestra a los alumnos esta y otras muchas curiosidades sobre nuestro sat\u00e9lite natural.<\/p>\n<p>[\/et_pb_text][\/et_pb_column][et_pb_column type=\u00bb1_3&#8243; _builder_version=\u00bb4.23&#8243; _module_preset=\u00bbdefault\u00bb link_option_url=\u00bb\/cosmolab\/el-sol\/\u00bb global_colors_info=\u00bb{}\u00bb][et_pb_image src=\u00bbhttps:\/\/outreach.iac.es\/cosmolab\/wp-content\/uploads\/2024\/05\/textos3.png\u00bb title_text=\u00bbimagenes3&#8243; module_class=\u00bbimage-zoom\u00bb _builder_version=\u00bb4.23&#8243; _module_preset=\u00bbdefault\u00bb background_image=\u00bbhttps:\/\/outreach.iac.es\/cosmolab\/wp-content\/uploads\/2024\/05\/imagenes3.jpg\u00bb custom_margin=\u00bb0px||15px||false|false\u00bb custom_padding=\u00bb0px||0px||false|false\u00bb global_colors_info=\u00bb{}\u00bb][\/et_pb_image][et_pb_text _builder_version=\u00bb4.23&#8243; _module_preset=\u00bbdefault\u00bb text_font=\u00bb||||||||\u00bb text_text_color=\u00bb#000000&#8243; text_font_size=\u00bb26px\u00bb header_text_color=\u00bb#E02B20&#8243; header_2_font=\u00bb|600|||||||\u00bb header_2_text_color=\u00bb#000000&#8243; custom_margin=\u00bb0px||10px||false|false\u00bb custom_padding=\u00bb0px||0px||false|false\u00bb locked=\u00bboff\u00bb global_colors_info=\u00bb{}\u00bb]<\/p>\n<h2 style=\"text-align: left;\">El Sol<\/h2>\n<p>[\/et_pb_text][et_pb_text _builder_version=\u00bb4.23&#8243; _module_preset=\u00bbdefault\u00bb locked=\u00bboff\u00bb global_colors_info=\u00bb{}\u00bb]<\/p>\n<p style=\"text-align: left;\">Magec para los guanches&#8230; La principal fuente de energ\u00eda en la Tierra es la estrella m\u00e1s cercana: el Sol. Pulsa como un coraz\u00f3n y tiene misteriosos ciclos de m\u00e1xima actividad a cada 11 a\u00f1os. En estos periodos puede lanzar al espacio miles de millones de toneladas de material en colosales explosiones, que si est\u00e1n dirigidas hacia la Tierra tendr\u00e1n consecuencias.\u00a0<\/p>\n<p>[\/et_pb_text][\/et_pb_column][\/et_pb_row][et_pb_row column_structure=\u00bb1_3,1_3,1_3&#8243; use_custom_gutter=\u00bbon\u00bb gutter_width=\u00bb2&#8243; _builder_version=\u00bb4.23&#8243; _module_preset=\u00bbdefault\u00bb width=\u00bb90%\u00bb max_width=\u00bb1300px\u00bb custom_margin=\u00bb0px||75px||false|false\u00bb custom_padding=\u00bb0px||0px||false|false\u00bb global_colors_info=\u00bb{}\u00bb][et_pb_column type=\u00bb1_3&#8243; _builder_version=\u00bb4.23&#8243; _module_preset=\u00bbdefault\u00bb link_option_url=\u00bb\/cosmolab\/sistema-solar-y-asteroides\/\u00bb global_colors_info=\u00bb{}\u00bb][et_pb_image src=\u00bbhttps:\/\/outreach.iac.es\/cosmolab\/wp-content\/uploads\/2024\/05\/textos4.png\u00bb title_text=\u00bbimagenes4&#8243; module_class=\u00bbimage-zoom\u00bb _builder_version=\u00bb4.23&#8243; _module_preset=\u00bbdefault\u00bb background_image=\u00bbhttps:\/\/outreach.iac.es\/cosmolab\/wp-content\/uploads\/2024\/05\/imagenes4.jpg\u00bb custom_margin=\u00bb0px||15px||false|false\u00bb custom_padding=\u00bb0px||0px||false|false\u00bb global_colors_info=\u00bb{}\u00bb][\/et_pb_image][et_pb_text _builder_version=\u00bb4.23&#8243; _module_preset=\u00bbdefault\u00bb text_font=\u00bb||||||||\u00bb text_text_color=\u00bb#000000&#8243; text_font_size=\u00bb26px\u00bb header_text_color=\u00bb#E02B20&#8243; header_2_font=\u00bb|600|||||||\u00bb header_2_text_color=\u00bb#000000&#8243; custom_margin=\u00bb0px||10px||false|false\u00bb custom_padding=\u00bb0px||0px||false|false\u00bb locked=\u00bboff\u00bb global_colors_info=\u00bb{}\u00bb]<\/p>\n<h2 style=\"text-align: left;\">Sistema Solar y Asteroides<\/h2>\n<p>[\/et_pb_text][et_pb_text _builder_version=\u00bb4.23&#8243; _module_preset=\u00bbdefault\u00bb locked=\u00bboff\u00bb global_colors_info=\u00bb{}\u00bb]<\/p>\n<p style=\"text-align: left;\">El Sistema Solar est\u00e1 compuesto por el Sol y todos los objetos que danzan en torno a \u00e9l, como los planetas. Hay planetas enanos tambi\u00e9n, y a\u00fan menores son los asteroides. Pienso en los dinosaurios&#8230; \u00bfpodr\u00eda algun asteroide chocar contra la Tierra hoy en d\u00eda?<\/p>\n<p>[\/et_pb_text][\/et_pb_column][et_pb_column type=\u00bb1_3&#8243; _builder_version=\u00bb4.23&#8243; _module_preset=\u00bbdefault\u00bb link_option_url=\u00bb\/cosmolab\/estrellas-su-evolucion-y-agujeros-negros\/\u00bb global_colors_info=\u00bb{}\u00bb][et_pb_image src=\u00bbhttps:\/\/outreach.iac.es\/cosmolab\/wp-content\/uploads\/2024\/05\/textos5.png\u00bb title_text=\u00bbimagenes5&#8243; module_class=\u00bbimage-zoom\u00bb _builder_version=\u00bb4.23&#8243; _module_preset=\u00bbdefault\u00bb background_image=\u00bbhttps:\/\/outreach.iac.es\/cosmolab\/wp-content\/uploads\/2024\/05\/imagenes5.jpg\u00bb custom_margin=\u00bb0px||15px||false|false\u00bb custom_padding=\u00bb0px||0px||false|false\u00bb global_colors_info=\u00bb{}\u00bb][\/et_pb_image][et_pb_text _builder_version=\u00bb4.23&#8243; _module_preset=\u00bbdefault\u00bb text_font=\u00bb||||||||\u00bb text_text_color=\u00bb#000000&#8243; text_font_size=\u00bb26px\u00bb header_text_color=\u00bb#E02B20&#8243; header_2_font=\u00bb|600|||||||\u00bb header_2_text_color=\u00bb#000000&#8243; custom_margin=\u00bb0px||10px||false|false\u00bb custom_padding=\u00bb0px||0px||false|false\u00bb locked=\u00bboff\u00bb global_colors_info=\u00bb{}\u00bb]<\/p>\n<h2 style=\"text-align: left;\">Estrellas, su Evoluci\u00f3n y Agujeros Negros<\/h2>\n<p>[\/et_pb_text][et_pb_text _builder_version=\u00bb4.23&#8243; _module_preset=\u00bbdefault\u00bb locked=\u00bboff\u00bb global_colors_info=\u00bb{}\u00bb]<\/p>\n<p style=\"text-align: left;\">Una gran estrella al final de su vida explota como supernova y llega a brillar con el brillo de 100 mil millones de soles. Tras de s\u00ed deja un agujero negro, un lugar donde el tiempo pr\u00e1cticamente se para.<\/p>\n<p style=\"text-align: left;\">Los agujeros negros se han estudiado mucho pero a\u00fan no sabemos todo. La ciencia est\u00e1 en constante evoluci\u00f3n.<\/p>\n<p style=\"text-align: left;\">\n<p>[\/et_pb_text][\/et_pb_column][et_pb_column type=\u00bb1_3&#8243; _builder_version=\u00bb4.23&#8243; _module_preset=\u00bbdefault\u00bb link_option_url=\u00bb\/cosmolab\/la-quimica-del-universo\/\u00bb global_colors_info=\u00bb{}\u00bb][et_pb_image src=\u00bbhttps:\/\/outreach.iac.es\/cosmolab\/wp-content\/uploads\/2024\/05\/textos6.png\u00bb title_text=\u00bbimagenes6&#8243; module_class=\u00bbimage-zoom\u00bb _builder_version=\u00bb4.23&#8243; _module_preset=\u00bbdefault\u00bb background_image=\u00bbhttps:\/\/outreach.iac.es\/cosmolab\/wp-content\/uploads\/2024\/05\/imagenes6.jpg\u00bb custom_margin=\u00bb0px||15px||false|false\u00bb custom_padding=\u00bb0px||0px||false|false\u00bb global_colors_info=\u00bb{}\u00bb][\/et_pb_image][et_pb_text _builder_version=\u00bb4.23&#8243; _module_preset=\u00bbdefault\u00bb text_font=\u00bb||||||||\u00bb text_text_color=\u00bb#000000&#8243; text_font_size=\u00bb26px\u00bb header_text_color=\u00bb#E02B20&#8243; header_2_font=\u00bb|600|||||||\u00bb header_2_text_color=\u00bb#000000&#8243; custom_margin=\u00bb0px||10px||false|false\u00bb custom_padding=\u00bb0px||0px||false|false\u00bb locked=\u00bboff\u00bb global_colors_info=\u00bb{}\u00bb]<\/p>\n<h2 style=\"text-align: left;\">Somos Polvo de Estrellas, la Qu\u00edmica del Universo<\/h2>\n<p>[\/et_pb_text][et_pb_text _builder_version=\u00bb4.23&#8243; _module_preset=\u00bbdefault\u00bb custom_padding=\u00bb||0px|||\u00bb locked=\u00bboff\u00bb global_colors_info=\u00bb{}\u00bb]<\/p>\n<p>\u00bfEs m\u00e1s rom\u00e1ntico mirar al cielo sabiendo astrof\u00edsica? Sin duda s\u00ed, y uno de los descubrimientos m\u00e1s fascinantes de la ciencia es nuestra profunda conexi\u00f3n con el Cosmos.\u00a0<\/p>\n<p>La materia que nos compone ha sufrido innumerables transformaciones antes de formar parte de nuestro cuerpo. La m\u00e1s incre\u00edble: venimos de las estrellas.<\/p>\n<p>[\/et_pb_text][\/et_pb_column][\/et_pb_row][et_pb_row column_structure=\u00bb1_3,1_3,1_3&#8243; use_custom_gutter=\u00bbon\u00bb gutter_width=\u00bb2&#8243; _builder_version=\u00bb4.23&#8243; _module_preset=\u00bbdefault\u00bb width=\u00bb90%\u00bb max_width=\u00bb1300px\u00bb custom_margin=\u00bb0px||75px||false|false\u00bb custom_padding=\u00bb0px||0px||false|false\u00bb global_colors_info=\u00bb{}\u00bb][et_pb_column type=\u00bb1_3&#8243; _builder_version=\u00bb4.23&#8243; _module_preset=\u00bbdefault\u00bb link_option_url=\u00bb\/cosmolab\/las-galaxias\/\u00bb global_colors_info=\u00bb{}\u00bb][et_pb_image src=\u00bbhttps:\/\/outreach.iac.es\/cosmolab\/wp-content\/uploads\/2024\/05\/textos7.png\u00bb title_text=\u00bbimagenes7&#8243; module_class=\u00bbimage-zoom\u00bb _builder_version=\u00bb4.23&#8243; _module_preset=\u00bbdefault\u00bb background_image=\u00bbhttps:\/\/outreach.iac.es\/cosmolab\/wp-content\/uploads\/2024\/05\/imagenes7.jpg\u00bb custom_margin=\u00bb0px||15px||false|false\u00bb custom_padding=\u00bb0px||0px||false|false\u00bb global_colors_info=\u00bb{}\u00bb][\/et_pb_image][et_pb_text _builder_version=\u00bb4.23&#8243; _module_preset=\u00bbdefault\u00bb text_font=\u00bb||||||||\u00bb text_text_color=\u00bb#000000&#8243; text_font_size=\u00bb26px\u00bb header_text_color=\u00bb#E02B20&#8243; header_2_font=\u00bb|600|||||||\u00bb header_2_text_color=\u00bb#000000&#8243; custom_margin=\u00bb0px||10px||false|false\u00bb custom_padding=\u00bb0px||0px||false|false\u00bb locked=\u00bboff\u00bb global_colors_info=\u00bb{}\u00bb]<\/p>\n<h2 style=\"text-align: left;\">Las Galaxias, Universos Isla<\/h2>\n<p>[\/et_pb_text][et_pb_text _builder_version=\u00bb4.23&#8243; _module_preset=\u00bbdefault\u00bb locked=\u00bboff\u00bb global_colors_info=\u00bb{}\u00bb]<\/p>\n<p style=\"text-align: left;\">Descubiertas en 1924, las galaxias son como otros universos: conjuntos de miles de millones de estrellas con miles de millones de planetas.<\/p>\n<p style=\"text-align: left;\">Y hay miles de millones de ellas&#8230;<\/p>\n<p style=\"text-align: left;\">\n<p>[\/et_pb_text][\/et_pb_column][et_pb_column type=\u00bb1_3&#8243; _builder_version=\u00bb4.23&#8243; _module_preset=\u00bbdefault\u00bb link_option_url=\u00bb\/cosmolab\/cosmologia-el-origen-del-universo\/\u00bb global_colors_info=\u00bb{}\u00bb][et_pb_image src=\u00bbhttps:\/\/outreach.iac.es\/cosmolab\/wp-content\/uploads\/2024\/05\/textos8.png\u00bb title_text=\u00bbtextos8&#8243; module_class=\u00bbimage-zoom\u00bb _builder_version=\u00bb4.23&#8243; _module_preset=\u00bbdefault\u00bb background_image=\u00bbhttps:\/\/outreach.iac.es\/cosmolab\/wp-content\/uploads\/2024\/05\/imagenes8.jpg\u00bb custom_margin=\u00bb0px||15px||false|false\u00bb custom_padding=\u00bb0px||0px||false|false\u00bb global_colors_info=\u00bb{}\u00bb][\/et_pb_image][et_pb_text _builder_version=\u00bb4.23&#8243; _module_preset=\u00bbdefault\u00bb text_font=\u00bb||||||||\u00bb text_text_color=\u00bb#000000&#8243; text_font_size=\u00bb26px\u00bb header_text_color=\u00bb#E02B20&#8243; header_2_font=\u00bb|600|||||||\u00bb header_2_text_color=\u00bb#000000&#8243; custom_margin=\u00bb0px||10px||false|false\u00bb custom_padding=\u00bb0px||0px||false|false\u00bb locked=\u00bboff\u00bb global_colors_info=\u00bb{}\u00bb]<\/p>\n<h2 style=\"text-align: left;\">Cosmolog\u00eda, el Origen del Universo<\/h2>\n<p>[\/et_pb_text][et_pb_text _builder_version=\u00bb4.23&#8243; _module_preset=\u00bbdefault\u00bb locked=\u00bboff\u00bb global_colors_info=\u00bb{}\u00bb]<\/p>\n<p>Nuestro Universo siempre existi\u00f3, es eterno en el tiempo&#8230; \u00bfo tuvo un origen?&#8230; Acaso en realidad estemos en un Universo c\u00edclico que pulsa en su existencia.\u00a0<\/p>\n<p>Verdades y mitos, lo que es ciencia y lo que no, atr\u00e9vete a conocer y a imaginar. Los sue\u00f1os de hoy podr\u00edan ser la ciencia del ma\u00f1ana.<\/p>\n<p>[\/et_pb_text][\/et_pb_column][et_pb_column type=\u00bb1_3&#8243; _builder_version=\u00bb4.23&#8243; _module_preset=\u00bbdefault\u00bb link_option_url=\u00bb\/cosmolab\/contaminacion-luminica\/\u00bb global_colors_info=\u00bb{}\u00bb][et_pb_image src=\u00bbhttps:\/\/outreach.iac.es\/cosmolab\/wp-content\/uploads\/2024\/05\/textos9.png\u00bb title_text=\u00bbimagenes9&#8243; module_class=\u00bbimage-zoom\u00bb _builder_version=\u00bb4.23&#8243; _module_preset=\u00bbdefault\u00bb background_image=\u00bbhttps:\/\/outreach.iac.es\/cosmolab\/wp-content\/uploads\/2024\/05\/imagenes9.jpg\u00bb custom_margin=\u00bb0px||15px||false|false\u00bb custom_padding=\u00bb0px||0px||false|false\u00bb global_colors_info=\u00bb{}\u00bb][\/et_pb_image][et_pb_text _builder_version=\u00bb4.23&#8243; _module_preset=\u00bbdefault\u00bb text_font=\u00bb||||||||\u00bb text_text_color=\u00bb#000000&#8243; text_font_size=\u00bb26px\u00bb header_text_color=\u00bb#E02B20&#8243; header_2_font=\u00bb|600|||||||\u00bb header_2_text_color=\u00bb#000000&#8243; custom_margin=\u00bb0px||10px||false|false\u00bb custom_padding=\u00bb0px||0px||false|false\u00bb locked=\u00bboff\u00bb global_colors_info=\u00bb{}\u00bb]<\/p>\n<h2 style=\"text-align: left;\">Contaminaci\u00f3n Lum\u00ednica<\/h2>\n<p>[\/et_pb_text][et_pb_text _builder_version=\u00bb4.23&#8243; _module_preset=\u00bbdefault\u00bb locked=\u00bboff\u00bb global_colors_info=\u00bb{}\u00bb]<\/p>\n<p style=\"text-align: left;\">Es apasionante observar la b\u00f3veda celeste una noche despejada, miles de estrellas, casi infinitas si miramos con prism\u00e1ticos a esa nubecilla perpetua, la V\u00eda L\u00e1ctea.\u00a0<\/p>\n<p style=\"text-align: left;\">Eso, siempre y cuando estemos lejos de las luces, lejos de la contaminaci\u00f3n lum\u00ednica. Ayuda a preservar nuestro derecho a la noche estrellada.<\/p>\n<p>[\/et_pb_text][\/et_pb_column][\/et_pb_row][\/et_pb_section]<\/p>\n","protected":false},"excerpt":{"rendered":"<p>CosmoViaje: del aula al UniversoHistoria de la astronom\u00edaUn apasionante viaje por la historia del conocimiento de nuestro Universo, comenzando hace miles de a\u00f1os y en distintas culturas. Descubre a aut\u00e9nticos h\u00e9roes que fueron capaces de arriesgar sus vidas por mostrar al mundo sus descubrimientos. La LunaCanta Silvio Rodr\u00edguez: \u00bfPor qu\u00e9 la Luna es blancura que [&hellip;]<\/p>\n","protected":false},"author":1,"featured_media":0,"parent":0,"menu_order":0,"comment_status":"closed","ping_status":"closed","template":"","meta":{"_et_pb_use_builder":"on","_et_pb_old_content":"","_et_gb_content_width":"","footnotes":""},"_links":{"self":[{"href":"https:\/\/outreach.iac.es\/cosmolab\/wp-json\/wp\/v2\/pages\/2261"}],"collection":[{"href":"https:\/\/outreach.iac.es\/cosmolab\/wp-json\/wp\/v2\/pages"}],"about":[{"href":"https:\/\/outreach.iac.es\/cosmolab\/wp-json\/wp\/v2\/types\/page"}],"author":[{"embeddable":true,"href":"https:\/\/outreach.iac.es\/cosmolab\/wp-json\/wp\/v2\/users\/1"}],"replies":[{"embeddable":true,"href":"https:\/\/outreach.iac.es\/cosmolab\/wp-json\/wp\/v2\/comments?post=2261"}],"version-history":[{"count":64,"href":"https:\/\/outreach.iac.es\/cosmolab\/wp-json\/wp\/v2\/pages\/2261\/revisions"}],"predecessor-version":[{"id":2677,"href":"https:\/\/outreach.iac.es\/cosmolab\/wp-json\/wp\/v2\/pages\/2261\/revisions\/2677"}],"wp:attachment":[{"href":"https:\/\/outreach.iac.es\/cosmolab\/wp-json\/wp\/v2\/media?parent=2261"}],"curies":[{"name":"wp","href":"https:\/\/api.w.org\/{rel}","templated":true}]}}