{"id":1776,"date":"2020-11-17T12:51:32","date_gmt":"2020-11-17T12:51:32","guid":{"rendered":"https:\/\/outreach.iac.es\/cosmolab\/?page_id=1776"},"modified":"2021-01-21T12:45:40","modified_gmt":"2021-01-21T12:45:40","slug":"galeria-06","status":"publish","type":"page","link":"https:\/\/outreach.iac.es\/cosmolab\/galeria-06\/","title":{"rendered":"Galer\u00eda 06"},"content":{"rendered":"<p>[et_pb_section fb_built=\u00bb1&#8243; _builder_version=\u00bb4.6.1&#8243; _module_preset=\u00bbdefault\u00bb background_image=\u00bbhttps:\/\/outreach.iac.es\/cosmolab\/wp-content\/uploads\/2020\/09\/parallax-cabecera.jpg\u00bb parallax=\u00bbon\u00bb locked=\u00bboff\u00bb][et_pb_row _builder_version=\u00bb4.6.1&#8243; _module_preset=\u00bbdefault\u00bb][et_pb_column type=\u00bb4_4&#8243; _builder_version=\u00bb4.6.1&#8243; _module_preset=\u00bbdefault\u00bb][et_pb_text _builder_version=\u00bb4.6.1&#8243; _module_preset=\u00bbdefault\u00bb text_font=\u00bb||||||||\u00bb text_text_color=\u00bb#b8ecfb\u00bb text_font_size=\u00bb26px\u00bb locked=\u00bboff\u00bb]<\/p>\n<p style=\"text-align: center;\"><strong>GALER\u00cdAS DE IM\u00c1GENES<br \/> <\/strong><\/p>\n<p>[\/et_pb_text][et_pb_text _builder_version=\u00bb4.6.1&#8243; _module_preset=\u00bbdefault\u00bb text_font=\u00bb||||||||\u00bb text_text_color=\u00bb#b8ecfb\u00bb text_font_size=\u00bb26px\u00bb hover_enabled=\u00bb0&#8243; locked=\u00bboff\u00bb sticky_enabled=\u00bb0&#8243;]<\/p>\n<p style=\"text-align: center;\"><strong><br \/> <\/strong><\/p>\n<p>[\/et_pb_text][\/et_pb_column][\/et_pb_row][\/et_pb_section][et_pb_section fb_built=\u00bb1&#8243; _builder_version=\u00bb4.6.1&#8243; _module_preset=\u00bbdefault\u00bb background_color=\u00bb#727272&#8243; use_background_color_gradient=\u00bbon\u00bb background_color_gradient_start=\u00bb#e3f5fd\u00bb background_color_gradient_end=\u00bb#fcf2ea\u00bb locked=\u00bboff\u00bb][et_pb_row _builder_version=\u00bb4.6.1&#8243; _module_preset=\u00bbdefault\u00bb animation_style=\u00bbslide\u00bb animation_direction=\u00bbbottom\u00bb animation_intensity_slide=\u00bb25%\u00bb][et_pb_column type=\u00bb4_4&#8243; _builder_version=\u00bb4.6.1&#8243; _module_preset=\u00bbdefault\u00bb][et_pb_text _builder_version=\u00bb4.6.1&#8243; _module_preset=\u00bbdefault\u00bb text_font=\u00bbRaleway||||||||\u00bb text_text_color=\u00bb#000000&#8243; text_font_size=\u00bb26px\u00bb custom_margin=\u00bb||22px|||\u00bb locked=\u00bboff\u00bb]<\/p>\n<p style=\"text-align: center;\">CosmoEducando y descubriendo el Universo &#8211; II Edici\u00f3n (enero &#8211; junio 2020)<\/p>\n<p>[\/et_pb_text][et_pb_divider color=\u00bb#0884d1&#8243; divider_weight=\u00bb4px\u00bb _builder_version=\u00bb4.6.1&#8243; _module_preset=\u00bbdefault\u00bb width=\u00bb100px\u00bb module_alignment=\u00bbcenter\u00bb custom_margin=\u00bb||1px|||\u00bb locked=\u00bboff\u00bb][\/et_pb_divider][et_pb_text _builder_version=\u00bb4.6.1&#8243; _module_preset=\u00bbdefault\u00bb locked=\u00bboff\u00bb]<\/p>\n<p style=\"text-align: center;\"><span style=\"font-family: verdana, geneva, sans-serif; color: #000000;\">Participantes: Profesorado de Tenerife.<\/span><\/p>\n<p>[\/et_pb_text][\/et_pb_column][\/et_pb_row][\/et_pb_section][et_pb_section fb_built=\u00bb1&#8243; _builder_version=\u00bb4.6.1&#8243; _module_preset=\u00bbdefault\u00bb locked=\u00bboff\u00bb][et_pb_row use_custom_gutter=\u00bbon\u00bb gutter_width=\u00bb2&#8243; _builder_version=\u00bb4.6.1&#8243; _module_preset=\u00bbdefault\u00bb width=\u00bb100%\u00bb animation_style=\u00bbslide\u00bb animation_direction=\u00bbbottom\u00bb animation_intensity_slide=\u00bb25%\u00bb][et_pb_column type=\u00bb4_4&#8243; _builder_version=\u00bb4.6.1&#8243; _module_preset=\u00bbdefault\u00bb][et_pb_gallery gallery_ids=\u00bb1838,1839,1841,1840,1842,1844,1845,1846,1829,1830,1849,1850,1826,1827,1828,1831,1832,1851,1852,1833,1848,1847&#8243; posts_number=\u00bb55&#8243; show_pagination=\u00bboff\u00bb zoom_icon_color=\u00bb#af8232&#8243; hover_overlay_color=\u00bbrgba(0,0,0,0.75)\u00bb _builder_version=\u00bb4.6.1&#8243; _module_preset=\u00bbdefault\u00bb title_font=\u00bb||on||||||\u00bb title_text_align=\u00bbcenter\u00bb title_text_color=\u00bb#666666&#8243; title_font_size=\u00bb13px\u00bb caption_font=\u00bb||on||||||\u00bb caption_text_align=\u00bbleft\u00bb caption_font_size=\u00bb13px\u00bb caption_line_height=\u00bb15px\u00bb text_orientation=\u00bbcenter\u00bb custom_css_gallery_item=\u00bb||\u00bb][\/et_pb_gallery][\/et_pb_column][\/et_pb_row][et_pb_row _builder_version=\u00bb4.6.1&#8243; _module_preset=\u00bbdefault\u00bb animation_style=\u00bbslide\u00bb animation_direction=\u00bbbottom\u00bb animation_intensity_slide=\u00bb25%\u00bb locked=\u00bboff\u00bb][et_pb_column type=\u00bb4_4&#8243; _builder_version=\u00bb4.6.1&#8243; _module_preset=\u00bbdefault\u00bb][et_pb_button button_url=\u00bbhttps:\/\/outreach.iac.es\/cosmolab\/galerias-de-imagenes\/\u00bb button_text=\u00bbvolver a galer\u00edas\u00bb button_alignment=\u00bbcenter\u00bb _builder_version=\u00bb4.6.1&#8243; _module_preset=\u00bbdefault\u00bb custom_button=\u00bbon\u00bb button_text_size=\u00bb14px\u00bb button_text_color=\u00bb#af8232&#8243; button_bg_color=\u00bbrgba(0,0,0,0)\u00bb button_border_width=\u00bb1px\u00bb button_border_color=\u00bb#af8232&#8243; button_border_radius=\u00bb100px\u00bb button_icon=\u00bb%%19%%\u00bb button_icon_placement=\u00bbleft\u00bb locked=\u00bboff\u00bb][\/et_pb_button][\/et_pb_column][\/et_pb_row][\/et_pb_section]<\/p>\n","protected":false},"excerpt":{"rendered":"<p>GALER\u00cdAS DE IM\u00c1GENES CosmoEducando y descubriendo el Universo &#8211; II Edici\u00f3n (enero &#8211; junio 2020)Participantes: Profesorado de Tenerife.<\/p>\n","protected":false},"author":1,"featured_media":1827,"parent":0,"menu_order":0,"comment_status":"closed","ping_status":"closed","template":"","meta":{"_et_pb_use_builder":"on","_et_pb_old_content":"","_et_gb_content_width":"","footnotes":""},"_links":{"self":[{"href":"https:\/\/outreach.iac.es\/cosmolab\/wp-json\/wp\/v2\/pages\/1776"}],"collection":[{"href":"https:\/\/outreach.iac.es\/cosmolab\/wp-json\/wp\/v2\/pages"}],"about":[{"href":"https:\/\/outreach.iac.es\/cosmolab\/wp-json\/wp\/v2\/types\/page"}],"author":[{"embeddable":true,"href":"https:\/\/outreach.iac.es\/cosmolab\/wp-json\/wp\/v2\/users\/1"}],"replies":[{"embeddable":true,"href":"https:\/\/outreach.iac.es\/cosmolab\/wp-json\/wp\/v2\/comments?post=1776"}],"version-history":[{"count":5,"href":"https:\/\/outreach.iac.es\/cosmolab\/wp-json\/wp\/v2\/pages\/1776\/revisions"}],"predecessor-version":[{"id":1887,"href":"https:\/\/outreach.iac.es\/cosmolab\/wp-json\/wp\/v2\/pages\/1776\/revisions\/1887"}],"wp:featuredmedia":[{"embeddable":true,"href":"https:\/\/outreach.iac.es\/cosmolab\/wp-json\/wp\/v2\/media\/1827"}],"wp:attachment":[{"href":"https:\/\/outreach.iac.es\/cosmolab\/wp-json\/wp\/v2\/media?parent=1776"}],"curies":[{"name":"wp","href":"https:\/\/api.w.org\/{rel}","templated":true}]}}