{"id":1360,"date":"2020-10-08T14:38:56","date_gmt":"2020-10-08T14:38:56","guid":{"rendered":"https:\/\/outreach.iac.es\/cosmolab\/?page_id=1360"},"modified":"2024-10-29T16:44:01","modified_gmt":"2024-10-29T16:44:01","slug":"politica-de-cookies","status":"publish","type":"page","link":"https:\/\/outreach.iac.es\/cosmolab\/politica-de-cookies\/","title":{"rendered":"Pol\u00edtica de Cookies"},"content":{"rendered":"<p>[et_pb_section fb_built=\u00bb1&#8243; _builder_version=\u00bb4.16&#8243; _module_preset=\u00bbdefault\u00bb background_image=\u00bbhttps:\/\/outreach.iac.es\/cosmolab\/wp-content\/uploads\/2020\/09\/parallax-cabecera.jpg\u00bb parallax=\u00bbon\u00bb locked=\u00bboff\u00bb global_colors_info=\u00bb{}\u00bb da_is_popup=\u00bboff\u00bb da_exit_intent=\u00bboff\u00bb da_has_close=\u00bbon\u00bb da_alt_close=\u00bboff\u00bb da_dark_close=\u00bboff\u00bb da_not_modal=\u00bbon\u00bb da_is_singular=\u00bboff\u00bb da_with_loader=\u00bboff\u00bb da_has_shadow=\u00bbon\u00bb da_disable_devices=\u00bboff|off|off\u00bb][et_pb_row _builder_version=\u00bb4.16&#8243; _module_preset=\u00bbdefault\u00bb global_colors_info=\u00bb{}\u00bb][et_pb_column type=\u00bb4_4&#8243; _builder_version=\u00bb4.16&#8243; _module_preset=\u00bbdefault\u00bb global_colors_info=\u00bb{}\u00bb][et_pb_text _builder_version=\u00bb4.16&#8243; _module_preset=\u00bbdefault\u00bb text_font=\u00bb||||||||\u00bb text_text_color=\u00bb#b8ecfb\u00bb text_font_size=\u00bb26px\u00bb locked=\u00bboff\u00bb global_colors_info=\u00bb{}\u00bb]<\/p>\n<p style=\"text-align: center;\"><strong>POL\u00cdTICA DE COOKIES<br \/> <\/strong><\/p>\n<p>[\/et_pb_text][\/et_pb_column][\/et_pb_row][\/et_pb_section][et_pb_section fb_built=\u00bb1&#8243; _builder_version=\u00bb4.16&#8243; _module_preset=\u00bbdefault\u00bb global_colors_info=\u00bb{}\u00bb da_is_popup=\u00bboff\u00bb da_exit_intent=\u00bboff\u00bb da_has_close=\u00bbon\u00bb da_alt_close=\u00bboff\u00bb da_dark_close=\u00bboff\u00bb da_not_modal=\u00bbon\u00bb da_is_singular=\u00bboff\u00bb da_with_loader=\u00bboff\u00bb da_has_shadow=\u00bbon\u00bb da_disable_devices=\u00bboff|off|off\u00bb][et_pb_row _builder_version=\u00bb4.16&#8243; _module_preset=\u00bbdefault\u00bb global_colors_info=\u00bb{}\u00bb][et_pb_column type=\u00bb4_4&#8243; _builder_version=\u00bb4.16&#8243; _module_preset=\u00bbdefault\u00bb global_colors_info=\u00bb{}\u00bb][et_pb_text _builder_version=\u00bb4.23&#8243; _module_preset=\u00bbdefault\u00bb hover_enabled=\u00bb0&#8243; global_colors_info=\u00bb{}\u00bb sticky_enabled=\u00bb0&#8243;]<\/p>\n<h2>\u00bfQU\u00c9 SON LAS COOKIES?<\/h2>\n<p>Las cookies son archivos de texto que se almacenan en su ordenador a trav\u00e9s del sofware\/programa que se utiliza para navegar por Internet. Estos ficheros son esenciales para la prestaci\u00f3n servicios de la Web. Se utilizan para almacenar informaci\u00f3n sobre: pautas de navegaci\u00f3n, preferencias en la configuraci\u00f3n de aplicaciones web, estad\u00edsticas de visitas y redes sociales entre otras. Adem\u00e1s se pueden utilizar para identificar al usuario.<\/p>\n<p>Puedes cambiar la configuraci\u00f3n delas cookies en <a role=\"button\" style=\"margin: 0px 10px 0px 5px; color: #ffffff;\" class=\"wt-cli-element cli_settings_button\" tabindex=\"0\">Configuraci\u00f3n de Cookie<\/a><\/p>\n<p>&nbsp;<\/p>\n<h2>TIPOS DE COOKIES<\/h2>\n<p>Siguiendo las directrices de la\u00a0<a href=\"http:\/\/www.agpd.es\/\" target=\"_blank\" rel=\"noreferrer noopener\" style=\"color: #0654c9;\">Agencia Espa\u00f1ola de Protecci\u00f3n de Datos<\/a>\u00a0procedemos a detallar los tipos cookies utilizados. Para m\u00e1s informaci\u00f3n a este respecto se puede consultar la\u00a0<a href=\"https:\/\/www.agpd.es\/portalwebAGPD\/canaldocumentacion\/publicaciones\/common\/Guias\/Guia_Cookies.pdf\" target=\"_blank\" rel=\"noreferrer noopener\" style=\"color: #0654c9;\">Gu\u00eda sobre el uso de las cookies de la Agencia Espa\u00f1ola de Protecci\u00f3n de Datos.<\/a><\/p>\n<p><strong>Seg\u00fan quien las gestiona:<\/strong><\/p>\n<ul>\n<li><strong style=\"padding-left: 10px; border: 0px;\">Cookies propias:<\/strong>\u00a0Son las cookies gestionadas por el titular de la Web.<\/li>\n<li><strong style=\"padding-left: 10px; border: 0px;\">Cookies de terceros:<\/strong>\u00a0Son las cookies gestionadas por un equipo o dominio no gestionado por el titular de la Web.<\/li>\n<\/ul>\n<p><strong>Seg\u00fan el tiempo que est\u00e9n activas:<\/strong><\/p>\n<ul>\n<li><strong style=\"margin: 0px; padding-left: 10px;\">Cookies de sesi\u00f3n:<\/strong>\u00a0S\u00f3lo funcionan mientras el usuario navega por la Web.<\/li>\n<li><strong style=\"margin: 0px; padding-left: 10px;\">Cookies permanentes:<\/strong>\u00a0Estas cookies se almacenan en el equipo del visitante durante un periodo definido y son accesibles durante dicho periodo.<\/li>\n<\/ul>\n<p><strong>Seg\u00fan su finalida<\/strong><strong style=\"padding: 0px;\">d:<\/strong><\/p>\n<ul>\n<li style=\"margin: 0px; padding: 0px 0px 5px;\"><strong style=\"padding-left: 10px;\">Cookies t\u00e9cnicas:<\/strong>\u00a0Son aquellas que permiten al Usuario la navegaci\u00f3n a trav\u00e9s de una p\u00e1gina web, plataforma o aplicaci\u00f3n y la utilizaci\u00f3n de las diferentes opciones o servicios que en ella existan como, por ejemplo, controlar el tr\u00e1fico y la comunicaci\u00f3n de datos, identificar la sesi\u00f3n, acceder a partes de acceso restringido, recordar los elementos que integran un pedido, realizar el proceso de compra de un pedido, realizar la solicitud de inscripci\u00f3n o participaci\u00f3n en un evento, utilizar elementos de seguridad durante la navegaci\u00f3n, almacenar contenidos para la difusi\u00f3n de videos o sonido o compartir contenidos a trav\u00e9s de redes sociales.<\/li>\n<li style=\"margin: 0px; padding: 0px 0px 5px;\"><strong style=\"padding-left: 10px;\">Cookies funcionales:<\/strong>\u00a0Son aquellas que permiten al Usuario acceder al servicio con algunas caracter\u00edsticas de car\u00e1cter general predefinidas en funci\u00f3n de una serie de criterios en el terminal del usuario como por ejemplo ser\u00edan el idioma, el tipo de navegador a trav\u00e9s del cual accede al servicio, la configuraci\u00f3n regional desde donde accede al servicio, etc.<\/li>\n<li style=\"margin: 0px; padding: 0px 0px 5px;\"><strong style=\"padding-left: 10px;\">Cookies anal\u00edticas:<\/strong>\u00a0Son aquellas que permiten al responsable de las mismas, el seguimiento y an\u00e1lisis del comportamiento de los Usuarios de los sitios web a los que est\u00e1n vinculadas. La informaci\u00f3n recogida mediante este tipo de cookies se utiliza en la medici\u00f3n de la actividad de los sitios web, aplicaci\u00f3n o plataforma y para la elaboraci\u00f3n de perfiles de navegaci\u00f3n de los usuarios de dichos sitios, aplicaciones y plataformas, con el fin de introducir mejoras en funci\u00f3n del an\u00e1lisis de los datos de uso que hacen los usuarios del servicio.<\/li>\n<li style=\"margin: 0px; padding: 0px 0px 5px;\"><strong style=\"padding-left: 10px;\">Cookies de localizaci\u00f3n:<\/strong>\u00a0Se utilizan para saber en qu\u00e9 lugar se encuentra un usuario cuando solicita un servicio. Esta cookie es an\u00f3nima y se usa por ejemplo para ofrecer la informaci\u00f3n adecuada dependiendo del pa\u00eds en el que se encuentra.<\/li>\n<li style=\"margin: 0px; padding: 0px 0px 5px;\"><strong style=\"padding-left: 10px;\">Cookies publicitarias:<\/strong>\u00a0Son aquellas que permiten gestionar de la forma m\u00e1s eficaz posible la oferta de los espacios publicitarios que hay en la p\u00e1gina web, adecuando el contenido del anuncio al contenido del servicio solicitado o al uso que se realice de nuestra p\u00e1gina web. Estas cookies almacenan informaci\u00f3n del comportamiento de los usuarios obtenida a trav\u00e9s de la observaci\u00f3n continuada de sus h\u00e1bitos de navegaci\u00f3n, lo que permite desarrollar un perfil espec\u00edfico para mostrar publicidad en funci\u00f3n del mismo.<\/li>\n<\/ul>\n<p>&nbsp;<\/p>\n<h3>COOKIES NECESARIAS:<\/h3>\n<table style=\"font: inherit; letter-spacing: normal; orphans: 2; text-transform: none; widows: 2; word-spacing: 0px; -webkit-text-stroke-width: 0px; text-decoration-thickness: initial; text-decoration-style: initial; text-decoration-color: initial; margin: 0px 0px 20px; padding: 0px; border: 0px; vertical-align: baseline; border-collapse: collapse; border-spacing: 0px; width: 1407px; height: 144px;\">\n<thead style=\"margin: 0px; padding: 0px; border: 0px; font: inherit; vertical-align: baseline;\">\n<tr style=\"margin: 0px; padding: 0px; border: 0px; font: inherit; vertical-align: baseline;\">\n<th style=\"margin: 0px; padding: 10px 20px; border: 0px; font-style: inherit; font-variant: inherit; font-size: inherit; line-height: inherit; font-family: inherit; vertical-align: baseline; background: repeat #e2e3e4; text-transform: uppercase; height: 24px; width: 285.359px;\">COOKIE<\/th>\n<th style=\"margin: 0px; padding: 10px 20px; border: 0px; font-style: inherit; font-variant: inherit; font-size: inherit; line-height: inherit; font-family: inherit; vertical-align: baseline; background: repeat #e2e3e4; text-transform: uppercase; height: 24px; width: 135.453px;\">TITULARIDAD<\/th>\n<th style=\"margin: 0px; padding: 10px 20px; border: 0px; font-style: inherit; font-variant: inherit; font-size: inherit; line-height: inherit; font-family: inherit; vertical-align: baseline; background: repeat #e2e3e4; text-transform: uppercase; height: 24px; width: 106.094px;\">DURACI\u00d3N<\/th>\n<th style=\"margin: 0px; padding: 10px 20px; border: 0px; font-style: inherit; font-variant: inherit; font-size: inherit; line-height: inherit; font-family: inherit; vertical-align: baseline; background: repeat #e2e3e4; text-transform: uppercase; height: 24px; width: 719.094px;\">DESCRIPCI\u00d3N<\/th>\n<\/tr>\n<\/thead>\n<tbody style=\"margin: 0px; padding: 0px; border: 0px; font: inherit; vertical-align: baseline;\">\n<tr style=\"margin: 0px; padding: 0px; border-top: none; border-right: 0px; border-bottom: 0px; border-left: 0px; font: inherit; vertical-align: baseline;\">\n<td style=\"margin: 0px; padding: 10px 20px; border: 1px solid #e2e3e4; font: inherit; vertical-align: baseline; height: 24px; width: 284.359px;\">cookielawinfo-checkbox-necessary<\/td>\n<td style=\"margin: 0px; padding: 10px 20px; border: 1px solid #e2e3e4; font: inherit; vertical-align: baseline; height: 24px; width: 134.453px;\">Propia<\/td>\n<td style=\"margin: 0px; padding: 10px 20px; border: 1px solid #e2e3e4; font: inherit; vertical-align: baseline; height: 24px; width: 105.094px;\">1 a\u00f1o<\/td>\n<td style=\"margin: 0px; padding: 10px 20px; border: 1px solid #e2e3e4; font: inherit; vertical-align: baseline; height: 24px; width: 718.094px;\">Utilizada para controlar la aceptaci\u00f3n de cookies necesarias.<\/td>\n<\/tr>\n<tr style=\"margin: 0px; padding: 0px; border-width: 1px 0px 0px; font: inherit; vertical-align: baseline; border-color: #e2e3e4; border-style: solid;\">\n<td style=\"margin: 0px; padding: 10px 20px; border: 1px solid #e2e3e4; font: inherit; vertical-align: baseline; height: 24px; width: 284.359px;\">cookielawinfo-checkbox-rendimiento<\/td>\n<td style=\"margin: 0px; padding: 10px 20px; border: 1px solid #e2e3e4; font: inherit; vertical-align: baseline; height: 24px; width: 134.453px;\">Propia<\/td>\n<td style=\"margin: 0px; padding: 10px 20px; border: 1px solid #e2e3e4; font: inherit; vertical-align: baseline; height: 24px; width: 105.094px;\">1 a\u00f1o<\/td>\n<td style=\"margin: 0px; padding: 10px 20px; border: 1px solid #e2e3e4; font: inherit; vertical-align: baseline; height: 24px; width: 718.094px;\">Utilizada para controlar la aceptaci\u00f3n de cookies de rendimiento.<\/td>\n<\/tr>\n<tr style=\"margin: 0px; padding: 0px; border-width: 1px 0px 0px; font: inherit; vertical-align: baseline; border-color: #e2e3e4; border-style: solid;\">\n<td style=\"margin: 0px; padding: 10px 20px; border: 1px solid #e2e3e4; font: inherit; vertical-align: baseline; height: 24px; width: 284.359px;\">viewed_cookie_policy<\/td>\n<td style=\"margin: 0px; padding: 10px 20px; border: 1px solid #e2e3e4; font: inherit; vertical-align: baseline; height: 24px; width: 134.453px;\">Propia<\/td>\n<td style=\"margin: 0px; padding: 10px 20px; border: 1px solid #e2e3e4; font: inherit; vertical-align: baseline; height: 24px; width: 105.094px;\">1 a\u00f1o<\/td>\n<td style=\"margin: 0px; padding: 10px 20px; border: 1px solid #e2e3e4; font: inherit; vertical-align: baseline; height: 24px; width: 718.094px;\">Utilizada para almacenar si el usuario ha consentido o no al uso de cookies.<\/td>\n<\/tr>\n<tr style=\"margin: 0px; padding: 0px; border-width: 1px 0px 0px; font: inherit; vertical-align: baseline; border-color: #e2e3e4; border-style: solid;\">\n<td style=\"margin: 0px; padding: 10px 20px; border: 1px solid #e2e3e4; font: inherit; vertical-align: baseline; height: 24px; width: 284.359px;\">CookieLawInfoConsent<\/td>\n<td style=\"margin: 0px; padding: 10px 20px; border: 1px solid #e2e3e4; font: inherit; vertical-align: baseline; height: 24px; width: 134.453px;\">Propia<\/td>\n<td style=\"margin: 0px; padding: 10px 20px; border: 1px solid #e2e3e4; font: inherit; vertical-align: baseline; height: 24px; width: 105.094px;\">1 a\u00f1o<\/td>\n<td style=\"margin: 0px; padding: 10px 20px; border: 1px solid #e2e3e4; font: inherit; vertical-align: baseline; height: 24px; width: 718.094px;\">Utilizada para almacenar el resumen del consentimiento dado para el uso de la cookies.<\/td>\n<\/tr>\n<tr style=\"margin: 0px; padding: 0px; border-width: 1px 0px 0px; font: inherit; vertical-align: baseline; border-color: #e2e3e4; border-style: solid;\">\n<td style=\"margin: 0px; padding: 10px 20px; border: 1px solid #e2e3e4; font: inherit; vertical-align: baseline; height: 24px; width: 284.359px;\">cli_user_preference<\/td>\n<td style=\"margin: 0px; padding: 10px 20px; border: 1px solid #e2e3e4; font: inherit; vertical-align: baseline; height: 24px; width: 134.453px;\">Propia<\/td>\n<td style=\"margin: 0px; padding: 10px 20px; border: 1px solid #e2e3e4; font: inherit; vertical-align: baseline; height: 24px; width: 105.094px;\">1 a\u00f1o<\/td>\n<td style=\"margin: 0px; padding: 10px 20px; border: 1px solid #e2e3e4; font: inherit; vertical-align: baseline; height: 24px; width: 718.094px;\">Utilizada para almacenar la personalizacion del consentimiento dado para el uso de la cookies..<\/td>\n<\/tr>\n<tr style=\"margin: 0px; padding: 0px; border-top: none; border-right: 0px; border-bottom: 0px; border-left: 0px; font: inherit; vertical-align: baseline;\">\n<td style=\"margin: 0px; padding: 10px 20px; border: 1px solid #e2e3e4; font: inherit; vertical-align: baseline; height: 24px; width: 284.359px;\">YSC<\/td>\n<td style=\"margin: 0px; padding: 10px 20px; border: 1px solid #e2e3e4; font: inherit; vertical-align: baseline; height: 24px; width: 134.453px;\">YouTube<\/td>\n<td style=\"margin: 0px; padding: 10px 20px; border: 1px solid #e2e3e4; font: inherit; vertical-align: baseline; height: 24px; width: 105.094px;\">Sesi\u00f3n<\/td>\n<td style=\"margin: 0px; padding: 10px 20px; border: 1px solid #e2e3e4; font: inherit; vertical-align: baseline; height: 24px; width: 718.094px;\">YouTube la utiliza para almacenar y seguir la interacci\u00f3n.<\/td>\n<\/tr>\n<tr style=\"margin: 0px; padding: 0px; border-top: none; border-right: 0px; border-bottom: 0px; border-left: 0px; font: inherit; vertical-align: baseline;\">\n<td style=\"margin: 0px; padding: 10px 20px; border: 1px solid #e2e3e4; font: inherit; vertical-align: baseline; height: 24px; width: 284.359px;\">VISITOR_PRIVACY_METADATA<\/td>\n<td style=\"margin: 0px; padding: 10px 20px; border: 1px solid #e2e3e4; font: inherit; vertical-align: baseline; height: 24px; width: 134.453px;\">YouTube<\/td>\n<td style=\"margin: 0px; padding: 10px 20px; border: 1px solid #e2e3e4; font: inherit; vertical-align: baseline; height: 24px; width: 105.094px;\">6 meses<\/td>\n<td style=\"margin: 0px; padding: 10px 20px; border: 1px solid #e2e3e4; font: inherit; vertical-align: baseline; height: 24px; width: 718.094px;\">Es una cookie de YouTube que se utiliza en el contexto de la privacidad del visitante en sitios web. Se utiliza para almacenar informaci\u00f3n sobre la configuraci\u00f3n de privacidad del visitante, como si ha aceptado o rechazado el uso de cookies o si ha optado por no participar en el seguimiento.<\/td>\n<\/tr>\n<tr style=\"margin: 0px; padding: 0px; border-top: none; border-right: 0px; border-bottom: 0px; border-left: 0px; font: inherit; vertical-align: baseline;\">\n<td style=\"margin: 0px; padding: 10px 20px; border: 1px solid #e2e3e4; font: inherit; vertical-align: baseline; height: 24px; width: 284.359px;\">VISITOR_INFO1_LIVE<\/td>\n<td style=\"margin: 0px; padding: 10px 20px; border: 1px solid #e2e3e4; font: inherit; vertical-align: baseline; height: 24px; width: 134.453px;\">YouTube<\/td>\n<td style=\"margin: 0px; padding: 10px 20px; border: 1px solid #e2e3e4; font: inherit; vertical-align: baseline; height: 24px; width: 105.094px;\">6 meses<\/td>\n<td style=\"margin: 0px; padding: 10px 20px; border: 1px solid #e2e3e4; font: inherit; vertical-align: baseline; height: 24px; width: 718.094px;\">Lo utiliza Youtube para proporcionar entrega de anuncios o redireccionamiento, almacenar y rastrear la identidad de un visitante, almacenar y rastrear la interacci\u00f3n.<\/td>\n<\/tr>\n<\/tbody>\n<\/table>\n<h3><\/h3>\n<h3><\/h3>\n<h3>COOKIES NO NECESARIAS:<\/h3>\n<table style=\"font: inherit; letter-spacing: normal; orphans: 2; text-transform: none; widows: 2; word-spacing: 0px; -webkit-text-stroke-width: 0px; text-decoration-thickness: initial; text-decoration-style: initial; text-decoration-color: initial; margin: 0px 0px 20px; padding: 0px; border: 0px; vertical-align: baseline; border-collapse: collapse; border-spacing: 0px; width: 1407px;\">\n<thead style=\"margin: 0px; padding: 0px; border: 0px; font: inherit; vertical-align: baseline;\">\n<tr style=\"margin: 0px; padding: 0px; border: 0px; font: inherit; vertical-align: baseline;\">\n<th style=\"margin: 0px; padding: 10px 20px; border: 0px; font-style: inherit; font-variant: inherit; font-size: inherit; line-height: inherit; font-family: inherit; vertical-align: baseline; background: repeat #e2e3e4; text-transform: uppercase;\">COOKIE<\/th>\n<th style=\"margin: 0px; padding: 10px 20px; border: 0px; font-style: inherit; font-variant: inherit; font-size: inherit; line-height: inherit; font-family: inherit; vertical-align: baseline; background: repeat #e2e3e4; text-transform: uppercase;\">TIPO<\/th>\n<th style=\"margin: 0px; padding: 10px 20px; border: 0px; font-style: inherit; font-variant: inherit; font-size: inherit; line-height: inherit; font-family: inherit; vertical-align: baseline; background: repeat #e2e3e4; text-transform: uppercase;\">TITULARIDAD<\/th>\n<th style=\"margin: 0px; padding: 10px 20px; border: 0px; font-style: inherit; font-variant: inherit; font-size: inherit; line-height: inherit; font-family: inherit; vertical-align: baseline; background: repeat #e2e3e4; text-transform: uppercase;\">DURACI\u00d3N<\/th>\n<th style=\"margin: 0px; padding: 10px 20px; border: 0px; font-style: inherit; font-variant: inherit; font-size: inherit; line-height: inherit; font-family: inherit; vertical-align: baseline; background: repeat #e2e3e4; text-transform: uppercase;\">DESCRIPCI\u00d3N<\/th>\n<\/tr>\n<\/thead>\n<tbody style=\"margin: 0px; padding: 0px; border: 0px; font: inherit; vertical-align: baseline;\">\n<tr style=\"margin: 0px; padding: 0px; border-top: none; border-right: 0px; border-bottom: 0px; border-left: 0px; font: inherit; vertical-align: baseline;\">\n<td style=\"margin: 0px; padding: 10px 20px; border: 1px solid #e2e3e4; font: inherit; vertical-align: baseline;\">test_cookie<\/td>\n<td style=\"margin: 0px; padding: 10px 20px; border: 1px solid #e2e3e4; font: inherit; vertical-align: baseline;\">rendimiento<\/td>\n<td style=\"margin: 0px; padding: 10px 20px; border: 1px solid #e2e3e4; font: inherit; vertical-align: baseline;\">Propia<\/td>\n<td style=\"margin: 0px; padding: 10px 20px; border: 1px solid #e2e3e4; font: inherit; vertical-align: baseline;\">1 a\u00f1o<\/td>\n<td style=\"margin: 0px; padding: 10px 20px; border: 1px solid #e2e3e4; font: inherit; vertical-align: baseline;\">Esta <em>cookie<\/em> se usa para que el gestor de contenidos WordPress compruebe si el navegador tiene las cookies activadas.<\/td>\n<\/tr>\n<\/tbody>\n<\/table>\n<p style=\"color: #000000; font-family: 'Times New Roman'; font-size: medium; font-style: normal; font-variant-ligatures: normal; font-variant-caps: normal; font-weight: 400; letter-spacing: normal; orphans: 2; text-align: start; text-indent: 0px; text-transform: none; white-space: normal; widows: 2; word-spacing: 0px; -webkit-text-stroke-width: 0px; text-decoration-thickness: initial; text-decoration-style: initial; text-decoration-color: initial;\"><strong><\/strong><\/p>\n<p style=\"color: #000000; font-family: 'Times New Roman'; font-size: medium; font-style: normal; font-variant-ligatures: normal; font-variant-caps: normal; font-weight: 400; letter-spacing: normal; orphans: 2; text-align: start; text-indent: 0px; text-transform: none; white-space: normal; widows: 2; word-spacing: 0px; -webkit-text-stroke-width: 0px; text-decoration-thickness: initial; text-decoration-style: initial; text-decoration-color: initial;\"><strong><\/strong><\/p>\n<h3>\u00bfC\u00d3MO ADMINISTRAR \u2018COOKIES\u2019 EN EL NAVEGADOR?<\/h3>\n<p>El usuario tiene la opci\u00f3n de permitir, bloquear o eliminar las \u2018cookies\u2019 instaladas en su equipo mediante la configuraci\u00f3n de las opciones del navegador instalado en su dispositivo:<\/p>\n<p><a href=\"https:\/\/support.google.com\/chrome\/answer\/95647?hl=es\" target=\"_blank\" rel=\"nofollow noreferrer noopener\">C\u00f3mo deshabilitar Cookies en\u00a0Google Chrome<\/a><\/p>\n<p><a href=\"https:\/\/support.mozilla.org\/es\/kb\/habilitar-y-deshabilitar-cookies-que-los-sitios-we\" target=\"_blank\" rel=\"nofollow noreferrer noopener\">C\u00f3mo deshabilitar Cookies en\u00a0Mozilla Firefox<\/a><\/p>\n<p><a href=\"https:\/\/support.microsoft.com\/es-es\/office\/eliminar-las-cookies-en-microsoft-edge-63947406-40ac-c3b8-57b9-2a946a29ae09?ui=es-ES&amp;rs=es-ES&amp;ad=ES\" target=\"_blank\" rel=\"nofollow noreferrer noopener\">C\u00f3mo deshabilitar Cookies en\u00a0Microsoft Edge<\/a><\/p>\n<p><a href=\"https:\/\/support.microsoft.com\/es-es\/help\/278835\/how-to-delete-cookie-files-in-internet-explorer\" target=\"_blank\" rel=\"nofollow noreferrer noopener\">C\u00f3mo deshabilitar Cookies en\u00a0Internet Explorer<\/a><\/p>\n<p><a href=\"https:\/\/support.apple.com\/kb\/ph5042\" target=\"_blank\" rel=\"nofollow noreferrer noopener\">C\u00f3mo deshabilitar Cookies en\u00a0Apple Safari<\/a><\/p>\n<p><a href=\"https:\/\/help.opera.com\/en\/latest\/security-and-privacy\/#clearBrowsingData\" target=\"_blank\" rel=\"nofollow noreferrer noopener\">C\u00f3mo deshabilitar Cookies en\u00a0Opera<\/a><\/p>\n<p>&nbsp;[\/et_pb_text][\/et_pb_column][\/et_pb_row][et_pb_row _builder_version=\u00bb4.16&#8243; _module_preset=\u00bbdefault\u00bb global_colors_info=\u00bb{}\u00bb][et_pb_column type=\u00bb4_4&#8243; _builder_version=\u00bb4.16&#8243; _module_preset=\u00bbdefault\u00bb global_colors_info=\u00bb{}\u00bb][\/et_pb_column][\/et_pb_row][\/et_pb_section]<\/p>\n","protected":false},"excerpt":{"rendered":"<p>POL\u00cdTICA DE COOKIES \u00bfQU\u00c9 SON LAS COOKIES? Las cookies son archivos de texto que se almacenan en su ordenador a trav\u00e9s del sofware\/programa que se utiliza para navegar por Internet. Estos ficheros son esenciales para la prestaci\u00f3n servicios de la Web. Se utilizan para almacenar informaci\u00f3n sobre: pautas de navegaci\u00f3n, preferencias en la configuraci\u00f3n de [&hellip;]<\/p>\n","protected":false},"author":1,"featured_media":0,"parent":0,"menu_order":0,"comment_status":"closed","ping_status":"closed","template":"","meta":{"_et_pb_use_builder":"on","_et_pb_old_content":"","_et_gb_content_width":"","footnotes":""},"_links":{"self":[{"href":"https:\/\/outreach.iac.es\/cosmolab\/wp-json\/wp\/v2\/pages\/1360"}],"collection":[{"href":"https:\/\/outreach.iac.es\/cosmolab\/wp-json\/wp\/v2\/pages"}],"about":[{"href":"https:\/\/outreach.iac.es\/cosmolab\/wp-json\/wp\/v2\/types\/page"}],"author":[{"embeddable":true,"href":"https:\/\/outreach.iac.es\/cosmolab\/wp-json\/wp\/v2\/users\/1"}],"replies":[{"embeddable":true,"href":"https:\/\/outreach.iac.es\/cosmolab\/wp-json\/wp\/v2\/comments?post=1360"}],"version-history":[{"count":6,"href":"https:\/\/outreach.iac.es\/cosmolab\/wp-json\/wp\/v2\/pages\/1360\/revisions"}],"predecessor-version":[{"id":2927,"href":"https:\/\/outreach.iac.es\/cosmolab\/wp-json\/wp\/v2\/pages\/1360\/revisions\/2927"}],"wp:attachment":[{"href":"https:\/\/outreach.iac.es\/cosmolab\/wp-json\/wp\/v2\/media?parent=1360"}],"curies":[{"name":"wp","href":"https:\/\/api.w.org\/{rel}","templated":true}]}}